{"id":1687,"date":"2024-06-22T14:56:03","date_gmt":"2024-06-22T14:56:03","guid":{"rendered":"https:\/\/membraneswitchmfg.com\/manufacturer\/csa-high-temperature-resistant-certification-label\/"},"modified":"2024-06-26T00:55:06","modified_gmt":"2024-06-26T00:55:06","slug":"csa-high-temperature-resistant-certification-label","status":"publish","type":"product","link":"https:\/\/membraneswitchmfg.com\/fr\/manufacturer\/csa-high-temperature-resistant-certification-label\/","title":{"rendered":"\u00c9tiquette de certification CSA pour la r\u00e9sistance aux hautes temp\u00e9ratures"},"content":{"rendered":"<h2 class=\"\" data-sourcepos=\"1:1-1:108\">\u00c9tiquettes de certification CSA r\u00e9sistantes aux hautes temp\u00e9ratures : garantir la conformit\u00e9 et la s\u00e9curit\u00e9 dans les environnements difficiles<\/h2>\n<p data-sourcepos=\"3:1-3:119\">Prot\u00e9gez vos produits et votre marque avec des \u00e9tiquettes r\u00e9sistantes aux hautes temp\u00e9ratures certifi\u00e9es CSA qui r\u00e9sistent aux conditions extr\u00eames.<\/p>\n<p data-sourcepos=\"5:1-5:51\"><strong>Durabilit\u00e9 in\u00e9gal\u00e9e pour les environnements exigeants<\/strong><\/p>\n<p data-sourcepos=\"7:1-7:152\">Nos \u00e9tiquettes CSA r\u00e9sistantes aux hautes temp\u00e9ratures sont con\u00e7ues pour r\u00e9sister aux conditions les plus difficiles, garantissant que les informations sur votre produit restent claires, visibles et conformes, m\u00eame face \u00e0 une chaleur intense, \u00e0 des produits chimiques agressifs et \u00e0 une usure abrasive. Fabriqu\u00e9es \u00e0 partir de mat\u00e9riaux de premi\u00e8re qualit\u00e9, ces \u00e9tiquettes peuvent r\u00e9sister \u00e0 une exposition continue \u00e0 des temp\u00e9ratures allant de -40 \u00b0C \u00e0 500 \u00b0C (de -40 \u00b0F \u00e0 932 \u00b0F).<\/p>\n<p data-sourcepos=\"9:1-9:23\"><strong>Certification CSA pour une tranquillit\u00e9 d'esprit<\/strong><\/p>\n<p data-sourcepos=\"11:1-11:433\">Nos \u00e9tiquettes CSA r\u00e9sistantes aux hautes temp\u00e9ratures sont rigoureusement test\u00e9es et certifi\u00e9es par l'Association canadienne de normalisation (CSA), un chef de file mondialement reconnu en mati\u00e8re de normes de s\u00e9curit\u00e9. Cette certification garantit que nos \u00e9tiquettes r\u00e9pondent aux normes les plus \u00e9lev\u00e9es en mati\u00e8re de durabilit\u00e9, de performance et de s\u00e9curit\u00e9, vous offrant ainsi la tranquillit\u00e9 d'esprit que l'identification de votre produit et les marquages de s\u00e9curit\u00e9 resteront intacts, m\u00eame dans les environnements les plus exigeants.<\/p>\n<p data-sourcepos=\"13:1-13:42\"><strong>Id\u00e9al pour une large gamme d'applications<\/strong><\/p>\n<p data-sourcepos=\"15:1-15:91\">Nos \u00e9tiquettes CSA r\u00e9sistantes aux hautes temp\u00e9ratures sont id\u00e9ales pour une utilisation dans une large gamme d'applications, notamment :<\/p>\n<ul data-sourcepos=\"17:1-22:0\">\n<li data-sourcepos=\"17:1-17:36\">Machines et \u00e9quipements industriels<\/li>\n<li data-sourcepos=\"18:1-18:37\">Composants automobiles et a\u00e9rospatiaux<\/li>\n<li data-sourcepos=\"19:1-19:28\">Appareils et appareils \u00e9lectroniques<\/li>\n<li data-sourcepos=\"20:1-20:17\">Dispositifs m\u00e9dicaux<\/li>\n<li data-sourcepos=\"21:1-22:0\">Signalisation et \u00e9tiquettes ext\u00e9rieures<\/li>\n<\/ul>\n<p data-sourcepos=\"23:1-23:89\"><strong>Partenariat avec des fournisseurs chinois d'imprimantes de codes-barres pour une qualit\u00e9 et une expertise sup\u00e9rieures<\/strong><\/p>\n<p data-sourcepos=\"25:1-25:353\">Chez China Label Barcode Printer Suppliers, nous nous engageons \u00e0 fournir \u00e0 nos clients des \u00e9tiquettes CSA r\u00e9sistantes aux hautes temp\u00e9ratures de la plus haute qualit\u00e9 et l'expertise n\u00e9cessaire pour r\u00e9pondre \u00e0 leurs besoins sp\u00e9cifiques en mati\u00e8re d'application. Notre \u00e9quipe de professionnels exp\u00e9riment\u00e9s peut vous aider \u00e0 s\u00e9lectionner le bon mat\u00e9riau d'\u00e9tiquette, l'adh\u00e9sif et les options d'impression pour vos besoins uniques.<\/p>\n<p data-sourcepos=\"27:1-27:181\"><strong>Contactez-nous d\u00e8s aujourd'hui<\/strong> pour en savoir plus sur nos \u00e9tiquettes CSA r\u00e9sistantes aux hautes temp\u00e9ratures et sur la fa\u00e7on dont nous pouvons vous aider \u00e0 prot\u00e9ger vos produits et votre marque, m\u00eame dans les environnements les plus difficiles.<\/p>","protected":false},"excerpt":{"rendered":"<p>Le label de certification CSA r\u00e9sistant aux hautes temp\u00e9ratures signifie que le produit a \u00e9t\u00e9 test\u00e9 et certifi\u00e9 par la CSA (Association canadienne de normalisation) pour supporter les temp\u00e9ratures \u00e9lev\u00e9es de mani\u00e8re efficace et s\u00fbre.<\/p>","protected":false},"featured_media":1653,"template":"","meta":[],"product_brand":[],"product_cat":[15],"product_tag":[],"class_list":{"0":"post-1687","1":"product","2":"type-product","3":"status-publish","4":"has-post-thumbnail","6":"product_cat-print-label","8":"first","9":"instock","10":"shipping-taxable","11":"product-type-simple"},"_links":{"self":[{"href":"https:\/\/membraneswitchmfg.com\/fr\/wp-json\/wp\/v2\/product\/1687","targetHints":{"allow":["GET"]}}],"collection":[{"href":"https:\/\/membraneswitchmfg.com\/fr\/wp-json\/wp\/v2\/product"}],"about":[{"href":"https:\/\/membraneswitchmfg.com\/fr\/wp-json\/wp\/v2\/types\/product"}],"wp:featuredmedia":[{"embeddable":true,"href":"https:\/\/membraneswitchmfg.com\/fr\/wp-json\/wp\/v2\/media\/1653"}],"wp:attachment":[{"href":"https:\/\/membraneswitchmfg.com\/fr\/wp-json\/wp\/v2\/media?parent=1687"}],"wp:term":[{"taxonomy":"product_brand","embeddable":true,"href":"https:\/\/membraneswitchmfg.com\/fr\/wp-json\/wp\/v2\/product_brand?post=1687"},{"taxonomy":"product_cat","embeddable":true,"href":"https:\/\/membraneswitchmfg.com\/fr\/wp-json\/wp\/v2\/product_cat?post=1687"},{"taxonomy":"product_tag","embeddable":true,"href":"https:\/\/membraneswitchmfg.com\/fr\/wp-json\/wp\/v2\/product_tag?post=1687"}],"curies":[{"name":"wp","href":"https:\/\/api.w.org\/{rel}","templated":true}]}}