{"id":1688,"date":"2024-06-22T14:56:03","date_gmt":"2024-06-22T14:56:03","guid":{"rendered":"https:\/\/membraneswitchmfg.com\/manufacturer\/outdoor-sun-and-weather-resistant-certification-label\/"},"modified":"2024-06-26T00:54:35","modified_gmt":"2024-06-26T00:54:35","slug":"outdoor-sun-and-weather-resistant-certification-label","status":"publish","type":"product","link":"https:\/\/membraneswitchmfg.com\/fr\/manufacturer\/outdoor-sun-and-weather-resistant-certification-label\/","title":{"rendered":"Label de certification de r\u00e9sistance au soleil et aux intemp\u00e9ries en ext\u00e9rieur"},"content":{"rendered":"<h2 class=\"\" data-sourcepos=\"1:1-1:103\">\u00c9tiquettes de certification r\u00e9sistantes au soleil et aux intemp\u00e9ries pour l'ext\u00e9rieur : une protection durable pour votre signalisation ext\u00e9rieure<\/h2>\n<p data-sourcepos=\"3:1-3:110\">Prot\u00e9gez votre signalisation et vos \u00e9tiquettes ext\u00e9rieures des \u00e9l\u00e9ments agressifs gr\u00e2ce \u00e0 nos \u00e9tiquettes de certification durables et r\u00e9sistantes aux intemp\u00e9ries. Con\u00e7ues pour r\u00e9sister au soleil, \u00e0 la pluie, au vent et aux temp\u00e9ratures extr\u00eames, nos \u00e9tiquettes garantissent que vos messages importants restent clairs, visibles et conformes pendant des ann\u00e9es.<\/p>\n<p data-sourcepos=\"5:1-5:49\"><strong>Unmatched Durability for Outdoor Environments<\/strong><\/p>\n<p data-sourcepos=\"7:1-7:266\">Fabriqu\u00e9es \u00e0 partir de mat\u00e9riaux de premi\u00e8re qualit\u00e9 et utilisant des techniques d'impression avanc\u00e9es, nos \u00e9tiquettes de certification r\u00e9sistantes au soleil et aux intemp\u00e9ries pour l'ext\u00e9rieur sont con\u00e7ues pour durer. Elles r\u00e9sistent \u00e0 la d\u00e9coloration, au d\u00e9chirement et \u00e0 la d\u00e9gradation chimique, m\u00eame dans les environnements ext\u00e9rieurs les plus exigeants.<\/p>\n<p data-sourcepos=\"9:1-9:50\"><strong>Ideal for a Wide Range of Outdoor Applications<\/strong><\/p>\n<p data-sourcepos=\"11:1-11:113\">Nos \u00e9tiquettes de certification r\u00e9sistantes au soleil et aux intemp\u00e9ries pour l'ext\u00e9rieur sont id\u00e9ales pour un large \u00e9ventail d'applications, notamment :<\/p>\n<ul data-sourcepos=\"13:1-18:0\">\n<li data-sourcepos=\"13:1-13:35\"><strong>\u00c9tiquettes d'identification de produits<\/strong><\/li>\n<li data-sourcepos=\"14:1-14:38\"><strong>Safety warnings and instructions<\/strong><\/li>\n<li data-sourcepos=\"15:1-15:36\"><strong>Regulatory compliance markings<\/strong><\/li>\n<li data-sourcepos=\"16:1-16:27\"><strong>\u00c9tiquettes de suivi des actifs<\/strong><\/li>\n<li data-sourcepos=\"17:1-18:0\"><strong>Signal\u00e9tique promotionnelle et marketing<\/strong><\/li>\n<\/ul>\n<p data-sourcepos=\"19:1-19:89\"><strong>Partenariat avec des fournisseurs chinois d'imprimantes de codes-barres pour une qualit\u00e9 et une expertise sup\u00e9rieures<\/strong><\/p>\n<p data-sourcepos=\"21:1-21:183\">Chez China Label Barcode Printer Suppliers, nous nous engageons \u00e0 fournir \u00e0 nos clients des \u00e9tiquettes de certification r\u00e9sistantes au soleil et aux intemp\u00e9ries pour l'ext\u00e9rieur de la plus haute qualit\u00e9, ainsi que l'expertise n\u00e9cessaire pour r\u00e9pondre \u00e0 leurs besoins sp\u00e9cifiques en mati\u00e8re d'application. Notre \u00e9quipe de professionnels exp\u00e9riment\u00e9s peut vous aider \u00e0 choisir le mat\u00e9riau d'\u00e9tiquette, l'adh\u00e9sif et les options d'impression adapt\u00e9s \u00e0 vos besoins uniques.<\/p>\n<p data-sourcepos=\"23:1-23:182\"><strong>Contactez-nous d\u00e8s aujourd'hui<\/strong> pour en savoir plus sur nos \u00e9tiquettes de certification r\u00e9sistantes au soleil et aux intemp\u00e9ries pour l'ext\u00e9rieur et sur la mani\u00e8re dont nous pouvons vous aider \u00e0 prot\u00e9ger votre signalisation et vos \u00e9tiquettes ext\u00e9rieures contre les \u00e9l\u00e9ments.<\/p>","protected":false},"excerpt":{"rendered":"<p>Le label de certification de r\u00e9sistance au soleil et aux intemp\u00e9ries pour l'ext\u00e9rieur indique que le produit a \u00e9t\u00e9 test\u00e9 et certifi\u00e9 pour r\u00e9sister \u00e0 l'exposition au soleil et \u00e0 diverses conditions m\u00e9t\u00e9orologiques tout en conservant ses performances et sa durabilit\u00e9.<\/p>","protected":false},"featured_media":1655,"template":"","meta":[],"product_brand":[],"product_cat":[15],"product_tag":[],"class_list":{"0":"post-1688","1":"product","2":"type-product","3":"status-publish","4":"has-post-thumbnail","6":"product_cat-print-label","8":"first","9":"instock","10":"shipping-taxable","11":"product-type-simple"},"_links":{"self":[{"href":"https:\/\/membraneswitchmfg.com\/fr\/wp-json\/wp\/v2\/product\/1688","targetHints":{"allow":["GET"]}}],"collection":[{"href":"https:\/\/membraneswitchmfg.com\/fr\/wp-json\/wp\/v2\/product"}],"about":[{"href":"https:\/\/membraneswitchmfg.com\/fr\/wp-json\/wp\/v2\/types\/product"}],"wp:featuredmedia":[{"embeddable":true,"href":"https:\/\/membraneswitchmfg.com\/fr\/wp-json\/wp\/v2\/media\/1655"}],"wp:attachment":[{"href":"https:\/\/membraneswitchmfg.com\/fr\/wp-json\/wp\/v2\/media?parent=1688"}],"wp:term":[{"taxonomy":"product_brand","embeddable":true,"href":"https:\/\/membraneswitchmfg.com\/fr\/wp-json\/wp\/v2\/product_brand?post=1688"},{"taxonomy":"product_cat","embeddable":true,"href":"https:\/\/membraneswitchmfg.com\/fr\/wp-json\/wp\/v2\/product_cat?post=1688"},{"taxonomy":"product_tag","embeddable":true,"href":"https:\/\/membraneswitchmfg.com\/fr\/wp-json\/wp\/v2\/product_tag?post=1688"}],"curies":[{"name":"wp","href":"https:\/\/api.w.org\/{rel}","templated":true}]}}