{"id":1691,"date":"2024-06-22T14:56:03","date_gmt":"2024-06-22T14:56:03","guid":{"rendered":"https:\/\/membraneswitchmfg.com\/manufacturer\/anti-counterfeiting-anti-theft-label\/"},"modified":"2024-06-26T00:51:33","modified_gmt":"2024-06-26T00:51:33","slug":"anti-counterfeiting-anti-theft-label","status":"publish","type":"product","link":"https:\/\/membraneswitchmfg.com\/fr\/manufacturer\/anti-counterfeiting-anti-theft-label\/","title":{"rendered":"\u00c9tiquette anti-contrefa\u00e7on et antivol"},"content":{"rendered":"<h2 class=\"\" data-sourcepos=\"1:1-1:76\">\u00c9tiquettes anti-contrefa\u00e7on et antivol : Prot\u00e9ger vos produits et votre marque<\/h2>\n<p data-sourcepos=\"3:1-3:90\">Prot\u00e9gez vos produits et la r\u00e9putation de votre marque gr\u00e2ce \u00e0 nos \u00e9tiquettes antivol anti-contrefa\u00e7on innovantes. Ces \u00e9tiquettes de pointe sont con\u00e7ues pour d\u00e9courager la contrefa\u00e7on, emp\u00eacher le vol et garantir l'authenticit\u00e9 de vos produits, ce qui vous assure, ainsi qu'\u00e0 vos clients, une tranquillit\u00e9 d'esprit.<\/p>\n<p data-sourcepos=\"5:1-5:31\"><strong>Caract\u00e9ristiques de s\u00e9curit\u00e9 in\u00e9gal\u00e9es<\/strong><\/p>\n<p data-sourcepos=\"7:1-7:110\">Nos \u00e9tiquettes anti-contrefa\u00e7on et antivol int\u00e8grent une vari\u00e9t\u00e9 de caract\u00e9ristiques de s\u00e9curit\u00e9 sophistiqu\u00e9es, notamment<\/p>\n<ul data-sourcepos=\"9:1-11:15\">\n<li data-sourcepos=\"9:1-9:85\"><strong>Mod\u00e8les uniques d'inviolabilit\u00e9<\/strong> qui se cassent ou r\u00e9v\u00e8lent des messages cach\u00e9s lorsqu'on les retire<\/li>\n<li data-sourcepos=\"10:1-10:66\"><strong>Micro-texte int\u00e9gr\u00e9<\/strong> qui n'est visible qu'\u00e0 l'agrandissement<\/li>\n<li data-sourcepos=\"11:1-11:15\"><strong>Images holographiques<\/strong> qui ne peuvent \u00eatre reproduits<\/li>\n<li data-sourcepos=\"12:1-13:0\"><strong>Encres sp\u00e9cialis\u00e9es<\/strong> qui r\u00e9agissent \u00e0 des produits chimiques ou \u00e0 des solvants sp\u00e9cifiques<\/li>\n<\/ul>\n<p data-sourcepos=\"14:1-14:152\">Ces caract\u00e9ristiques rendent pratiquement impossible la reproduction de vos \u00e9tiquettes par des contrefacteurs, prot\u00e9geant ainsi vos produits et votre marque d'une imitation non autoris\u00e9e.<\/p>\n<p data-sourcepos=\"16:1-16:49\"><strong>Applications polyvalentes pour la protection des produits<\/strong><\/p>\n<p data-sourcepos=\"18:1-18:99\">Nos \u00e9tiquettes anti-contrefa\u00e7on et antivol conviennent \u00e0 un large \u00e9ventail d'applications :<\/p>\n<ul data-sourcepos=\"20:1-23:1\">\n<li data-sourcepos=\"20:1-20:45\"><strong>Produits pharmaceutiques et de sant\u00e9<\/strong><\/li>\n<li data-sourcepos=\"21:1-21:36\"><strong>\u00c9lectronique et biens de consommation<\/strong><\/li>\n<li data-sourcepos=\"22:1-22:32\"><strong>Articles de luxe et cosm\u00e9tiques<\/strong><\/li>\n<li data-sourcepos=\"23:1-23:1\"><strong>Composants et machines industriels<\/strong><\/li>\n<li data-sourcepos=\"24:1-25:0\"><strong>Logiciels et produits num\u00e9riques<\/strong><\/li>\n<\/ul>\n<p data-sourcepos=\"26:1-26:166\">En apposant nos \u00e9tiquettes sur vos produits, vous pouvez d\u00e9courager la contrefa\u00e7on, pr\u00e9venir le vol et garantir que vos clients re\u00e7oivent des produits authentiques provenant de sources autoris\u00e9es.<\/p>\n<p data-sourcepos=\"28:1-28:89\"><strong>Partenariat avec des fournisseurs chinois d'imprimantes de codes-barres pour une qualit\u00e9 et une expertise sup\u00e9rieures<\/strong><\/p>\n<p data-sourcepos=\"30:1-30:362\">Chez China Label Barcode Printer Suppliers, nous nous engageons \u00e0 fournir \u00e0 nos clients des \u00e9tiquettes anti-contrefa\u00e7on et antivol de la plus haute qualit\u00e9 et l'expertise n\u00e9cessaire pour r\u00e9pondre \u00e0 leurs besoins d'application sp\u00e9cifiques. Notre \u00e9quipe de professionnels exp\u00e9riment\u00e9s peut vous aider \u00e0 s\u00e9lectionner le mat\u00e9riau d'\u00e9tiquette, les caract\u00e9ristiques de s\u00e9curit\u00e9 et les options d'impression adapt\u00e9s \u00e0 vos besoins sp\u00e9cifiques.<\/p>\n<p data-sourcepos=\"32:1-32:169\"><strong>Contactez-nous d\u00e8s aujourd'hui<\/strong> pour en savoir plus sur nos \u00e9tiquettes anti-contrefa\u00e7on et antivol et sur la mani\u00e8re dont nous pouvons vous aider \u00e0 prot\u00e9ger vos produits et votre marque contre la contrefa\u00e7on et le vol.<\/p>\n<p data-sourcepos=\"34:1-34:80\"><strong>Mots cl\u00e9s suppl\u00e9mentaires :<\/strong> \u00e9tiquettes d'imprimantes, entreprise d'impression d'\u00e9tiquettes anti-contrefa\u00e7on<\/p>","protected":false},"excerpt":{"rendered":"<p>Les \u00e9tiquettes anti-contrefa\u00e7on et antivol sont des \u00e9tiquettes et des marquages de s\u00e9curit\u00e9 sp\u00e9cialis\u00e9s con\u00e7us pour prot\u00e9ger les produits et les biens contre la reproduction non autoris\u00e9e, le vol et la falsification. Ces \u00e9tiquettes int\u00e8grent des technologies de pointe pour v\u00e9rifier l'authenticit\u00e9, emp\u00eacher la contrefa\u00e7on et dissuader le vol, garantissant ainsi l'int\u00e9grit\u00e9 et la s\u00e9curit\u00e9 des biens dans divers secteurs d'activit\u00e9.<\/p>","protected":false},"featured_media":1652,"template":"","meta":[],"product_brand":[],"product_cat":[15],"product_tag":[],"class_list":{"0":"post-1691","1":"product","2":"type-product","3":"status-publish","4":"has-post-thumbnail","6":"product_cat-print-label","8":"first","9":"instock","10":"shipping-taxable","11":"product-type-simple"},"_links":{"self":[{"href":"https:\/\/membraneswitchmfg.com\/fr\/wp-json\/wp\/v2\/product\/1691","targetHints":{"allow":["GET"]}}],"collection":[{"href":"https:\/\/membraneswitchmfg.com\/fr\/wp-json\/wp\/v2\/product"}],"about":[{"href":"https:\/\/membraneswitchmfg.com\/fr\/wp-json\/wp\/v2\/types\/product"}],"wp:featuredmedia":[{"embeddable":true,"href":"https:\/\/membraneswitchmfg.com\/fr\/wp-json\/wp\/v2\/media\/1652"}],"wp:attachment":[{"href":"https:\/\/membraneswitchmfg.com\/fr\/wp-json\/wp\/v2\/media?parent=1691"}],"wp:term":[{"taxonomy":"product_brand","embeddable":true,"href":"https:\/\/membraneswitchmfg.com\/fr\/wp-json\/wp\/v2\/product_brand?post=1691"},{"taxonomy":"product_cat","embeddable":true,"href":"https:\/\/membraneswitchmfg.com\/fr\/wp-json\/wp\/v2\/product_cat?post=1691"},{"taxonomy":"product_tag","embeddable":true,"href":"https:\/\/membraneswitchmfg.com\/fr\/wp-json\/wp\/v2\/product_tag?post=1691"}],"curies":[{"name":"wp","href":"https:\/\/api.w.org\/{rel}","templated":true}]}}