{"id":1693,"date":"2024-06-22T14:56:03","date_gmt":"2024-06-22T14:56:03","guid":{"rendered":"https:\/\/membraneswitchmfg.com\/manufacturer\/removable-non-residual-electrostatic-film-label\/"},"modified":"2024-06-25T14:49:18","modified_gmt":"2024-06-25T14:49:18","slug":"removable-non-residual-electrostatic-film-label","status":"publish","type":"product","link":"https:\/\/membraneswitchmfg.com\/fr\/manufacturer\/removable-non-residual-electrostatic-film-label\/","title":{"rendered":"\u00c9tiquette amovible non r\u00e9siduelle pour film \u00e9lectrostatique"},"content":{"rendered":"<h2 class=\"\" data-sourcepos=\"3:1-3:94\">\u00c9tiquettes amovibles non r\u00e9siduelles en film \u00e9lectrostatique : Solutions d'\u00e9tiquetage polyvalentes et r\u00e9utilisables<\/h2>\n<p data-sourcepos=\"5:1-5:318\">Profitez de la commodit\u00e9 d'un \u00e9tiquetage r\u00e9utilisable gr\u00e2ce \u00e0 nos \u00e9tiquettes en film \u00e9lectrostatique amovibles et non r\u00e9siduelles. Ces \u00e9tiquettes polyvalentes offrent une solution sans probl\u00e8me pour la signalisation temporaire, l'identification des produits et les messages promotionnels, en adh\u00e9rant solidement \u00e0 un large \u00e9ventail de surfaces sans laisser de r\u00e9sidus collants.<\/p>\n<p data-sourcepos=\"7:1-7:52\"><strong>Une polyvalence in\u00e9gal\u00e9e pour les applications temporaires<\/strong><\/p>\n<p data-sourcepos=\"9:1-9:162\">Nos \u00e9tiquettes en film \u00e9lectrostatique amovibles et non r\u00e9siduelles sont id\u00e9ales pour les applications o\u00f9 les \u00e9tiquettes doivent \u00eatre retir\u00e9es et repositionn\u00e9es fr\u00e9quemment. Elles sont parfaites pour :<\/p>\n<ul data-sourcepos=\"11:1-16:0\">\n<li data-sourcepos=\"11:1-11:36\"><strong>Signal\u00e9tique commerciale et promotionnelle<\/strong><\/li>\n<li data-sourcepos=\"12:1-12:38\"><strong>\u00c9tiquetage des entrep\u00f4ts et des stocks<\/strong><\/li>\n<li data-sourcepos=\"13:1-13:40\"><strong>Signalisation temporaire de bureaux et d'\u00e9v\u00e9nements<\/strong><\/li>\n<li data-sourcepos=\"14:1-14:41\"><strong>\u00c9tiquetage et identification des produits<\/strong><\/li>\n<li data-sourcepos=\"15:1-16:0\"><strong>Signalisation \u00e9ducative et p\u00e9dagogique<\/strong><\/li>\n<\/ul>\n<p data-sourcepos=\"17:1-17:29\"><strong>R\u00e9utilisable et sans r\u00e9sidus<\/strong><\/p>\n<p data-sourcepos=\"19:1-19:284\">Fabriqu\u00e9es \u00e0 partir d'un film \u00e9lectrostatique de haute qualit\u00e9, ces \u00e9tiquettes adh\u00e8rent solidement aux surfaces lisses sans n\u00e9cessiter d'adh\u00e9sif. Elles peuvent \u00eatre facilement retir\u00e9es et repositionn\u00e9es sans laisser de r\u00e9sidus collants, ce qui en fait un choix d'\u00e9tiquetage durable et respectueux de l'environnement.<\/p>\n<p data-sourcepos=\"21:1-21:2\"><strong>Compatible avec une large gamme d'imprimantes<\/strong><\/p>\n<p data-sourcepos=\"23:1-23:243\">Nos \u00e9tiquettes en film \u00e9lectrostatique amovibles et non r\u00e9siduelles sont compatibles avec une large gamme d'imprimantes \u00e0 jet d'encre et laser, ce qui vous permet de cr\u00e9er des \u00e9tiquettes personnalis\u00e9es en interne. Elles sont disponibles dans une vari\u00e9t\u00e9 de tailles et de formes pour r\u00e9pondre \u00e0 vos besoins sp\u00e9cifiques.<\/p>\n<p data-sourcepos=\"25:1-25:89\"><strong>Partenariat avec des fournisseurs chinois d'imprimantes de codes-barres pour une qualit\u00e9 et une expertise sup\u00e9rieures<\/strong><\/p>\n<p data-sourcepos=\"27:1-27:360\">Chez China Label Barcode Printer Suppliers, nous nous engageons \u00e0 fournir \u00e0 nos clients des \u00e9tiquettes en film \u00e9lectrostatique amovible non r\u00e9siduel de la plus haute qualit\u00e9 et l'expertise n\u00e9cessaire pour r\u00e9pondre \u00e0 leurs besoins d'application sp\u00e9cifiques. Notre \u00e9quipe de professionnels exp\u00e9riment\u00e9s peut vous aider \u00e0 s\u00e9lectionner le mat\u00e9riau d'\u00e9tiquette, la taille et les options d'impression adapt\u00e9s \u00e0 vos besoins uniques.<\/p>\n<p data-sourcepos=\"29:1-29:170\"><strong>Contactez-nous d\u00e8s aujourd'hui<\/strong> pour en savoir plus sur nos \u00e9tiquettes en film \u00e9lectrostatique amovibles et non r\u00e9siduelles et sur la mani\u00e8re dont nous pouvons vous aider \u00e0 rationaliser vos processus d'\u00e9tiquetage et \u00e0 r\u00e9duire vos d\u00e9chets.<\/p>","protected":false},"excerpt":{"rendered":"<p>Les \u00e9tiquettes en film \u00e9lectrostatique amovibles et non r\u00e9siduelles sont un type d'\u00e9tiquette qui adh\u00e8re aux surfaces gr\u00e2ce \u00e0 l'\u00e9lectricit\u00e9 statique plut\u00f4t qu'\u00e0 l'adh\u00e9sif. Cette caract\u00e9ristique unique leur permet d'\u00eatre facilement appliqu\u00e9es et enlev\u00e9es sans laisser de r\u00e9sidus collants ou de dommages.<\/p>","protected":false},"featured_media":1658,"template":"","meta":[],"product_brand":[],"product_cat":[15],"product_tag":[],"class_list":{"0":"post-1693","1":"product","2":"type-product","3":"status-publish","4":"has-post-thumbnail","6":"product_cat-print-label","8":"first","9":"instock","10":"shipping-taxable","11":"product-type-simple"},"_links":{"self":[{"href":"https:\/\/membraneswitchmfg.com\/fr\/wp-json\/wp\/v2\/product\/1693","targetHints":{"allow":["GET"]}}],"collection":[{"href":"https:\/\/membraneswitchmfg.com\/fr\/wp-json\/wp\/v2\/product"}],"about":[{"href":"https:\/\/membraneswitchmfg.com\/fr\/wp-json\/wp\/v2\/types\/product"}],"wp:featuredmedia":[{"embeddable":true,"href":"https:\/\/membraneswitchmfg.com\/fr\/wp-json\/wp\/v2\/media\/1658"}],"wp:attachment":[{"href":"https:\/\/membraneswitchmfg.com\/fr\/wp-json\/wp\/v2\/media?parent=1693"}],"wp:term":[{"taxonomy":"product_brand","embeddable":true,"href":"https:\/\/membraneswitchmfg.com\/fr\/wp-json\/wp\/v2\/product_brand?post=1693"},{"taxonomy":"product_cat","embeddable":true,"href":"https:\/\/membraneswitchmfg.com\/fr\/wp-json\/wp\/v2\/product_cat?post=1693"},{"taxonomy":"product_tag","embeddable":true,"href":"https:\/\/membraneswitchmfg.com\/fr\/wp-json\/wp\/v2\/product_tag?post=1693"}],"curies":[{"name":"wp","href":"https:\/\/api.w.org\/{rel}","templated":true}]}}