{"id":1694,"date":"2024-06-22T14:56:04","date_gmt":"2024-06-22T14:56:04","guid":{"rendered":"https:\/\/membraneswitchmfg.com\/manufacturer\/listing-card-product-manual\/"},"modified":"2024-06-25T14:40:27","modified_gmt":"2024-06-25T14:40:27","slug":"listing-card-product-manual","status":"publish","type":"product","link":"https:\/\/membraneswitchmfg.com\/fr\/manufacturer\/listing-card-product-manual\/","title":{"rendered":"Carte de r\u00e9f\u00e9rencement et manuel du produit"},"content":{"rendered":"<h2 class=\"\" data-sourcepos=\"1:1-1:87\">Listing Cards and Product Manuals: Enhancing Product Presentation and Brand Identity \u2192 Cartes de pr\u00e9sentation et manuels de produits\u00a0: am\u00e9liorer la pr\u00e9sentation des produits et l\u2019identit\u00e9 de la marque<\/h2>\n<p data-sourcepos=\"3:1-3:108\">Elevate your product presentation and brand identity with our high-quality listing cards and product manuals. These essential tools provide valuable information to customers, enhancing their shopping experience and fostering brand loyalty. \u2192 Am\u00e9liorez la pr\u00e9sentation de vos produits et l\u2019identit\u00e9 de votre marque gr\u00e2ce \u00e0 nos cartes de pr\u00e9sentation et manuels de produits de haute qualit\u00e9. Ces outils essentiels fournissent des informations pr\u00e9cieuses aux clients, am\u00e9liorant leur exp\u00e9rience d\u2019achat et favorisant la fid\u00e9lisation \u00e0 la marque.<\/p>\n<p data-sourcepos=\"5:1-5:56\"><strong>Listing Cards: Clear and Concise Product Information \u2192 Cartes de pr\u00e9sentation\u00a0: informations claires et concises sur les produits<\/strong><\/p>\n<p data-sourcepos=\"7:1-7:21\">Listing cards offer a concise and informative overview of your products, providing essential details at a glance. They are ideal for: \u2192 Les cartes de pr\u00e9sentation offrent un aper\u00e7u concis et informatif de vos produits, fournissant des d\u00e9tails essentiels en un coup d\u2019\u0153il. Elles sont id\u00e9ales pour\u00a0:<\/p>\n<ul data-sourcepos=\"9:1-12:0\">\n<li data-sourcepos=\"9:1-9:64\"><strong>Displaying product names, descriptions, and specifications \u2192 Afficher les noms, les descriptions et les sp\u00e9cifications des produits<\/strong><\/li>\n<li data-sourcepos=\"10:1-10:44\"><strong>Highlighting key features and benefits \u2192 Mettre en \u00e9vidence les principales caract\u00e9ristiques et avantages<\/strong><\/li>\n<li data-sourcepos=\"11:1-12:0\"><strong>Showcasing product images and branding \u2192 Pr\u00e9senter des images de produits et l\u2019image de marque<\/strong><\/li>\n<\/ul>\n<p data-sourcepos=\"13:1-13:48\"><strong>Product Manuals: Comprehensive User Guidance \u2192 Manuels de produits\u00a0: guide d\u2019utilisation complet<\/strong><\/p>\n<p data-sourcepos=\"15:1-15:23\">Product manuals provide comprehensive instructions and guidance for your products, ensuring customer satisfaction and reducing support costs. They include: \u2192 Les manuels de produits fournissent des instructions et des conseils complets pour vos produits, garantissant la satisfaction des clients et r\u00e9duisant les co\u00fbts de support. Ils comprennent\u00a0:<\/p>\n<ul data-sourcepos=\"17:1-21:0\">\n<li data-sourcepos=\"17:1-17:50\"><strong>Detailed installation and setup instructions \u2192 Instructions d\u2019installation et de configuration d\u00e9taill\u00e9es<\/strong><\/li>\n<li data-sourcepos=\"18:1-18:39\"><strong>Step-by-step operating procedures \u2192 Proc\u00e9dures d\u2019utilisation \u00e9tape par \u00e9tape<\/strong><\/li>\n<li data-sourcepos=\"19:1-19:35\"><strong>Troubleshooting tips and FAQs \u2192 Conseils de d\u00e9pannage et FAQ<\/strong><\/li>\n<li data-sourcepos=\"20:1-21:0\"><strong>Safety warnings and precautions \u2192 Avertissements et pr\u00e9cautions de s\u00e9curit\u00e9<\/strong><\/li>\n<\/ul>\n<p data-sourcepos=\"22:1-22:89\"><strong>Partenariat avec des fournisseurs chinois d'imprimantes de codes-barres pour une qualit\u00e9 et une expertise sup\u00e9rieures<\/strong><\/p>\n<p data-sourcepos=\"24:1-24:316\">At China Label Barcode Printer Suppliers, we are committed to providing our customers with the highest quality listing cards and product manuals. Our team of experienced professionals can help you design and create custom materials that align with your brand identity and effectively communicate product information. \u2192 Chez China Label Barcode Printer Suppliers, nous nous engageons \u00e0 fournir \u00e0 nos clients des cartes de pr\u00e9sentation et des manuels de produits de la plus haute qualit\u00e9. Notre \u00e9quipe de professionnels exp\u00e9riment\u00e9s peut vous aider \u00e0 concevoir et \u00e0 cr\u00e9er des supports personnalis\u00e9s qui correspondent \u00e0 l\u2019identit\u00e9 de votre marque et communiquent efficacement les informations sur les produits.<\/p>\n<p data-sourcepos=\"26:1-26:62\"><strong>Contactez-nous d\u00e8s aujourd'hui<\/strong> to learn more about our listing cards and product manuals and how we can help you enhance your product presentation, improve customer experience, and strengthen your brand. \u2192 pour en savoir plus sur nos cartes de pr\u00e9sentation et nos manuels de produits et sur la fa\u00e7on dont nous pouvons vous aider \u00e0 am\u00e9liorer la pr\u00e9sentation de vos produits, \u00e0 am\u00e9liorer l\u2019exp\u00e9rience client et \u00e0 renforcer votre marque.<\/p>\n<p data-sourcepos=\"28:1-28:150\"><strong>Mots cl\u00e9s suppl\u00e9mentaires :<\/strong> sd card printer labels, id card label printer, label card printer, print labels for christmas cards, printed cardboard labels \u2192 sd card printer labels, id card label printer, label card printer, print labels for christmas cards, printed cardboard labels<\/p>","protected":false},"excerpt":{"rendered":"<p>Une fiche de pr\u00e9sentation ou un manuel de produit est un document qui fournit des informations d\u00e9taill\u00e9es sur un produit ou un service. Il est g\u00e9n\u00e9ralement utilis\u00e9 par les entreprises pour informer les clients sur les caract\u00e9ristiques, les avantages et les sp\u00e9cifications de leurs produits.<\/p>","protected":false},"featured_media":1657,"template":"","meta":[],"product_brand":[],"product_cat":[15],"product_tag":[],"class_list":{"0":"post-1694","1":"product","2":"type-product","3":"status-publish","4":"has-post-thumbnail","6":"product_cat-print-label","8":"first","9":"instock","10":"shipping-taxable","11":"product-type-simple"},"_links":{"self":[{"href":"https:\/\/membraneswitchmfg.com\/fr\/wp-json\/wp\/v2\/product\/1694","targetHints":{"allow":["GET"]}}],"collection":[{"href":"https:\/\/membraneswitchmfg.com\/fr\/wp-json\/wp\/v2\/product"}],"about":[{"href":"https:\/\/membraneswitchmfg.com\/fr\/wp-json\/wp\/v2\/types\/product"}],"wp:featuredmedia":[{"embeddable":true,"href":"https:\/\/membraneswitchmfg.com\/fr\/wp-json\/wp\/v2\/media\/1657"}],"wp:attachment":[{"href":"https:\/\/membraneswitchmfg.com\/fr\/wp-json\/wp\/v2\/media?parent=1694"}],"wp:term":[{"taxonomy":"product_brand","embeddable":true,"href":"https:\/\/membraneswitchmfg.com\/fr\/wp-json\/wp\/v2\/product_brand?post=1694"},{"taxonomy":"product_cat","embeddable":true,"href":"https:\/\/membraneswitchmfg.com\/fr\/wp-json\/wp\/v2\/product_cat?post=1694"},{"taxonomy":"product_tag","embeddable":true,"href":"https:\/\/membraneswitchmfg.com\/fr\/wp-json\/wp\/v2\/product_tag?post=1694"}],"curies":[{"name":"wp","href":"https:\/\/api.w.org\/{rel}","templated":true}]}}