{"id":1774,"date":"2024-06-24T05:57:57","date_gmt":"2024-06-24T05:57:57","guid":{"rendered":"https:\/\/membraneswitchmfg.com\/manufacturer\/copper-flex-membrane-switch\/"},"modified":"2024-06-25T13:28:19","modified_gmt":"2024-06-25T13:28:19","slug":"copper-flex-membrane-switch","status":"publish","type":"product","link":"https:\/\/membraneswitchmfg.com\/fr\/manufacturer\/copper-flex-membrane-switch\/","title":{"rendered":"Commutateur \u00e0 membrane flexible en cuivre"},"content":{"rendered":"<h2><strong><b>Commutateurs \u00e0 membrane flexible en cuivre : Des performances sup\u00e9rieures pour des applications exigeantes<\/b><\/strong><\/h2>\n<p><strong>Durabilit\u00e9 et pr\u00e9cision in\u00e9gal\u00e9es<\/strong><\/p>\n<p>Les interrupteurs \u00e0 membrane Copper Flex sont con\u00e7us pour atteindre l'excellence :<\/p>\n<ul>\n<li><strong>Traces en cuivre \u00e0 haute conductivit\u00e9 pour une meilleure transmission des signaux<\/strong><\/li>\n<li><strong>Des sch\u00e9mas de circuit pr\u00e9cis pour un fonctionnement fiable<\/strong><\/li>\n<li><strong>Construction robuste pour une r\u00e9sistance aux environnements difficiles<\/strong><\/li>\n<\/ul>\n<p><strong>D\u00e9couvrez les avantages<\/strong><\/p>\n<p>Avec les commutateurs \u00e0 membrane Copper Flex, vous pouvez compter sur :<\/p>\n<ul>\n<li><strong>R\u00e9duction des temps d'arr\u00eat et des co\u00fbts de maintenance<\/strong><\/li>\n<li><strong>Am\u00e9lioration des performances et de la fiabilit\u00e9 des produits<\/strong><\/li>\n<li><strong>Am\u00e9lioration de la satisfaction des utilisateurs et de la r\u00e9putation de la marque<\/strong><\/li>\n<\/ul>\n<p><strong>Applications<\/strong><\/p>\n<p>Les commutateurs \u00e0 membrane flexible en cuivre sont bien adapt\u00e9s \u00e0 une large gamme d'applications, notamment :<\/p>\n<ul>\n<li><strong>Syst\u00e8mes de contr\u00f4le industriel<\/strong><\/li>\n<li><strong>Dispositifs m\u00e9dicaux<\/strong><\/li>\n<li><strong>\u00c9quipements militaires et a\u00e9rospatiaux<\/strong><\/li>\n<li><strong>Applications en environnement difficile<\/strong><\/li>\n<li><strong>Et bien d'autres encore<\/strong><\/li>\n<\/ul>\n<p><strong>Solutions personnalis\u00e9es<\/strong><\/p>\n<p>Nous proposons un large \u00e9ventail d'options de personnalisation pour r\u00e9pondre \u00e0 vos besoins sp\u00e9cifiques :<\/p>\n<ul>\n<li><strong>Diverses tailles et configurations de commutateurs<\/strong><\/li>\n<li><strong>Graphiques et r\u00e9tro\u00e9clairage personnalis\u00e9s<\/strong><\/li>\n<li><strong>Options de retour tactile<\/strong><\/li>\n<li><strong>\u00c9tanch\u00e9it\u00e9 et protection de l'environnement<\/strong><\/li>\n<\/ul>\n<p><strong>Partenariat avec un fournisseur exp\u00e9riment\u00e9 d'interrupteurs \u00e0 membrane souple \u00e9tanche<\/strong><\/p>\n<p>Avec des ann\u00e9es d'expertise et un engagement de qualit\u00e9, nous sommes votre source de confiance pour les commutateurs \u00e0 membrane flexible en cuivre. Notre \u00e9quipe d'experts peut vous aider \u00e0 concevoir et \u00e0 fabriquer les interrupteurs parfaits pour votre application.<\/p>\n<p><strong>Contactez-nous d\u00e8s aujourd'hui<\/strong>\u00a0pour en savoir plus sur nos commutateurs \u00e0 membrane flexible en cuivre et sur la mani\u00e8re dont nous pouvons vous aider \u00e0 obtenir des performances et une fiabilit\u00e9 sup\u00e9rieures dans vos applications exigeantes.<\/p>","protected":false},"excerpt":{"rendered":"<p>Am\u00e9liorez les performances de votre produit gr\u00e2ce \u00e0 nos commutateurs \u00e0 membrane flexible en cuivre de pointe, con\u00e7us pour r\u00e9sister aux rigueurs des environnements exigeants. Ces commutateurs exceptionnels offrent une durabilit\u00e9, une pr\u00e9cision et une fiabilit\u00e9 \u00e0 long terme sup\u00e9rieures, ce qui en fait le choix id\u00e9al pour les applications critiques.<\/p>","protected":false},"featured_media":1747,"template":"","meta":[],"product_brand":[],"product_cat":[40],"product_tag":[],"class_list":{"0":"post-1774","1":"product","2":"type-product","3":"status-publish","4":"has-post-thumbnail","6":"product_cat-membrane-switch","8":"first","9":"instock","10":"shipping-taxable","11":"product-type-simple"},"_links":{"self":[{"href":"https:\/\/membraneswitchmfg.com\/fr\/wp-json\/wp\/v2\/product\/1774","targetHints":{"allow":["GET"]}}],"collection":[{"href":"https:\/\/membraneswitchmfg.com\/fr\/wp-json\/wp\/v2\/product"}],"about":[{"href":"https:\/\/membraneswitchmfg.com\/fr\/wp-json\/wp\/v2\/types\/product"}],"wp:featuredmedia":[{"embeddable":true,"href":"https:\/\/membraneswitchmfg.com\/fr\/wp-json\/wp\/v2\/media\/1747"}],"wp:attachment":[{"href":"https:\/\/membraneswitchmfg.com\/fr\/wp-json\/wp\/v2\/media?parent=1774"}],"wp:term":[{"taxonomy":"product_brand","embeddable":true,"href":"https:\/\/membraneswitchmfg.com\/fr\/wp-json\/wp\/v2\/product_brand?post=1774"},{"taxonomy":"product_cat","embeddable":true,"href":"https:\/\/membraneswitchmfg.com\/fr\/wp-json\/wp\/v2\/product_cat?post=1774"},{"taxonomy":"product_tag","embeddable":true,"href":"https:\/\/membraneswitchmfg.com\/fr\/wp-json\/wp\/v2\/product_tag?post=1774"}],"curies":[{"name":"wp","href":"https:\/\/api.w.org\/{rel}","templated":true}]}}