{"id":1775,"date":"2024-06-24T05:57:57","date_gmt":"2024-06-24T05:57:57","guid":{"rendered":"https:\/\/membraneswitchmfg.com\/manufacturer\/pcb-membrane-switch\/"},"modified":"2024-06-25T11:50:52","modified_gmt":"2024-06-25T11:50:52","slug":"pcb-membrane-switch","status":"publish","type":"product","link":"https:\/\/membraneswitchmfg.com\/fr\/manufacturer\/pcb-membrane-switch\/","title":{"rendered":"Interrupteur \u00e0 membrane PCB"},"content":{"rendered":"<h2><strong><b>Commutateur \u00e0 membrane PCB\u00a0: une fusion de performance et de polyvalence<\/b><\/strong><\/h2>\n<p><strong>Performances et polyvalence in\u00e9gal\u00e9es<\/strong><\/p>\n<p>Les commutateurs \u00e0 membrane PCB sont r\u00e9put\u00e9s pour\u00a0:<\/p>\n<ul>\n<li><strong>Conception fine et l\u00e9g\u00e8re pour une int\u00e9gration facile<\/strong><\/li>\n<li><strong>R\u00e9troaction tactile pour une interaction utilisateur am\u00e9lior\u00e9e<\/strong><\/li>\n<li><strong>Long lifespan with millions of actuations<\/strong><\/li>\n<li><strong>Resistance to moisture, dust, and harsh environments<\/strong><\/li>\n<li><strong>Int\u00e9gration transparente avec les PCB pour des fonctionnalit\u00e9s avanc\u00e9es<\/strong><\/li>\n<\/ul>\n<p><strong>Solutions rentables pour vos besoins<\/strong><\/p>\n<p>Les commutateurs \u00e0 membrane PCB offrent un \u00e9quilibre entre performance et prix abordable, ce qui les rend id\u00e9aux pour les applications o\u00f9\u00a0:<\/p>\n<ul>\n<li><strong>Le budget est une pr\u00e9occupation principale<\/strong><\/li>\n<li><strong>De grandes quantit\u00e9s sont requises<\/strong><\/li>\n<li><strong>Les contraintes d\u2019espace sont un facteur<\/strong><\/li>\n<li><strong>Des fonctionnalit\u00e9s avanc\u00e9es sont n\u00e9cessaires<\/strong><\/li>\n<\/ul>\n<p><strong>Applications<\/strong><\/p>\n<p>Les commutateurs \u00e0 membrane PCB sont largement utilis\u00e9s dans diverses industries, notamment\u00a0:<\/p>\n<ul>\n<li><strong>Electronique grand public<\/strong><\/li>\n<li><strong>Dispositifs m\u00e9dicaux<\/strong><\/li>\n<li><strong>Panneaux de contr\u00f4le industriels<\/strong><\/li>\n<li><strong>Appareils m\u00e9nagers<\/strong><\/li>\n<li><strong>Et bien d'autres encore<\/strong><\/li>\n<\/ul>\n<p><strong>Options personnalisables<\/strong><\/p>\n<p>Nous proposons un large \u00e9ventail d'options de personnalisation pour r\u00e9pondre \u00e0 vos besoins sp\u00e9cifiques :<\/p>\n<ul>\n<li><strong>Diverses tailles et configurations de commutateurs<\/strong><\/li>\n<li><strong>Graphiques et r\u00e9tro\u00e9clairage personnalis\u00e9s<\/strong><\/li>\n<li><strong>Options de retour tactile<\/strong><\/li>\n<li><strong>\u00c9tanch\u00e9it\u00e9 et protection de l'environnement<\/strong><\/li>\n<\/ul>\n<p><strong>Collaborez avec un fabricant exp\u00e9riment\u00e9 de PCB de commutateurs \u00e0 membrane<\/strong><\/p>\n<p>Forts de nos ann\u00e9es d\u2019exp\u00e9rience et de notre engagement envers la qualit\u00e9, nous sommes votre fabricant de confiance de commutateurs \u00e0 membrane PCB. Notre \u00e9quipe d\u2019experts peut vous aider \u00e0 concevoir et \u00e0 fabriquer les commutateurs parfaits pour votre application.<\/p>\n<p><strong><a href=\"https:\/\/membraneswitchmfg.com\/fr\/contact\/\">Contactez-nous <\/a>aujourd'hui<\/strong>\u00a0pour en savoir plus sur nos commutateurs \u00e0 membrane PCB et sur la fa\u00e7on dont nous pouvons vous aider \u00e0 atteindre vos objectifs de produit tout en respectant votre budget.<\/p>","protected":false},"excerpt":{"rendered":"<p>Am\u00e9liorez votre interface utilisateur avec nos commutateurs \u00e0 membrane PCB, combinant la pr\u00e9cision des PCB avec le retour tactile des commutateurs \u00e0 membrane. Ces commutateurs polyvalents offrent une exp\u00e9rience utilisateur transparente, une durabilit\u00e9 accrue et des solutions rentables pour une large gamme d'applications.<\/p>","protected":false},"featured_media":1757,"template":"","meta":[],"product_brand":[],"product_cat":[40],"product_tag":[],"class_list":{"0":"post-1775","1":"product","2":"type-product","3":"status-publish","4":"has-post-thumbnail","6":"product_cat-membrane-switch","8":"first","9":"instock","10":"shipping-taxable","11":"product-type-simple"},"_links":{"self":[{"href":"https:\/\/membraneswitchmfg.com\/fr\/wp-json\/wp\/v2\/product\/1775","targetHints":{"allow":["GET"]}}],"collection":[{"href":"https:\/\/membraneswitchmfg.com\/fr\/wp-json\/wp\/v2\/product"}],"about":[{"href":"https:\/\/membraneswitchmfg.com\/fr\/wp-json\/wp\/v2\/types\/product"}],"wp:featuredmedia":[{"embeddable":true,"href":"https:\/\/membraneswitchmfg.com\/fr\/wp-json\/wp\/v2\/media\/1757"}],"wp:attachment":[{"href":"https:\/\/membraneswitchmfg.com\/fr\/wp-json\/wp\/v2\/media?parent=1775"}],"wp:term":[{"taxonomy":"product_brand","embeddable":true,"href":"https:\/\/membraneswitchmfg.com\/fr\/wp-json\/wp\/v2\/product_brand?post=1775"},{"taxonomy":"product_cat","embeddable":true,"href":"https:\/\/membraneswitchmfg.com\/fr\/wp-json\/wp\/v2\/product_cat?post=1775"},{"taxonomy":"product_tag","embeddable":true,"href":"https:\/\/membraneswitchmfg.com\/fr\/wp-json\/wp\/v2\/product_tag?post=1775"}],"curies":[{"name":"wp","href":"https:\/\/api.w.org\/{rel}","templated":true}]}}