{"id":1778,"date":"2024-06-24T05:57:57","date_gmt":"2024-06-24T05:57:57","guid":{"rendered":"https:\/\/membraneswitchmfg.com\/manufacturer\/nameplate\/"},"modified":"2024-07-25T09:10:27","modified_gmt":"2024-07-25T09:10:27","slug":"nameplate","status":"publish","type":"product","link":"https:\/\/membraneswitchmfg.com\/fr\/manufacturer\/nameplate\/","title":{"rendered":"Plaque signal\u00e9tique"},"content":{"rendered":"<h2><strong><b>Plaques signal\u00e9tiques\u00a0: Am\u00e9liorez l'identit\u00e9 et la fonctionnalit\u00e9 de votre produit<\/b><\/strong><\/h2>\n<p><strong>Am\u00e9liorez l'identit\u00e9 de votre produit<\/strong><\/p>\n<p>Les plaques signal\u00e9tiques jouent un r\u00f4le essentiel dans l'\u00e9tablissement de l'identit\u00e9 de votre marque en\u00a0:<\/p>\n<ul>\n<li><strong>Afficher bien en \u00e9vidence le logo et le nom de votre entreprise<\/strong><\/li>\n<li><strong>Renforcer le message et les valeurs de votre marque<\/strong><\/li>\n<li><strong>Cr\u00e9er une image de marque coh\u00e9rente et professionnelle<\/strong><\/li>\n<\/ul>\n<p><strong>Transmettre des informations essentielles<\/strong><\/p>\n<p>Les plaques signal\u00e9tiques communiquent efficacement les informations essentielles sur le produit, notamment\u00a0:<\/p>\n<ul>\n<li><strong>Nom du produit et num\u00e9ro de mod\u00e8le<\/strong><\/li>\n<li><strong>Marques r\u00e9glementaires et certifications<\/strong><\/li>\n<li><strong>Instructions d'utilisation et avertissements<\/strong><\/li>\n<li><strong>Coordonn\u00e9es pour l'assistance<\/strong><\/li>\n<\/ul>\n<p><strong>Am\u00e9liorer la fonctionnalit\u00e9 du produit<\/strong><\/p>\n<p>Les plaques signal\u00e9tiques peuvent \u00e9galement int\u00e9grer des \u00e9l\u00e9ments fonctionnels, tels que\u00a0:<\/p>\n<ul>\n<li><strong>Commutateurs \u00e0 membrane \u00e0 bouton-poussoir pour l'interaction avec l'utilisateur<\/strong><\/li>\n<li><strong>Indicateurs LED pour les mises \u00e0 jour d'\u00e9tat<\/strong><\/li>\n<li><strong>\u00c9tiquettes de codes-barres pour une identification facile<\/strong><\/li>\n<\/ul>\n<p><strong>Applications<\/strong><\/p>\n<p>Les plaques signal\u00e9tiques sont largement utilis\u00e9es dans une gamme vari\u00e9e d'applications, notamment\u00a0:<\/p>\n<ul>\n<li><strong>Panneaux de contr\u00f4le industriels<\/strong><\/li>\n<li><strong>Dispositifs m\u00e9dicaux<\/strong><\/li>\n<li><strong>Electronique grand public<\/strong><\/li>\n<li><strong>Appareils m\u00e9nagers<\/strong><\/li>\n<li><strong>Machines et \u00e9quipements<\/strong><\/li>\n<\/ul>\n<p><strong>Solutions personnalis\u00e9es<\/strong><\/p>\n<p>Nous proposons un large \u00e9ventail d'options de personnalisation pour r\u00e9pondre \u00e0 vos besoins sp\u00e9cifiques :<\/p>\n<ul>\n<li><strong>Vari\u00e9t\u00e9 de mat\u00e9riaux et de finitions<\/strong><\/li>\n<li><strong>Graphiques et conceptions personnalis\u00e9s<\/strong><\/li>\n<li><strong>Options de r\u00e9tro\u00e9clairage et d'\u00e9clairage<\/strong><\/li>\n<li><strong>Gaufrage et textures<\/strong><\/li>\n<\/ul>\n<p><strong>Partenariat avec un fabricant de plaques signal\u00e9tiques exp\u00e9riment\u00e9<\/strong><\/p>\n<p>Forts de nos ann\u00e9es d'expertise et de notre engagement envers la qualit\u00e9, nous sommes votre source de confiance pour les plaques signal\u00e9tiques personnalis\u00e9es. Notre \u00e9quipe d'experts peut vous aider \u00e0 concevoir et \u00e0 fabriquer les plaques signal\u00e9tiques parfaites pour am\u00e9liorer l'identit\u00e9, la fonctionnalit\u00e9 et l'attrait esth\u00e9tique de votre produit.<\/p>\n<p>Contactez-nous d\u00e8s aujourd'hui\u00a0pour en savoir plus sur nos solutions de plaques signal\u00e9tiques et sur la mani\u00e8re dont nous pouvons vous aider \u00e0 am\u00e9liorer vos produits.<\/p>\n<p><strong>Mots cl\u00e9s suppl\u00e9mentaires :<\/strong>\u00a0commutateur \u00e0 membrane \u00e0 bouton-poussoir, membrane de type commutateur, plaque signal\u00e9tique<\/p>","protected":false},"excerpt":{"rendered":"<p>Les plaques signal\u00e9tiques, \u00e9galement appel\u00e9es panneaux frontaux ou plaques d'identification, servent de fa\u00e7ade \u00e0 votre appareil \u00e9lectronique, transmettant des informations cruciales et am\u00e9liorant son attrait esth\u00e9tique g\u00e9n\u00e9ral. Ces panneaux durables sont g\u00e9n\u00e9ralement fabriqu\u00e9s en plastique ou en m\u00e9tal et sont imprim\u00e9s sur mesure avec les logos de l'entreprise, les \u00e9l\u00e9ments de marque et les sp\u00e9cifications du produit.<\/p>","protected":false},"featured_media":1755,"template":"","meta":[],"product_brand":[],"product_cat":[15],"product_tag":[],"class_list":{"0":"post-1778","1":"product","2":"type-product","3":"status-publish","4":"has-post-thumbnail","6":"product_cat-print-label","8":"first","9":"instock","10":"shipping-taxable","11":"product-type-simple"},"_links":{"self":[{"href":"https:\/\/membraneswitchmfg.com\/fr\/wp-json\/wp\/v2\/product\/1778","targetHints":{"allow":["GET"]}}],"collection":[{"href":"https:\/\/membraneswitchmfg.com\/fr\/wp-json\/wp\/v2\/product"}],"about":[{"href":"https:\/\/membraneswitchmfg.com\/fr\/wp-json\/wp\/v2\/types\/product"}],"wp:featuredmedia":[{"embeddable":true,"href":"https:\/\/membraneswitchmfg.com\/fr\/wp-json\/wp\/v2\/media\/1755"}],"wp:attachment":[{"href":"https:\/\/membraneswitchmfg.com\/fr\/wp-json\/wp\/v2\/media?parent=1778"}],"wp:term":[{"taxonomy":"product_brand","embeddable":true,"href":"https:\/\/membraneswitchmfg.com\/fr\/wp-json\/wp\/v2\/product_brand?post=1778"},{"taxonomy":"product_cat","embeddable":true,"href":"https:\/\/membraneswitchmfg.com\/fr\/wp-json\/wp\/v2\/product_cat?post=1778"},{"taxonomy":"product_tag","embeddable":true,"href":"https:\/\/membraneswitchmfg.com\/fr\/wp-json\/wp\/v2\/product_tag?post=1778"}],"curies":[{"name":"wp","href":"https:\/\/api.w.org\/{rel}","templated":true}]}}