{"id":1781,"date":"2024-06-24T05:57:57","date_gmt":"2024-06-24T05:57:57","guid":{"rendered":"https:\/\/membraneswitchmfg.com\/manufacturer\/membrane-switch-back-support\/"},"modified":"2024-07-25T08:37:56","modified_gmt":"2024-07-25T08:37:56","slug":"membrane-switch-back-support","status":"publish","type":"product","link":"https:\/\/membraneswitchmfg.com\/fr\/manufacturer\/membrane-switch-back-support\/","title":{"rendered":"Interrupteur \u00e0 membrane + support dorsal"},"content":{"rendered":"<h2><strong><b>Interrupteur \u00e0 membrane + support dorsal : Durabilit\u00e9 et fonctionnalit\u00e9 accrues<\/b><\/strong><\/h2>\n<p><strong>Durabilit\u00e9 et stabilit\u00e9 accrues<\/strong><\/p>\n<p>Le support dorsal offre une base rigide \u00e0 l'interrupteur \u00e0 membrane, ce qui am\u00e9liore consid\u00e9rablement sa durabilit\u00e9 et sa dur\u00e9e de vie. Cette caract\u00e9ristique est particuli\u00e8rement utile dans les environnements o\u00f9 l'interrupteur est soumis \u00e0 une utilisation fr\u00e9quente ou \u00e0 des conditions difficiles.<\/p>\n<ul>\n<li><strong>R\u00e9siste \u00e0 la d\u00e9formation et \u00e0 l'usure<\/strong><\/li>\n<li><strong>Prot\u00e8ge le commutateur contre les chocs et les vibrations<\/strong><\/li>\n<li><strong>Prolonge la dur\u00e9e de vie du commutateur<\/strong><\/li>\n<\/ul>\n<p><strong>Fonctionnalit\u00e9 et options de montage am\u00e9lior\u00e9es<\/strong><\/p>\n<p>Le support arri\u00e8re facilite le montage s\u00fbr et pr\u00e9cis de l'interrupteur \u00e0 membrane, garantissant un alignement et un fonctionnement corrects. Il permet \u00e9galement d'int\u00e9grer des composants suppl\u00e9mentaires, tels que des diodes \u00e9lectroluminescentes et des connecteurs.<\/p>\n<ul>\n<li><strong>Permet un montage encastr\u00e9 ou sur\u00e9lev\u00e9<\/strong><\/li>\n<li><strong>Fournit des trous de montage et des goujons<\/strong><\/li>\n<li><strong>Permet l'int\u00e9gration de l'\u00e9lectronique<\/strong><\/li>\n<\/ul>\n<p><strong>Am\u00e9lioration de l'esth\u00e9tique et de l'apparence professionnelle<\/strong><\/p>\n<p>Le support dorsal am\u00e9liore l'esth\u00e9tique g\u00e9n\u00e9rale de l'interrupteur \u00e0 membrane, cr\u00e9ant une apparence plus professionnelle et plus attrayante. Il peut \u00eatre personnalis\u00e9 avec des couleurs, des textures et des finitions pour s'adapter au design de l'appareil.<\/p>\n<ul>\n<li><strong>Design \u00e9pur\u00e9 et moderne<\/strong><\/li>\n<li><strong>Vari\u00e9t\u00e9 de couleurs et de finitions<\/strong><\/li>\n<li><strong>Graphiques et logos personnalisables<\/strong><\/li>\n<\/ul>\n<p><strong>Applications<\/strong><\/p>\n<p>Les interrupteurs \u00e0 membrane avec support dorsal sont largement utilis\u00e9s dans diverses applications, notamment :<\/p>\n<ul>\n<li><strong>Panneaux de contr\u00f4le industriels<\/strong><\/li>\n<li><strong>Dispositifs m\u00e9dicaux<\/strong><\/li>\n<li><strong>Electronique grand public<\/strong><\/li>\n<li><strong>\u00c9quipements de t\u00e9l\u00e9communications<\/strong><\/li>\n<li><strong>Consoles de transport<\/strong><\/li>\n<\/ul>\n<p><strong>Solutions personnalis\u00e9es<\/strong><\/p>\n<p>Nous proposons un large \u00e9ventail d'options de personnalisation pour r\u00e9pondre \u00e0 vos besoins sp\u00e9cifiques :<\/p>\n<ul>\n<li><strong>Vari\u00e9t\u00e9 de mat\u00e9riaux pour le support dorsal (aluminium, plastique, etc.)<\/strong><\/li>\n<li><strong>Dimensions et formes personnalis\u00e9es<\/strong><\/li>\n<li><strong>D\u00e9coupes et trous pour les composants<\/strong><\/li>\n<li><strong>Traitements de surface et finitions<\/strong><\/li>\n<\/ul>\n<p><strong>Partenaire d'un fabricant exp\u00e9riment\u00e9 de commutateurs \u00e0 membrane<\/strong><\/p>\n<p>Forts de nos ann\u00e9es d'expertise et de notre engagement en faveur de la qualit\u00e9, nous sommes votre source de confiance pour les commutateurs \u00e0 membrane personnalis\u00e9s avec support dorsal. Notre \u00e9quipe d'experts peut vous aider \u00e0 concevoir et \u00e0 fabriquer les commutateurs parfaits pour am\u00e9liorer la durabilit\u00e9, la fonctionnalit\u00e9 et l'attrait esth\u00e9tique de votre produit.<\/p>\n<p><strong>Contactez-nous d\u00e8s aujourd'hui<\/strong>\u00a0pour en savoir plus sur nos solutions de commutateurs \u00e0 membrane avec support et sur la mani\u00e8re dont nous pouvons vous aider \u00e0 am\u00e9liorer vos produits.<\/p>\n<p><strong>Mots cl\u00e9s suppl\u00e9mentaires :<\/strong>\u00a0interrupteur \u00e0 membrane flexible, interrupteur \u00e0 membrane tout ou rien<\/p>","protected":false},"excerpt":{"rendered":"<p>Les commutateurs \u00e0 membrane associ\u00e9s \u00e0 un support arri\u00e8re offrent une solution robuste et polyvalente pour les interfaces utilisateur, combinant le retour tactile des commutateurs \u00e0 membrane avec l'int\u00e9grit\u00e9 structurelle d'un panneau arri\u00e8re. Cette int\u00e9gration am\u00e9liore la durabilit\u00e9, la fonctionnalit\u00e9 et l'esth\u00e9tique du commutateur, ce qui le rend id\u00e9al pour une large gamme d'applications.<\/p>","protected":false},"featured_media":1754,"template":"","meta":[],"product_brand":[],"product_cat":[40],"product_tag":[],"class_list":{"0":"post-1781","1":"product","2":"type-product","3":"status-publish","4":"has-post-thumbnail","6":"product_cat-membrane-switch","8":"first","9":"instock","10":"shipping-taxable","11":"product-type-simple"},"_links":{"self":[{"href":"https:\/\/membraneswitchmfg.com\/fr\/wp-json\/wp\/v2\/product\/1781","targetHints":{"allow":["GET"]}}],"collection":[{"href":"https:\/\/membraneswitchmfg.com\/fr\/wp-json\/wp\/v2\/product"}],"about":[{"href":"https:\/\/membraneswitchmfg.com\/fr\/wp-json\/wp\/v2\/types\/product"}],"wp:featuredmedia":[{"embeddable":true,"href":"https:\/\/membraneswitchmfg.com\/fr\/wp-json\/wp\/v2\/media\/1754"}],"wp:attachment":[{"href":"https:\/\/membraneswitchmfg.com\/fr\/wp-json\/wp\/v2\/media?parent=1781"}],"wp:term":[{"taxonomy":"product_brand","embeddable":true,"href":"https:\/\/membraneswitchmfg.com\/fr\/wp-json\/wp\/v2\/product_brand?post=1781"},{"taxonomy":"product_cat","embeddable":true,"href":"https:\/\/membraneswitchmfg.com\/fr\/wp-json\/wp\/v2\/product_cat?post=1781"},{"taxonomy":"product_tag","embeddable":true,"href":"https:\/\/membraneswitchmfg.com\/fr\/wp-json\/wp\/v2\/product_tag?post=1781"}],"curies":[{"name":"wp","href":"https:\/\/api.w.org\/{rel}","templated":true}]}}