{"id":1782,"date":"2024-06-24T05:57:57","date_gmt":"2024-06-24T05:57:57","guid":{"rendered":"https:\/\/membraneswitchmfg.com\/manufacturer\/membrane-switch-touch-screen\/"},"modified":"2024-06-25T13:51:39","modified_gmt":"2024-06-25T13:51:39","slug":"membrane-switch-touch-screen","status":"publish","type":"product","link":"https:\/\/membraneswitchmfg.com\/fr\/manufacturer\/membrane-switch-touch-screen\/","title":{"rendered":"Interrupteur \u00e0 membrane + \u00e9cran tactile"},"content":{"rendered":"<h2><strong><b>Interrupteur \u00e0 membrane + \u00e9cran tactile : Int\u00e9gration transparente pour une meilleure exp\u00e9rience utilisateur<\/b><\/strong><\/h2>\n<p><strong>Am\u00e9lioration de l'exp\u00e9rience utilisateur et de l'accessibilit\u00e9<\/strong><\/p>\n<p>Les commutateurs \u00e0 membrane avec \u00e9crans tactiles offrent une interface plus intuitive et plus conviviale :<\/p>\n<ul>\n<li><strong>Combiner le retour d'information tactile avec des indices visuels<\/strong><\/li>\n<li><strong>Faciliter la navigation et la s\u00e9lection<\/strong><\/li>\n<li><strong>R\u00e9pondre \u00e0 un plus grand nombre de pr\u00e9f\u00e9rences des utilisateurs<\/strong><\/li>\n<\/ul>\n<p><strong>Fonctionnalit\u00e9 et personnalisation accrues<\/strong><\/p>\n<p>Cette int\u00e9gration permet d'incorporer des fonctions avanc\u00e9es, telles que :<\/p>\n<ul>\n<li><strong>Graphiques et ic\u00f4nes personnalisables<\/strong><\/li>\n<li><strong>Menus et affichages interactifs<\/strong><\/li>\n<li><strong>Saisie et contr\u00f4le des donn\u00e9es<\/strong><\/li>\n<\/ul>\n<p><strong>Vari\u00e9t\u00e9 d'options de conception<\/strong><\/p>\n<p>Les commutateurs \u00e0 membrane avec \u00e9crans tactiles peuvent \u00eatre personnalis\u00e9s pour r\u00e9pondre \u00e0 des exigences de conception sp\u00e9cifiques, notamment :<\/p>\n<ul>\n<li><strong>Diverses tailles et configurations de commutateurs<\/strong><\/li>\n<li><strong>Tailles et technologies des \u00e9crans tactiles<\/strong><\/li>\n<li><strong>Options de r\u00e9tro\u00e9clairage et d'\u00e9clairage<\/strong><\/li>\n<li><strong>Int\u00e9gration esth\u00e9tique dans la conception de l'appareil<\/strong><\/li>\n<\/ul>\n<p><strong>Applications<\/strong><\/p>\n<p>Les commutateurs \u00e0 membrane avec \u00e9crans tactiles sont largement utilis\u00e9s dans diverses applications, notamment :<\/p>\n<ul>\n<li><strong>Panneaux de contr\u00f4le industriels<\/strong><\/li>\n<li><strong>Dispositifs m\u00e9dicaux<\/strong><\/li>\n<li><strong>Electronique grand public<\/strong><\/li>\n<li><strong>Appareils m\u00e9nagers<\/strong><\/li>\n<li><strong>Kiosques publics<\/strong><\/li>\n<\/ul>\n<p><strong>Solutions personnalis\u00e9es<\/strong><\/p>\n<p>Nous proposons un large \u00e9ventail d'options de personnalisation pour r\u00e9pondre \u00e0 vos besoins sp\u00e9cifiques :<\/p>\n<ul>\n<li><strong>S\u00e9lection de mat\u00e9riaux et de styles pour les interrupteurs \u00e0 membrane<\/strong><\/li>\n<li><strong>Technologie et r\u00e9solution de l'\u00e9cran tactile<\/strong><\/li>\n<li><strong>Graphisme personnalis\u00e9 et conception de l'interface utilisateur<\/strong><\/li>\n<li><strong>Int\u00e9gration avec des composants suppl\u00e9mentaires<\/strong><\/li>\n<\/ul>\n<p><strong>Partenariat avec un fabricant exp\u00e9riment\u00e9 de commutateurs \u00e0 membrane et d'\u00e9crans tactiles<\/strong><\/p>\n<p>Forts de nos ann\u00e9es d'expertise et de notre engagement en faveur de la qualit\u00e9, nous sommes votre source de confiance pour les commutateurs \u00e0 membrane personnalis\u00e9s avec \u00e9crans tactiles. Notre \u00e9quipe d'experts peut vous aider \u00e0 concevoir et \u00e0 fabriquer la solution parfaite pour am\u00e9liorer l'exp\u00e9rience utilisateur, la fonctionnalit\u00e9 et l'attrait esth\u00e9tique de votre produit.<\/p>\n<p><strong>Contactez-nous d\u00e8s aujourd'hui<\/strong>\u00a0pour en savoir plus sur nos solutions de commutateurs \u00e0 membrane et d'\u00e9crans tactiles et sur la mani\u00e8re dont nous pouvons vous aider \u00e0 am\u00e9liorer vos produits.<\/p>","protected":false},"excerpt":{"rendered":"<p>Les commutateurs \u00e0 membrane et les \u00e9crans tactiles peuvent \u00eatre int\u00e9gr\u00e9s de mani\u00e8re transparente pour cr\u00e9er une interface utilisateur qui combine le retour tactile des commutateurs \u00e0 membrane et l'interactivit\u00e9 visuelle des \u00e9crans tactiles. Cette combinaison innovante offre une solution polyvalente et conviviale pour un large \u00e9ventail d'applications.<\/p>","protected":false},"featured_media":1762,"template":"","meta":[],"product_brand":[],"product_cat":[40],"product_tag":[],"class_list":{"0":"post-1782","1":"product","2":"type-product","3":"status-publish","4":"has-post-thumbnail","6":"product_cat-membrane-switch","8":"first","9":"instock","10":"shipping-taxable","11":"product-type-simple"},"_links":{"self":[{"href":"https:\/\/membraneswitchmfg.com\/fr\/wp-json\/wp\/v2\/product\/1782","targetHints":{"allow":["GET"]}}],"collection":[{"href":"https:\/\/membraneswitchmfg.com\/fr\/wp-json\/wp\/v2\/product"}],"about":[{"href":"https:\/\/membraneswitchmfg.com\/fr\/wp-json\/wp\/v2\/types\/product"}],"wp:featuredmedia":[{"embeddable":true,"href":"https:\/\/membraneswitchmfg.com\/fr\/wp-json\/wp\/v2\/media\/1762"}],"wp:attachment":[{"href":"https:\/\/membraneswitchmfg.com\/fr\/wp-json\/wp\/v2\/media?parent=1782"}],"wp:term":[{"taxonomy":"product_brand","embeddable":true,"href":"https:\/\/membraneswitchmfg.com\/fr\/wp-json\/wp\/v2\/product_brand?post=1782"},{"taxonomy":"product_cat","embeddable":true,"href":"https:\/\/membraneswitchmfg.com\/fr\/wp-json\/wp\/v2\/product_cat?post=1782"},{"taxonomy":"product_tag","embeddable":true,"href":"https:\/\/membraneswitchmfg.com\/fr\/wp-json\/wp\/v2\/product_tag?post=1782"}],"curies":[{"name":"wp","href":"https:\/\/api.w.org\/{rel}","templated":true}]}}