{"id":1783,"date":"2024-06-24T05:57:57","date_gmt":"2024-06-24T05:57:57","guid":{"rendered":"https:\/\/membraneswitchmfg.com\/manufacturer\/oca-membrane-switch-keypad\/"},"modified":"2024-06-25T14:00:06","modified_gmt":"2024-06-25T14:00:06","slug":"oca-membrane-switch-keypad","status":"publish","type":"product","link":"https:\/\/membraneswitchmfg.com\/fr\/manufacturer\/oca-membrane-switch-keypad\/","title":{"rendered":"Clavier \u00e0 membrane OCA"},"content":{"rendered":"<h2><strong><b>Clavier \u00e0 membrane OCA\u00a0: Durabilit\u00e9 am\u00e9lior\u00e9e et r\u00e9ponse tactile<\/b><\/strong><\/h2>\n<p><strong>Durabilit\u00e9 am\u00e9lior\u00e9e et r\u00e9sistance \u00e0 l\u2019eau<\/strong><\/p>\n<p>Les claviers \u00e0 membrane OCA sont exceptionnellement durables, r\u00e9sistant aux conditions difficiles et \u00e0 une utilisation fr\u00e9quente. La couche OCA offre une barri\u00e8re de protection contre l\u2019humidit\u00e9, la poussi\u00e8re et les contaminants, prolongeant ainsi la dur\u00e9e de vie du clavier.<\/p>\n<ul>\n<li><strong>R\u00e9sistant \u00e0 l\u2019eau, aux produits chimiques et aux rayons UV<\/strong><\/li>\n<li><strong>R\u00e9siste aux temp\u00e9ratures extr\u00eames et aux vibrations<\/strong><\/li>\n<li><strong>Convient aux environnements ext\u00e9rieurs et industriels<\/strong><\/li>\n<\/ul>\n<p><strong>R\u00e9ponse tactile sup\u00e9rieure et r\u00e9troaction nette<\/strong><\/p>\n<p>Les claviers \u00e0 membrane OCA offrent une r\u00e9ponse tactile pr\u00e9cise et coh\u00e9rente, assurant une saisie utilisateur pr\u00e9cise et fiable. La couche OCA am\u00e9liore la course des touches et fournit une r\u00e9troaction de clic nette pour une confirmation utilisateur positive.<\/p>\n<ul>\n<li><strong>Actionnement des touches pr\u00e9cis et coh\u00e9rent<\/strong><\/li>\n<li><strong>R\u00e9troaction de clic nette pour une confirmation tactile<\/strong><\/li>\n<li><strong>Minimise les erreurs et am\u00e9liore l\u2019exp\u00e9rience utilisateur<\/strong><\/li>\n<\/ul>\n<p><strong>Clart\u00e9 visuelle am\u00e9lior\u00e9e et options de r\u00e9tro\u00e9clairage<\/strong><\/p>\n<p>Les claviers \u00e0 membrane OCA offrent une clart\u00e9 visuelle exceptionnelle, avec des l\u00e9gendes et des symboles nets qui sont faciles \u00e0 lire m\u00eame dans des conditions de faible \u00e9clairage. La couche OCA permet un r\u00e9tro\u00e9clairage uniforme, offrant une visibilit\u00e9 claire dans des conditions de faible luminosit\u00e9.<\/p>\n<ul>\n<li><strong>L\u00e9gendes et symboles nets et lisibles<\/strong><\/li>\n<li><strong>Options de r\u00e9tro\u00e9clairage uniformes pour une visibilit\u00e9 am\u00e9lior\u00e9e<\/strong><\/li>\n<li><strong>Graphiques personnalisables et \u00e9l\u00e9ments de marque<\/strong><\/li>\n<\/ul>\n<p><strong>Applications<\/strong><\/p>\n<p>Les claviers \u00e0 membrane OCA sont largement utilis\u00e9s dans diverses applications, notamment\u00a0:<\/p>\n<ul>\n<li><strong>Panneaux de contr\u00f4le industriels<\/strong><\/li>\n<li><strong>Dispositifs m\u00e9dicaux<\/strong><\/li>\n<li><strong>Electronique grand public<\/strong><\/li>\n<li><strong>\u00c9quipements de t\u00e9l\u00e9communications<\/strong><\/li>\n<li><strong>Consoles de transport<\/strong><\/li>\n<\/ul>\n<p><strong>Solutions personnalis\u00e9es<\/strong><\/p>\n<p>Nous proposons un large \u00e9ventail d'options de personnalisation pour r\u00e9pondre \u00e0 vos besoins sp\u00e9cifiques :<\/p>\n<ul>\n<li><strong>Vari\u00e9t\u00e9 de tailles de touches, de dispositions et de configurations<\/strong><\/li>\n<li><strong>Custom graphics, legends, and branding elements<\/strong><\/li>\n<li><strong>Options de r\u00e9tro\u00e9clairage et couleurs<\/strong><\/li>\n<li><strong>Int\u00e9gration avec des composants suppl\u00e9mentaires<\/strong><\/li>\n<\/ul>\n<p><strong>Collaborez avec un fabricant exp\u00e9riment\u00e9 de claviers \u00e0 membrane OCA<\/strong><\/p>\n<p>Forts de nos ann\u00e9es d\u2019expertise et de notre engagement envers la qualit\u00e9, nous sommes votre source de confiance pour les claviers \u00e0 membrane OCA personnalis\u00e9s. Notre \u00e9quipe d\u2019experts peut vous aider \u00e0 concevoir et \u00e0 fabriquer les claviers parfaits pour am\u00e9liorer la durabilit\u00e9, la r\u00e9ponse tactile, la clart\u00e9 visuelle et la performance globale de votre produit.<\/p>\n<p><strong>Contactez-nous d\u00e8s aujourd'hui<\/strong>\u00a0pour en savoir plus sur nos solutions de claviers \u00e0 membrane OCA et sur la fa\u00e7on dont nous pouvons vous aider \u00e0 am\u00e9liorer vos produits.<\/p>","protected":false},"excerpt":{"rendered":"<p>Les claviers \u00e0 membrane OCA (Optically Clear Adhesive) offrent une alternative sup\u00e9rieure aux claviers \u00e0 membrane traditionnels, offrant une durabilit\u00e9, une r\u00e9ponse tactile et une clart\u00e9 visuelle am\u00e9lior\u00e9es. Ces claviers innovants sont id\u00e9aux pour les applications exigeant des performances et une fiabilit\u00e9 \u00e9lev\u00e9es dans des environnements difficiles.<\/p>","protected":false},"featured_media":1756,"template":"","meta":[],"product_brand":[],"product_cat":[40],"product_tag":[],"class_list":{"0":"post-1783","1":"product","2":"type-product","3":"status-publish","4":"has-post-thumbnail","6":"product_cat-membrane-switch","8":"first","9":"instock","10":"shipping-taxable","11":"product-type-simple"},"_links":{"self":[{"href":"https:\/\/membraneswitchmfg.com\/fr\/wp-json\/wp\/v2\/product\/1783","targetHints":{"allow":["GET"]}}],"collection":[{"href":"https:\/\/membraneswitchmfg.com\/fr\/wp-json\/wp\/v2\/product"}],"about":[{"href":"https:\/\/membraneswitchmfg.com\/fr\/wp-json\/wp\/v2\/types\/product"}],"wp:featuredmedia":[{"embeddable":true,"href":"https:\/\/membraneswitchmfg.com\/fr\/wp-json\/wp\/v2\/media\/1756"}],"wp:attachment":[{"href":"https:\/\/membraneswitchmfg.com\/fr\/wp-json\/wp\/v2\/media?parent=1783"}],"wp:term":[{"taxonomy":"product_brand","embeddable":true,"href":"https:\/\/membraneswitchmfg.com\/fr\/wp-json\/wp\/v2\/product_brand?post=1783"},{"taxonomy":"product_cat","embeddable":true,"href":"https:\/\/membraneswitchmfg.com\/fr\/wp-json\/wp\/v2\/product_cat?post=1783"},{"taxonomy":"product_tag","embeddable":true,"href":"https:\/\/membraneswitchmfg.com\/fr\/wp-json\/wp\/v2\/product_tag?post=1783"}],"curies":[{"name":"wp","href":"https:\/\/api.w.org\/{rel}","templated":true}]}}