{"id":1784,"date":"2024-06-24T05:57:57","date_gmt":"2024-06-24T05:57:57","guid":{"rendered":"https:\/\/membraneswitchmfg.com\/manufacturer\/digital-printing-graphic-overlay\/"},"modified":"2024-06-25T13:50:44","modified_gmt":"2024-06-25T13:50:44","slug":"digital-printing-graphic-overlay","status":"publish","type":"product","link":"https:\/\/membraneswitchmfg.com\/fr\/manufacturer\/digital-printing-graphic-overlay\/","title":{"rendered":"Impression num\u00e9rique Recouvrement graphique"},"content":{"rendered":"<h2><strong><b>Superpositions graphiques imprim\u00e9es num\u00e9riquement\u00a0: Am\u00e9liorer l\u2019esth\u00e9tique et la fonctionnalit\u00e9 des produits<\/b><\/strong><\/h2>\n<p><strong>Rehausser l\u2019esth\u00e9tique des produits<\/strong><\/p>\n<p>Les superpositions graphiques peuvent am\u00e9liorer consid\u00e9rablement l\u2019apparence d\u2019un produit en\u00a0:<\/p>\n<ul>\n<li><strong>Incorporer les logos d\u2019entreprise, les \u00e9l\u00e9ments de marque et les graphiques de produits<\/strong><\/li>\n<li><strong>Cr\u00e9er une image de marque coh\u00e9rente et professionnelle<\/strong><\/li>\n<li><strong>Ajouter une touche d\u2019\u00e9l\u00e9gance et de sophistication<\/strong><\/li>\n<\/ul>\n<p><strong>Am\u00e9liorer la fonctionnalit\u00e9 du produit<\/strong><\/p>\n<p>Les superpositions graphiques peuvent \u00e9galement am\u00e9liorer la fonctionnalit\u00e9 du produit en\u00a0:<\/p>\n<ul>\n<li><strong>Fournir des instructions claires et des conseils \u00e0 l\u2019utilisateur<\/strong><\/li>\n<li><strong>Identifier les boutons, les commutateurs et les autres commandes<\/strong><\/li>\n<li><strong>Afficher les indicateurs d\u2019\u00e9tat et les symboles d\u2019avertissement<\/strong><\/li>\n<\/ul>\n<p>Superposition graphique imprim\u00e9e num\u00e9riquement<\/p>\n<p>Les superpositions graphiques imprim\u00e9es num\u00e9riquement peuvent \u00eatre appliqu\u00e9es \u00e0 divers mat\u00e9riaux, notamment\u00a0:<\/p>\n<ul>\n<li><strong>Plastiques<\/strong><\/li>\n<li><strong>M\u00e9taux<\/strong><\/li>\n<li><strong>Verre<\/strong><\/li>\n<li><strong>Bois<\/strong><\/li>\n<\/ul>\n<p>Ces superpositions sont \u00e9galement tr\u00e8s durables, r\u00e9sistant aux conditions difficiles et \u00e0 une utilisation fr\u00e9quente.<\/p>\n<p><strong>Applications<\/strong><\/p>\n<p>Les superpositions graphiques sont largement utilis\u00e9es dans diverses applications, notamment\u00a0:<\/p>\n<ul>\n<li><strong>Panneaux de contr\u00f4le industriels<\/strong><\/li>\n<li><strong>Dispositifs m\u00e9dicaux<\/strong><\/li>\n<li><strong>Electronique grand public<\/strong><\/li>\n<li><strong>Appareils m\u00e9nagers<\/strong><\/li>\n<li><strong>Machines et \u00e9quipements<\/strong><\/li>\n<\/ul>\n<p><strong>Solutions personnalis\u00e9es<\/strong><\/p>\n<p>Nous proposons un large \u00e9ventail d'options de personnalisation pour r\u00e9pondre \u00e0 vos besoins sp\u00e9cifiques :<\/p>\n<ul>\n<li><strong>Vari\u00e9t\u00e9 de mat\u00e9riaux, de finitions et d\u2019\u00e9paisseurs<\/strong><\/li>\n<li><strong>Graphiques, conceptions et textes personnalis\u00e9s<\/strong><\/li>\n<li><strong>Options de r\u00e9tro\u00e9clairage et d'\u00e9clairage<\/strong><\/li>\n<li><strong>D\u00e9coupe \u00e0 l\u2019emporte-pi\u00e8ce et formes complexes<\/strong><\/li>\n<\/ul>\n<p><strong>Partenariat avec un fabricant de superpositions graphiques exp\u00e9riment\u00e9<\/strong><\/p>\n<p>Forts de nos ann\u00e9es d\u2019expertise et de notre engagement envers la qualit\u00e9, nous sommes votre source de confiance pour les superpositions graphiques imprim\u00e9es num\u00e9riquement personnalis\u00e9es. Notre \u00e9quipe d\u2019experts peut vous aider \u00e0 concevoir et \u00e0 fabriquer les superpositions parfaites pour am\u00e9liorer l\u2019esth\u00e9tique, la fonctionnalit\u00e9 et l\u2019attrait g\u00e9n\u00e9ral de votre produit.<\/p>\n<p><strong>Contactez-nous d\u00e8s aujourd'hui<\/strong>\u00a0pour en savoir plus sur nos solutions de superposition graphique et sur la fa\u00e7on dont nous pouvons vous aider \u00e0 am\u00e9liorer vos produits.<\/p>","protected":false},"excerpt":{"rendered":"<p>Les superpositions graphiques imprim\u00e9es num\u00e9riquement sont une solution polyvalente et rentable pour am\u00e9liorer l'esth\u00e9tique et la fonctionnalit\u00e9 d'une large gamme de produits. Ces superpositions durables sont imprim\u00e9es sur mesure avec des graphiques, des logos et du texte haute r\u00e9solution, transformant les surfaces ordinaires en interfaces visuellement attrayantes et informatives.<\/p>","protected":false},"featured_media":1748,"template":"","meta":[],"product_brand":[],"product_cat":[40],"product_tag":[],"class_list":{"0":"post-1784","1":"product","2":"type-product","3":"status-publish","4":"has-post-thumbnail","6":"product_cat-membrane-switch","8":"first","9":"instock","10":"shipping-taxable","11":"product-type-simple"},"_links":{"self":[{"href":"https:\/\/membraneswitchmfg.com\/fr\/wp-json\/wp\/v2\/product\/1784","targetHints":{"allow":["GET"]}}],"collection":[{"href":"https:\/\/membraneswitchmfg.com\/fr\/wp-json\/wp\/v2\/product"}],"about":[{"href":"https:\/\/membraneswitchmfg.com\/fr\/wp-json\/wp\/v2\/types\/product"}],"wp:featuredmedia":[{"embeddable":true,"href":"https:\/\/membraneswitchmfg.com\/fr\/wp-json\/wp\/v2\/media\/1748"}],"wp:attachment":[{"href":"https:\/\/membraneswitchmfg.com\/fr\/wp-json\/wp\/v2\/media?parent=1784"}],"wp:term":[{"taxonomy":"product_brand","embeddable":true,"href":"https:\/\/membraneswitchmfg.com\/fr\/wp-json\/wp\/v2\/product_brand?post=1784"},{"taxonomy":"product_cat","embeddable":true,"href":"https:\/\/membraneswitchmfg.com\/fr\/wp-json\/wp\/v2\/product_cat?post=1784"},{"taxonomy":"product_tag","embeddable":true,"href":"https:\/\/membraneswitchmfg.com\/fr\/wp-json\/wp\/v2\/product_tag?post=1784"}],"curies":[{"name":"wp","href":"https:\/\/api.w.org\/{rel}","templated":true}]}}