{"id":1788,"date":"2024-06-24T05:57:57","date_gmt":"2024-06-24T05:57:57","guid":{"rendered":"https:\/\/membraneswitchmfg.com\/manufacturer\/digitally-printed-graphics\/"},"modified":"2024-06-25T13:43:13","modified_gmt":"2024-06-25T13:43:13","slug":"digitally-printed-graphics","status":"publish","type":"product","link":"https:\/\/membraneswitchmfg.com\/fr\/manufacturer\/digitally-printed-graphics\/","title":{"rendered":"Graphiques imprim\u00e9s num\u00e9riquement"},"content":{"rendered":"<h2><strong><b>Graphiques imprim\u00e9s num\u00e9riquement\u00a0: Am\u00e9liorer les claviers \u00e0 membrane avec des conceptions \u00e9clatantes et une durabilit\u00e9 accrue<\/b><\/strong><\/h2>\n<p><strong>Lib\u00e9rer la cr\u00e9ativit\u00e9 de la conception<\/strong><\/p>\n<p>L\u2019impression num\u00e9rique permet de cr\u00e9er des conceptions complexes, des motifs complexes et des images photor\u00e9alistes, limit\u00e9s uniquement par votre imagination. Cela ouvre un monde de possibilit\u00e9s pour personnaliser les claviers \u00e0 membrane afin qu\u2019ils correspondent \u00e0 l\u2019identit\u00e9 de n\u2019importe quelle marque ou \u00e0 l\u2019esth\u00e9tique du produit.<\/p>\n<ul>\n<li><strong>Int\u00e9grer les logos d\u2019entreprise, les \u00e9l\u00e9ments de marque et les graphiques de produits<\/strong><\/li>\n<li><strong>Cr\u00e9er des interfaces visuellement attrayantes et conviviales<\/strong><\/li>\n<li><strong>Am\u00e9liorer la diff\u00e9renciation des produits et la reconnaissance de la marque<\/strong><\/li>\n<\/ul>\n<p><strong>Couleurs \u00e9clatantes et impressions durables<\/strong><\/p>\n<p>L\u2019impression num\u00e9rique utilise des encres de haute qualit\u00e9 qui produisent des couleurs riches et \u00e9clatantes qui r\u00e9sistent \u00e0 la d\u00e9coloration et \u00e0 l\u2019usure, m\u00eame dans des environnements difficiles. Cela garantit que vos claviers \u00e0 membrane conservent leur attrait visuel et leur impact pendant des ann\u00e9es.<\/p>\n<ul>\n<li><strong>Texte et symboles nets et clairs<\/strong><\/li>\n<li><strong>Reproduction constante des couleurs sur les s\u00e9ries de production<\/strong><\/li>\n<li><strong>Resistant to scratches, chemicals, and UV rays<\/strong><\/li>\n<\/ul>\n<p><strong>Solutions durables et rentables<\/strong><\/p>\n<p>Les graphiques imprim\u00e9s num\u00e9riquement sont non seulement visuellement \u00e9poustouflants, mais aussi tr\u00e8s durables, r\u00e9sistant \u00e0 une utilisation fr\u00e9quente et \u00e0 des agents de nettoyage agressifs. Cela en fait une solution rentable pour les claviers \u00e0 membrane durables qui conservent leur apparence et leur fonctionnalit\u00e9 au fil du temps.<\/p>\n<p><strong>Applications<\/strong><\/p>\n<p>Les graphiques imprim\u00e9s num\u00e9riquement sont largement utilis\u00e9s dans une gamme vari\u00e9e d\u2019applications, notamment\u00a0:<\/p>\n<ul>\n<li><strong>Panneaux de contr\u00f4le industriels<\/strong><\/li>\n<li><strong>Dispositifs m\u00e9dicaux<\/strong><\/li>\n<li><strong>Electronique grand public<\/strong><\/li>\n<li><strong>Appareils m\u00e9nagers<\/strong><\/li>\n<li><strong>Machines et \u00e9quipements<\/strong><\/li>\n<\/ul>\n<p><strong>S\u2019associer \u00e0 un fabricant exp\u00e9riment\u00e9 d\u2019impression num\u00e9rique et de claviers \u00e0 membrane<\/strong><\/p>\n<p>Forts de nos ann\u00e9es d\u2019expertise dans l\u2019impression num\u00e9rique et la technologie des claviers \u00e0 membrane, nous sommes votre source de confiance pour les claviers \u00e0 membrane imprim\u00e9s sur mesure de haute qualit\u00e9. Notre \u00e9quipe d\u2019experts travaillera en \u00e9troite collaboration avec vous pour comprendre vos exigences de conception et vous fournir la solution id\u00e9ale pour am\u00e9liorer vos produits.<\/p>\n<p><strong>Contactez-nous d\u00e8s aujourd'hui<\/strong>\u00a0pour en savoir plus sur nos capacit\u00e9s d\u2019impression num\u00e9rique et sur la fa\u00e7on dont nous pouvons vous aider \u00e0 rehausser vos claviers \u00e0 membrane avec des graphiques \u00e9poustouflants et une durabilit\u00e9 accrue.<\/p>","protected":false},"excerpt":{"rendered":"<p>Les graphiques imprim\u00e9s num\u00e9riquement ont r\u00e9volutionn\u00e9 le monde des claviers \u00e0 membrane, offrant une flexibilit\u00e9 de conception in\u00e9gal\u00e9e, des couleurs vibrantes et une durabilit\u00e9 exceptionnelle. Cette technique d'impression innovante permet la cr\u00e9ation de graphiques, de logos et de l\u00e9gendes haute r\u00e9solution qui transforment les claviers \u00e0 membrane ordinaires en interfaces utilisateur visuellement attrayantes et informatives.<\/p>","protected":false},"featured_media":1764,"template":"","meta":[],"product_brand":[],"product_cat":[40],"product_tag":[],"class_list":{"0":"post-1788","1":"product","2":"type-product","3":"status-publish","4":"has-post-thumbnail","6":"product_cat-membrane-switch","8":"first","9":"instock","10":"shipping-taxable","11":"product-type-simple"},"_links":{"self":[{"href":"https:\/\/membraneswitchmfg.com\/fr\/wp-json\/wp\/v2\/product\/1788","targetHints":{"allow":["GET"]}}],"collection":[{"href":"https:\/\/membraneswitchmfg.com\/fr\/wp-json\/wp\/v2\/product"}],"about":[{"href":"https:\/\/membraneswitchmfg.com\/fr\/wp-json\/wp\/v2\/types\/product"}],"wp:featuredmedia":[{"embeddable":true,"href":"https:\/\/membraneswitchmfg.com\/fr\/wp-json\/wp\/v2\/media\/1764"}],"wp:attachment":[{"href":"https:\/\/membraneswitchmfg.com\/fr\/wp-json\/wp\/v2\/media?parent=1788"}],"wp:term":[{"taxonomy":"product_brand","embeddable":true,"href":"https:\/\/membraneswitchmfg.com\/fr\/wp-json\/wp\/v2\/product_brand?post=1788"},{"taxonomy":"product_cat","embeddable":true,"href":"https:\/\/membraneswitchmfg.com\/fr\/wp-json\/wp\/v2\/product_cat?post=1788"},{"taxonomy":"product_tag","embeddable":true,"href":"https:\/\/membraneswitchmfg.com\/fr\/wp-json\/wp\/v2\/product_tag?post=1788"}],"curies":[{"name":"wp","href":"https:\/\/api.w.org\/{rel}","templated":true}]}}