{"id":1789,"date":"2024-06-24T05:57:57","date_gmt":"2024-06-24T05:57:57","guid":{"rendered":"https:\/\/membraneswitchmfg.com\/manufacturer\/screen-printed-graphics\/"},"modified":"2024-06-25T13:37:37","modified_gmt":"2024-06-25T13:37:37","slug":"screen-printed-graphics","status":"publish","type":"product","link":"https:\/\/membraneswitchmfg.com\/fr\/manufacturer\/screen-printed-graphics\/","title":{"rendered":"Graphiques s\u00e9rigraphi\u00e9s"},"content":{"rendered":"<h2><strong><b>Screen Printed Graphics\u00a0: Solutions durables et rentables pour les recouvrements de commutateurs \u00e0 membrane<\/b><\/strong><\/h2>\n<p><strong>Durable et de longue dur\u00e9e<\/strong><\/p>\n<p>Les graphiques s\u00e9rigraphi\u00e9s sont r\u00e9put\u00e9s pour leur durabilit\u00e9 exceptionnelle, r\u00e9sistant aux environnements difficiles, \u00e0 une utilisation fr\u00e9quente et aux agents de nettoyage agressifs. L\u2019encre adh\u00e8re fermement au mat\u00e9riau de recouvrement, r\u00e9sistant \u00e0 la d\u00e9coloration, aux rayures et aux produits chimiques.<\/p>\n<ul>\n<li><strong>Couleurs et l\u00e9gendes durables<\/strong><\/li>\n<li><strong>Convient aux applications ext\u00e9rieures et industrielles<\/strong><\/li>\n<li><strong>R\u00e9sistant \u00e0 l\u2019usure<\/strong><\/li>\n<\/ul>\n<p><strong>Rentable pour la production \u00e0 volume \u00e9lev\u00e9<\/strong><\/p>\n<p>La s\u00e9rigraphie est particuli\u00e8rement rentable pour les s\u00e9ries de production \u00e0 volume \u00e9lev\u00e9, car les co\u00fbts de configuration sont r\u00e9partis sur un grand nombre d\u2019unit\u00e9s. Cela en fait un choix id\u00e9al pour les applications n\u00e9cessitant une image de marque coh\u00e9rente et un niveau \u00e9lev\u00e9 de durabilit\u00e9.<\/p>\n<ul>\n<li><strong>Co\u00fbts unitaires inf\u00e9rieurs pour les commandes importantes<\/strong><\/li>\n<li><strong>Qualit\u00e9 et apparence constantes<\/strong><\/li>\n<li><strong>Convient \u00e0 la production de masse<\/strong><\/li>\n<\/ul>\n<p><strong>Polyvalence et options de conception<\/strong><\/p>\n<p>La s\u00e9rigraphie peut \u00eatre utilis\u00e9e avec une large gamme de mat\u00e9riaux, y compris les plastiques, les m\u00e9taux et les tissus. Il offre \u00e9galement une vari\u00e9t\u00e9 d\u2019options de conception, notamment\u00a0:<\/p>\n<ul>\n<li><strong>Texte et symboles nets et clairs<\/strong><\/li>\n<li><strong>Couleurs vives et uniformes<\/strong><\/li>\n<li><strong>Motifs et textures complexes<\/strong><\/li>\n<\/ul>\n<p><strong>Applications<\/strong><\/p>\n<p>Les graphiques s\u00e9rigraphi\u00e9s sont largement utilis\u00e9s dans une gamme vari\u00e9e d\u2019applications, notamment\u00a0:<\/p>\n<ul>\n<li><strong>Recouvrements de commutateurs \u00e0 membrane<\/strong><\/li>\n<li><strong>Panneaux de commande<\/strong><\/li>\n<li><strong>Dispositifs m\u00e9dicaux<\/strong><\/li>\n<li><strong>Electronique grand public<\/strong><\/li>\n<li><strong>Appareils m\u00e9nagers<\/strong><\/li>\n<\/ul>\n<p><strong>Partenariat avec un fabricant exp\u00e9riment\u00e9 de s\u00e9rigraphie et de commutateurs \u00e0 membrane<\/strong><\/p>\n<p>Forts de nos ann\u00e9es d\u2019expertise dans la s\u00e9rigraphie et la technologie des commutateurs \u00e0 membrane, nous sommes votre source de confiance pour les recouvrements de commutateurs \u00e0 membrane imprim\u00e9s sur mesure de haute qualit\u00e9. Notre \u00e9quipe d\u2019experts travaillera en \u00e9troite collaboration avec vous pour s\u2019assurer que vos conceptions sont reproduites avec pr\u00e9cision et que vos commutateurs \u00e0 membrane r\u00e9pondent \u00e0 vos exigences sp\u00e9cifiques en mati\u00e8re de performance et de durabilit\u00e9.<\/p>\n<p><strong>Contactez-nous d\u00e8s aujourd'hui<\/strong>\u00a0pour en savoir plus sur nos capacit\u00e9s de s\u00e9rigraphie et sur la fa\u00e7on dont nous pouvons vous aider \u00e0 cr\u00e9er des recouvrements de commutateurs \u00e0 membrane durables et rentables.<\/p>","protected":false},"excerpt":{"rendered":"<p>Les graphiques s\u00e9rigraphi\u00e9s offrent une m\u00e9thode \u00e9prouv\u00e9e et rentable pour cr\u00e9er des recouvrements durables et visuellement attrayants pour les commutateurs \u00e0 membrane. Cette technique d'impression polyvalente utilise des pochoirs et des encres pour transf\u00e9rer des motifs sur une vari\u00e9t\u00e9 de mat\u00e9riaux, garantissant des r\u00e9sultats pr\u00e9cis et coh\u00e9rents.<\/p>","protected":false},"featured_media":1765,"template":"","meta":[],"product_brand":[],"product_cat":[40],"product_tag":[],"class_list":{"0":"post-1789","1":"product","2":"type-product","3":"status-publish","4":"has-post-thumbnail","6":"product_cat-membrane-switch","8":"first","9":"instock","10":"shipping-taxable","11":"product-type-simple"},"_links":{"self":[{"href":"https:\/\/membraneswitchmfg.com\/fr\/wp-json\/wp\/v2\/product\/1789","targetHints":{"allow":["GET"]}}],"collection":[{"href":"https:\/\/membraneswitchmfg.com\/fr\/wp-json\/wp\/v2\/product"}],"about":[{"href":"https:\/\/membraneswitchmfg.com\/fr\/wp-json\/wp\/v2\/types\/product"}],"wp:featuredmedia":[{"embeddable":true,"href":"https:\/\/membraneswitchmfg.com\/fr\/wp-json\/wp\/v2\/media\/1765"}],"wp:attachment":[{"href":"https:\/\/membraneswitchmfg.com\/fr\/wp-json\/wp\/v2\/media?parent=1789"}],"wp:term":[{"taxonomy":"product_brand","embeddable":true,"href":"https:\/\/membraneswitchmfg.com\/fr\/wp-json\/wp\/v2\/product_brand?post=1789"},{"taxonomy":"product_cat","embeddable":true,"href":"https:\/\/membraneswitchmfg.com\/fr\/wp-json\/wp\/v2\/product_cat?post=1789"},{"taxonomy":"product_tag","embeddable":true,"href":"https:\/\/membraneswitchmfg.com\/fr\/wp-json\/wp\/v2\/product_tag?post=1789"}],"curies":[{"name":"wp","href":"https:\/\/api.w.org\/{rel}","templated":true}]}}