{"id":1791,"date":"2024-06-24T05:57:58","date_gmt":"2024-06-24T05:57:58","guid":{"rendered":"https:\/\/membraneswitchmfg.com\/manufacturer\/anti-glare-membrane-switch\/"},"modified":"2024-06-25T13:10:23","modified_gmt":"2024-06-25T13:10:23","slug":"anti-glare-membrane-switch","status":"publish","type":"product","link":"https:\/\/membraneswitchmfg.com\/fr\/manufacturer\/anti-glare-membrane-switch\/","title":{"rendered":"Interrupteur \u00e0 membrane antireflet"},"content":{"rendered":"<h2><strong><b>Commutateurs \u00e0 membrane antireflet\u00a0: am\u00e9lioration de la visibilit\u00e9 et de l\u2019exp\u00e9rience utilisateur dans les environnements lumineux<\/b><\/strong><\/h2>\n<p><strong>Lutter contre l\u2019\u00e9blouissement et les reflets<\/strong><\/p>\n<p>Les commutateurs \u00e0 membrane antireflet sont dot\u00e9s d\u2019une texture de surface ou d\u2019un rev\u00eatement unique qui diffuse la lumi\u00e8re, r\u00e9duisant l\u2019intensit\u00e9 des reflets et minimisant l\u2019\u00e9blouissement. Cela permet aux utilisateurs de lire facilement les l\u00e9gendes et les ic\u00f4nes, m\u00eame dans des conditions de forte luminosit\u00e9.<\/p>\n<ul>\n<li><strong>Am\u00e9lioration de la visibilit\u00e9 en plein soleil ou en cas de forte luminosit\u00e9<\/strong><\/li>\n<li><strong>R\u00e9duction de la fatigue oculaire<\/strong><\/li>\n<li><strong>Am\u00e9lioration du confort et de la productivit\u00e9 de l\u2019utilisateur<\/strong><\/li>\n<\/ul>\n<p><strong>Convient \u00e0 divers environnements<\/strong><\/p>\n<p>Les commutateurs \u00e0 membrane antireflet sont particuli\u00e8rement bien adapt\u00e9s aux applications o\u00f9 l\u2019\u00e9blouissement est une pr\u00e9occupation courante, telles que\u00a0:<\/p>\n<ul>\n<li><strong>Panneaux de contr\u00f4le industriels<\/strong><\/li>\n<li><strong>\u00c9quipement m\u00e9dical<\/strong><\/li>\n<li><strong>Bornes et signal\u00e9tique ext\u00e9rieures<\/strong><\/li>\n<li><strong>Commerces de d\u00e9tail et environnements commerciaux<\/strong><\/li>\n<li><strong>Consoles de transport<\/strong><\/li>\n<\/ul>\n<p><strong>Conception durable et fonctionnelle<\/strong><\/p>\n<p>Malgr\u00e9 leurs propri\u00e9t\u00e9s antireflet, les commutateurs \u00e0 membrane antireflet conservent la durabilit\u00e9 et la fonctionnalit\u00e9 attendues des commutateurs \u00e0 membrane standard. Ils r\u00e9sistent aux rayures, aux produits chimiques et aux rayons UV, assurant ainsi une performance durable.<\/p>\n<ul>\n<li><strong>R\u00e9troaction tactile nette et r\u00e9active<\/strong><\/li>\n<li><strong>Resistant to scratches, chemicals, and UV rays<\/strong><\/li>\n<li><strong>Performance durable dans les environnements exigeants<\/strong><\/li>\n<\/ul>\n<p><strong>Applications<\/strong><\/p>\n<p>Les commutateurs \u00e0 membrane antireflet sont largement utilis\u00e9s dans une gamme vari\u00e9e d\u2019applications o\u00f9 la clart\u00e9 de la visibilit\u00e9 et l\u2019exp\u00e9rience utilisateur sont essentielles, notamment\u00a0:<\/p>\n<ul>\n<li><strong>Industrial control panels:<\/strong>Usines, entrep\u00f4ts, centrales \u00e9lectriques<\/li>\n<li><strong>\u00c9quipement m\u00e9dical\u00a0:<\/strong>Moniteurs de patients, consoles chirurgicales, appareils de diagnostic<\/li>\n<li><strong>Bornes et signal\u00e9tique ext\u00e9rieures\u00a0:<\/strong>ATMs, information kiosks, digital signage<\/li>\n<li><strong>Commerces de d\u00e9tail et environnements commerciaux\u00a0:<\/strong>Terminaux de point de vente, caisses enregistreuses, distributeurs automatiques<\/li>\n<li><strong>Consoles de transport\u00a0:<\/strong>Cockpits d\u2019avion, panneaux de commande de train, tableaux de bord d\u2019autobus<\/li>\n<\/ul>\n<p><strong>Collaborez avec un fabricant exp\u00e9riment\u00e9 de commutateurs \u00e0 membrane antireflet<\/strong><\/p>\n<p>Forts de nos ann\u00e9es d\u2019expertise dans la technologie antireflet et la fabrication de commutateurs \u00e0 membrane, nous sommes votre source de confiance pour les commutateurs \u00e0 membrane antireflet de haute qualit\u00e9. Notre \u00e9quipe d\u2019experts travaillera en \u00e9troite collaboration avec vous pour comprendre vos besoins sp\u00e9cifiques et vous fournir des solutions personnalis\u00e9es qui am\u00e9liorent la visibilit\u00e9 et l\u2019exp\u00e9rience utilisateur.<\/p>\n<p><strong>Contactez-nous d\u00e8s aujourd'hui<\/strong>\u00a0pour en savoir plus sur nos solutions de commutateurs \u00e0 membrane antireflet et sur la fa\u00e7on dont nous pouvons vous aider \u00e0 cr\u00e9er des interfaces claires et conviviales pour vos produits.<\/p>","protected":false},"excerpt":{"rendered":"<p>Dans les environnements avec un \u00e9clairage vif ou la lumi\u00e8re directe du soleil, les claviers \u00e0 membrane classiques peuvent souffrir d'\u00e9blouissement et d'une visibilit\u00e9 r\u00e9duite, ce qui rend difficile pour les utilisateurs de les utiliser efficacement. Les claviers \u00e0 membrane anti-\u00e9blouissement rel\u00e8vent ce d\u00e9fi en int\u00e9grant des mat\u00e9riaux sp\u00e9cialis\u00e9s et des traitements de surface qui minimisent l'\u00e9blouissement et les reflets, assurant une visibilit\u00e9 claire et une exp\u00e9rience utilisateur optimale.<\/p>","protected":false},"featured_media":1767,"template":"","meta":[],"product_brand":[],"product_cat":[40],"product_tag":[],"class_list":{"0":"post-1791","1":"product","2":"type-product","3":"status-publish","4":"has-post-thumbnail","6":"product_cat-membrane-switch","8":"first","9":"instock","10":"shipping-taxable","11":"product-type-simple"},"_links":{"self":[{"href":"https:\/\/membraneswitchmfg.com\/fr\/wp-json\/wp\/v2\/product\/1791","targetHints":{"allow":["GET"]}}],"collection":[{"href":"https:\/\/membraneswitchmfg.com\/fr\/wp-json\/wp\/v2\/product"}],"about":[{"href":"https:\/\/membraneswitchmfg.com\/fr\/wp-json\/wp\/v2\/types\/product"}],"wp:featuredmedia":[{"embeddable":true,"href":"https:\/\/membraneswitchmfg.com\/fr\/wp-json\/wp\/v2\/media\/1767"}],"wp:attachment":[{"href":"https:\/\/membraneswitchmfg.com\/fr\/wp-json\/wp\/v2\/media?parent=1791"}],"wp:term":[{"taxonomy":"product_brand","embeddable":true,"href":"https:\/\/membraneswitchmfg.com\/fr\/wp-json\/wp\/v2\/product_brand?post=1791"},{"taxonomy":"product_cat","embeddable":true,"href":"https:\/\/membraneswitchmfg.com\/fr\/wp-json\/wp\/v2\/product_cat?post=1791"},{"taxonomy":"product_tag","embeddable":true,"href":"https:\/\/membraneswitchmfg.com\/fr\/wp-json\/wp\/v2\/product_tag?post=1791"}],"curies":[{"name":"wp","href":"https:\/\/api.w.org\/{rel}","templated":true}]}}