{"id":1794,"date":"2024-06-24T05:57:58","date_gmt":"2024-06-24T05:57:58","guid":{"rendered":"https:\/\/membraneswitchmfg.com\/manufacturer\/ip65-waterproof-membrane-switch\/"},"modified":"2024-06-25T13:14:18","modified_gmt":"2024-06-25T13:14:18","slug":"ip65-waterproof-membrane-switch","status":"publish","type":"product","link":"https:\/\/membraneswitchmfg.com\/fr\/manufacturer\/ip65-waterproof-membrane-switch\/","title":{"rendered":"Interrupteur \u00e0 membrane \u00e9tanche IP65"},"content":{"rendered":"<h2><strong><b>Commutateurs \u00e0 membrane \u00e9tanches IP65\u00a0: une protection abordable pour les applications quotidiennes<\/b><\/strong><\/h2>\n<p><strong>Protection efficace \u00e0 un prix abordable<\/strong><\/p>\n<p>Les commutateurs \u00e0 membrane \u00e9tanches IP65 offrent un \u00e9quilibre entre protection et prix abordable, ce qui en fait un choix id\u00e9al pour les applications o\u00f9 une exposition occasionnelle \u00e0 l\u2019eau ou \u00e0 la poussi\u00e8re est pr\u00e9occupante. Leur efficacit\u00e9 contre les \u00e9claboussures et la poussi\u00e8re quotidiennes les rend adapt\u00e9s \u00e0\u00a0:<\/p>\n<ul>\n<li><strong>Panneaux de contr\u00f4le industriels<\/strong><\/li>\n<li><strong>Dispositifs m\u00e9dicaux<\/strong><\/li>\n<li><strong>Electronique grand public<\/strong><\/li>\n<li><strong>Appareils m\u00e9nagers<\/strong><\/li>\n<li><strong>Machines et \u00e9quipements<\/strong><\/li>\n<\/ul>\n<p><strong>Durables et fiables<\/strong><\/p>\n<p>Malgr\u00e9 leur nature \u00e9conomique, les commutateurs \u00e0 membrane \u00e9tanches IP65 conservent la durabilit\u00e9 et la fiabilit\u00e9 attendues des commutateurs \u00e0 membrane standard. Ils r\u00e9sistent aux rayures, aux produits chimiques et aux rayons UV, assurant une performance durable.<\/p>\n<ul>\n<li><strong>R\u00e9troaction tactile nette et r\u00e9active<\/strong><\/li>\n<li><strong>Resistant to scratches, chemicals, and UV rays<\/strong><\/li>\n<li><strong>Convient aux applications int\u00e9rieures et ext\u00e9rieures<\/strong><\/li>\n<\/ul>\n<p><strong>Options personnalisables<\/strong><\/p>\n<p>Nous offrons une vari\u00e9t\u00e9 d\u2019options de personnalisation pour les commutateurs \u00e0 membrane \u00e9tanches IP65, y compris\u00a0:<\/p>\n<ul>\n<li><strong>Vari\u00e9t\u00e9 de tailles et de styles de commutateurs<\/strong><\/li>\n<li><strong>Graphiques et l\u00e9gendes personnalis\u00e9s<\/strong><\/li>\n<li><strong>Options de r\u00e9tro\u00e9clairage et d'\u00e9clairage<\/strong><\/li>\n<li><strong>Int\u00e9gration de composants suppl\u00e9mentaires<\/strong><\/li>\n<\/ul>\n<p><strong>Associez-vous \u00e0 un fabricant exp\u00e9riment\u00e9 de commutateurs \u00e0 membrane \u00e9tanches IP65<\/strong><\/p>\n<p>Forts de nos ann\u00e9es d\u2019expertise dans la technologie des commutateurs \u00e0 membrane \u00e9tanches et de notre engagement envers la qualit\u00e9 et l\u2019abordabilit\u00e9, nous sommes votre source de confiance pour les commutateurs \u00e0 membrane \u00e9tanches IP65 personnalis\u00e9s. Notre \u00e9quipe d\u2019experts travaillera en \u00e9troite collaboration avec vous pour comprendre vos besoins sp\u00e9cifiques et vous offrir des solutions qui offrent une protection efficace et une performance durable \u00e0 un prix concurrentiel.<\/p>\n<p><strong>Contactez-nous d\u00e8s aujourd'hui<\/strong>\u00a0pour en savoir plus sur nos solutions de commutateurs \u00e0 membrane \u00e9tanches IP65 et sur la fa\u00e7on dont nous pouvons vous aider \u00e0 prot\u00e9ger vos appareils \u00e9lectroniques et \u00e0 assurer un fonctionnement sans heurts dans les environnements quotidiens.<\/p>","protected":false},"excerpt":{"rendered":"<p>Les claviers \u00e0 membrane \u00e9tanches IP65 offrent une solution rentable pour prot\u00e9ger les appareils \u00e9lectroniques sensibles contre la p\u00e9n\u00e9tration d'eau et de poussi\u00e8re. Ces commutateurs polyvalents sont conformes \u00e0 la norme de protection IP65, prot\u00e9geant contre les jets d'eau \u00e0 basse pression et la p\u00e9n\u00e9tration de poussi\u00e8re, ce qui les rend adapt\u00e9s \u00e0 une large gamme d'applications.<\/p>","protected":false},"featured_media":1770,"template":"","meta":[],"product_brand":[],"product_cat":[40],"product_tag":[],"class_list":{"0":"post-1794","1":"product","2":"type-product","3":"status-publish","4":"has-post-thumbnail","6":"product_cat-membrane-switch","8":"first","9":"instock","10":"shipping-taxable","11":"product-type-simple"},"_links":{"self":[{"href":"https:\/\/membraneswitchmfg.com\/fr\/wp-json\/wp\/v2\/product\/1794","targetHints":{"allow":["GET"]}}],"collection":[{"href":"https:\/\/membraneswitchmfg.com\/fr\/wp-json\/wp\/v2\/product"}],"about":[{"href":"https:\/\/membraneswitchmfg.com\/fr\/wp-json\/wp\/v2\/types\/product"}],"wp:featuredmedia":[{"embeddable":true,"href":"https:\/\/membraneswitchmfg.com\/fr\/wp-json\/wp\/v2\/media\/1770"}],"wp:attachment":[{"href":"https:\/\/membraneswitchmfg.com\/fr\/wp-json\/wp\/v2\/media?parent=1794"}],"wp:term":[{"taxonomy":"product_brand","embeddable":true,"href":"https:\/\/membraneswitchmfg.com\/fr\/wp-json\/wp\/v2\/product_brand?post=1794"},{"taxonomy":"product_cat","embeddable":true,"href":"https:\/\/membraneswitchmfg.com\/fr\/wp-json\/wp\/v2\/product_cat?post=1794"},{"taxonomy":"product_tag","embeddable":true,"href":"https:\/\/membraneswitchmfg.com\/fr\/wp-json\/wp\/v2\/product_tag?post=1794"}],"curies":[{"name":"wp","href":"https:\/\/api.w.org\/{rel}","templated":true}]}}