{"id":2225,"date":"2024-07-22T14:19:03","date_gmt":"2024-07-22T14:19:03","guid":{"rendered":"https:\/\/membraneswitchmfg.com\/manufacturer\/silicone-keypad\/"},"modified":"2024-07-25T05:39:12","modified_gmt":"2024-07-25T05:39:12","slug":"silicone-keypad","status":"publish","type":"product","link":"https:\/\/membraneswitchmfg.com\/fr\/manufacturer\/silicone-keypad\/","title":{"rendered":"Clavier en silicone"},"content":{"rendered":"<h3><strong>Caract\u00e9ristiques principales du clavier \u00e0 membrane en silicone\u00a0:<\/strong><\/h3>\n<p>1. Durabilit\u00e9\u00a0: Fabriqu\u00e9s \u00e0 partir de caoutchouc de silicone de haute qualit\u00e9, nos claviers r\u00e9sistent aux temp\u00e9ratures extr\u00eames, \u00e0 l\u2019humidit\u00e9 et \u00e0 l\u2019usure, garantissant une solution durable et robuste pour tout environnement.<\/p>\n<p>La dur\u00e9e de vie de nos touches de clavier en silicone peut atteindre\u00a0:<\/p>\n<ul>\n<li>1\u00a0000\u00a0000 de fois<\/li>\n<li>2\u00a0000\u00a0000 de fois<\/li>\n<li>5\u00a0000\u00a0000 de fois <strong>(la plus longue dur\u00e9e de vie du secteur)<\/strong><\/li>\n<\/ul>\n<p>2. Retour tactile\u00a0: Con\u00e7us pour la pr\u00e9cision, ces claviers offrent un excellent retour tactile, am\u00e9liorant l\u2019exp\u00e9rience utilisateur en offrant un toucher r\u00e9actif et satisfaisant \u00e0 chaque pression.<\/p>\n<p>3. Personnalisation\u00a0: Disponibles dans une vari\u00e9t\u00e9 de formes, de tailles et de couleurs, nos claviers en silicone peuvent \u00eatre adapt\u00e9s pour r\u00e9pondre aux besoins sp\u00e9cifiques de votre projet. Des l\u00e9gendes personnalis\u00e9es, des options de r\u00e9tro\u00e9clairage et diff\u00e9rents niveaux de duret\u00e9 sont \u00e9galement disponibles. Les dimensions globales couvrent les normes industrielles M1, M2 et M3.<\/p>\n<p>4. Polyvalence\u00a0: Id\u00e9al pour les applications dans l\u2019\u00e9lectronique grand public, les dispositifs m\u00e9dicaux, les commandes industrielles, les syst\u00e8mes automobiles, etc. Le mat\u00e9riau en silicone offre une excellente flexibilit\u00e9, ce qui le rend adapt\u00e9 aux conceptions et aux configurations complexes.<\/p>\n<p>5. Int\u00e9gration facile\u00a0: Con\u00e7us pour une int\u00e9gration transparente, nos claviers sont compatibles avec diff\u00e9rents types d\u2019interfaces, y compris les solutions mont\u00e9es sur PCB et les assemblages de commutateurs \u00e0 membrane.<\/p>\n<p>6. Contr\u00f4le des points noirs sans d\u00e9faut\u00a0: Gr\u00e2ce \u00e0 des processus de fabrication avanc\u00e9s et \u00e0 des syst\u00e8mes de contr\u00f4le de la qualit\u00e9 stricts, nos claviers en silicone n\u2019ont aucun d\u00e9faut d\u2019apparence, ce qui garantit que chaque produit atteint les normes de qualit\u00e9 d\u2019apparence les plus \u00e9lev\u00e9es.<\/p>\n<p>&nbsp;<\/p>\n<h3><strong>Applications du clavier \u00e0 membrane en silicone\u00a0:<\/strong><\/h3>\n<p>1. \u00c9lectronique grand public\u00a0: Parfait pour les t\u00e9l\u00e9commandes, les appareils de jeu et les gadgets portables.<\/p>\n<p>2. Dispositifs m\u00e9dicaux\u00a0: Id\u00e9al pour les moniteurs de patients, les \u00e9quipements de diagnostic et les technologies de sant\u00e9 portables.<\/p>\n<p>3. Commandes industrielles\u00a0: Assez robuste pour les commandes de machines, les panneaux d\u2019instrumentation et les \u00e9quipements d\u2019ext\u00e9rieur.<\/p>\n<p>4. Syst\u00e8mes automobiles\u00a0: Fiable pour les commandes de tableau de bord, les syst\u00e8mes d\u2019infodivertissement et les syst\u00e8mes d\u2019entr\u00e9e sans cl\u00e9.<\/p>","protected":false},"excerpt":{"rendered":"<p>D\u00e9couvrez le summum de la satisfaction tactile et de la fonctionnalit\u00e9 avec nos claviers en silicone. Con\u00e7us pour un large \u00e9ventail d'applications, de l'\u00e9lectronique grand public aux machines industrielles, ces claviers offrent des performances, une fiabilit\u00e9 et une personnalisation in\u00e9gal\u00e9es. Qu'ils soient utilis\u00e9s dans l'\u00e9lectronique grand public, l'\u00e9quipement m\u00e9dical ou le contr\u00f4le industriel, vous pouvez compter sur nos claviers en silicone pour une apparence impeccable et une exp\u00e9rience utilisateur sup\u00e9rieure.<\/p>","protected":false},"featured_media":1735,"template":"","meta":[],"product_brand":[],"product_cat":[39],"product_tag":[],"class_list":{"0":"post-2225","1":"product","2":"type-product","3":"status-publish","4":"has-post-thumbnail","6":"product_cat-silicone-rubber","8":"first","9":"instock","10":"shipping-taxable","11":"product-type-simple"},"_links":{"self":[{"href":"https:\/\/membraneswitchmfg.com\/fr\/wp-json\/wp\/v2\/product\/2225","targetHints":{"allow":["GET"]}}],"collection":[{"href":"https:\/\/membraneswitchmfg.com\/fr\/wp-json\/wp\/v2\/product"}],"about":[{"href":"https:\/\/membraneswitchmfg.com\/fr\/wp-json\/wp\/v2\/types\/product"}],"wp:featuredmedia":[{"embeddable":true,"href":"https:\/\/membraneswitchmfg.com\/fr\/wp-json\/wp\/v2\/media\/1735"}],"wp:attachment":[{"href":"https:\/\/membraneswitchmfg.com\/fr\/wp-json\/wp\/v2\/media?parent=2225"}],"wp:term":[{"taxonomy":"product_brand","embeddable":true,"href":"https:\/\/membraneswitchmfg.com\/fr\/wp-json\/wp\/v2\/product_brand?post=2225"},{"taxonomy":"product_cat","embeddable":true,"href":"https:\/\/membraneswitchmfg.com\/fr\/wp-json\/wp\/v2\/product_cat?post=2225"},{"taxonomy":"product_tag","embeddable":true,"href":"https:\/\/membraneswitchmfg.com\/fr\/wp-json\/wp\/v2\/product_tag?post=2225"}],"curies":[{"name":"wp","href":"https:\/\/api.w.org\/{rel}","templated":true}]}}