{"id":2438,"date":"2024-09-20T06:37:42","date_gmt":"2024-09-20T06:37:42","guid":{"rendered":"https:\/\/membraneswitchmfg.com\/?post_type=product&#038;p=2438"},"modified":"2024-09-20T06:40:01","modified_gmt":"2024-09-20T06:40:01","slug":"in-mold-electronics-ime","status":"publish","type":"product","link":"https:\/\/membraneswitchmfg.com\/fr\/manufacturer\/in-mold-electronics-ime\/","title":{"rendered":"\u00c9lectronique dans le moule (IME)"},"content":{"rendered":"<h2>\u00c9lectronique dans le moule (IME)\u00a0: une technologie r\u00e9volutionnaire<\/h2>\n<h3 data-sourcepos=\"5:1-5:24\">Principaux avantages de l'\u00e9lectronique dans le moule<strong>:<\/strong><\/h3>\n<ul>\n<li><span class=\"citation-2 recitation\">Co\u00fbts d'assemblage r\u00e9duits\u00a0:<\/span><span class=\"citation-2 recitation citation-end-2\"> En int\u00e9grant les composants \u00e9lectroniques directement dans la pi\u00e8ce en plastique, l'IME \u00e9limine le besoin d'\u00e9tapes d'assemblage distinctes, ce qui r\u00e9duit consid\u00e9rablement les co\u00fbts de fabrication.<\/span><\/li>\n<li>Durabilit\u00e9 am\u00e9lior\u00e9e\u00a0: <span class=\"citation-3 recitation citation-end-3\">L'IME cr\u00e9e une liaison solide entre les composants \u00e9lectroniques et la pi\u00e8ce en plastique, am\u00e9liorant la durabilit\u00e9 et la r\u00e9sistance aux facteurs environnementaux.<\/span><\/li>\n<li>Facteur de forme plus petit\u00a0: <span class=\"citation-4 recitation citation-end-4\">L'IME permet la cr\u00e9ation d'appareils \u00e9lectroniques plus fins et plus compacts, ce qui les rend plus portables et esth\u00e9tiques.<\/span><\/li>\n<li>Esth\u00e9tique am\u00e9lior\u00e9e\u00a0: l'IME peut \u00eatre utilis\u00e9 pour cr\u00e9er des conceptions homog\u00e8nes et visuellement attrayantes, int\u00e9grant de mani\u00e8re transparente les composants \u00e9lectroniques dans l'apparence g\u00e9n\u00e9rale du produit.<\/li>\n<li>Fiabilit\u00e9 am\u00e9lior\u00e9e\u00a0: <span class=\"citation-5 recitation citation-end-5\">En \u00e9liminant les connexions externes et les \u00e9tapes d'assemblage, l'IME peut am\u00e9liorer la fiabilit\u00e9 et la long\u00e9vit\u00e9 des produits \u00e9lectroniques.<\/span><\/li>\n<\/ul>\n<h3 data-sourcepos=\"13:1-13:24\">Applications de l'\u00e9lectronique dans le moule\u00a0:<\/h3>\n<ul data-sourcepos=\"15:1-19:0\">\n<li data-sourcepos=\"15:1-15:100\">\u00c9lectronique grand public\u00a0: claviers, t\u00e9l\u00e9commandes, tableaux de bord automobiles et appareils portables.<\/li>\n<li data-sourcepos=\"16:1-16:110\">Dispositifs m\u00e9dicaux\u00a0: <span class=\"citation-6 recitation citation-end-6\">\u00c9quipement de diagnostic, syst\u00e8mes de surveillance des patients et dispositifs implantables.<\/span><\/li>\n<li data-sourcepos=\"16:1-16:110\">Automobile\u00a0: <span class=\"citation-7 recitation citation-end-7\">Panneaux de commande, combin\u00e9s d'instruments et panneaux de porte.<\/span><\/li>\n<li data-sourcepos=\"16:1-16:110\">Automatisation industrielle\u00a0: panneaux de commande, capteurs et autres composants d'automatisation.<\/li>\n<\/ul>","protected":false},"excerpt":{"rendered":"<p><span class=\"citation-0 recitation\">\u00c9lectronique dans le moule (IME)<\/span><span class=\"citation-0 recitation citation-end-0\"> est un processus de fabrication qui int\u00e8gre des composants \u00e9lectroniques directement dans des pi\u00e8ces en plastique pendant le processus de moulage.<\/span> <span class=\"citation-1 recitation citation-end-1\">Cette technique innovante offre de nombreux avantages par rapport aux m\u00e9thodes d'assemblage traditionnelles, ce qui en fait un choix populaire pour diverses industries.<\/span><\/p>\n<p><span class=\"citation-8 recitation citation-end-8\">L'IME est une technologie de pointe qui offre des avantages significatifs en termes de co\u00fbt, de durabilit\u00e9, de conception et de fiabilit\u00e9.<\/span> \u00c0 mesure que la technologie continue d'\u00e9voluer, nous pouvons nous attendre \u00e0 voir des applications encore plus innovantes \u00e0 l'avenir.<\/p>","protected":false},"featured_media":2439,"template":"","meta":[],"product_brand":[],"product_cat":[40],"product_tag":[],"class_list":{"0":"post-2438","1":"product","2":"type-product","3":"status-publish","4":"has-post-thumbnail","6":"product_cat-membrane-switch","8":"first","9":"instock","10":"shipping-taxable","11":"product-type-simple"},"_links":{"self":[{"href":"https:\/\/membraneswitchmfg.com\/fr\/wp-json\/wp\/v2\/product\/2438","targetHints":{"allow":["GET"]}}],"collection":[{"href":"https:\/\/membraneswitchmfg.com\/fr\/wp-json\/wp\/v2\/product"}],"about":[{"href":"https:\/\/membraneswitchmfg.com\/fr\/wp-json\/wp\/v2\/types\/product"}],"wp:featuredmedia":[{"embeddable":true,"href":"https:\/\/membraneswitchmfg.com\/fr\/wp-json\/wp\/v2\/media\/2439"}],"wp:attachment":[{"href":"https:\/\/membraneswitchmfg.com\/fr\/wp-json\/wp\/v2\/media?parent=2438"}],"wp:term":[{"taxonomy":"product_brand","embeddable":true,"href":"https:\/\/membraneswitchmfg.com\/fr\/wp-json\/wp\/v2\/product_brand?post=2438"},{"taxonomy":"product_cat","embeddable":true,"href":"https:\/\/membraneswitchmfg.com\/fr\/wp-json\/wp\/v2\/product_cat?post=2438"},{"taxonomy":"product_tag","embeddable":true,"href":"https:\/\/membraneswitchmfg.com\/fr\/wp-json\/wp\/v2\/product_tag?post=2438"}],"curies":[{"name":"wp","href":"https:\/\/api.w.org\/{rel}","templated":true}]}}