{"id":2485,"date":"2024-11-11T06:36:37","date_gmt":"2024-11-11T06:36:37","guid":{"rendered":"https:\/\/membraneswitchmfg.com\/?page_id=2485"},"modified":"2024-11-11T08:14:44","modified_gmt":"2024-11-11T08:14:44","slug":"applications-2","status":"publish","type":"page","link":"https:\/\/membraneswitchmfg.com\/hu\/applications-2\/","title":{"rendered":"Alkalmaz\u00e1sok"},"content":{"rendered":"<div class=\"banner has-hover has-parallax\" id=\"banner-1093206240\">\n          <div class=\"banner-inner fill\">\n        <div class=\"banner-bg fill\" data-parallax=\"-3\" data-parallax-container=\".banner\" data-parallax-background>\n            <div class=\"bg fill bg-fill\"><\/div>\n                                    \n                    <\/div>\n\t\t\n        <div class=\"banner-layers container\">\n            <div class=\"fill banner-link\"><\/div>            \n   <div id=\"text-box-766006676\" class=\"text-box banner-layer x50 md-x15 lg-x15 y50 md-y10 lg-y10 res-text\">\n                     <div data-animate=\"fadeInLeft\">           <div class=\"text-box-content text dark\">\n              \n              <div class=\"text-inner text-center\">\n                  \n\t<div id=\"text-3367309124\" class=\"text\">\n\t\t\n<h1 class=\"text-uppercase page-title\">Alkalmaz\u00e1sok<\/h1>\n\t\t\n<style>\n#text-3367309124 {\n  color: #0c5af7;\n}\n#text-3367309124 > * {\n  color: #0c5af7;\n}\n<\/style>\n\t<\/div>\n\t\n              <\/div>\n           <\/div>\n       <\/div>                     \n<style>\n#text-box-766006676 {\n  width: 80%;\n}\n#text-box-766006676 .text-box-content {\n  font-size: 100%;\n}\n@media (min-width:550px) {\n  #text-box-766006676 {\n    width: 41%;\n  }\n}\n<\/style>\n    <\/div>\n \n        <\/div>\n      <\/div>\n\n            \n<style>\n#banner-1093206240 {\n  padding-top: 540px;\n}\n#banner-1093206240 .bg.bg-loaded {\n  background-image: url(https:\/\/membraneswitchmfg.com\/wp-content\/uploads\/2024\/11\/Applications.jpg);\n}\n#banner-1093206240 .overlay {\n  background-color: rgba(0, 0, 0, 0.3);\n}\n#banner-1093206240 .bg {\n  background-position: 35% 23%;\n}\n<\/style>\n  <\/div>\n\n\n\t<section class=\"section\" id=\"section_1225694712\">\n\t\t<div class=\"bg section-bg fill bg-fill  bg-loaded\" >\n\n\t\t\t\n\t\t\t\n\t\t\t\n\n\t\t<\/div>\n\n\t\t\n\n\t\t<div class=\"section-content relative\">\n\t\t\t\n<div class=\"row\"  id=\"row-332123333\">\n\n\t<div id=\"col-1262377094\" class=\"col small-12 large-12\"  >\n\t\t\t\t<div class=\"col-inner\"  >\n\t\t\t\n\t\t\t\n<h2 style=\"text-align: center;\">A membr\u00e1nkapcsol\u00f3 alkalmaz\u00e1sai<\/h2>\n<p>Term\u00e9szetesen! A membr\u00e1nkapcsol\u00f3k hihetetlen\u00fcl sokoldal\u00faak, \u00e9s az ipar\u00e1gak \u00e9s term\u00e9kek sz\u00e9les k\u00f6r\u00e9ben alkalmazhat\u00f3k. \u00cdme egy \u00f6sszefoglal\u00f3 a leggyakoribb felhaszn\u00e1l\u00e1si ter\u00fcleteikr\u0151l:<\/p>\n<div class=\"row\"  id=\"row-1354446485\">\n\n\t<div id=\"col-359609082\" class=\"col small-12 large-12\"  >\n\t\t\t\t<div class=\"col-inner\"  >\n\t\t\t\n\t\t\t\n\t<div id=\"gap-485213662\" class=\"gap-element clearfix\" style=\"display:block; height:auto;\">\n\t\t\n<style>\n#gap-485213662 {\n  padding-top: 15px;\n}\n<\/style>\n\t<\/div>\n\t\n\n  \n    <div class=\"row large-columns-3 medium-columns-1 small-columns-1 row-xsmall\" >\n  <div class=\"col post-item\" >\n\t\t\t<div class=\"col-inner\">\n\t\t\t\t<div class=\"box box-default box-text-bottom box-blog-post has-hover\">\n            \t\t\t\t\t<div class=\"box-image\" >\n  \t\t\t\t\t\t<div class=\"image-cover\" style=\"padding-top:56.25%;\">\n\t\t\t\t\t\t\t<a href=\"https:\/\/membraneswitchmfg.com\/hu\/membrane-switche-in-industrial-control-panel\/\" class=\"plain\" aria-label=\"A membr\u00e1nkapcsol\u00f3k jelent\u0151s\u00e9ge az ipari vez\u00e9rl\u0151panelekben\">\n\t\t\t\t\t\t\t\t<img loading=\"lazy\" decoding=\"async\" width=\"1492\" height=\"1024\" src=\"https:\/\/membraneswitchmfg.com\/wp-content\/uploads\/2024\/11\/Industrial-Control-Panel1.jpg\" class=\"attachment-original size-original wp-post-image\" alt=\"Ipari vez\u00e9rl\u0151panel\" srcset=\"https:\/\/membraneswitchmfg.com\/wp-content\/uploads\/2024\/11\/Industrial-Control-Panel1.jpg 1492w, https:\/\/membraneswitchmfg.com\/wp-content\/uploads\/2024\/11\/Industrial-Control-Panel1-300x206.jpg 300w, https:\/\/membraneswitchmfg.com\/wp-content\/uploads\/2024\/11\/Industrial-Control-Panel1-1024x703.jpg 1024w, https:\/\/membraneswitchmfg.com\/wp-content\/uploads\/2024\/11\/Industrial-Control-Panel1-768x527.jpg 768w, https:\/\/membraneswitchmfg.com\/wp-content\/uploads\/2024\/11\/Industrial-Control-Panel1-18x12.jpg 18w, https:\/\/membraneswitchmfg.com\/wp-content\/uploads\/2024\/11\/Industrial-Control-Panel1-600x412.jpg 600w\" sizes=\"auto, (max-width: 1492px) 100vw, 1492px\" \/>\t\t\t\t\t\t\t<\/a>\n  \t\t\t\t\t\t\t  \t\t\t\t\t\t\t  \t\t\t\t\t\t<\/div>\n  \t\t\t\t\t\t  \t\t\t\t\t<\/div>\n          \t\t\t\t\t<div class=\"box-text text-center\" >\n\t\t\t\t\t<div class=\"box-text-inner blog-post-inner\">\n\n\t\t\t\t\t\n\t\t\t\t\t\t\t\t\t\t<h5 class=\"post-title is-large\">\n\t\t\t\t\t\t<a href=\"https:\/\/membraneswitchmfg.com\/hu\/membrane-switche-in-industrial-control-panel\/\" class=\"plain\">A membr\u00e1nkapcsol\u00f3k jelent\u0151s\u00e9ge az ipari vez\u00e9rl\u0151panelekben<\/a>\n\t\t\t\t\t<\/h5>\n\t\t\t\t\t\t\t\t\t\t<div class=\"is-divider\"><\/div>\n\t\t\t\t\t\t\t\t\t\t<p class=\"from_the_blog_excerpt\">\n\t\t\t\t\t\tA membr\u00e1nkapcsol\u00f3k bevezet\u00e9se az ipari vez\u00e9rl\u0151panelekben Az ipari m\u0171veletek vil\u00e1g\u00e1ban a vez\u00e9rl\u00e9s [...]\t\t\t\t\t<\/p>\n\t\t\t\t\t                    \n\t\t\t\t\t\n\t\t\t\t\t\n\t\t\t\t\t<\/div>\n\t\t\t\t\t<\/div>\n\t\t\t\t\t\t\t\t\t<\/div>\n\t\t\t<\/div>\n\t\t<\/div><div class=\"col post-item\" >\n\t\t\t<div class=\"col-inner\">\n\t\t\t\t<div class=\"box box-default box-text-bottom box-blog-post has-hover\">\n            \t\t\t\t\t<div class=\"box-image\" >\n  \t\t\t\t\t\t<div class=\"image-cover\" style=\"padding-top:56.25%;\">\n\t\t\t\t\t\t\t<a href=\"https:\/\/membraneswitchmfg.com\/hu\/membrane-switches-in-assistive-technology\/\" class=\"plain\" aria-label=\"A membr\u00e1nkapcsol\u00f3k szerepe a seg\u00edt\u0151 technol\u00f3gi\u00e1ban\">\n\t\t\t\t\t\t\t\t<img loading=\"lazy\" decoding=\"async\" width=\"1920\" height=\"1280\" src=\"https:\/\/membraneswitchmfg.com\/wp-content\/uploads\/2024\/11\/Membrane-Switches-in-Assistive-Technology.webp\" class=\"attachment-original size-original wp-post-image\" alt=\"Membr\u00e1nkapcsol\u00f3k a seg\u00e9dtechnol\u00f3gi\u00e1ban\" srcset=\"https:\/\/membraneswitchmfg.com\/wp-content\/uploads\/2024\/11\/Membrane-Switches-in-Assistive-Technology.webp 1920w, https:\/\/membraneswitchmfg.com\/wp-content\/uploads\/2024\/11\/Membrane-Switches-in-Assistive-Technology-300x200.webp 300w, https:\/\/membraneswitchmfg.com\/wp-content\/uploads\/2024\/11\/Membrane-Switches-in-Assistive-Technology-1024x683.webp 1024w, https:\/\/membraneswitchmfg.com\/wp-content\/uploads\/2024\/11\/Membrane-Switches-in-Assistive-Technology-768x512.webp 768w, https:\/\/membraneswitchmfg.com\/wp-content\/uploads\/2024\/11\/Membrane-Switches-in-Assistive-Technology-1536x1024.webp 1536w, https:\/\/membraneswitchmfg.com\/wp-content\/uploads\/2024\/11\/Membrane-Switches-in-Assistive-Technology-18x12.webp 18w, https:\/\/membraneswitchmfg.com\/wp-content\/uploads\/2024\/11\/Membrane-Switches-in-Assistive-Technology-600x400.webp 600w\" sizes=\"auto, (max-width: 1920px) 100vw, 1920px\" \/>\t\t\t\t\t\t\t<\/a>\n  \t\t\t\t\t\t\t  \t\t\t\t\t\t\t  \t\t\t\t\t\t<\/div>\n  \t\t\t\t\t\t  \t\t\t\t\t<\/div>\n          \t\t\t\t\t<div class=\"box-text text-center\" >\n\t\t\t\t\t<div class=\"box-text-inner blog-post-inner\">\n\n\t\t\t\t\t\n\t\t\t\t\t\t\t\t\t\t<h5 class=\"post-title is-large\">\n\t\t\t\t\t\t<a href=\"https:\/\/membraneswitchmfg.com\/hu\/membrane-switches-in-assistive-technology\/\" class=\"plain\">A membr\u00e1nkapcsol\u00f3k szerepe a seg\u00edt\u0151 technol\u00f3gi\u00e1ban<\/a>\n\t\t\t\t\t<\/h5>\n\t\t\t\t\t\t\t\t\t\t<div class=\"is-divider\"><\/div>\n\t\t\t\t\t\t\t\t\t\t<p class=\"from_the_blog_excerpt\">\n\t\t\t\t\t\tA membr\u00e1nkapcsol\u00f3k bevezet\u00e9se az asszisztens technol\u00f3gi\u00e1ban A mai vil\u00e1gban az asszisztens technol\u00f3gia kulcsfontoss\u00e1g\u00fa szerepet j\u00e1tszik [...]\t\t\t\t\t<\/p>\n\t\t\t\t\t                    \n\t\t\t\t\t\n\t\t\t\t\t\n\t\t\t\t\t<\/div>\n\t\t\t\t\t<\/div>\n\t\t\t\t\t\t\t\t\t<\/div>\n\t\t\t<\/div>\n\t\t<\/div><div class=\"col post-item\" >\n\t\t\t<div class=\"col-inner\">\n\t\t\t\t<div class=\"box box-default box-text-bottom box-blog-post has-hover\">\n            \t\t\t\t\t<div class=\"box-image\" >\n  \t\t\t\t\t\t<div class=\"image-cover\" style=\"padding-top:56.25%;\">\n\t\t\t\t\t\t\t<a href=\"https:\/\/membraneswitchmfg.com\/hu\/membrane-switches-in-medical-equipment\/\" class=\"plain\" aria-label=\"A membr\u00e1nkapcsol\u00f3k jelent\u0151s\u00e9ge az orvosi berendez\u00e9sekben\">\n\t\t\t\t\t\t\t\t<img loading=\"lazy\" decoding=\"async\" width=\"1500\" height=\"1375\" src=\"https:\/\/membraneswitchmfg.com\/wp-content\/uploads\/2024\/11\/Membrane-Switches-in-Medical-Equipment11.jpg\" class=\"attachment-original size-original wp-post-image\" alt=\"Membr\u00e1nkapcsol\u00f3k orvosi berendez\u00e9sekben\" srcset=\"https:\/\/membraneswitchmfg.com\/wp-content\/uploads\/2024\/11\/Membrane-Switches-in-Medical-Equipment11.jpg 1500w, https:\/\/membraneswitchmfg.com\/wp-content\/uploads\/2024\/11\/Membrane-Switches-in-Medical-Equipment11-300x275.jpg 300w, https:\/\/membraneswitchmfg.com\/wp-content\/uploads\/2024\/11\/Membrane-Switches-in-Medical-Equipment11-1024x939.jpg 1024w, https:\/\/membraneswitchmfg.com\/wp-content\/uploads\/2024\/11\/Membrane-Switches-in-Medical-Equipment11-768x704.jpg 768w, https:\/\/membraneswitchmfg.com\/wp-content\/uploads\/2024\/11\/Membrane-Switches-in-Medical-Equipment11-13x12.jpg 13w, https:\/\/membraneswitchmfg.com\/wp-content\/uploads\/2024\/11\/Membrane-Switches-in-Medical-Equipment11-600x550.jpg 600w\" sizes=\"auto, (max-width: 1500px) 100vw, 1500px\" \/>\t\t\t\t\t\t\t<\/a>\n  \t\t\t\t\t\t\t  \t\t\t\t\t\t\t  \t\t\t\t\t\t<\/div>\n  \t\t\t\t\t\t  \t\t\t\t\t<\/div>\n          \t\t\t\t\t<div class=\"box-text text-center\" >\n\t\t\t\t\t<div class=\"box-text-inner blog-post-inner\">\n\n\t\t\t\t\t\n\t\t\t\t\t\t\t\t\t\t<h5 class=\"post-title is-large\">\n\t\t\t\t\t\t<a href=\"https:\/\/membraneswitchmfg.com\/hu\/membrane-switches-in-medical-equipment\/\" class=\"plain\">A membr\u00e1nkapcsol\u00f3k jelent\u0151s\u00e9ge az orvosi berendez\u00e9sekben<\/a>\n\t\t\t\t\t<\/h5>\n\t\t\t\t\t\t\t\t\t\t<div class=\"is-divider\"><\/div>\n\t\t\t\t\t\t\t\t\t\t<p class=\"from_the_blog_excerpt\">\n\t\t\t\t\t\tA membr\u00e1nkapcsol\u00f3k bevezet\u00e9se az orvosi berendez\u00e9sekben Az eg\u00e9szs\u00e9g\u00fcgyi ell\u00e1t\u00e1s ter\u00fclet\u00e9n az orvosi berendez\u00e9sek [...]\t\t\t\t\t<\/p>\n\t\t\t\t\t                    \n\t\t\t\t\t\n\t\t\t\t\t\n\t\t\t\t\t<\/div>\n\t\t\t\t\t<\/div>\n\t\t\t\t\t\t\t\t\t<\/div>\n\t\t\t<\/div>\n\t\t<\/div><div class=\"col post-item\" >\n\t\t\t<div class=\"col-inner\">\n\t\t\t\t<div class=\"box box-default box-text-bottom box-blog-post has-hover\">\n            \t\t\t\t\t<div class=\"box-image\" >\n  \t\t\t\t\t\t<div class=\"image-cover\" style=\"padding-top:56.25%;\">\n\t\t\t\t\t\t\t<a href=\"https:\/\/membraneswitchmfg.com\/hu\/membrane-switches-in-household-appliances\/\" class=\"plain\" aria-label=\"A membr\u00e1nkapcsol\u00f3k szerepe a h\u00e1ztart\u00e1si k\u00e9sz\u00fcl\u00e9kekben\">\n\t\t\t\t\t\t\t\t<img loading=\"lazy\" decoding=\"async\" width=\"1500\" height=\"1247\" src=\"https:\/\/membraneswitchmfg.com\/wp-content\/uploads\/2024\/11\/Membrane-Switches-in-Household-Appliances.jpg\" class=\"attachment-original size-original wp-post-image\" alt=\"Membr\u00e1nkapcsol\u00f3k a h\u00e1ztart\u00e1si k\u00e9sz\u00fcl\u00e9kekben\" srcset=\"https:\/\/membraneswitchmfg.com\/wp-content\/uploads\/2024\/11\/Membrane-Switches-in-Household-Appliances.jpg 1500w, https:\/\/membraneswitchmfg.com\/wp-content\/uploads\/2024\/11\/Membrane-Switches-in-Household-Appliances-300x249.jpg 300w, https:\/\/membraneswitchmfg.com\/wp-content\/uploads\/2024\/11\/Membrane-Switches-in-Household-Appliances-1024x851.jpg 1024w, https:\/\/membraneswitchmfg.com\/wp-content\/uploads\/2024\/11\/Membrane-Switches-in-Household-Appliances-768x638.jpg 768w, https:\/\/membraneswitchmfg.com\/wp-content\/uploads\/2024\/11\/Membrane-Switches-in-Household-Appliances-14x12.jpg 14w, https:\/\/membraneswitchmfg.com\/wp-content\/uploads\/2024\/11\/Membrane-Switches-in-Household-Appliances-600x499.jpg 600w\" sizes=\"auto, (max-width: 1500px) 100vw, 1500px\" \/>\t\t\t\t\t\t\t<\/a>\n  \t\t\t\t\t\t\t  \t\t\t\t\t\t\t  \t\t\t\t\t\t<\/div>\n  \t\t\t\t\t\t  \t\t\t\t\t<\/div>\n          \t\t\t\t\t<div class=\"box-text text-center\" >\n\t\t\t\t\t<div class=\"box-text-inner blog-post-inner\">\n\n\t\t\t\t\t\n\t\t\t\t\t\t\t\t\t\t<h5 class=\"post-title is-large\">\n\t\t\t\t\t\t<a href=\"https:\/\/membraneswitchmfg.com\/hu\/membrane-switches-in-household-appliances\/\" class=\"plain\">A membr\u00e1nkapcsol\u00f3k szerepe a h\u00e1ztart\u00e1si k\u00e9sz\u00fcl\u00e9kekben<\/a>\n\t\t\t\t\t<\/h5>\n\t\t\t\t\t\t\t\t\t\t<div class=\"is-divider\"><\/div>\n\t\t\t\t\t\t\t\t\t\t<p class=\"from_the_blog_excerpt\">\n\t\t\t\t\t\tA h\u00e1ztart\u00e1si k\u00e9sz\u00fcl\u00e9kek fontoss\u00e1g\u00e1nak bemutat\u00e1sa a mindennapi \u00e9letben A mindennapi \u00e9let\u00fcnkben a h\u00e1ztart\u00e1si k\u00e9sz\u00fcl\u00e9kek [...]\t\t\t\t\t<\/p>\n\t\t\t\t\t                    \n\t\t\t\t\t\n\t\t\t\t\t\n\t\t\t\t\t<\/div>\n\t\t\t\t\t<\/div>\n\t\t\t\t\t\t\t\t\t<\/div>\n\t\t\t<\/div>\n\t\t<\/div><div class=\"col post-item\" >\n\t\t\t<div class=\"col-inner\">\n\t\t\t\t<div class=\"box box-default box-text-bottom box-blog-post has-hover\">\n            \t\t\t\t\t<div class=\"box-image\" >\n  \t\t\t\t\t\t<div class=\"image-cover\" style=\"padding-top:56.25%;\">\n\t\t\t\t\t\t\t<a href=\"https:\/\/membraneswitchmfg.com\/hu\/membrane-switches-in-game-controllers\/\" class=\"plain\" aria-label=\"A membr\u00e1nkapcsol\u00f3k el\u0151nyei a j\u00e1t\u00e9kvez\u00e9rl\u0151kben\">\n\t\t\t\t\t\t\t\t<img loading=\"lazy\" decoding=\"async\" width=\"1500\" height=\"924\" src=\"https:\/\/membraneswitchmfg.com\/wp-content\/uploads\/2024\/11\/Game-Controller1.jpg\" class=\"attachment-original size-original wp-post-image\" alt=\"J\u00e1t\u00e9kvez\u00e9rl\u0151\" srcset=\"https:\/\/membraneswitchmfg.com\/wp-content\/uploads\/2024\/11\/Game-Controller1.jpg 1500w, https:\/\/membraneswitchmfg.com\/wp-content\/uploads\/2024\/11\/Game-Controller1-300x185.jpg 300w, https:\/\/membraneswitchmfg.com\/wp-content\/uploads\/2024\/11\/Game-Controller1-1024x631.jpg 1024w, https:\/\/membraneswitchmfg.com\/wp-content\/uploads\/2024\/11\/Game-Controller1-768x473.jpg 768w, https:\/\/membraneswitchmfg.com\/wp-content\/uploads\/2024\/11\/Game-Controller1-18x12.jpg 18w, https:\/\/membraneswitchmfg.com\/wp-content\/uploads\/2024\/11\/Game-Controller1-600x370.jpg 600w\" sizes=\"auto, (max-width: 1500px) 100vw, 1500px\" \/>\t\t\t\t\t\t\t<\/a>\n  \t\t\t\t\t\t\t  \t\t\t\t\t\t\t  \t\t\t\t\t\t<\/div>\n  \t\t\t\t\t\t  \t\t\t\t\t<\/div>\n          \t\t\t\t\t<div class=\"box-text text-center\" >\n\t\t\t\t\t<div class=\"box-text-inner blog-post-inner\">\n\n\t\t\t\t\t\n\t\t\t\t\t\t\t\t\t\t<h5 class=\"post-title is-large\">\n\t\t\t\t\t\t<a href=\"https:\/\/membraneswitchmfg.com\/hu\/membrane-switches-in-game-controllers\/\" class=\"plain\">A membr\u00e1nkapcsol\u00f3k el\u0151nyei a j\u00e1t\u00e9kvez\u00e9rl\u0151kben<\/a>\n\t\t\t\t\t<\/h5>\n\t\t\t\t\t\t\t\t\t\t<div class=\"is-divider\"><\/div>\n\t\t\t\t\t\t\t\t\t\t<p class=\"from_the_blog_excerpt\">\n\t\t\t\t\t\tA membr\u00e1nkapcsol\u00f3k bevezet\u00e9se a j\u00e1t\u00e9kvez\u00e9rl\u0151k kulcsfontoss\u00e1g\u00fa \u00f6sszetev\u0151jek\u00e9nt. A j\u00e1t\u00e9k ter\u00fclet\u00e9n [...]\t\t\t\t\t<\/p>\n\t\t\t\t\t                    \n\t\t\t\t\t\n\t\t\t\t\t\n\t\t\t\t\t<\/div>\n\t\t\t\t\t<\/div>\n\t\t\t\t\t\t\t\t\t<\/div>\n\t\t\t<\/div>\n\t\t<\/div><div class=\"col post-item\" >\n\t\t\t<div class=\"col-inner\">\n\t\t\t\t<div class=\"box box-default box-text-bottom box-blog-post has-hover\">\n            \t\t\t\t\t<div class=\"box-image\" >\n  \t\t\t\t\t\t<div class=\"image-cover\" style=\"padding-top:56.25%;\">\n\t\t\t\t\t\t\t<a href=\"https:\/\/membraneswitchmfg.com\/hu\/membrane-switches-in-remote-controls\/\" class=\"plain\" aria-label=\"A membr\u00e1nkapcsol\u00f3k alkalmaz\u00e1sa a t\u00e1vir\u00e1ny\u00edt\u00f3kban\">\n\t\t\t\t\t\t\t\t<img loading=\"lazy\" decoding=\"async\" width=\"1583\" height=\"931\" src=\"https:\/\/membraneswitchmfg.com\/wp-content\/uploads\/2024\/11\/Remote-Controls1.jpg\" class=\"attachment-original size-original wp-post-image\" alt=\"T\u00e1vir\u00e1ny\u00edt\u00f3k\" srcset=\"https:\/\/membraneswitchmfg.com\/wp-content\/uploads\/2024\/11\/Remote-Controls1.jpg 1583w, https:\/\/membraneswitchmfg.com\/wp-content\/uploads\/2024\/11\/Remote-Controls1-300x176.jpg 300w, https:\/\/membraneswitchmfg.com\/wp-content\/uploads\/2024\/11\/Remote-Controls1-1024x602.jpg 1024w, https:\/\/membraneswitchmfg.com\/wp-content\/uploads\/2024\/11\/Remote-Controls1-768x452.jpg 768w, https:\/\/membraneswitchmfg.com\/wp-content\/uploads\/2024\/11\/Remote-Controls1-1536x903.jpg 1536w, https:\/\/membraneswitchmfg.com\/wp-content\/uploads\/2024\/11\/Remote-Controls1-18x12.jpg 18w, https:\/\/membraneswitchmfg.com\/wp-content\/uploads\/2024\/11\/Remote-Controls1-600x353.jpg 600w\" sizes=\"auto, (max-width: 1583px) 100vw, 1583px\" \/>\t\t\t\t\t\t\t<\/a>\n  \t\t\t\t\t\t\t  \t\t\t\t\t\t\t  \t\t\t\t\t\t<\/div>\n  \t\t\t\t\t\t  \t\t\t\t\t<\/div>\n          \t\t\t\t\t<div class=\"box-text text-center\" >\n\t\t\t\t\t<div class=\"box-text-inner blog-post-inner\">\n\n\t\t\t\t\t\n\t\t\t\t\t\t\t\t\t\t<h5 class=\"post-title is-large\">\n\t\t\t\t\t\t<a href=\"https:\/\/membraneswitchmfg.com\/hu\/membrane-switches-in-remote-controls\/\" class=\"plain\">A membr\u00e1nkapcsol\u00f3k alkalmaz\u00e1sa a t\u00e1vir\u00e1ny\u00edt\u00f3kban<\/a>\n\t\t\t\t\t<\/h5>\n\t\t\t\t\t\t\t\t\t\t<div class=\"is-divider\"><\/div>\n\t\t\t\t\t\t\t\t\t\t<p class=\"from_the_blog_excerpt\">\n\t\t\t\t\t\tA modern elektronika vil\u00e1g\u00e1ban a t\u00e1vir\u00e1ny\u00edt\u00f3k d\u00f6nt\u0151 szerepet j\u00e1tszanak a k\u00e9nyelmes [...]\t\t\t\t\t<\/p>\n\t\t\t\t\t                    \n\t\t\t\t\t\n\t\t\t\t\t\n\t\t\t\t\t<\/div>\n\t\t\t\t\t<\/div>\n\t\t\t\t\t\t\t\t\t<\/div>\n\t\t\t<\/div>\n\t\t<\/div><\/div>\n\t\t<\/div>\n\t\t\t\t\t<\/div>\n\n\t\n<\/div>\n\t\t<\/div>\n\t\t\t\t\t<\/div>\n\n\t\n<\/div>\n\t\t<\/div>\n\n\t\t\n<style>\n#section_1225694712 {\n  padding-top: 30px;\n  padding-bottom: 30px;\n}\n<\/style>\n\t<\/section>","protected":false},"excerpt":{"rendered":"","protected":false},"author":1,"featured_media":0,"parent":0,"menu_order":0,"comment_status":"closed","ping_status":"closed","template":"page-blank.php","meta":{"footnotes":""},"class_list":["post-2485","page","type-page","status-publish","hentry"],"_links":{"self":[{"href":"https:\/\/membraneswitchmfg.com\/hu\/wp-json\/wp\/v2\/pages\/2485","targetHints":{"allow":["GET"]}}],"collection":[{"href":"https:\/\/membraneswitchmfg.com\/hu\/wp-json\/wp\/v2\/pages"}],"about":[{"href":"https:\/\/membraneswitchmfg.com\/hu\/wp-json\/wp\/v2\/types\/page"}],"author":[{"embeddable":true,"href":"https:\/\/membraneswitchmfg.com\/hu\/wp-json\/wp\/v2\/users\/1"}],"replies":[{"embeddable":true,"href":"https:\/\/membraneswitchmfg.com\/hu\/wp-json\/wp\/v2\/comments?post=2485"}],"version-history":[{"count":8,"href":"https:\/\/membraneswitchmfg.com\/hu\/wp-json\/wp\/v2\/pages\/2485\/revisions"}],"predecessor-version":[{"id":2523,"href":"https:\/\/membraneswitchmfg.com\/hu\/wp-json\/wp\/v2\/pages\/2485\/revisions\/2523"}],"wp:attachment":[{"href":"https:\/\/membraneswitchmfg.com\/hu\/wp-json\/wp\/v2\/media?parent=2485"}],"curies":[{"name":"wp","href":"https:\/\/api.w.org\/{rel}","templated":true}]}}