{"id":1686,"date":"2024-06-22T14:56:03","date_gmt":"2024-06-22T14:56:03","guid":{"rendered":"https:\/\/membraneswitchmfg.com\/manufacturer\/ul-high-temperature-resistant-certification-label\/"},"modified":"2024-06-26T00:55:30","modified_gmt":"2024-06-26T00:55:30","slug":"ul-high-temperature-resistant-certification-label","status":"publish","type":"product","link":"https:\/\/membraneswitchmfg.com\/hu\/manufacturer\/ul-high-temperature-resistant-certification-label\/","title":{"rendered":"UL magas h\u0151m\u00e9rs\u00e9kletnek ellen\u00e1ll\u00f3 tan\u00fas\u00edt\u00f3 c\u00edmke"},"content":{"rendered":"<h2 class=\"\" data-sourcepos=\"1:1-1:109\">UL Magas H\u0151m\u00e9rs\u00e9kletnek Ellen\u00e1ll\u00f3 Tan\u00fas\u00edtv\u00e1ny C\u00edmk\u00e9k: Biztons\u00e1g \u00e9s Tart\u00f3ss\u00e1g Biztos\u00edt\u00e1sa Extr\u00e9m K\u00f6rnyezetekben<\/h2>\n<p data-sourcepos=\"3:1-3:104\">V\u00e9dje term\u00e9keit \u00e9s m\u00e1rk\u00e1j\u00e1t UL-tan\u00fas\u00edtv\u00e1nnyal rendelkez\u0151, magas h\u0151m\u00e9rs\u00e9kletnek ellen\u00e1ll\u00f3 c\u00edmk\u00e9kkel, amelyek ellen\u00e1llnak a zord k\u00f6r\u00fclm\u00e9nyeknek.<\/p>\n<p data-sourcepos=\"5:1-5:49\"><strong>P\u00e1ratlan Tart\u00f3ss\u00e1g Extr\u00e9m K\u00f6rnyezetekhez<\/strong><\/p>\n<p data-sourcepos=\"7:1-7:155\">UL-tan\u00fas\u00edtv\u00e1nnyal rendelkez\u0151, magas h\u0151m\u00e9rs\u00e9kletnek ellen\u00e1ll\u00f3 c\u00edmk\u00e9ink pr\u00e9mium anyagokb\u00f3l k\u00e9sz\u00fclnek, amelyek ellen\u00e1llnak a -40\u00b0C \u00e9s 500\u00b0C k\u00f6z\u00f6tti folyamatos h\u0151m\u00e9rs\u00e9kletnek (-40\u00b0F \u00e9s 932\u00b0F). Ellen\u00e1llnak a fakul\u00e1snak, a szakad\u00e1snak \u00e9s a k\u00e9miai leboml\u00e1snak, \u00edgy ide\u00e1lisak a felhaszn\u00e1l\u00e1suk sz\u00e9les k\u00f6r\u00e9ben.<\/p>\n<p data-sourcepos=\"9:1-9:38\"><strong>UL Tan\u00fas\u00edtv\u00e1ny a Nyugalom\u00e9rt<\/strong><\/p>\n<p data-sourcepos=\"11:1-11:62\">UL magas h\u0151m\u00e9rs\u00e9kletnek ellen\u00e1ll\u00f3 c\u00edmk\u00e9inket szigor\u00faan teszteli \u00e9s tan\u00fas\u00edtja az Underwriters Laboratories (UL), a biztons\u00e1gi szabv\u00e1nyok glob\u00e1lisan elismert vezet\u0151je. Ez a tan\u00fas\u00edtv\u00e1ny biztos\u00edtja, hogy c\u00edmk\u00e9ink megfelelnek a tart\u00f3ss\u00e1g, a teljes\u00edtm\u00e9ny \u00e9s a biztons\u00e1g legmagasabb k\u00f6vetelm\u00e9nyeinek.<\/p>\n<p data-sourcepos=\"13:1-13:89\"><strong>Partner\u00fcnk a k\u00ednai c\u00edmke vonalk\u00f3dnyomtat\u00f3 besz\u00e1ll\u00edt\u00f3kkal a kiv\u00e1l\u00f3 min\u0151s\u00e9g \u00e9s szak\u00e9rtelem \u00e9rdek\u00e9ben<\/strong><\/p>\n<p data-sourcepos=\"15:1-15:207\">A China Label Barcode Printer Suppliers-n\u00e9l elk\u00f6telezettek vagyunk amellett, hogy \u00fcgyfeleinknek a legmagasabb min\u0151s\u00e9g\u0171 UL magas h\u0151m\u00e9rs\u00e9kletnek ellen\u00e1ll\u00f3 c\u00edmk\u00e9ket \u00e9s a speci\u00e1lis alkalmaz\u00e1si ig\u00e9nyeik kiel\u00e9g\u00edt\u00e9s\u00e9hez sz\u00fcks\u00e9ges szak\u00e9rtelmet biztos\u00edtsuk.<\/p>\n<p data-sourcepos=\"17:1-17:82\"><strong>L\u00e9pjen kapcsolatba vel\u00fcnk m\u00e9g ma<\/strong> ha t\u00f6bbet szeretne megtudni UL magas h\u0151m\u00e9rs\u00e9kletnek ellen\u00e1ll\u00f3 c\u00edmk\u00e9inkr\u0151l.<\/p>","protected":false},"excerpt":{"rendered":"<p>A UL magas h\u0151m\u00e9rs\u00e9kletnek ellen\u00e1ll\u00f3 tan\u00fas\u00edt\u00e1si c\u00edmke igazolja, hogy a term\u00e9ket a UL (Underwriters Laboratories) tesztelte \u00e9s tan\u00fas\u00edtotta, hogy biztons\u00e1gosan ellen\u00e1ll a magas h\u0151m\u00e9rs\u00e9kletnek.<\/p>","protected":false},"featured_media":1660,"template":"","meta":[],"product_brand":[],"product_cat":[15],"product_tag":[],"class_list":{"0":"post-1686","1":"product","2":"type-product","3":"status-publish","4":"has-post-thumbnail","6":"product_cat-print-label","8":"first","9":"instock","10":"shipping-taxable","11":"product-type-simple"},"_links":{"self":[{"href":"https:\/\/membraneswitchmfg.com\/hu\/wp-json\/wp\/v2\/product\/1686","targetHints":{"allow":["GET"]}}],"collection":[{"href":"https:\/\/membraneswitchmfg.com\/hu\/wp-json\/wp\/v2\/product"}],"about":[{"href":"https:\/\/membraneswitchmfg.com\/hu\/wp-json\/wp\/v2\/types\/product"}],"wp:featuredmedia":[{"embeddable":true,"href":"https:\/\/membraneswitchmfg.com\/hu\/wp-json\/wp\/v2\/media\/1660"}],"wp:attachment":[{"href":"https:\/\/membraneswitchmfg.com\/hu\/wp-json\/wp\/v2\/media?parent=1686"}],"wp:term":[{"taxonomy":"product_brand","embeddable":true,"href":"https:\/\/membraneswitchmfg.com\/hu\/wp-json\/wp\/v2\/product_brand?post=1686"},{"taxonomy":"product_cat","embeddable":true,"href":"https:\/\/membraneswitchmfg.com\/hu\/wp-json\/wp\/v2\/product_cat?post=1686"},{"taxonomy":"product_tag","embeddable":true,"href":"https:\/\/membraneswitchmfg.com\/hu\/wp-json\/wp\/v2\/product_tag?post=1686"}],"curies":[{"name":"wp","href":"https:\/\/api.w.org\/{rel}","templated":true}]}}