{"id":1687,"date":"2024-06-22T14:56:03","date_gmt":"2024-06-22T14:56:03","guid":{"rendered":"https:\/\/membraneswitchmfg.com\/manufacturer\/csa-high-temperature-resistant-certification-label\/"},"modified":"2024-06-26T00:55:06","modified_gmt":"2024-06-26T00:55:06","slug":"csa-high-temperature-resistant-certification-label","status":"publish","type":"product","link":"https:\/\/membraneswitchmfg.com\/hu\/manufacturer\/csa-high-temperature-resistant-certification-label\/","title":{"rendered":"CSA magas h\u0151m\u00e9rs\u00e9kletnek ellen\u00e1ll\u00f3 tan\u00fas\u00edt\u00f3 c\u00edmke"},"content":{"rendered":"<h2 class=\"\" data-sourcepos=\"1:1-1:108\">CSA Magas H\u0151m\u00e9rs\u00e9kletnek Ellen\u00e1ll\u00f3 Tan\u00fas\u00edt\u00f3 C\u00edmk\u00e9k: Megfelel\u0151s\u00e9g \u00e9s Biztons\u00e1g Biztos\u00edt\u00e1sa Zord K\u00f6rnyezetben<\/h2>\n<p data-sourcepos=\"3:1-3:119\">V\u00e9dje term\u00e9keit \u00e9s m\u00e1rk\u00e1j\u00e1t CSA-tan\u00fas\u00edtv\u00e1nnyal rendelkez\u0151, magas h\u0151m\u00e9rs\u00e9kletnek ellen\u00e1ll\u00f3 c\u00edmk\u00e9kkel, amelyek ellen\u00e1llnak a sz\u00e9ls\u0151s\u00e9ges k\u00f6r\u00fclm\u00e9nyeknek.<\/p>\n<p data-sourcepos=\"5:1-5:51\"><strong>P\u00e1ratlan Tart\u00f3ss\u00e1g Ig\u00e9nyes K\u00f6rnyezetekhez<\/strong><\/p>\n<p data-sourcepos=\"7:1-7:152\">CSA magas h\u0151m\u00e9rs\u00e9kletnek ellen\u00e1ll\u00f3 c\u00edmk\u00e9inket \u00fagy tervezt\u00e9k, hogy ellen\u00e1lljanak a legnehezebb k\u00f6r\u00fclm\u00e9nyeknek, biztos\u00edtva, hogy term\u00e9kinform\u00e1ci\u00f3i tiszt\u00e1k, l\u00e1that\u00f3ak \u00e9s megfeleljenek a k\u00f6vetelm\u00e9nyeknek m\u00e9g intenz\u00edv h\u0151, agressz\u00edv vegyi anyagok \u00e9s kop\u00e1s eset\u00e9n is. Pr\u00e9mium anyagokb\u00f3l k\u00e9sz\u00fcltek, ezek a c\u00edmk\u00e9k ellen\u00e1llnak a -40\u00b0C \u00e9s 500\u00b0C (-40\u00b0F \u00e9s 932\u00b0F) k\u00f6z\u00f6tti h\u0151m\u00e9rs\u00e9kletnek val\u00f3 folyamatos kitetts\u00e9gnek.<\/p>\n<p data-sourcepos=\"9:1-9:23\"><strong>CSA Tan\u00fas\u00edtv\u00e1ny a Nyugalom\u00e9rt<\/strong><\/p>\n<p data-sourcepos=\"11:1-11:433\">CSA magas h\u0151m\u00e9rs\u00e9kletnek ellen\u00e1ll\u00f3 c\u00edmk\u00e9inket szigor\u00faan teszteli \u00e9s tan\u00fas\u00edtja a Canadian Standards Association (CSA), a biztons\u00e1gi szabv\u00e1nyok glob\u00e1lisan elismert vezet\u0151je. Ez a tan\u00fas\u00edtv\u00e1ny biztos\u00edtja, hogy c\u00edmk\u00e9ink megfelelnek a tart\u00f3ss\u00e1g, a teljes\u00edtm\u00e9ny \u00e9s a biztons\u00e1g legmagasabb k\u00f6vetelm\u00e9nyeinek, \u00edgy biztos\u00edtva a nyugalmat, hogy term\u00e9kazonos\u00edt\u00f3 \u00e9s biztons\u00e1gi jel\u00f6l\u00e9sei m\u00e9g a legig\u00e9nyesebb k\u00f6rnyezetben is \u00e9pek maradnak.<\/p>\n<p data-sourcepos=\"13:1-13:42\"><strong>Ide\u00e1lis Alkalmaz\u00e1sok Sz\u00e9les K\u00f6r\u00e9hez<\/strong><\/p>\n<p data-sourcepos=\"15:1-15:91\">CSA magas h\u0151m\u00e9rs\u00e9kletnek ellen\u00e1ll\u00f3 c\u00edmk\u00e9ink ide\u00e1lisak a felhaszn\u00e1l\u00e1sok sz\u00e9les k\u00f6r\u00e9ben, bele\u00e9rtve:<\/p>\n<ul data-sourcepos=\"17:1-22:0\">\n<li data-sourcepos=\"17:1-17:36\">Ipari g\u00e9pek \u00e9s berendez\u00e9sek<\/li>\n<li data-sourcepos=\"18:1-18:37\">Aut\u00f3ipari \u00e9s rep\u00fcl\u0151g\u00e9pipari alkatr\u00e9szek<\/li>\n<li data-sourcepos=\"19:1-19:28\">H\u00e1ztart\u00e1si g\u00e9pek \u00e9s elektronikai cikkek<\/li>\n<li data-sourcepos=\"20:1-20:17\">Orvostechnikai eszk\u00f6z\u00f6k<\/li>\n<li data-sourcepos=\"21:1-22:0\">K\u00fclt\u00e9ri feliratok \u00e9s c\u00edmk\u00e9k<\/li>\n<\/ul>\n<p data-sourcepos=\"23:1-23:89\"><strong>Partner\u00fcnk a k\u00ednai c\u00edmke vonalk\u00f3dnyomtat\u00f3 besz\u00e1ll\u00edt\u00f3kkal a kiv\u00e1l\u00f3 min\u0151s\u00e9g \u00e9s szak\u00e9rtelem \u00e9rdek\u00e9ben<\/strong><\/p>\n<p data-sourcepos=\"25:1-25:353\">A China Label Barcode Printer Suppliers-n\u00e9l elk\u00f6telezettek vagyunk amellett, hogy \u00fcgyfeleinknek a legmagasabb min\u0151s\u00e9g\u0171 CSA magas h\u0151m\u00e9rs\u00e9kletnek ellen\u00e1ll\u00f3 c\u00edmk\u00e9ket \u00e9s a speci\u00e1lis alkalmaz\u00e1si ig\u00e9nyeik kiel\u00e9g\u00edt\u00e9s\u00e9hez sz\u00fcks\u00e9ges szak\u00e9rtelmet biztos\u00edtsuk. Tapasztalt szakembereinkb\u0151l \u00e1ll\u00f3 csapatunk seg\u00edthet kiv\u00e1lasztani a megfelel\u0151 c\u00edmkeanyagot, ragaszt\u00f3t \u00e9s nyomtat\u00e1si lehet\u0151s\u00e9geket az \u00d6n egyedi ig\u00e9nyeihez.<\/p>\n<p data-sourcepos=\"27:1-27:181\"><strong>L\u00e9pjen kapcsolatba vel\u00fcnk m\u00e9g ma<\/strong> hogy t\u00f6bbet megtudjon CSA magas h\u0151m\u00e9rs\u00e9kletnek ellen\u00e1ll\u00f3 c\u00edmk\u00e9inkr\u0151l, \u00e9s arr\u00f3l, hogyan seg\u00edthet\u00fcnk megv\u00e9deni term\u00e9keit \u00e9s m\u00e1rk\u00e1j\u00e1t m\u00e9g a legnehezebb k\u00f6rnyezetben is.<\/p>","protected":false},"excerpt":{"rendered":"<p>A CSA magas h\u0151m\u00e9rs\u00e9kletnek ellen\u00e1ll\u00f3 tan\u00fas\u00edt\u00f3 c\u00edmke azt jelenti, hogy a term\u00e9ket a CSA (Canadian Standards Association) tesztelte \u00e9s tan\u00fas\u00edtotta, hogy hat\u00e9konyan \u00e9s biztons\u00e1gosan elviselje a magas h\u0151m\u00e9rs\u00e9kletet.<\/p>","protected":false},"featured_media":1653,"template":"","meta":[],"product_brand":[],"product_cat":[15],"product_tag":[],"class_list":{"0":"post-1687","1":"product","2":"type-product","3":"status-publish","4":"has-post-thumbnail","6":"product_cat-print-label","8":"first","9":"instock","10":"shipping-taxable","11":"product-type-simple"},"_links":{"self":[{"href":"https:\/\/membraneswitchmfg.com\/hu\/wp-json\/wp\/v2\/product\/1687","targetHints":{"allow":["GET"]}}],"collection":[{"href":"https:\/\/membraneswitchmfg.com\/hu\/wp-json\/wp\/v2\/product"}],"about":[{"href":"https:\/\/membraneswitchmfg.com\/hu\/wp-json\/wp\/v2\/types\/product"}],"wp:featuredmedia":[{"embeddable":true,"href":"https:\/\/membraneswitchmfg.com\/hu\/wp-json\/wp\/v2\/media\/1653"}],"wp:attachment":[{"href":"https:\/\/membraneswitchmfg.com\/hu\/wp-json\/wp\/v2\/media?parent=1687"}],"wp:term":[{"taxonomy":"product_brand","embeddable":true,"href":"https:\/\/membraneswitchmfg.com\/hu\/wp-json\/wp\/v2\/product_brand?post=1687"},{"taxonomy":"product_cat","embeddable":true,"href":"https:\/\/membraneswitchmfg.com\/hu\/wp-json\/wp\/v2\/product_cat?post=1687"},{"taxonomy":"product_tag","embeddable":true,"href":"https:\/\/membraneswitchmfg.com\/hu\/wp-json\/wp\/v2\/product_tag?post=1687"}],"curies":[{"name":"wp","href":"https:\/\/api.w.org\/{rel}","templated":true}]}}