{"id":1690,"date":"2024-06-22T14:56:03","date_gmt":"2024-06-22T14:56:03","guid":{"rendered":"https:\/\/membraneswitchmfg.com\/manufacturer\/electrical-power-cord-certification-label\/"},"modified":"2024-06-26T00:54:03","modified_gmt":"2024-06-26T00:54:03","slug":"electrical-power-cord-certification-label","status":"publish","type":"product","link":"https:\/\/membraneswitchmfg.com\/hu\/manufacturer\/electrical-power-cord-certification-label\/","title":{"rendered":"Elektromos t\u00e1pk\u00e1bel tan\u00fas\u00edt\u00f3 c\u00edmke"},"content":{"rendered":"<h2 class=\"\" data-sourcepos=\"1:1-1:77\">Elektromos t\u00e1pk\u00e1bel tan\u00fas\u00edt\u00e1si c\u00edmk\u00e9k: A biztons\u00e1g \u00e9s a megfelel\u0151s\u00e9g biztos\u00edt\u00e1sa<\/h2>\n<p data-sourcepos=\"3:1-3:140\">Biztos\u00edtsa elektromos t\u00e1pk\u00e1beleinek biztons\u00e1g\u00e1t \u00e9s megfelel\u0151s\u00e9g\u00e9t tart\u00f3s \u00e9s kiv\u00e1l\u00f3 min\u0151s\u00e9g\u0171 elektromos t\u00e1pk\u00e1bel tan\u00fas\u00edt\u00e1si c\u00edmk\u00e9inkkel. Ezek a c\u00edmk\u00e9k alapvet\u0151 inform\u00e1ci\u00f3kat ny\u00fajtanak a k\u00e1belekr\u0151l, seg\u00edtve az elektromos vesz\u00e9lyek megel\u0151z\u00e9s\u00e9t \u00e9s a szab\u00e1lyoz\u00e1si megfelel\u0151s\u00e9g biztos\u00edt\u00e1s\u00e1t.<\/p>\n<p data-sourcepos=\"5:1-5:51\"><strong>P\u00e1ratlan Tart\u00f3ss\u00e1g Ig\u00e9nyes K\u00f6rnyezetekhez<\/strong><\/p>\n<p data-sourcepos=\"7:1-7:3\">Elektromos t\u00e1pk\u00e1bel tan\u00fas\u00edt\u00e1si c\u00edmk\u00e9ink pr\u00e9mium anyagokb\u00f3l k\u00e9sz\u00fclnek, amelyek ellen\u00e1llnak a zord k\u00f6r\u00fclm\u00e9nyeknek, bele\u00e9rtve a sz\u00e9ls\u0151s\u00e9ges h\u0151m\u00e9rs\u00e9kleteket, a kop\u00e1st \u00e9s a vegyszereket. Ellen\u00e1llnak a fakul\u00e1snak, a szakad\u00e1snak \u00e9s a maszatol\u00f3d\u00e1snak, biztos\u00edtva, hogy a c\u00edmk\u00e9ken tal\u00e1lhat\u00f3 fontos inform\u00e1ci\u00f3k \u00e9vekig tiszt\u00e1k \u00e9s olvashat\u00f3k maradjanak.<\/p>\n<p data-sourcepos=\"9:1-9:51\"><strong>Alapvet\u0151 inform\u00e1ci\u00f3k a biztons\u00e1g \u00e9s a megfelel\u0151s\u00e9g \u00e9rdek\u00e9ben<\/strong><\/p>\n<p data-sourcepos=\"11:1-11:39\">Elektromos t\u00e1pk\u00e1bel tan\u00fas\u00edt\u00e1si c\u00edmk\u00e9ink olyan alapvet\u0151 inform\u00e1ci\u00f3kat tartalmaznak, mint p\u00e9ld\u00e1ul:<\/p>\n<ul data-sourcepos=\"13:1-17:0\">\n<li data-sourcepos=\"13:1-13:47\"><strong>Gy\u00e1rt\u00f3 neve \u00e9s el\u00e9rhet\u0151s\u00e9ge<\/strong><\/li>\n<li data-sourcepos=\"14:1-14:26\"><strong>K\u00e1bel t\u00edpusa \u00e9s n\u00e9vleges \u00e9rt\u00e9ke<\/strong><\/li>\n<li data-sourcepos=\"15:1-15:31\"><strong>Elektromos specifik\u00e1ci\u00f3k<\/strong><\/li>\n<li data-sourcepos=\"16:1-17:0\"><strong>Tan\u00fas\u00edt\u00e1si jel\u00f6l\u00e9sek<\/strong><\/li>\n<\/ul>\n<p data-sourcepos=\"18:1-18:111\">Ezek az inform\u00e1ci\u00f3k seg\u00edtenek biztos\u00edtani, hogy a k\u00e1beleket biztons\u00e1gosan \u00e9s a vonatkoz\u00f3 el\u0151\u00edr\u00e1soknak megfelel\u0151en haszn\u00e1lj\u00e1k.<\/p>\n<p data-sourcepos=\"20:1-20:53\"><strong>Ide\u00e1lis az elektromos alkalmaz\u00e1sok sz\u00e9les k\u00f6r\u00e9hez<\/strong><\/p>\n<p data-sourcepos=\"22:1-22:112\">Elektromos t\u00e1pk\u00e1bel tan\u00fas\u00edt\u00e1si c\u00edmk\u00e9ink ide\u00e1lisak az elektromos alkalmaz\u00e1sok sz\u00e9les k\u00f6r\u00e9hez, bele\u00e9rtve:<\/p>\n<ul data-sourcepos=\"24:1-25:28\">\n<li data-sourcepos=\"24:1-24:48\"><strong>T\u00e1pk\u00e1belek k\u00e9sz\u00fcl\u00e9kekhez \u00e9s elektronikai eszk\u00f6z\u00f6kh\u00f6z<\/strong><\/li>\n<li data-sourcepos=\"25:1-25:28\"><strong>Ipari t\u00e1pk\u00e1belek<\/strong><\/li>\n<li data-sourcepos=\"26:1-26:21\"><strong>Hosszabb\u00edt\u00f3k<\/strong><\/li>\n<li data-sourcepos=\"27:1-27:31\"><strong>K\u00e1belek orvosi eszk\u00f6z\u00f6kh\u00f6z<\/strong><\/li>\n<li data-sourcepos=\"28:1-29:0\"><strong>K\u00e1belek k\u00fclt\u00e9ri haszn\u00e1latra<\/strong><\/li>\n<\/ul>\n<p data-sourcepos=\"30:1-30:89\"><strong>Partner\u00fcnk a k\u00ednai c\u00edmke vonalk\u00f3dnyomtat\u00f3 besz\u00e1ll\u00edt\u00f3kkal a kiv\u00e1l\u00f3 min\u0151s\u00e9g \u00e9s szak\u00e9rtelem \u00e9rdek\u00e9ben<\/strong><\/p>\n<p data-sourcepos=\"32:1-32:358\">A China Label Barcode Printer Suppliers-n\u00e9l elk\u00f6telezettek vagyunk amellett, hogy \u00fcgyfeleinknek a legmagasabb min\u0151s\u00e9g\u0171 elektromos t\u00e1pk\u00e1bel tan\u00fas\u00edt\u00e1si c\u00edmk\u00e9ket \u00e9s a szak\u00e9rtelmet biztos\u00edtsuk, hogy megfeleljenek egyedi alkalmaz\u00e1si ig\u00e9nyeiknek. Tapasztalt szakembereinkb\u0151l \u00e1ll\u00f3 csapatunk seg\u00edthet kiv\u00e1lasztani a megfelel\u0151 c\u00edmkeanyagot, ragaszt\u00f3t \u00e9s nyomtat\u00e1si lehet\u0151s\u00e9geket az \u00d6n egyedi ig\u00e9nyeihez.<\/p>\n<p data-sourcepos=\"34:1-34:170\"><strong>L\u00e9pjen kapcsolatba vel\u00fcnk m\u00e9g ma<\/strong> hogy t\u00f6bbet megtudjon elektromos t\u00e1pk\u00e1bel tan\u00fas\u00edt\u00e1si c\u00edmk\u00e9inkr\u0151l, \u00e9s arr\u00f3l, hogyan seg\u00edthet\u00fcnk \u00d6nnek biztos\u00edtani elektromos k\u00e1beleinek biztons\u00e1g\u00e1t \u00e9s megfelel\u0151s\u00e9g\u00e9t.<\/p>","protected":false},"excerpt":{"rendered":"<p>Az elektromos t\u00e1pk\u00e1belek, k\u00fcl\u00f6n\u00f6sen a sz\u00f3rakoztat\u00f3 elektronik\u00e1ban, h\u00e1ztart\u00e1si g\u00e9pekben \u00e9s ipari alkalmaz\u00e1sokban haszn\u00e1ltak, gyakran szigor\u00fa biztons\u00e1gi \u00e9s teljes\u00edtm\u00e9nyi el\u0151\u00edr\u00e1soknak vannak al\u00e1vetve. Ezeket a szabv\u00e1nyokat a t\u00e1pk\u00e1beleken tal\u00e1lhat\u00f3 tan\u00fas\u00edt\u00e1si c\u00edmk\u00e9k vagy jel\u00f6l\u00e9sek igazolj\u00e1k.<\/p>","protected":false},"featured_media":1654,"template":"","meta":[],"product_brand":[],"product_cat":[15],"product_tag":[],"class_list":{"0":"post-1690","1":"product","2":"type-product","3":"status-publish","4":"has-post-thumbnail","6":"product_cat-print-label","8":"first","9":"instock","10":"shipping-taxable","11":"product-type-simple"},"_links":{"self":[{"href":"https:\/\/membraneswitchmfg.com\/hu\/wp-json\/wp\/v2\/product\/1690","targetHints":{"allow":["GET"]}}],"collection":[{"href":"https:\/\/membraneswitchmfg.com\/hu\/wp-json\/wp\/v2\/product"}],"about":[{"href":"https:\/\/membraneswitchmfg.com\/hu\/wp-json\/wp\/v2\/types\/product"}],"wp:featuredmedia":[{"embeddable":true,"href":"https:\/\/membraneswitchmfg.com\/hu\/wp-json\/wp\/v2\/media\/1654"}],"wp:attachment":[{"href":"https:\/\/membraneswitchmfg.com\/hu\/wp-json\/wp\/v2\/media?parent=1690"}],"wp:term":[{"taxonomy":"product_brand","embeddable":true,"href":"https:\/\/membraneswitchmfg.com\/hu\/wp-json\/wp\/v2\/product_brand?post=1690"},{"taxonomy":"product_cat","embeddable":true,"href":"https:\/\/membraneswitchmfg.com\/hu\/wp-json\/wp\/v2\/product_cat?post=1690"},{"taxonomy":"product_tag","embeddable":true,"href":"https:\/\/membraneswitchmfg.com\/hu\/wp-json\/wp\/v2\/product_tag?post=1690"}],"curies":[{"name":"wp","href":"https:\/\/api.w.org\/{rel}","templated":true}]}}