{"id":1691,"date":"2024-06-22T14:56:03","date_gmt":"2024-06-22T14:56:03","guid":{"rendered":"https:\/\/membraneswitchmfg.com\/manufacturer\/anti-counterfeiting-anti-theft-label\/"},"modified":"2024-06-26T00:51:33","modified_gmt":"2024-06-26T00:51:33","slug":"anti-counterfeiting-anti-theft-label","status":"publish","type":"product","link":"https:\/\/membraneswitchmfg.com\/hu\/manufacturer\/anti-counterfeiting-anti-theft-label\/","title":{"rendered":"Hamis\u00edt\u00e1s elleni lop\u00e1sg\u00e1tl\u00f3 c\u00edmke"},"content":{"rendered":"<h2 class=\"\" data-sourcepos=\"1:1-1:76\">Hamis\u00edt\u00e1s elleni lop\u00e1sg\u00e1tl\u00f3 c\u00edmk\u00e9k: A term\u00e9kek \u00e9s a m\u00e1rka v\u00e9delme<\/h2>\n<p data-sourcepos=\"3:1-3:90\">V\u00e9dje term\u00e9keit \u00e9s m\u00e1rk\u00e1ja h\u00edrnev\u00e9t innovat\u00edv, hamis\u00edt\u00e1s- \u00e9s lop\u00e1sg\u00e1tl\u00f3 c\u00edmk\u00e9inkkel. Ezeket a fejlett c\u00edmk\u00e9ket \u00fagy tervezt\u00e9k, hogy megakad\u00e1lyozz\u00e1k a hamis\u00edt\u00e1st, megel\u0151zz\u00e9k a lop\u00e1st, \u00e9s biztos\u00edts\u00e1k term\u00e9kei eredetis\u00e9g\u00e9t, \u00edgy biztos\u00edtva a nyugalmat mind \u00d6nnek, mind v\u00e1s\u00e1rl\u00f3inak.<\/p>\n<p data-sourcepos=\"5:1-5:31\"><strong>P\u00e1ratlan biztons\u00e1gi jellemz\u0151k<\/strong><\/p>\n<p data-sourcepos=\"7:1-7:110\">Hamis\u00edt\u00e1s elleni lop\u00e1sg\u00e1tl\u00f3 c\u00edmk\u00e9ink sz\u00e1mos kifinomult biztons\u00e1gi funkci\u00f3t tartalmaznak, t\u00f6bbek k\u00f6z\u00f6tt:<\/p>\n<ul data-sourcepos=\"9:1-11:15\">\n<li data-sourcepos=\"9:1-9:85\"><strong>Egyed\u00fcl\u00e1ll\u00f3, hamis\u00edt\u00e1sbiztos kialak\u00edt\u00e1s<\/strong> amelyek elt\u00f6rnek vagy rejtett \u00fczeneteket t\u00e1rnak fel elt\u00e1vol\u00edt\u00e1skor<\/li>\n<li data-sourcepos=\"10:1-10:66\"><strong>Be\u00e1gyazott mikrosz\u00f6veg<\/strong> amely csak nagy\u00edt\u00e1ssal l\u00e1that\u00f3<\/li>\n<li data-sourcepos=\"11:1-11:15\"><strong>Holografikus k\u00e9pek<\/strong> amely nem reproduk\u00e1lhat\u00f3<\/li>\n<li data-sourcepos=\"12:1-13:0\"><strong>Speci\u00e1lis tint\u00e1k<\/strong> amelyek reag\u00e1lnak bizonyos vegyi anyagokra vagy old\u00f3szerekre<\/li>\n<\/ul>\n<p data-sourcepos=\"14:1-14:152\">Ezek a jellemz\u0151k gyakorlatilag lehetetlenn\u00e9 teszik, hogy a hamis\u00edt\u00f3k lem\u00e1solj\u00e1k az \u00d6n c\u00edmk\u00e9it, \u00edgy v\u00e9dve term\u00e9keit \u00e9s m\u00e1rk\u00e1j\u00e1t az illet\u00e9ktelen ut\u00e1nz\u00e1st\u00f3l.<\/p>\n<p data-sourcepos=\"16:1-16:49\"><strong>Sokoldal\u00fa alkalmaz\u00e1sok a term\u00e9kv\u00e9delemhez<\/strong><\/p>\n<p data-sourcepos=\"18:1-18:99\">Hamis\u00edt\u00e1sg\u00e1tl\u00f3, lop\u00e1sg\u00e1tl\u00f3 c\u00edmk\u00e9ink az alkalmaz\u00e1sok sz\u00e9les k\u00f6r\u00e9re alkalmasak, t\u00f6bbek k\u00f6z\u00f6tt:<\/p>\n<ul data-sourcepos=\"20:1-23:1\">\n<li data-sourcepos=\"20:1-20:45\"><strong>Gy\u00f3gyszerek \u00e9s eg\u00e9szs\u00e9g\u00fcgyi term\u00e9kek<\/strong><\/li>\n<li data-sourcepos=\"21:1-21:36\"><strong>Elektronika \u00e9s fogyaszt\u00e1si cikkek<\/strong><\/li>\n<li data-sourcepos=\"22:1-22:32\"><strong>Luxuscikkek \u00e9s kozmetikumok<\/strong><\/li>\n<li data-sourcepos=\"23:1-23:1\"><strong>Ipari alkatr\u00e9szek \u00e9s g\u00e9pek<\/strong><\/li>\n<li data-sourcepos=\"24:1-25:0\"><strong>Szoftverek \u00e9s digit\u00e1lis term\u00e9kek<\/strong><\/li>\n<\/ul>\n<p data-sourcepos=\"26:1-26:166\">Ha c\u00edmk\u00e9inket alkalmazza term\u00e9kein, megakad\u00e1lyozhatja a hamis\u00edt\u00e1st, megel\u0151zheti a lop\u00e1st, \u00e9s biztos\u00edthatja, hogy v\u00e1s\u00e1rl\u00f3i val\u00f3di, enged\u00e9lyezett forr\u00e1sb\u00f3l sz\u00e1rmaz\u00f3 term\u00e9keket kapjanak.<\/p>\n<p data-sourcepos=\"28:1-28:89\"><strong>Partner\u00fcnk a k\u00ednai c\u00edmke vonalk\u00f3dnyomtat\u00f3 besz\u00e1ll\u00edt\u00f3kkal a kiv\u00e1l\u00f3 min\u0151s\u00e9g \u00e9s szak\u00e9rtelem \u00e9rdek\u00e9ben<\/strong><\/p>\n<p data-sourcepos=\"30:1-30:362\">A k\u00ednai c\u00edmke vonalk\u00f3dnyomtat\u00f3 besz\u00e1ll\u00edt\u00f3kn\u00e1l elk\u00f6telezettek vagyunk amellett, hogy \u00fcgyfeleinknek a legmagasabb min\u0151s\u00e9g\u0171 hamis\u00edt\u00e1s elleni lop\u00e1sg\u00e1tl\u00f3 c\u00edmk\u00e9ket \u00e9s a szak\u00e9rtelmet biztos\u00edtsuk, hogy megfeleljenek az egyedi alkalmaz\u00e1si ig\u00e9nyeiknek. Tapasztalt szakemberekb\u0151l \u00e1ll\u00f3 csapatunk seg\u00edthet kiv\u00e1lasztani a megfelel\u0151 c\u00edmkeanyagot, biztons\u00e1gi funkci\u00f3kat \u00e9s nyomtat\u00e1si lehet\u0151s\u00e9geket az \u00d6n egyedi k\u00f6vetelm\u00e9nyeihez.<\/p>\n<p data-sourcepos=\"32:1-32:169\"><strong>L\u00e9pjen kapcsolatba vel\u00fcnk m\u00e9g ma<\/strong> ha t\u00f6bbet szeretne megtudni a hamis\u00edt\u00e1s \u00e9s lop\u00e1s elleni c\u00edmk\u00e9inkr\u0151l, \u00e9s arr\u00f3l, hogyan seg\u00edthet\u00fcnk \u00d6nnek megv\u00e9deni term\u00e9keit \u00e9s m\u00e1rk\u00e1j\u00e1t a hamis\u00edt\u00e1st\u00f3l \u00e9s lop\u00e1st\u00f3l.<\/p>\n<p data-sourcepos=\"34:1-34:80\"><strong>Tov\u00e1bbi kulcsszavak:<\/strong> nyomtat\u00f3c\u00edmk\u00e9k, hamis\u00edt\u00e1s elleni c\u00edmkenyomtat\u00f3 v\u00e1llalat<\/p>","protected":false},"excerpt":{"rendered":"<p>A hamis\u00edt\u00e1s- \u00e9s lop\u00e1sg\u00e1tl\u00f3 c\u00edmk\u00e9k olyan speci\u00e1lis biztons\u00e1gi c\u00edmk\u00e9k \u00e9s jel\u00f6l\u00e9sek, amelyek c\u00e9lja a term\u00e9kek \u00e9s eszk\u00f6z\u00f6k v\u00e9delme a jogosulatlan sokszoros\u00edt\u00e1ssal, lop\u00e1ssal \u00e9s manipul\u00e1ci\u00f3val szemben. Ezek a c\u00edmk\u00e9k fejlett technol\u00f3gi\u00e1kat tartalmaznak a hiteless\u00e9g ellen\u0151rz\u00e9s\u00e9re, a hamis\u00edt\u00e1s megakad\u00e1lyoz\u00e1s\u00e1ra \u00e9s a lop\u00e1s megakad\u00e1lyoz\u00e1s\u00e1ra, biztos\u00edtva az \u00e1ruk s\u00e9rtetlens\u00e9g\u00e9t \u00e9s biztons\u00e1g\u00e1t a k\u00fcl\u00f6nb\u00f6z\u0151 ipar\u00e1gakban.<\/p>","protected":false},"featured_media":1652,"template":"","meta":[],"product_brand":[],"product_cat":[15],"product_tag":[],"class_list":{"0":"post-1691","1":"product","2":"type-product","3":"status-publish","4":"has-post-thumbnail","6":"product_cat-print-label","8":"first","9":"instock","10":"shipping-taxable","11":"product-type-simple"},"_links":{"self":[{"href":"https:\/\/membraneswitchmfg.com\/hu\/wp-json\/wp\/v2\/product\/1691","targetHints":{"allow":["GET"]}}],"collection":[{"href":"https:\/\/membraneswitchmfg.com\/hu\/wp-json\/wp\/v2\/product"}],"about":[{"href":"https:\/\/membraneswitchmfg.com\/hu\/wp-json\/wp\/v2\/types\/product"}],"wp:featuredmedia":[{"embeddable":true,"href":"https:\/\/membraneswitchmfg.com\/hu\/wp-json\/wp\/v2\/media\/1652"}],"wp:attachment":[{"href":"https:\/\/membraneswitchmfg.com\/hu\/wp-json\/wp\/v2\/media?parent=1691"}],"wp:term":[{"taxonomy":"product_brand","embeddable":true,"href":"https:\/\/membraneswitchmfg.com\/hu\/wp-json\/wp\/v2\/product_brand?post=1691"},{"taxonomy":"product_cat","embeddable":true,"href":"https:\/\/membraneswitchmfg.com\/hu\/wp-json\/wp\/v2\/product_cat?post=1691"},{"taxonomy":"product_tag","embeddable":true,"href":"https:\/\/membraneswitchmfg.com\/hu\/wp-json\/wp\/v2\/product_tag?post=1691"}],"curies":[{"name":"wp","href":"https:\/\/api.w.org\/{rel}","templated":true}]}}