{"id":1693,"date":"2024-06-22T14:56:03","date_gmt":"2024-06-22T14:56:03","guid":{"rendered":"https:\/\/membraneswitchmfg.com\/manufacturer\/removable-non-residual-electrostatic-film-label\/"},"modified":"2024-06-25T14:49:18","modified_gmt":"2024-06-25T14:49:18","slug":"removable-non-residual-electrostatic-film-label","status":"publish","type":"product","link":"https:\/\/membraneswitchmfg.com\/hu\/manufacturer\/removable-non-residual-electrostatic-film-label\/","title":{"rendered":"Elt\u00e1vol\u00edthat\u00f3, nem visszamarad\u00f3 elektrosztatikus filmc\u00edmke"},"content":{"rendered":"<h2 class=\"\" data-sourcepos=\"3:1-3:94\">Elt\u00e1vol\u00edthat\u00f3, nem marad\u00f3 elektrosztatikus f\u00f3lia c\u00edmk\u00e9k: Sokoldal\u00fa \u00e9s \u00fajrafelhaszn\u00e1lhat\u00f3 c\u00edmk\u00e9z\u00e9si megold\u00e1sok<\/h2>\n<p data-sourcepos=\"5:1-5:318\">Haszn\u00e1lja ki az \u00fajrafelhaszn\u00e1lhat\u00f3 c\u00edmk\u00e9z\u00e9s k\u00e9nyelm\u00e9t az elt\u00e1vol\u00edthat\u00f3, nem marad\u00f3 elektrosztatikus f\u00f3lia c\u00edmk\u00e9inkkel. Ezek a sokoldal\u00fa c\u00edmk\u00e9k probl\u00e9mamentes megold\u00e1st k\u00edn\u00e1lnak ideiglenes feliratokhoz, term\u00e9kazonos\u00edt\u00e1shoz \u00e9s prom\u00f3ci\u00f3s \u00fczenetekhez, biztons\u00e1gosan tapadnak a fel\u00fcletek sz\u00e9les sk\u00e1l\u00e1j\u00e1hoz an\u00e9lk\u00fcl, hogy ragacsos maradv\u00e1nyokat hagyn\u00e1nak maguk ut\u00e1n.<\/p>\n<p data-sourcepos=\"7:1-7:52\"><strong>P\u00e1ratlan sokoldal\u00fas\u00e1g ideiglenes alkalmaz\u00e1sokhoz<\/strong><\/p>\n<p data-sourcepos=\"9:1-9:162\">Az elt\u00e1vol\u00edthat\u00f3, nem marad\u00f3 elektrosztatikus f\u00f3lia c\u00edmk\u00e9ink ide\u00e1lisak olyan alkalmaz\u00e1sokhoz, ahol a c\u00edmk\u00e9ket gyakran el kell t\u00e1vol\u00edtani \u00e9s \u00e1t kell helyezni. T\u00f6k\u00e9letesek:<\/p>\n<ul data-sourcepos=\"11:1-16:0\">\n<li data-sourcepos=\"11:1-11:36\"><strong>Kiskereskedelmi \u00e9s prom\u00f3ci\u00f3s feliratok<\/strong><\/li>\n<li data-sourcepos=\"12:1-12:38\"><strong>Rakt\u00e1ri \u00e9s k\u00e9szletc\u00edmk\u00e9z\u00e9s<\/strong><\/li>\n<li data-sourcepos=\"13:1-13:40\"><strong>Ideiglenes irodai \u00e9s rendezv\u00e9nyfeliratok<\/strong><\/li>\n<li data-sourcepos=\"14:1-14:41\"><strong>Term\u00e9kc\u00edmk\u00e9z\u00e9s \u00e9s azonos\u00edt\u00e1s<\/strong><\/li>\n<li data-sourcepos=\"15:1-16:0\"><strong>Oktat\u00e1si \u00e9s oktat\u00f3 jelz\u00e9sek<\/strong><\/li>\n<\/ul>\n<p data-sourcepos=\"17:1-17:29\"><strong>\u00dajrafelhaszn\u00e1lhat\u00f3 \u00e9s maradv\u00e1nymentes<\/strong><\/p>\n<p data-sourcepos=\"19:1-19:284\">Kiv\u00e1l\u00f3 min\u0151s\u00e9g\u0171 elektrosztatikus f\u00f3li\u00e1b\u00f3l k\u00e9sz\u00fcltek, ezek a c\u00edmk\u00e9k ragaszt\u00f3anyagok n\u00e9lk\u00fcl is biztons\u00e1gosan tapadnak a sima fel\u00fcletekre. K\u00f6nnyen elt\u00e1vol\u00edthat\u00f3k \u00e9s \u00e1thelyezhet\u0151k an\u00e9lk\u00fcl, hogy ragacsos maradv\u00e1nyokat hagyn\u00e1nak maguk ut\u00e1n, \u00edgy fenntarthat\u00f3 \u00e9s k\u00f6rnyezetbar\u00e1t c\u00edmk\u00e9z\u00e9si megold\u00e1st jelentenek.<\/p>\n<p data-sourcepos=\"21:1-21:2\"><strong>Kompatibilis a nyomtat\u00f3k sz\u00e9les v\u00e1laszt\u00e9k\u00e1val<\/strong><\/p>\n<p data-sourcepos=\"23:1-23:243\">Az elt\u00e1vol\u00edthat\u00f3, nem marad\u00f3 elektrosztatikus f\u00f3lia c\u00edmk\u00e9ink kompatibilisek a tintasugaras \u00e9s l\u00e9zernyomtat\u00f3k sz\u00e9les v\u00e1laszt\u00e9k\u00e1val, lehet\u0151v\u00e9 t\u00e9ve egyedi c\u00edmk\u00e9k h\u00e1zon bel\u00fcli l\u00e9trehoz\u00e1s\u00e1t. K\u00fcl\u00f6nf\u00e9le m\u00e9retekben \u00e9s form\u00e1kban kaphat\u00f3k, hogy megfeleljenek az \u00d6n egyedi ig\u00e9nyeinek.<\/p>\n<p data-sourcepos=\"25:1-25:89\"><strong>Partner\u00fcnk a k\u00ednai c\u00edmke vonalk\u00f3dnyomtat\u00f3 besz\u00e1ll\u00edt\u00f3kkal a kiv\u00e1l\u00f3 min\u0151s\u00e9g \u00e9s szak\u00e9rtelem \u00e9rdek\u00e9ben<\/strong><\/p>\n<p data-sourcepos=\"27:1-27:360\">A China Label Barcode Printer Suppliers-n\u00e9l elk\u00f6telezettek vagyunk amellett, hogy \u00fcgyfeleinknek a legmagasabb min\u0151s\u00e9g\u0171 elt\u00e1vol\u00edthat\u00f3, nem marad\u00f3 elektrosztatikus f\u00f3lia c\u00edmk\u00e9ket \u00e9s a szak\u00e9rtelmet biztos\u00edtsuk, hogy megfeleljenek az egyedi alkalmaz\u00e1si ig\u00e9nyeiknek. Tapasztalt szakembereinkb\u0151l \u00e1ll\u00f3 csapatunk seg\u00edthet kiv\u00e1lasztani a megfelel\u0151 c\u00edmkeanyagot, m\u00e9retet \u00e9s nyomtat\u00e1si lehet\u0151s\u00e9geket az \u00d6n egyedi ig\u00e9nyeihez.<\/p>\n<p data-sourcepos=\"29:1-29:170\"><strong>L\u00e9pjen kapcsolatba vel\u00fcnk m\u00e9g ma<\/strong> hogy t\u00f6bbet megtudjon az elt\u00e1vol\u00edthat\u00f3, nem marad\u00f3 elektrosztatikus f\u00f3lia c\u00edmk\u00e9inkr\u0151l, \u00e9s arr\u00f3l, hogyan seg\u00edthet\u00fcnk \u00d6nnek a c\u00edmk\u00e9z\u00e9si folyamatok egyszer\u0171s\u00edt\u00e9s\u00e9ben \u00e9s a hullad\u00e9k cs\u00f6kkent\u00e9s\u00e9ben.<\/p>","protected":false},"excerpt":{"rendered":"<p>A nem marad\u00f3, elt\u00e1vol\u00edthat\u00f3 elektrosztatikus f\u00f3lia c\u00edmk\u00e9k egy olyan c\u00edmket\u00edpus, amely statikus elektromoss\u00e1g seg\u00edts\u00e9g\u00e9vel tapad a fel\u00fcletekre, nem pedig ragaszt\u00f3val. Ez az egyedi tulajdons\u00e1g lehet\u0151v\u00e9 teszi, hogy k\u00f6nnyen felhelyezhet\u0151k \u00e9s elt\u00e1vol\u00edthat\u00f3k legyenek an\u00e9lk\u00fcl, hogy ragacsos maradv\u00e1nyt hagyn\u00e1nak vagy k\u00e1rt okozn\u00e1nak.<\/p>","protected":false},"featured_media":1658,"template":"","meta":[],"product_brand":[],"product_cat":[15],"product_tag":[],"class_list":{"0":"post-1693","1":"product","2":"type-product","3":"status-publish","4":"has-post-thumbnail","6":"product_cat-print-label","8":"first","9":"instock","10":"shipping-taxable","11":"product-type-simple"},"_links":{"self":[{"href":"https:\/\/membraneswitchmfg.com\/hu\/wp-json\/wp\/v2\/product\/1693","targetHints":{"allow":["GET"]}}],"collection":[{"href":"https:\/\/membraneswitchmfg.com\/hu\/wp-json\/wp\/v2\/product"}],"about":[{"href":"https:\/\/membraneswitchmfg.com\/hu\/wp-json\/wp\/v2\/types\/product"}],"wp:featuredmedia":[{"embeddable":true,"href":"https:\/\/membraneswitchmfg.com\/hu\/wp-json\/wp\/v2\/media\/1658"}],"wp:attachment":[{"href":"https:\/\/membraneswitchmfg.com\/hu\/wp-json\/wp\/v2\/media?parent=1693"}],"wp:term":[{"taxonomy":"product_brand","embeddable":true,"href":"https:\/\/membraneswitchmfg.com\/hu\/wp-json\/wp\/v2\/product_brand?post=1693"},{"taxonomy":"product_cat","embeddable":true,"href":"https:\/\/membraneswitchmfg.com\/hu\/wp-json\/wp\/v2\/product_cat?post=1693"},{"taxonomy":"product_tag","embeddable":true,"href":"https:\/\/membraneswitchmfg.com\/hu\/wp-json\/wp\/v2\/product_tag?post=1693"}],"curies":[{"name":"wp","href":"https:\/\/api.w.org\/{rel}","templated":true}]}}