{"id":1694,"date":"2024-06-22T14:56:04","date_gmt":"2024-06-22T14:56:04","guid":{"rendered":"https:\/\/membraneswitchmfg.com\/manufacturer\/listing-card-product-manual\/"},"modified":"2024-06-25T14:40:27","modified_gmt":"2024-06-25T14:40:27","slug":"listing-card-product-manual","status":"publish","type":"product","link":"https:\/\/membraneswitchmfg.com\/hu\/manufacturer\/listing-card-product-manual\/","title":{"rendered":"List\u00e1z\u00e1si k\u00e1rtya \u00e9s term\u00e9kk\u00e9zik\u00f6nyv"},"content":{"rendered":"<h2 class=\"\" data-sourcepos=\"1:1-1:87\">Term\u00e9kk\u00e1rty\u00e1k \u00e9s term\u00e9kle\u00edr\u00e1sok: A term\u00e9kbemutat\u00f3 \u00e9s a m\u00e1rkaidentit\u00e1s jav\u00edt\u00e1sa<\/h2>\n<p data-sourcepos=\"3:1-3:108\">Emelje term\u00e9ke bemutat\u00e1s\u00e1t \u00e9s m\u00e1rkaidentit\u00e1s\u00e1t kiv\u00e1l\u00f3 min\u0151s\u00e9g\u0171 term\u00e9kk\u00e1rty\u00e1inkkal \u00e9s term\u00e9kle\u00edr\u00e1sainkkal. Ezek az alapvet\u0151 eszk\u00f6z\u00f6k \u00e9rt\u00e9kes inform\u00e1ci\u00f3kat ny\u00fajtanak az \u00fcgyfeleknek, jav\u00edtva a v\u00e1s\u00e1rl\u00e1si \u00e9lm\u00e9nyt \u00e9s el\u0151seg\u00edtve a m\u00e1rkah\u0171s\u00e9get.<\/p>\n<p data-sourcepos=\"5:1-5:56\"><strong>Term\u00e9kk\u00e1rty\u00e1k: Vil\u00e1gos \u00e9s t\u00f6m\u00f6r term\u00e9kinform\u00e1ci\u00f3k<\/strong><\/p>\n<p data-sourcepos=\"7:1-7:21\">A term\u00e9kk\u00e1rty\u00e1k t\u00f6m\u00f6r \u00e9s informat\u00edv \u00e1ttekint\u00e9st ny\u00fajtanak term\u00e9keir\u0151l, \u00e9s egy pillant\u00e1ssal l\u00e9nyeges r\u00e9szleteket k\u00f6z\u00f6lnek. Ide\u00e1lisak:<\/p>\n<ul data-sourcepos=\"9:1-12:0\">\n<li data-sourcepos=\"9:1-9:64\"><strong>A term\u00e9knevek, le\u00edr\u00e1sok \u00e9s specifik\u00e1ci\u00f3k megjelen\u00edt\u00e9s\u00e9re<\/strong><\/li>\n<li data-sourcepos=\"10:1-10:44\"><strong>A legfontosabb jellemz\u0151k \u00e9s el\u0151ny\u00f6k kiemel\u00e9s\u00e9re<\/strong><\/li>\n<li data-sourcepos=\"11:1-12:0\"><strong>Term\u00e9kk\u00e9pek \u00e9s m\u00e1rka\u00e9p\u00edt\u00e9s bemutat\u00e1s\u00e1ra<\/strong><\/li>\n<\/ul>\n<p data-sourcepos=\"13:1-13:48\"><strong>Term\u00e9kle\u00edr\u00e1sok: \u00c1tfog\u00f3 felhaszn\u00e1l\u00f3i \u00fatmutat\u00f3<\/strong><\/p>\n<p data-sourcepos=\"15:1-15:23\">A term\u00e9kle\u00edr\u00e1sok \u00e1tfog\u00f3 utas\u00edt\u00e1sokat \u00e9s \u00fatmutat\u00e1st ny\u00fajtanak term\u00e9keihez, biztos\u00edtva az \u00fcgyfelek el\u00e9gedetts\u00e9g\u00e9t \u00e9s cs\u00f6kkentve a t\u00e1mogat\u00e1si k\u00f6lts\u00e9geket. Tartalmazz\u00e1k:<\/p>\n<ul data-sourcepos=\"17:1-21:0\">\n<li data-sourcepos=\"17:1-17:50\"><strong>R\u00e9szletes telep\u00edt\u00e9si \u00e9s be\u00e1ll\u00edt\u00e1si utas\u00edt\u00e1sok<\/strong><\/li>\n<li data-sourcepos=\"18:1-18:39\"><strong>L\u00e9p\u00e9sr\u0151l l\u00e9p\u00e9sre t\u00f6rt\u00e9n\u0151 m\u0171k\u00f6d\u00e9si elj\u00e1r\u00e1sok<\/strong><\/li>\n<li data-sourcepos=\"19:1-19:35\"><strong>Hibaelh\u00e1r\u00edt\u00e1si tippek \u00e9s GYIK<\/strong><\/li>\n<li data-sourcepos=\"20:1-21:0\"><strong>Biztons\u00e1gi figyelmeztet\u00e9sek \u00e9s \u00f3vint\u00e9zked\u00e9sek<\/strong><\/li>\n<\/ul>\n<p data-sourcepos=\"22:1-22:89\"><strong>Partner\u00fcnk a k\u00ednai c\u00edmke vonalk\u00f3dnyomtat\u00f3 besz\u00e1ll\u00edt\u00f3kkal a kiv\u00e1l\u00f3 min\u0151s\u00e9g \u00e9s szak\u00e9rtelem \u00e9rdek\u00e9ben<\/strong><\/p>\n<p data-sourcepos=\"24:1-24:316\">A China Label Barcode Printer Suppliers v\u00e1llalatn\u00e1l elk\u00f6telezettek vagyunk amellett, hogy \u00fcgyfeleinknek a legmagasabb min\u0151s\u00e9g\u0171 term\u00e9kk\u00e1rty\u00e1kat \u00e9s term\u00e9kle\u00edr\u00e1sokat biztos\u00edtsuk. Tapasztalt szakembereinkb\u0151l \u00e1ll\u00f3 csapatunk seg\u00edthet \u00d6nnek olyan egyedi anyagok tervez\u00e9s\u00e9ben \u00e9s l\u00e9trehoz\u00e1s\u00e1ban, amelyek \u00f6sszhangban vannak a m\u00e1rkaidentit\u00e1s\u00e1val, \u00e9s hat\u00e9konyan kommunik\u00e1lj\u00e1k a term\u00e9kinform\u00e1ci\u00f3kat.<\/p>\n<p data-sourcepos=\"26:1-26:62\"><strong>L\u00e9pjen kapcsolatba vel\u00fcnk m\u00e9g ma<\/strong> hogy t\u00f6bbet megtudjon term\u00e9kk\u00e1rty\u00e1inkr\u00f3l \u00e9s term\u00e9kle\u00edr\u00e1sainkr\u00f3l, valamint arr\u00f3l, hogyan seg\u00edthet\u00fcnk \u00d6nnek term\u00e9ke bemutat\u00e1s\u00e1nak jav\u00edt\u00e1s\u00e1ban, az \u00fcgyf\u00e9l\u00e9lm\u00e9ny jav\u00edt\u00e1s\u00e1ban \u00e9s a m\u00e1rka er\u0151s\u00edt\u00e9s\u00e9ben.<\/p>\n<p data-sourcepos=\"28:1-28:150\"><strong>Tov\u00e1bbi kulcsszavak:<\/strong> sd k\u00e1rtya nyomtat\u00f3 c\u00edmk\u00e9k, igazolv\u00e1ny c\u00edmke nyomtat\u00f3, c\u00edmke k\u00e1rtya nyomtat\u00f3, c\u00edmk\u00e9k nyomtat\u00e1sa kar\u00e1csonyi k\u00e9peslapokra, nyomtatott karton c\u00edmk\u00e9k<\/p>","protected":false},"excerpt":{"rendered":"<p>A term\u00e9kismertet\u0151 k\u00e1rtya vagy term\u00e9k k\u00e9zik\u00f6nyve egy olyan dokumentum, amely r\u00e9szletes inform\u00e1ci\u00f3kat ny\u00fajt egy term\u00e9kr\u0151l vagy szolg\u00e1ltat\u00e1sr\u00f3l. \u00c1ltal\u00e1ban a v\u00e1llalkoz\u00e1sok haszn\u00e1lj\u00e1k arra, hogy t\u00e1j\u00e9koztass\u00e1k az \u00fcgyfeleket term\u00e9keik jellemz\u0151ir\u0151l, el\u0151nyeir\u0151l \u00e9s specifik\u00e1ci\u00f3ir\u00f3l.<\/p>","protected":false},"featured_media":1657,"template":"","meta":[],"product_brand":[],"product_cat":[15],"product_tag":[],"class_list":{"0":"post-1694","1":"product","2":"type-product","3":"status-publish","4":"has-post-thumbnail","6":"product_cat-print-label","8":"first","9":"instock","10":"shipping-taxable","11":"product-type-simple"},"_links":{"self":[{"href":"https:\/\/membraneswitchmfg.com\/hu\/wp-json\/wp\/v2\/product\/1694","targetHints":{"allow":["GET"]}}],"collection":[{"href":"https:\/\/membraneswitchmfg.com\/hu\/wp-json\/wp\/v2\/product"}],"about":[{"href":"https:\/\/membraneswitchmfg.com\/hu\/wp-json\/wp\/v2\/types\/product"}],"wp:featuredmedia":[{"embeddable":true,"href":"https:\/\/membraneswitchmfg.com\/hu\/wp-json\/wp\/v2\/media\/1657"}],"wp:attachment":[{"href":"https:\/\/membraneswitchmfg.com\/hu\/wp-json\/wp\/v2\/media?parent=1694"}],"wp:term":[{"taxonomy":"product_brand","embeddable":true,"href":"https:\/\/membraneswitchmfg.com\/hu\/wp-json\/wp\/v2\/product_brand?post=1694"},{"taxonomy":"product_cat","embeddable":true,"href":"https:\/\/membraneswitchmfg.com\/hu\/wp-json\/wp\/v2\/product_cat?post=1694"},{"taxonomy":"product_tag","embeddable":true,"href":"https:\/\/membraneswitchmfg.com\/hu\/wp-json\/wp\/v2\/product_tag?post=1694"}],"curies":[{"name":"wp","href":"https:\/\/api.w.org\/{rel}","templated":true}]}}