{"id":1695,"date":"2024-06-22T14:56:04","date_gmt":"2024-06-22T14:56:04","guid":{"rendered":"https:\/\/membraneswitchmfg.com\/manufacturer\/screen-printed-panel-signs-and-warning-labels\/"},"modified":"2024-06-25T14:46:40","modified_gmt":"2024-06-25T14:46:40","slug":"screen-printed-panel-signs-and-warning-labels","status":"publish","type":"product","link":"https:\/\/membraneswitchmfg.com\/hu\/manufacturer\/screen-printed-panel-signs-and-warning-labels\/","title":{"rendered":"Szitanyom\u00e1s\u00fa t\u00e1bl\u00e1k \u00e9s figyelmeztet\u0151 c\u00edmk\u00e9k"},"content":{"rendered":"<h2 class=\"\" data-sourcepos=\"1:1-1:83\">Szitanyomott panel t\u00e1bl\u00e1k \u00e9s figyelmeztet\u0151 c\u00edmk\u00e9k: Fokozott biztons\u00e1g \u00e9s kommunik\u00e1ci\u00f3<\/h2>\n<p data-sourcepos=\"3:1-3:330\">K\u00f6z\u00f6lj\u00f6n l\u00e9nyeges biztons\u00e1gi \u00fczeneteket \u00e9s fontos inform\u00e1ci\u00f3kat hat\u00e9konyan a tart\u00f3s \u00e9s testreszabhat\u00f3 szitanyomott panel t\u00e1bl\u00e1inkkal \u00e9s figyelmeztet\u0151 c\u00edmk\u00e9inkkel. Ezeket a sokoldal\u00fa t\u00e1bl\u00e1kat \u00fagy tervezt\u00e9k, hogy ellen\u00e1lljanak a zord k\u00f6rnyezetnek, \u00e9s biztos\u00edts\u00e1k, hogy \u00fczenetei vil\u00e1gosak, l\u00e1that\u00f3ak \u00e9s figyelemfelkelt\u0151ek maradjanak, m\u00e9g ig\u00e9nyes k\u00f6r\u00fclm\u00e9nyek k\u00f6z\u00f6tt is.<\/p>\n<p data-sourcepos=\"5:1-5:2\"><strong>P\u00e1ratlan Tart\u00f3ss\u00e1g Ig\u00e9nyes K\u00f6rnyezetekhez<\/strong><\/p>\n<p data-sourcepos=\"7:1-7:134\">A kiv\u00e1l\u00f3 min\u0151s\u00e9g\u0171 anyagokb\u00f3l \u00e9s a fejlett szitanyom\u00e1si technik\u00e1k felhaszn\u00e1l\u00e1s\u00e1val k\u00e9sz\u00fclt panel t\u00e1bl\u00e1ink \u00e9s figyelmeztet\u0151 c\u00edmk\u00e9ink tart\u00f3sra k\u00e9sz\u00fcltek. Ellen\u00e1llnak a fakul\u00e1snak, a szakad\u00e1snak \u00e9s a k\u00e9miai leboml\u00e1snak, biztos\u00edtva, hogy \u00fczenetei \u00e9vekig l\u00e1that\u00f3ak \u00e9s hat\u00e9konyak maradjanak.<\/p>\n<p data-sourcepos=\"9:1-9:17\"><strong>Testreszabhat\u00f3 az \u00d6n egyedi ig\u00e9nyeinek megfelel\u0151en<\/strong><\/p>\n<p data-sourcepos=\"11:1-11:86\">A testreszab\u00e1si lehet\u0151s\u00e9gek sz\u00e9les sk\u00e1l\u00e1j\u00e1t k\u00edn\u00e1ljuk az \u00d6n egyedi ig\u00e9nyeinek megfelel\u0151en, t\u00f6bbek k\u00f6z\u00f6tt:<\/p>\n<ul data-sourcepos=\"13:1-17:0\">\n<li data-sourcepos=\"13:1-13:60\"><strong>K\u00fcl\u00f6nf\u00e9le m\u00e9retek \u00e9s form\u00e1k, hogy b\u00e1rmilyen \u00fczenethez illeszkedjenek<\/strong><\/li>\n<li data-sourcepos=\"14:1-14:49\"><strong>Teljes sz\u00ednnyom\u00e1s a nagy hat\u00e1s\u00fa l\u00e1tv\u00e1nyelemek\u00e9rt<\/strong><\/li>\n<li data-sourcepos=\"15:1-15:67\"><strong>Testreszabhat\u00f3 sz\u00f6veg \u00e9s grafika az \u00fczenet egy\u00e9rtelm\u0171 k\u00f6zvet\u00edt\u00e9s\u00e9hez<\/strong><\/li>\n<li data-sourcepos=\"16:1-17:0\"><strong>Anyagv\u00e1laszt\u00e9k a k\u00f6rnyezetnek megfelel\u0151en<\/strong><\/li>\n<\/ul>\n<p data-sourcepos=\"18:1-18:53\"><strong>Ide\u00e1lis az ipari alkalmaz\u00e1sok sz\u00e9les k\u00f6r\u00e9hez<\/strong><\/p>\n<p data-sourcepos=\"20:1-20:65\">Szitanyomott panel t\u00e1bl\u00e1ink \u00e9s figyelmeztet\u0151 c\u00edmk\u00e9ink ide\u00e1lisak az ipari alkalmaz\u00e1sok sz\u00e9les k\u00f6r\u00e9hez, bele\u00e9rtve:<\/p>\n<ul data-sourcepos=\"22:1-27:0\">\n<li data-sourcepos=\"22:1-22:38\"><strong>Biztons\u00e1gi figyelmeztet\u00e9sek \u00e9s utas\u00edt\u00e1sok<\/strong><\/li>\n<li data-sourcepos=\"23:1-23:36\"><strong>Szab\u00e1lyoz\u00e1si megfelel\u0151s\u00e9gi jel\u00f6l\u00e9sek<\/strong><\/li>\n<li data-sourcepos=\"24:1-24:47\"><strong>Vesz\u00e9lyazonos\u00edt\u00e1s \u00e9s figyelmeztet\u0151 jelz\u00e9sek<\/strong><\/li>\n<li data-sourcepos=\"25:1-25:43\"><strong>Ir\u00e1ny\u00edt\u00f3 \u00e9s t\u00e1j\u00e9koztat\u00f3 jelz\u00e9sek<\/strong><\/li>\n<li data-sourcepos=\"26:1-27:0\"><strong>\u00c9p\u00edt\u00e9si ter\u00fclet jelz\u00e9se<\/strong><\/li>\n<\/ul>\n<p data-sourcepos=\"28:1-28:89\"><strong>Partner\u00fcnk a k\u00ednai c\u00edmke vonalk\u00f3dnyomtat\u00f3 besz\u00e1ll\u00edt\u00f3kkal a kiv\u00e1l\u00f3 min\u0151s\u00e9g \u00e9s szak\u00e9rtelem \u00e9rdek\u00e9ben<\/strong><\/p>\n<p data-sourcepos=\"30:1-30:333\">A China Label Barcode Printer Suppliers-n\u00e9l elk\u00f6telezettek vagyunk amellett, hogy \u00fcgyfeleinknek a legmagasabb min\u0151s\u00e9g\u0171 szitanyomott panel t\u00e1bl\u00e1kat \u00e9s figyelmeztet\u0151 c\u00edmk\u00e9ket, valamint a szak\u00e9rtelmet biztos\u00edtsuk, hogy megfeleljenek egyedi alkalmaz\u00e1si ig\u00e9nyeiknek. Tapasztalt szakembereinkb\u0151l \u00e1ll\u00f3 csapatunk seg\u00edthet \u00d6nnek megtervezni \u00e9s l\u00e9trehozni a t\u00f6k\u00e9letes t\u00e1bl\u00e1kat az \u00d6n egyedi ig\u00e9nyeihez.<\/p>\n<p data-sourcepos=\"32:1-32:179\"><strong>L\u00e9pjen kapcsolatba vel\u00fcnk m\u00e9g ma<\/strong> hogy t\u00f6bbet megtudjon szitanyomott panel t\u00e1bl\u00e1inkr\u00f3l \u00e9s figyelmeztet\u0151 c\u00edmk\u00e9inkr\u0151l, \u00e9s arr\u00f3l, hogyan seg\u00edthet\u00fcnk \u00d6nnek a biztons\u00e1g \u00e9s a kommunik\u00e1ci\u00f3 jav\u00edt\u00e1s\u00e1ban ipari k\u00f6rnyezet\u00e9ben.<\/p>","protected":false},"excerpt":{"rendered":"<p>A szitanyomott panel t\u00e1bl\u00e1k \u00e9s figyelmeztet\u0151 c\u00edmk\u00e9k szerves r\u00e9szei a k\u00fcl\u00f6nb\u00f6z\u0151 ipar\u00e1gaknak, kritikus funkci\u00f3kat l\u00e1tnak el a biztons\u00e1g, az oktat\u00e1s \u00e9s az inform\u00e1ci\u00f3terjeszt\u00e9s ter\u00e9n.<\/p>","protected":false},"featured_media":1659,"template":"","meta":[],"product_brand":[],"product_cat":[15],"product_tag":[],"class_list":{"0":"post-1695","1":"product","2":"type-product","3":"status-publish","4":"has-post-thumbnail","6":"product_cat-print-label","8":"first","9":"instock","10":"shipping-taxable","11":"product-type-simple"},"_links":{"self":[{"href":"https:\/\/membraneswitchmfg.com\/hu\/wp-json\/wp\/v2\/product\/1695","targetHints":{"allow":["GET"]}}],"collection":[{"href":"https:\/\/membraneswitchmfg.com\/hu\/wp-json\/wp\/v2\/product"}],"about":[{"href":"https:\/\/membraneswitchmfg.com\/hu\/wp-json\/wp\/v2\/types\/product"}],"wp:featuredmedia":[{"embeddable":true,"href":"https:\/\/membraneswitchmfg.com\/hu\/wp-json\/wp\/v2\/media\/1659"}],"wp:attachment":[{"href":"https:\/\/membraneswitchmfg.com\/hu\/wp-json\/wp\/v2\/media?parent=1695"}],"wp:term":[{"taxonomy":"product_brand","embeddable":true,"href":"https:\/\/membraneswitchmfg.com\/hu\/wp-json\/wp\/v2\/product_brand?post=1695"},{"taxonomy":"product_cat","embeddable":true,"href":"https:\/\/membraneswitchmfg.com\/hu\/wp-json\/wp\/v2\/product_cat?post=1695"},{"taxonomy":"product_tag","embeddable":true,"href":"https:\/\/membraneswitchmfg.com\/hu\/wp-json\/wp\/v2\/product_tag?post=1695"}],"curies":[{"name":"wp","href":"https:\/\/api.w.org\/{rel}","templated":true}]}}