{"id":1772,"date":"2024-06-24T05:57:57","date_gmt":"2024-06-24T05:57:57","guid":{"rendered":"https:\/\/membraneswitchmfg.com\/manufacturer\/high-life-membrane-switches-with-5-million-times\/"},"modified":"2024-06-25T13:24:08","modified_gmt":"2024-06-25T13:24:08","slug":"high-life-membrane-switches-with-5-million-times","status":"publish","type":"product","link":"https:\/\/membraneswitchmfg.com\/hu\/manufacturer\/high-life-membrane-switches-with-5-million-times\/","title":{"rendered":"Nagy \u00e9lettartam\u00fa membr\u00e1nkapcsol\u00f3k 5 milli\u00f3 alkalommal"},"content":{"rendered":"<h2><strong><b>Nagy \u00e9lettartam\u00fa membr\u00e1nkapcsol\u00f3k 5 milli\u00f3szoros \u00e9lettartammal<\/b><\/strong><\/h2>\n<p><strong>P\u00e1ratlan tart\u00f3ss\u00e1g \u00e9s megb\u00edzhat\u00f3s\u00e1g<\/strong><\/p>\n<p>A nagy \u00e9lettartam\u00fa membr\u00e1nkapcsol\u00f3inkat \u00fagy \u00e9p\u00edtett\u00fck, hogy tart\u00f3sak legyenek, \u00e9s a k\u00f6vetkez\u0151ket tartalmazz\u00e1k:<\/p>\n<ul>\n<li><strong>Robusztus konstrukci\u00f3 pr\u00e9mium min\u0151s\u00e9g\u0171 anyagokkal<\/strong><\/li>\n<li><strong>Prec\u00edzi\u00f3s tervez\u00e9s\u0171 alkatr\u00e9szek az egyenletes teljes\u00edtm\u00e9ny\u00e9rt<\/strong><\/li>\n<li><strong>Szigor\u00fa tesztel\u00e9s a hossz\u00fa t\u00e1v\u00fa megb\u00edzhat\u00f3s\u00e1g \u00e9rdek\u00e9ben<\/strong><\/li>\n<\/ul>\n<p><strong>Tapasztalja meg a k\u00fcl\u00f6nbs\u00e9get<\/strong><\/p>\n<p>Nagy \u00e9lettartam\u00fa membr\u00e1nkapcsol\u00f3inkkal a k\u00f6vetkez\u0151kre sz\u00e1m\u00edthat:<\/p>\n<ul>\n<li><strong>Cs\u00f6kkentett karbantart\u00e1si k\u00f6lts\u00e9gek \u00e9s \u00e1ll\u00e1sid\u0151<\/strong><\/li>\n<li><strong>Fokozott felhaszn\u00e1l\u00f3i el\u00e9gedetts\u00e9g \u00e9s a term\u00e9k h\u00edrneve<\/strong><\/li>\n<li><strong>Nyugalom a tudatban, hogy a term\u00e9k \u00e9vekig m\u0171k\u00f6dni fog<\/strong><\/li>\n<\/ul>\n<p><strong>Alkalmaz\u00e1sok<\/strong><\/p>\n<p>Nagy \u00e9lettartam\u00fa membr\u00e1nkapcsol\u00f3ink sz\u00e1mos alkalmaz\u00e1shoz alkalmasak, t\u00f6bbek k\u00f6z\u00f6tt:<\/p>\n<ul>\n<li><strong>Ipari vez\u00e9rl\u0151panelek<\/strong><\/li>\n<li><strong>Orvostechnikai eszk\u00f6z\u00f6k<\/strong><\/li>\n<li><strong>Sz\u00f3rakoztat\u00f3 elektronika<\/strong><\/li>\n<li><strong>Sz\u00e1ll\u00edt\u00f3eszk\u00f6z\u00f6k<\/strong><\/li>\n<li><strong>\u00c9s m\u00e9g sok m\u00e1s<\/strong><\/li>\n<\/ul>\n<p><strong>Testreszabhat\u00f3 megold\u00e1sok<\/strong><\/p>\n<p>A testreszab\u00e1si lehet\u0151s\u00e9gek sz\u00e9les sk\u00e1l\u00e1j\u00e1t k\u00edn\u00e1ljuk az \u00d6n egyedi ig\u00e9nyeinek megfelel\u0151en, t\u00f6bbek k\u00f6z\u00f6tt:<\/p>\n<ul>\n<li><strong>K\u00fcl\u00f6nb\u00f6z\u0151 m\u00e9ret\u0171 \u00e9s konfigur\u00e1ci\u00f3j\u00fa kapcsol\u00f3k<\/strong><\/li>\n<li><strong>Egyedi grafika \u00e9s h\u00e1tt\u00e9rvil\u00e1g\u00edt\u00e1s<\/strong><\/li>\n<li><strong>Taktilis visszajelz\u00e9si lehet\u0151s\u00e9gek<\/strong><\/li>\n<li><strong>K\u00f6rnyezeti t\u00f6m\u00edt\u00e9s \u00e9s v\u00e9delem<\/strong><\/li>\n<\/ul>\n<p><strong>Partner egy tapasztalt membr\u00e1nkapcsol\u00f3-gy\u00e1rt\u00f3 c\u00e9ggel<\/strong><\/p>\n<p>T\u00f6bb \u00e9ves tapasztalatunkkal \u00e9s a min\u0151s\u00e9g ir\u00e1nti elk\u00f6telezetts\u00e9g\u00fcnkkel megb\u00edzhat\u00f3 forr\u00e1s vagyunk a nagy \u00e9lettartam\u00fa membr\u00e1nkapcsol\u00f3k ter\u00e9n. Szak\u00e9rt\u0151i csapatunk seg\u00edt \u00d6nnek megtervezni \u00e9s legy\u00e1rtani a t\u00f6k\u00e9letes kapcsol\u00f3kat az \u00d6n alkalmaz\u00e1s\u00e1hoz.<\/p>\n<p><strong>L\u00e9pjen kapcsolatba vel\u00fcnk m\u00e9g ma<\/strong>\u00a0ha t\u00f6bbet szeretne megtudni a nagy \u00e9lettartam\u00fa membr\u00e1nkapcsol\u00f3inkr\u00f3l, \u00e9s arr\u00f3l, hogyan seg\u00edthet\u00fcnk \u00d6nnek n\u00f6velni term\u00e9ke teljes\u00edtm\u00e9ny\u00e9t \u00e9s megb\u00edzhat\u00f3s\u00e1g\u00e1t.<\/p>","protected":false},"excerpt":{"rendered":"<p>N\u00f6velje term\u00e9ke teljes\u00edtm\u00e9ny\u00e9t \u00e9s felhaszn\u00e1l\u00f3i \u00e9lm\u00e9ny\u00e9t a nagy \u00e9lettartam\u00fa membr\u00e1nkapcsol\u00f3inkkal, amelyek ak\u00e1r 5 milli\u00f3 m\u0171k\u00f6dtet\u00e9st is kib\u00edrnak. Ezek a tart\u00f3s kapcsol\u00f3k kiv\u00e9teles megb\u00edzhat\u00f3s\u00e1got \u00e9s hossz\u00fa t\u00e1v\u00fa teljes\u00edtm\u00e9nyt ny\u00fajtanak, \u00edgy ide\u00e1lisak az ig\u00e9nyes alkalmaz\u00e1sokhoz.<\/p>","protected":false},"featured_media":1761,"template":"","meta":[],"product_brand":[],"product_cat":[40],"product_tag":[],"class_list":{"0":"post-1772","1":"product","2":"type-product","3":"status-publish","4":"has-post-thumbnail","6":"product_cat-membrane-switch","8":"first","9":"instock","10":"shipping-taxable","11":"product-type-simple"},"_links":{"self":[{"href":"https:\/\/membraneswitchmfg.com\/hu\/wp-json\/wp\/v2\/product\/1772","targetHints":{"allow":["GET"]}}],"collection":[{"href":"https:\/\/membraneswitchmfg.com\/hu\/wp-json\/wp\/v2\/product"}],"about":[{"href":"https:\/\/membraneswitchmfg.com\/hu\/wp-json\/wp\/v2\/types\/product"}],"wp:featuredmedia":[{"embeddable":true,"href":"https:\/\/membraneswitchmfg.com\/hu\/wp-json\/wp\/v2\/media\/1761"}],"wp:attachment":[{"href":"https:\/\/membraneswitchmfg.com\/hu\/wp-json\/wp\/v2\/media?parent=1772"}],"wp:term":[{"taxonomy":"product_brand","embeddable":true,"href":"https:\/\/membraneswitchmfg.com\/hu\/wp-json\/wp\/v2\/product_brand?post=1772"},{"taxonomy":"product_cat","embeddable":true,"href":"https:\/\/membraneswitchmfg.com\/hu\/wp-json\/wp\/v2\/product_cat?post=1772"},{"taxonomy":"product_tag","embeddable":true,"href":"https:\/\/membraneswitchmfg.com\/hu\/wp-json\/wp\/v2\/product_tag?post=1772"}],"curies":[{"name":"wp","href":"https:\/\/api.w.org\/{rel}","templated":true}]}}