{"id":1773,"date":"2024-06-24T05:57:57","date_gmt":"2024-06-24T05:57:57","guid":{"rendered":"https:\/\/membraneswitchmfg.com\/manufacturer\/silver-flex-membrane-switch\/"},"modified":"2024-06-25T13:26:16","modified_gmt":"2024-06-25T13:26:16","slug":"silver-flex-membrane-switch","status":"publish","type":"product","link":"https:\/\/membraneswitchmfg.com\/hu\/manufacturer\/silver-flex-membrane-switch\/","title":{"rendered":"Ez\u00fcst Flex membr\u00e1n kapcsol\u00f3"},"content":{"rendered":"<h2><strong><b>Silver Flex membr\u00e1nkapcsol\u00f3k: Megb\u00edzhat\u00f3 \u00e9s k\u00f6lts\u00e9ghat\u00e9kony megold\u00e1sok<\/b><\/strong><\/h2>\n<p><strong>P\u00e1ratlan sokoldal\u00fas\u00e1g \u00e9s teljes\u00edtm\u00e9ny<\/strong><\/p>\n<p>A Silver Flex membr\u00e1nkapcsol\u00f3k h\u00edresek a:<\/p>\n<ul>\n<li><strong>V\u00e9kony \u00e9s rugalmas kialak\u00edt\u00e1s az egyszer\u0171 integr\u00e1ci\u00f3 \u00e9rdek\u00e9ben<\/strong><\/li>\n<li><strong>Tapinthat\u00f3 visszajelz\u00e9s a jobb felhaszn\u00e1l\u00f3i \u00e9lm\u00e9ny\u00e9rt<\/strong><\/li>\n<li><strong>Hossz\u00fa \u00e9lettartam t\u00f6bb milli\u00f3 m\u0171k\u00f6dtet\u00e9ssel<\/strong><\/li>\n<li><strong>Ellen\u00e1ll a nedvess\u00e9gnek, pornak \u00e9s zord k\u00f6rnyezetnek<\/strong><\/li>\n<\/ul>\n<p><strong>K\u00f6lts\u00e9ghat\u00e9kony megold\u00e1sok az \u00d6n ig\u00e9nyeihez<\/strong><\/p>\n<p>A Silver Flex membr\u00e1nkapcsol\u00f3k k\u00f6lts\u00e9ghat\u00e9kony megold\u00e1st k\u00edn\u00e1lnak a min\u0151s\u00e9g rov\u00e1s\u00e1ra. Ide\u00e1lisak olyan alkalmaz\u00e1sokhoz, ahol:<\/p>\n<ul>\n<li><strong>A k\u00f6lts\u00e9gvet\u00e9s az els\u0151dleges szempont<\/strong><\/li>\n<li><strong>Nagy mennyis\u00e9gekre van sz\u00fcks\u00e9g<\/strong><\/li>\n<li><strong>A helysz\u0171ke t\u00e9nyez\u0151<\/strong><\/li>\n<\/ul>\n<p><strong>Alkalmaz\u00e1sok<\/strong><\/p>\n<p>A Silver Flex membr\u00e1nkapcsol\u00f3kat sz\u00e9les k\u00f6rben haszn\u00e1lj\u00e1k k\u00fcl\u00f6nb\u00f6z\u0151 ipar\u00e1gakban, t\u00f6bbek k\u00f6z\u00f6tt:<\/p>\n<ul>\n<li><strong>Sz\u00f3rakoztat\u00f3 elektronika<\/strong><\/li>\n<li><strong>Orvostechnikai eszk\u00f6z\u00f6k<\/strong><\/li>\n<li><strong>Ipari vez\u00e9rl\u0151panelek<\/strong><\/li>\n<li><strong>K\u00e9sz\u00fcl\u00e9kek<\/strong><\/li>\n<li><strong>\u00c9s m\u00e9g sok m\u00e1s<\/strong><\/li>\n<\/ul>\n<p><strong>Testreszabhat\u00f3 lehet\u0151s\u00e9gek<\/strong><\/p>\n<p>A testreszab\u00e1si lehet\u0151s\u00e9gek sz\u00e9les sk\u00e1l\u00e1j\u00e1t k\u00edn\u00e1ljuk az \u00d6n egyedi ig\u00e9nyeinek megfelel\u0151en, t\u00f6bbek k\u00f6z\u00f6tt:<\/p>\n<ul>\n<li><strong>K\u00fcl\u00f6nb\u00f6z\u0151 m\u00e9ret\u0171 \u00e9s konfigur\u00e1ci\u00f3j\u00fa kapcsol\u00f3k<\/strong><\/li>\n<li><strong>Egyedi grafika \u00e9s h\u00e1tt\u00e9rvil\u00e1g\u00edt\u00e1s<\/strong><\/li>\n<li><strong>Taktilis visszajelz\u00e9si lehet\u0151s\u00e9gek<\/strong><\/li>\n<li><strong>K\u00f6rnyezeti t\u00f6m\u00edt\u00e9s \u00e9s v\u00e9delem<\/strong><\/li>\n<\/ul>\n<p><strong>Partners\u00e9g egy megb\u00edzhat\u00f3 v\u00edz\u00e1ll\u00f3 membr\u00e1nkapcsol\u00f3 besz\u00e1ll\u00edt\u00f3val<\/strong><\/p>\n<p>T\u00f6bb \u00e9ves tapasztalatunkkal \u00e9s a min\u0151s\u00e9g ir\u00e1nti elk\u00f6telezetts\u00e9g\u00fcnkkel mi vagyunk az \u00d6n megb\u00edzhat\u00f3 sz\u00e1ll\u00edt\u00f3ja a Silver Flex membr\u00e1nkapcsol\u00f3knak. Szak\u00e9rt\u0151i csapatunk seg\u00edt \u00d6nnek megtervezni \u00e9s legy\u00e1rtani a t\u00f6k\u00e9letes kapcsol\u00f3kat az \u00d6n alkalmaz\u00e1s\u00e1hoz.<\/p>\n<p><strong>L\u00e9pjen kapcsolatba vel\u00fcnk m\u00e9g ma<\/strong>\u00a0ha t\u00f6bbet szeretne megtudni a Silver Flex membr\u00e1nkapcsol\u00f3inkr\u00f3l, \u00e9s arr\u00f3l, hogyan seg\u00edthet\u00fcnk \u00d6nnek el\u00e9rni term\u00e9kc\u00e9ljait, mik\u00f6zben a k\u00f6lts\u00e9gvet\u00e9sen bel\u00fcl marad.<\/p>","protected":false},"excerpt":{"rendered":"<p>Tapasztalja meg a teljes\u00edtm\u00e9ny \u00e9s a megfizethet\u0151s\u00e9g t\u00f6k\u00e9letes egyens\u00faly\u00e1t a Silver Flex membr\u00e1nkapcsol\u00f3kkal. Ezek a sokoldal\u00fa kapcsol\u00f3k tapinthat\u00f3, \u00e9rz\u00e9keny tapint\u00e1st \u00e9s hossz\u00fa \u00e9lettartamot biztos\u00edtanak, \u00edgy ide\u00e1lis v\u00e1laszt\u00e1snak bizonyulnak sz\u00e1mos alkalmaz\u00e1shoz.<\/p>","protected":false},"featured_media":1759,"template":"","meta":[],"product_brand":[],"product_cat":[40],"product_tag":[],"class_list":{"0":"post-1773","1":"product","2":"type-product","3":"status-publish","4":"has-post-thumbnail","6":"product_cat-membrane-switch","8":"first","9":"instock","10":"shipping-taxable","11":"product-type-simple"},"_links":{"self":[{"href":"https:\/\/membraneswitchmfg.com\/hu\/wp-json\/wp\/v2\/product\/1773","targetHints":{"allow":["GET"]}}],"collection":[{"href":"https:\/\/membraneswitchmfg.com\/hu\/wp-json\/wp\/v2\/product"}],"about":[{"href":"https:\/\/membraneswitchmfg.com\/hu\/wp-json\/wp\/v2\/types\/product"}],"wp:featuredmedia":[{"embeddable":true,"href":"https:\/\/membraneswitchmfg.com\/hu\/wp-json\/wp\/v2\/media\/1759"}],"wp:attachment":[{"href":"https:\/\/membraneswitchmfg.com\/hu\/wp-json\/wp\/v2\/media?parent=1773"}],"wp:term":[{"taxonomy":"product_brand","embeddable":true,"href":"https:\/\/membraneswitchmfg.com\/hu\/wp-json\/wp\/v2\/product_brand?post=1773"},{"taxonomy":"product_cat","embeddable":true,"href":"https:\/\/membraneswitchmfg.com\/hu\/wp-json\/wp\/v2\/product_cat?post=1773"},{"taxonomy":"product_tag","embeddable":true,"href":"https:\/\/membraneswitchmfg.com\/hu\/wp-json\/wp\/v2\/product_tag?post=1773"}],"curies":[{"name":"wp","href":"https:\/\/api.w.org\/{rel}","templated":true}]}}