{"id":1775,"date":"2024-06-24T05:57:57","date_gmt":"2024-06-24T05:57:57","guid":{"rendered":"https:\/\/membraneswitchmfg.com\/manufacturer\/pcb-membrane-switch\/"},"modified":"2024-06-25T11:50:52","modified_gmt":"2024-06-25T11:50:52","slug":"pcb-membrane-switch","status":"publish","type":"product","link":"https:\/\/membraneswitchmfg.com\/hu\/manufacturer\/pcb-membrane-switch\/","title":{"rendered":"PCB membr\u00e1n kapcsol\u00f3"},"content":{"rendered":"<h2><strong><b>PCB Membr\u00e1n Kapcsol\u00f3: A Teljes\u00edtm\u00e9ny \u00e9s Sokoldal\u00fas\u00e1g \u00d6tv\u00f6zete<\/b><\/strong><\/h2>\n<p><strong>P\u00e1ratlan Teljes\u00edtm\u00e9ny \u00e9s Sokoldal\u00fas\u00e1g<\/strong><\/p>\n<p>A PCB Membr\u00e1n Kapcsol\u00f3k a k\u00f6vetkez\u0151kr\u0151l h\u00edresek:<\/p>\n<ul>\n<li><strong>V\u00e9kony \u00e9s k\u00f6nny\u0171 kialak\u00edt\u00e1s az egyszer\u0171 integr\u00e1ci\u00f3 \u00e9rdek\u00e9ben<\/strong><\/li>\n<li><strong>Tapinthat\u00f3 visszajelz\u00e9s a fokozott felhaszn\u00e1l\u00f3i interakci\u00f3\u00e9rt<\/strong><\/li>\n<li><strong>Hossz\u00fa \u00e9lettartam t\u00f6bb milli\u00f3 m\u0171k\u00f6dtet\u00e9ssel<\/strong><\/li>\n<li><strong>Ellen\u00e1ll a nedvess\u00e9gnek, pornak \u00e9s zord k\u00f6rnyezetnek<\/strong><\/li>\n<li><strong>Z\u00f6kken\u0151mentes integr\u00e1ci\u00f3 a PCB-kkel a fejlett funkcionalit\u00e1sokhoz<\/strong><\/li>\n<\/ul>\n<p><strong>K\u00f6lts\u00e9ghat\u00e9kony megold\u00e1sok az \u00d6n ig\u00e9nyeihez<\/strong><\/p>\n<p>A PCB Membr\u00e1n Kapcsol\u00f3k egyens\u00falyt k\u00edn\u00e1lnak a teljes\u00edtm\u00e9ny \u00e9s a megfizethet\u0151s\u00e9g k\u00f6z\u00f6tt, \u00edgy ide\u00e1lisak olyan alkalmaz\u00e1sokhoz, ahol:<\/p>\n<ul>\n<li><strong>A k\u00f6lts\u00e9gvet\u00e9s az els\u0151dleges szempont<\/strong><\/li>\n<li><strong>Nagy mennyis\u00e9gekre van sz\u00fcks\u00e9g<\/strong><\/li>\n<li><strong>A helysz\u0171ke t\u00e9nyez\u0151<\/strong><\/li>\n<li><strong>Fejlett funkcionalit\u00e1sokra van sz\u00fcks\u00e9g<\/strong><\/li>\n<\/ul>\n<p><strong>Alkalmaz\u00e1sok<\/strong><\/p>\n<p>A PCB Membr\u00e1n Kapcsol\u00f3kat sz\u00e9les k\u00f6rben haszn\u00e1lj\u00e1k k\u00fcl\u00f6nb\u00f6z\u0151 ipar\u00e1gakban, bele\u00e9rtve:<\/p>\n<ul>\n<li><strong>Sz\u00f3rakoztat\u00f3 elektronika<\/strong><\/li>\n<li><strong>Orvostechnikai eszk\u00f6z\u00f6k<\/strong><\/li>\n<li><strong>Ipari vez\u00e9rl\u0151panelek<\/strong><\/li>\n<li><strong>K\u00e9sz\u00fcl\u00e9kek<\/strong><\/li>\n<li><strong>\u00c9s m\u00e9g sok m\u00e1s<\/strong><\/li>\n<\/ul>\n<p><strong>Testreszabhat\u00f3 lehet\u0151s\u00e9gek<\/strong><\/p>\n<p>A testreszab\u00e1si lehet\u0151s\u00e9gek sz\u00e9les sk\u00e1l\u00e1j\u00e1t k\u00edn\u00e1ljuk az \u00d6n egyedi ig\u00e9nyeinek megfelel\u0151en, t\u00f6bbek k\u00f6z\u00f6tt:<\/p>\n<ul>\n<li><strong>K\u00fcl\u00f6nb\u00f6z\u0151 m\u00e9ret\u0171 \u00e9s konfigur\u00e1ci\u00f3j\u00fa kapcsol\u00f3k<\/strong><\/li>\n<li><strong>Egyedi grafika \u00e9s h\u00e1tt\u00e9rvil\u00e1g\u00edt\u00e1s<\/strong><\/li>\n<li><strong>Taktilis visszajelz\u00e9si lehet\u0151s\u00e9gek<\/strong><\/li>\n<li><strong>K\u00f6rnyezeti t\u00f6m\u00edt\u00e9s \u00e9s v\u00e9delem<\/strong><\/li>\n<\/ul>\n<p><strong>M\u0171k\u00f6dj\u00f6n egy\u00fctt egy Tapasztalt Membr\u00e1n Kapcsol\u00f3 PCB Gy\u00e1rt\u00f3val<\/strong><\/p>\n<p>\u00c9ves tapasztalattal \u00e9s a min\u0151s\u00e9g ir\u00e1nti elk\u00f6telezetts\u00e9ggel a PCB Membr\u00e1n Kapcsol\u00f3k megb\u00edzhat\u00f3 gy\u00e1rt\u00f3ja vagyunk. Szak\u00e9rt\u0151i csapatunk seg\u00edthet megtervezni \u00e9s legy\u00e1rtani a t\u00f6k\u00e9letes kapcsol\u00f3kat az \u00d6n alkalmaz\u00e1s\u00e1hoz.<\/p>\n<p><strong><a href=\"https:\/\/membraneswitchmfg.com\/hu\/contact\/\">Kapcsolatfelv\u00e9tel <\/a>ma<\/strong>\u00a0hogy t\u00f6bbet megtudjon PCB Membr\u00e1n Kapcsol\u00f3inkr\u00f3l, \u00e9s arr\u00f3l, hogyan seg\u00edthet\u00fcnk el\u00e9rni term\u00e9kc\u00e9ljait a k\u00f6lts\u00e9gvet\u00e9sen bel\u00fcl maradva.<\/p>","protected":false},"excerpt":{"rendered":"<p>Emelje \u00faj szintre a felhaszn\u00e1l\u00f3i fel\u00fcletet a PCB membr\u00e1nkapcsol\u00f3inkkal, amelyek a PCB-k pontoss\u00e1g\u00e1t \u00f6tv\u00f6zik a membr\u00e1nkapcsol\u00f3k tapinthat\u00f3 visszajelz\u00e9s\u00e9vel. Ezek a sokoldal\u00fa kapcsol\u00f3k z\u00f6kken\u0151mentes felhaszn\u00e1l\u00f3i \u00e9lm\u00e9nyt, fokozott tart\u00f3ss\u00e1got \u00e9s k\u00f6lts\u00e9ghat\u00e9kony megold\u00e1sokat k\u00edn\u00e1lnak az alkalmaz\u00e1sok sz\u00e9les k\u00f6r\u00e9hez.<\/p>","protected":false},"featured_media":1757,"template":"","meta":[],"product_brand":[],"product_cat":[40],"product_tag":[],"class_list":{"0":"post-1775","1":"product","2":"type-product","3":"status-publish","4":"has-post-thumbnail","6":"product_cat-membrane-switch","8":"first","9":"instock","10":"shipping-taxable","11":"product-type-simple"},"_links":{"self":[{"href":"https:\/\/membraneswitchmfg.com\/hu\/wp-json\/wp\/v2\/product\/1775","targetHints":{"allow":["GET"]}}],"collection":[{"href":"https:\/\/membraneswitchmfg.com\/hu\/wp-json\/wp\/v2\/product"}],"about":[{"href":"https:\/\/membraneswitchmfg.com\/hu\/wp-json\/wp\/v2\/types\/product"}],"wp:featuredmedia":[{"embeddable":true,"href":"https:\/\/membraneswitchmfg.com\/hu\/wp-json\/wp\/v2\/media\/1757"}],"wp:attachment":[{"href":"https:\/\/membraneswitchmfg.com\/hu\/wp-json\/wp\/v2\/media?parent=1775"}],"wp:term":[{"taxonomy":"product_brand","embeddable":true,"href":"https:\/\/membraneswitchmfg.com\/hu\/wp-json\/wp\/v2\/product_brand?post=1775"},{"taxonomy":"product_cat","embeddable":true,"href":"https:\/\/membraneswitchmfg.com\/hu\/wp-json\/wp\/v2\/product_cat?post=1775"},{"taxonomy":"product_tag","embeddable":true,"href":"https:\/\/membraneswitchmfg.com\/hu\/wp-json\/wp\/v2\/product_tag?post=1775"}],"curies":[{"name":"wp","href":"https:\/\/api.w.org\/{rel}","templated":true}]}}