{"id":1777,"date":"2024-06-24T05:57:57","date_gmt":"2024-06-24T05:57:57","guid":{"rendered":"https:\/\/membraneswitchmfg.com\/manufacturer\/graphic-overlay\/"},"modified":"2024-07-25T08:41:13","modified_gmt":"2024-07-25T08:41:13","slug":"graphic-overlay","status":"publish","type":"product","link":"https:\/\/membraneswitchmfg.com\/hu\/manufacturer\/graphic-overlay\/","title":{"rendered":"Grafikus \u00e1tfed\u00e9s"},"content":{"rendered":"<h2><strong><b>Grafikai \u00e1tfed\u00e9sek: A felhaszn\u00e1l\u00f3i \u00e9lm\u00e9ny \u00e9s a m\u00e1rkaidentit\u00e1s jav\u00edt\u00e1sa<\/b><\/strong><\/h2>\n<p><strong>A felhaszn\u00e1l\u00f3i \u00e9lm\u00e9ny jav\u00edt\u00e1sa<\/strong><\/p>\n<p>A grafikus \u00e1tfed\u00e9sek d\u00f6nt\u0151 szerepet j\u00e1tszanak a felhaszn\u00e1l\u00f3i \u00e9lm\u00e9ny fokoz\u00e1s\u00e1ban az al\u00e1bbiak r\u00e9v\u00e9n:<\/p>\n<ul>\n<li><strong>Egy\u00e9rtelm\u0171 utas\u00edt\u00e1sok \u00e9s c\u00edmk\u00e9k biztos\u00edt\u00e1sa<\/strong><\/li>\n<li><strong>A felhaszn\u00e1l\u00f3k eligaz\u00edt\u00e1sa a m\u0171k\u00f6d\u00e9s \u00e9s a funkci\u00f3k k\u00f6z\u00f6tt<\/strong><\/li>\n<li><strong>Figyelmeztet\u00e9sek \u00e9s biztons\u00e1gi inform\u00e1ci\u00f3k megjelen\u00edt\u00e9se<\/strong><\/li>\n<li><strong>Intuit\u00edv \u00e9s felhaszn\u00e1l\u00f3bar\u00e1t fel\u00fclet l\u00e9trehoz\u00e1sa<\/strong><\/li>\n<\/ul>\n<p><strong>M\u00e1rka\u00e9p\u00edt\u00e9s \u00e9s identit\u00e1s<\/strong><\/p>\n<p>A grafikai \u00e1tfed\u00e9sek a m\u00e1rkakommunik\u00e1ci\u00f3 hat\u00e9kony eszk\u00f6zei a k\u00f6vetkez\u0151k r\u00e9v\u00e9n:<\/p>\n<ul>\n<li><strong>C\u00e9glog\u00f3k \u00e9s m\u00e1rkaelemek megjelen\u00edt\u00e9se<\/strong><\/li>\n<li><strong>A m\u00e1rka identit\u00e1s\u00e1nak \u00e9s \u00fczenetk\u00fcld\u00e9s\u00e9nek meger\u0151s\u00edt\u00e9se<\/strong><\/li>\n<li><strong>\u00d6sszef\u00fcgg\u0151 \u00e9s professzion\u00e1lis m\u00e1rkaarculat kialak\u00edt\u00e1sa<\/strong><\/li>\n<\/ul>\n<p><strong>Alkalmaz\u00e1sok<\/strong><\/p>\n<p>A grafikus overlay-eket sz\u00e9les k\u00f6rben haszn\u00e1lj\u00e1k a legk\u00fcl\u00f6nb\u00f6z\u0151bb alkalmaz\u00e1sokban, t\u00f6bbek k\u00f6z\u00f6tt:<\/p>\n<ul>\n<li><strong>Ipari vez\u00e9rl\u0151panelek<\/strong><\/li>\n<li><strong>Orvostechnikai eszk\u00f6z\u00f6k<\/strong><\/li>\n<li><strong>Sz\u00f3rakoztat\u00f3 elektronika<\/strong><\/li>\n<li><strong>K\u00e9sz\u00fcl\u00e9kek<\/strong><\/li>\n<li><strong>G\u00e9pek \u00e9s berendez\u00e9sek<\/strong><\/li>\n<\/ul>\n<p><strong>Testreszabhat\u00f3 megold\u00e1sok<\/strong><\/p>\n<p>A testreszab\u00e1si lehet\u0151s\u00e9gek sz\u00e9les sk\u00e1l\u00e1j\u00e1t k\u00edn\u00e1ljuk az \u00d6n egyedi ig\u00e9nyeinek megfelel\u0151en, t\u00f6bbek k\u00f6z\u00f6tt:<\/p>\n<ul>\n<li><strong>K\u00fcl\u00f6nf\u00e9le anyagok \u00e9s fel\u00fcletek<\/strong><\/li>\n<li><strong>Egyedi grafik\u00e1k \u00e9s mint\u00e1k<\/strong><\/li>\n<li><strong>H\u00e1tt\u00e9rvil\u00e1g\u00edt\u00e1s \u00e9s megvil\u00e1g\u00edt\u00e1si lehet\u0151s\u00e9gek<\/strong><\/li>\n<li><strong>Dombor\u00edt\u00e1s \u00e9s text\u00far\u00e1k<\/strong><\/li>\n<\/ul>\n<p><strong>Partner egy tapasztalt grafikai fed\u0151r\u00e9teg gy\u00e1rt\u00f3val<\/strong><\/p>\n<p>T\u00f6bb \u00e9ves szak\u00e9rtelemmel \u00e9s a min\u0151s\u00e9g ir\u00e1nti elk\u00f6telezetts\u00e9ggel az \u00d6n megb\u00edzhat\u00f3 forr\u00e1sa vagyunk az egyedi grafikai fed\u0151lapok ter\u00e9n. Szak\u00e9rt\u0151i csapatunk seg\u00edt \u00d6nnek megtervezni \u00e9s legy\u00e1rtani a t\u00f6k\u00e9letes overlayt, amely fokozza term\u00e9ke funkcionalit\u00e1s\u00e1t, felhaszn\u00e1l\u00f3i \u00e9lm\u00e9ny\u00e9t \u00e9s m\u00e1rkaidentit\u00e1s\u00e1t.<\/p>\n<p><strong>L\u00e9pjen kapcsolatba vel\u00fcnk m\u00e9g ma<\/strong>\u00a0hogy t\u00f6bbet tudjon meg grafikai overlay megold\u00e1sainkr\u00f3l, \u00e9s arr\u00f3l, hogyan seg\u00edthet\u00fcnk \u00d6nnek term\u00e9kei sz\u00ednvonal\u00e1nak emel\u00e9s\u00e9ben.<\/p>\n<p><strong>Tov\u00e1bbi kulcsszavak:<\/strong>\u00a0membr\u00e1n szintkapcsol\u00f3, kapcsol\u00f3 membr\u00e1n, Graphic Overlay<\/p>\n<h2><strong><b>N\u00e9vt\u00e1bl\u00e1k: N\u00f6velje a term\u00e9k identit\u00e1s\u00e1t \u00e9s funkcionalit\u00e1s\u00e1t<\/b><\/strong><\/h2>\n<p><strong>Emelje a term\u00e9k identit\u00e1s\u00e1t<\/strong><\/p>\n<p>A n\u00e9vt\u00e1bl\u00e1k l\u00e9tfontoss\u00e1g\u00fa szerepet j\u00e1tszanak a m\u00e1rkaidentit\u00e1s kialak\u00edt\u00e1s\u00e1ban:<\/p>\n<ul>\n<li><strong>C\u00e9ge log\u00f3j\u00e1nak \u00e9s m\u00e1rkanev\u00e9nek kiemelked\u0151 megjelen\u00edt\u00e9se<\/strong><\/li>\n<li><strong>A m\u00e1rka \u00fczeneteinek \u00e9s \u00e9rt\u00e9keinek meger\u0151s\u00edt\u00e9se<\/strong><\/li>\n<li><strong>\u00d6sszef\u00fcgg\u0151 \u00e9s professzion\u00e1lis m\u00e1rkaarculat kialak\u00edt\u00e1sa<\/strong><\/li>\n<\/ul>\n<p><strong>L\u00e9nyeges inform\u00e1ci\u00f3k \u00e1tad\u00e1sa<\/strong><\/p>\n<p>A n\u00e9vt\u00e1bl\u00e1k hat\u00e9konyan k\u00f6zlik az alapvet\u0151 term\u00e9kinform\u00e1ci\u00f3kat, t\u00f6bbek k\u00f6z\u00f6tt:<\/p>\n<ul>\n<li><strong>Term\u00e9k neve \u00e9s modellsz\u00e1ma<\/strong><\/li>\n<li><strong>Szab\u00e1lyoz\u00e1si jel\u00f6l\u00e9sek \u00e9s tan\u00fas\u00edtv\u00e1nyok<\/strong><\/li>\n<li><strong>M\u0171k\u00f6d\u00e9si utas\u00edt\u00e1sok \u00e9s figyelmeztet\u00e9sek<\/strong><\/li>\n<li><strong>A t\u00e1mogat\u00e1ssal kapcsolatos el\u00e9rhet\u0151s\u00e9gek<\/strong><\/li>\n<\/ul>\n<p><strong>A term\u00e9k funkcionalit\u00e1s\u00e1nak jav\u00edt\u00e1sa<\/strong><\/p>\n<p>A n\u00e9vt\u00e1bl\u00e1k funkcion\u00e1lis elemeket is tartalmazhatnak, mint p\u00e9ld\u00e1ul:<\/p>\n<ul>\n<li><strong>Nyom\u00f3gombos membr\u00e1nkapcsol\u00f3k a felhaszn\u00e1l\u00f3i interakci\u00f3hoz<\/strong><\/li>\n<li><strong>LED kijelz\u0151k az \u00e1llapotfriss\u00edt\u00e9sekhez<\/strong><\/li>\n<li><strong>Vonalk\u00f3dos c\u00edmk\u00e9k a k\u00f6nny\u0171 azonos\u00edt\u00e1shoz<\/strong><\/li>\n<\/ul>\n<p><strong>Alkalmaz\u00e1sok<\/strong><\/p>\n<p>A n\u00e9vt\u00e1bl\u00e1kat sz\u00e9les k\u00f6rben haszn\u00e1lj\u00e1k a legk\u00fcl\u00f6nb\u00f6z\u0151bb alkalmaz\u00e1sokban, t\u00f6bbek k\u00f6z\u00f6tt:<\/p>\n<ul>\n<li><strong>Ipari vez\u00e9rl\u0151panelek<\/strong><\/li>\n<li><strong>Orvostechnikai eszk\u00f6z\u00f6k<\/strong><\/li>\n<li><strong>Sz\u00f3rakoztat\u00f3 elektronika<\/strong><\/li>\n<li><strong>K\u00e9sz\u00fcl\u00e9kek<\/strong><\/li>\n<li><strong>G\u00e9pek \u00e9s berendez\u00e9sek<\/strong><\/li>\n<\/ul>\n<p><strong>Testreszabhat\u00f3 megold\u00e1sok<\/strong><\/p>\n<p>A testreszab\u00e1si lehet\u0151s\u00e9gek sz\u00e9les sk\u00e1l\u00e1j\u00e1t k\u00edn\u00e1ljuk az \u00d6n egyedi ig\u00e9nyeinek megfelel\u0151en, t\u00f6bbek k\u00f6z\u00f6tt:<\/p>\n<ul>\n<li><strong>K\u00fcl\u00f6nf\u00e9le anyagok \u00e9s fel\u00fcletek<\/strong><\/li>\n<li><strong>Egyedi grafik\u00e1k \u00e9s mint\u00e1k<\/strong><\/li>\n<li><strong>H\u00e1tt\u00e9rvil\u00e1g\u00edt\u00e1s \u00e9s megvil\u00e1g\u00edt\u00e1si lehet\u0151s\u00e9gek<\/strong><\/li>\n<li><strong>Dombor\u00edt\u00e1s \u00e9s text\u00far\u00e1k<\/strong><\/li>\n<\/ul>\n<p><strong>Partner egy tapasztalt n\u00e9vt\u00e1bla gy\u00e1rt\u00f3val<\/strong><\/p>\n<p>T\u00f6bb \u00e9ves szak\u00e9rtelemmel \u00e9s a min\u0151s\u00e9g ir\u00e1nti elk\u00f6telezetts\u00e9ggel az egy\u00e9ni n\u00e9vt\u00e1bl\u00e1k megb\u00edzhat\u00f3 forr\u00e1sa vagyunk. Szak\u00e9rt\u0151i csapatunk seg\u00edt \u00d6nnek megtervezni \u00e9s legy\u00e1rtani a t\u00f6k\u00e9letes n\u00e9vt\u00e1bl\u00e1kat, hogy n\u00f6velje term\u00e9ke identit\u00e1s\u00e1t, funkcionalit\u00e1s\u00e1t \u00e9s eszt\u00e9tikai vonzerej\u00e9t.<\/p>\n<p><strong>L\u00e9pjen kapcsolatba vel\u00fcnk m\u00e9g ma<\/strong>\u00a0hogy t\u00f6bbet tudjon meg n\u00e9vt\u00e1bla-megold\u00e1sainkr\u00f3l, \u00e9s arr\u00f3l, hogyan seg\u00edthet\u00fcnk \u00d6nnek term\u00e9kei sz\u00ednvonal\u00e1nak emel\u00e9s\u00e9ben.<\/p>\n<p><strong>Tov\u00e1bbi kulcsszavak:<\/strong>\u00a0nyom\u00f3gombos membr\u00e1nkapcsol\u00f3, kapcsol\u00f3 t\u00edpus\u00fa membr\u00e1n, n\u00e9vt\u00e1bla<\/p>","protected":false},"excerpt":{"rendered":"<p>A grafikus fed\u0151lapok, m\u00e1s n\u00e9ven n\u00e9vt\u00e1bl\u00e1k vagy el\u0151lapok olyan alapvet\u0151 \u00f6sszetev\u0151k, amelyek n\u00f6velik a felhaszn\u00e1l\u00f3i \u00e9lm\u00e9nyt \u00e9s az elektronikus eszk\u00f6z\u00f6k m\u00e1rkaidentit\u00e1s\u00e1t. Ezek a v\u00e9kony m\u0171anyag vagy polimer anyagr\u00e9tegek, amelyeken egyedi nyomtatott grafika \u00e9s sz\u00f6veg tal\u00e1lhat\u00f3, z\u00f6kken\u0151mentesen illeszkednek a k\u00e9sz\u00fcl\u00e9k fel\u00fclet\u00e9re.<\/p>","protected":false},"featured_media":1749,"template":"","meta":[],"product_brand":[],"product_cat":[40],"product_tag":[],"class_list":{"0":"post-1777","1":"product","2":"type-product","3":"status-publish","4":"has-post-thumbnail","6":"product_cat-membrane-switch","8":"first","9":"instock","10":"shipping-taxable","11":"product-type-simple"},"_links":{"self":[{"href":"https:\/\/membraneswitchmfg.com\/hu\/wp-json\/wp\/v2\/product\/1777","targetHints":{"allow":["GET"]}}],"collection":[{"href":"https:\/\/membraneswitchmfg.com\/hu\/wp-json\/wp\/v2\/product"}],"about":[{"href":"https:\/\/membraneswitchmfg.com\/hu\/wp-json\/wp\/v2\/types\/product"}],"wp:featuredmedia":[{"embeddable":true,"href":"https:\/\/membraneswitchmfg.com\/hu\/wp-json\/wp\/v2\/media\/1749"}],"wp:attachment":[{"href":"https:\/\/membraneswitchmfg.com\/hu\/wp-json\/wp\/v2\/media?parent=1777"}],"wp:term":[{"taxonomy":"product_brand","embeddable":true,"href":"https:\/\/membraneswitchmfg.com\/hu\/wp-json\/wp\/v2\/product_brand?post=1777"},{"taxonomy":"product_cat","embeddable":true,"href":"https:\/\/membraneswitchmfg.com\/hu\/wp-json\/wp\/v2\/product_cat?post=1777"},{"taxonomy":"product_tag","embeddable":true,"href":"https:\/\/membraneswitchmfg.com\/hu\/wp-json\/wp\/v2\/product_tag?post=1777"}],"curies":[{"name":"wp","href":"https:\/\/api.w.org\/{rel}","templated":true}]}}