{"id":1778,"date":"2024-06-24T05:57:57","date_gmt":"2024-06-24T05:57:57","guid":{"rendered":"https:\/\/membraneswitchmfg.com\/manufacturer\/nameplate\/"},"modified":"2024-07-25T09:10:27","modified_gmt":"2024-07-25T09:10:27","slug":"nameplate","status":"publish","type":"product","link":"https:\/\/membraneswitchmfg.com\/hu\/manufacturer\/nameplate\/","title":{"rendered":"N\u00e9vt\u00e1bla"},"content":{"rendered":"<h2><strong><b>N\u00e9vt\u00e1bl\u00e1k: N\u00f6velje a term\u00e9k identit\u00e1s\u00e1t \u00e9s funkcionalit\u00e1s\u00e1t<\/b><\/strong><\/h2>\n<p><strong>Emelje a term\u00e9k identit\u00e1s\u00e1t<\/strong><\/p>\n<p>A n\u00e9vt\u00e1bl\u00e1k l\u00e9tfontoss\u00e1g\u00fa szerepet j\u00e1tszanak a m\u00e1rkaidentit\u00e1s kialak\u00edt\u00e1s\u00e1ban:<\/p>\n<ul>\n<li><strong>C\u00e9ge log\u00f3j\u00e1nak \u00e9s m\u00e1rkanev\u00e9nek kiemelked\u0151 megjelen\u00edt\u00e9se<\/strong><\/li>\n<li><strong>A m\u00e1rka \u00fczeneteinek \u00e9s \u00e9rt\u00e9keinek meger\u0151s\u00edt\u00e9se<\/strong><\/li>\n<li><strong>\u00d6sszef\u00fcgg\u0151 \u00e9s professzion\u00e1lis m\u00e1rkaarculat kialak\u00edt\u00e1sa<\/strong><\/li>\n<\/ul>\n<p><strong>L\u00e9nyeges inform\u00e1ci\u00f3k \u00e1tad\u00e1sa<\/strong><\/p>\n<p>A n\u00e9vt\u00e1bl\u00e1k hat\u00e9konyan k\u00f6zlik az alapvet\u0151 term\u00e9kinform\u00e1ci\u00f3kat, t\u00f6bbek k\u00f6z\u00f6tt:<\/p>\n<ul>\n<li><strong>Term\u00e9k neve \u00e9s modellsz\u00e1ma<\/strong><\/li>\n<li><strong>Szab\u00e1lyoz\u00e1si jel\u00f6l\u00e9sek \u00e9s tan\u00fas\u00edtv\u00e1nyok<\/strong><\/li>\n<li><strong>M\u0171k\u00f6d\u00e9si utas\u00edt\u00e1sok \u00e9s figyelmeztet\u00e9sek<\/strong><\/li>\n<li><strong>A t\u00e1mogat\u00e1ssal kapcsolatos el\u00e9rhet\u0151s\u00e9gek<\/strong><\/li>\n<\/ul>\n<p><strong>A term\u00e9k funkcionalit\u00e1s\u00e1nak jav\u00edt\u00e1sa<\/strong><\/p>\n<p>A n\u00e9vt\u00e1bl\u00e1k funkcion\u00e1lis elemeket is tartalmazhatnak, mint p\u00e9ld\u00e1ul:<\/p>\n<ul>\n<li><strong>Nyom\u00f3gombos membr\u00e1nkapcsol\u00f3k a felhaszn\u00e1l\u00f3i interakci\u00f3hoz<\/strong><\/li>\n<li><strong>LED kijelz\u0151k az \u00e1llapotfriss\u00edt\u00e9sekhez<\/strong><\/li>\n<li><strong>Vonalk\u00f3dos c\u00edmk\u00e9k a k\u00f6nny\u0171 azonos\u00edt\u00e1shoz<\/strong><\/li>\n<\/ul>\n<p><strong>Alkalmaz\u00e1sok<\/strong><\/p>\n<p>A n\u00e9vt\u00e1bl\u00e1kat sz\u00e9les k\u00f6rben haszn\u00e1lj\u00e1k a legk\u00fcl\u00f6nb\u00f6z\u0151bb alkalmaz\u00e1sokban, t\u00f6bbek k\u00f6z\u00f6tt:<\/p>\n<ul>\n<li><strong>Ipari vez\u00e9rl\u0151panelek<\/strong><\/li>\n<li><strong>Orvostechnikai eszk\u00f6z\u00f6k<\/strong><\/li>\n<li><strong>Sz\u00f3rakoztat\u00f3 elektronika<\/strong><\/li>\n<li><strong>K\u00e9sz\u00fcl\u00e9kek<\/strong><\/li>\n<li><strong>G\u00e9pek \u00e9s berendez\u00e9sek<\/strong><\/li>\n<\/ul>\n<p><strong>Testreszabhat\u00f3 megold\u00e1sok<\/strong><\/p>\n<p>A testreszab\u00e1si lehet\u0151s\u00e9gek sz\u00e9les sk\u00e1l\u00e1j\u00e1t k\u00edn\u00e1ljuk az \u00d6n egyedi ig\u00e9nyeinek megfelel\u0151en, t\u00f6bbek k\u00f6z\u00f6tt:<\/p>\n<ul>\n<li><strong>K\u00fcl\u00f6nf\u00e9le anyagok \u00e9s fel\u00fcletek<\/strong><\/li>\n<li><strong>Egyedi grafik\u00e1k \u00e9s mint\u00e1k<\/strong><\/li>\n<li><strong>H\u00e1tt\u00e9rvil\u00e1g\u00edt\u00e1s \u00e9s megvil\u00e1g\u00edt\u00e1si lehet\u0151s\u00e9gek<\/strong><\/li>\n<li><strong>Dombor\u00edt\u00e1s \u00e9s text\u00far\u00e1k<\/strong><\/li>\n<\/ul>\n<p><strong>Partner egy tapasztalt n\u00e9vt\u00e1bla gy\u00e1rt\u00f3val<\/strong><\/p>\n<p>T\u00f6bb \u00e9ves szak\u00e9rtelemmel \u00e9s a min\u0151s\u00e9g ir\u00e1nti elk\u00f6telezetts\u00e9ggel az egy\u00e9ni n\u00e9vt\u00e1bl\u00e1k megb\u00edzhat\u00f3 forr\u00e1sa vagyunk. Szak\u00e9rt\u0151i csapatunk seg\u00edt \u00d6nnek megtervezni \u00e9s legy\u00e1rtani a t\u00f6k\u00e9letes n\u00e9vt\u00e1bl\u00e1kat, hogy n\u00f6velje term\u00e9ke identit\u00e1s\u00e1t, funkcionalit\u00e1s\u00e1t \u00e9s eszt\u00e9tikai vonzerej\u00e9t.<\/p>\n<p>Vegye fel vel\u00fcnk a kapcsolatot m\u00e9g ma, hogy t\u00f6bbet megtudjon n\u00e9vt\u00e1bla megold\u00e1sainkr\u00f3l, \u00e9s arr\u00f3l, hogyan seg\u00edthet\u00fcnk term\u00e9kei sz\u00ednvonal\u00e1nak emel\u00e9s\u00e9ben.<\/p>\n<p><strong>Tov\u00e1bbi kulcsszavak:<\/strong>\u00a0nyom\u00f3gombos membr\u00e1nkapcsol\u00f3, kapcsol\u00f3 t\u00edpus\u00fa membr\u00e1n, n\u00e9vt\u00e1bla<\/p>","protected":false},"excerpt":{"rendered":"<p>A n\u00e9vt\u00e1bl\u00e1k, m\u00e1s n\u00e9ven el\u0151lapok vagy azonos\u00edt\u00f3 t\u00e1bl\u00e1k, az elektronikus eszk\u00f6z\u00f6k arcak\u00e9nt szolg\u00e1lnak, l\u00e9nyeges inform\u00e1ci\u00f3kat k\u00f6zvet\u00edtenek \u00e9s jav\u00edtj\u00e1k az \u00e1ltal\u00e1nos eszt\u00e9tikai megjelen\u00e9st. Ezek a tart\u00f3s panelek \u00e1ltal\u00e1ban m\u0171anyagb\u00f3l vagy f\u00e9mb\u0151l k\u00e9sz\u00fclnek, \u00e9s egyedi nyomtat\u00e1ssal vannak ell\u00e1tva c\u00e9ges log\u00f3kkal, m\u00e1rkajelz\u00e9sekkel \u00e9s term\u00e9kspecifik\u00e1ci\u00f3kkal.<\/p>","protected":false},"featured_media":1755,"template":"","meta":[],"product_brand":[],"product_cat":[15],"product_tag":[],"class_list":{"0":"post-1778","1":"product","2":"type-product","3":"status-publish","4":"has-post-thumbnail","6":"product_cat-print-label","8":"first","9":"instock","10":"shipping-taxable","11":"product-type-simple"},"_links":{"self":[{"href":"https:\/\/membraneswitchmfg.com\/hu\/wp-json\/wp\/v2\/product\/1778","targetHints":{"allow":["GET"]}}],"collection":[{"href":"https:\/\/membraneswitchmfg.com\/hu\/wp-json\/wp\/v2\/product"}],"about":[{"href":"https:\/\/membraneswitchmfg.com\/hu\/wp-json\/wp\/v2\/types\/product"}],"wp:featuredmedia":[{"embeddable":true,"href":"https:\/\/membraneswitchmfg.com\/hu\/wp-json\/wp\/v2\/media\/1755"}],"wp:attachment":[{"href":"https:\/\/membraneswitchmfg.com\/hu\/wp-json\/wp\/v2\/media?parent=1778"}],"wp:term":[{"taxonomy":"product_brand","embeddable":true,"href":"https:\/\/membraneswitchmfg.com\/hu\/wp-json\/wp\/v2\/product_brand?post=1778"},{"taxonomy":"product_cat","embeddable":true,"href":"https:\/\/membraneswitchmfg.com\/hu\/wp-json\/wp\/v2\/product_cat?post=1778"},{"taxonomy":"product_tag","embeddable":true,"href":"https:\/\/membraneswitchmfg.com\/hu\/wp-json\/wp\/v2\/product_tag?post=1778"}],"curies":[{"name":"wp","href":"https:\/\/api.w.org\/{rel}","templated":true}]}}