{"id":1779,"date":"2024-06-24T05:57:57","date_gmt":"2024-06-24T05:57:57","guid":{"rendered":"https:\/\/membraneswitchmfg.com\/manufacturer\/label\/"},"modified":"2024-07-25T09:16:57","modified_gmt":"2024-07-25T09:16:57","slug":"label","status":"publish","type":"product","link":"https:\/\/membraneswitchmfg.com\/hu\/manufacturer\/label\/","title":{"rendered":"C\u00edmke"},"content":{"rendered":"<h2><strong><b>C\u00edmk\u00e9k: A term\u00e9kazonos\u00edt\u00e1s \u00e9s kommunik\u00e1ci\u00f3 jav\u00edt\u00e1sa<\/b><\/strong><\/h2>\n<p><strong>Hat\u00e9kony term\u00e9kazonos\u00edt\u00e1s<\/strong><\/p>\n<p>A c\u00edmk\u00e9k kulcsfontoss\u00e1g\u00fa szerepet j\u00e1tszanak a term\u00e9kazonos\u00edt\u00e1sban az\u00e1ltal, hogy:<\/p>\n<ul>\n<li><strong>Term\u00e9knevek, log\u00f3k \u00e9s v\u00e9djegyek megjelen\u00edt\u00e9se<\/strong><\/li>\n<li><strong>Egyedi sorozatsz\u00e1mok vagy vonalk\u00f3dok biztos\u00edt\u00e1sa<\/strong><\/li>\n<li><strong>Term\u00e9kle\u00edr\u00e1sok \u00e9s funkci\u00f3k k\u00f6zl\u00e9se<\/strong><\/li>\n<\/ul>\n<p><strong>A szab\u00e1lyoz\u00e1si megfelel\u00e9s biztos\u00edt\u00e1sa<\/strong><\/p>\n<p>A c\u00edmk\u00e9k elengedhetetlenek a k\u00fcl\u00f6nb\u00f6z\u0151 szab\u00e1lyoz\u00e1soknak \u00e9s szabv\u00e1nyoknak val\u00f3 megfelel\u00e9s biztos\u00edt\u00e1s\u00e1hoz, bele\u00e9rtve:<\/p>\n<ul>\n<li><strong>Biztons\u00e1gi figyelmeztet\u00e9sek \u00e9s utas\u00edt\u00e1sok<\/strong><\/li>\n<li><strong>Anyagtartalomra vonatkoz\u00f3 inform\u00e1ci\u00f3k<\/strong><\/li>\n<li><strong>\u00c1rtalmatlan\u00edt\u00e1si \u00e9s \u00fajrahasznos\u00edt\u00e1si utas\u00edt\u00e1sok<\/strong><\/li>\n<\/ul>\n<p><strong>A kommunik\u00e1ci\u00f3 \u00e9s a m\u00e1rka\u00e9p\u00edt\u00e9s jav\u00edt\u00e1sa<\/strong><\/p>\n<p>A c\u00edmk\u00e9k a kommunik\u00e1ci\u00f3 \u00e9s a m\u00e1rka\u00e9p\u00edt\u00e9s jav\u00edt\u00e1s\u00e1ra is haszn\u00e1lhat\u00f3k az\u00e1ltal, hogy:<\/p>\n<ul>\n<li><strong>C\u00e9glog\u00f3k \u00e9s m\u00e1rkaelemek megjelen\u00edt\u00e9se<\/strong><\/li>\n<li><strong>A m\u00e1rka \u00fczenet\u00e9nek \u00e9s \u00e9rt\u00e9keinek meger\u0151s\u00edt\u00e9se<\/strong><\/li>\n<li><strong>\u00d6sszef\u00fcgg\u0151 \u00e9s professzion\u00e1lis m\u00e1rkaarculat kialak\u00edt\u00e1sa<\/strong><\/li>\n<\/ul>\n<p><strong>Alkalmaz\u00e1sok<\/strong><\/p>\n<p>A c\u00edmk\u00e9ket sz\u00e9les k\u00f6rben haszn\u00e1lj\u00e1k a legk\u00fcl\u00f6nb\u00f6z\u0151bb alkalmaz\u00e1sokban, bele\u00e9rtve:<\/p>\n<ul>\n<li><strong>Sz\u00f3rakoztat\u00f3 elektronika<\/strong><\/li>\n<li><strong>Orvostechnikai eszk\u00f6z\u00f6k<\/strong><\/li>\n<li><strong>\u00c9lelmiszer- \u00e9s italcsomagol\u00e1s<\/strong><\/li>\n<li><strong>Ipari term\u00e9kek<\/strong><\/li>\n<li><strong>Sz\u00e1ll\u00edt\u00e1s \u00e9s logisztika<\/strong><\/li>\n<\/ul>\n<p><strong>Testreszabhat\u00f3 megold\u00e1sok<\/strong><\/p>\n<p>A testreszab\u00e1si lehet\u0151s\u00e9gek sz\u00e9les sk\u00e1l\u00e1j\u00e1t k\u00edn\u00e1ljuk az \u00d6n egyedi ig\u00e9nyeinek megfelel\u0151en, t\u00f6bbek k\u00f6z\u00f6tt:<\/p>\n<ul>\n<li><strong>K\u00fcl\u00f6nf\u00e9le anyagok \u00e9s fel\u00fcletek<\/strong><\/li>\n<li><strong>Egyedi nyomtat\u00e1s \u00e9s grafika<\/strong><\/li>\n<li><strong>Stancol\u00e1s \u00e9s form\u00e1k<\/strong><\/li>\n<li><strong>Ragaszt\u00f3 opci\u00f3k<\/strong><\/li>\n<\/ul>\n<p><strong>L\u00e9pjen kapcsolatba egy tapasztalt c\u00edmkegy\u00e1rt\u00f3val<\/strong><\/p>\n<p>\u00c9ves szak\u00e9rtelemmel \u00e9s a min\u0151s\u00e9g ir\u00e1nti elk\u00f6telezetts\u00e9ggel megb\u00edzhat\u00f3 forr\u00e1sa vagyunk az egyedi c\u00edmk\u00e9khez. Szak\u00e9rt\u0151i csapatunk seg\u00edthet megtervezni \u00e9s legy\u00e1rtani a t\u00f6k\u00e9letes c\u00edmk\u00e9ket a term\u00e9kazonos\u00edt\u00e1s, a kommunik\u00e1ci\u00f3 \u00e9s a m\u00e1rka\u00e9p\u00edt\u00e9s jav\u00edt\u00e1sa \u00e9rdek\u00e9ben.<\/p>\n<p><strong>L\u00e9pjen kapcsolatba vel\u00fcnk m\u00e9g ma<\/strong>\u00a0hogy t\u00f6bbet megtudjon c\u00edmkemegold\u00e1sainkr\u00f3l \u00e9s arr\u00f3l, hogyan seg\u00edthet\u00fcnk term\u00e9kei sz\u00ednvonal\u00e1nak emel\u00e9s\u00e9ben.<\/p>","protected":false},"excerpt":{"rendered":"<p>A c\u00edmk\u00e9k elengedhetetlen alkot\u00f3elemek, amelyek vil\u00e1gos \u00e9s t\u00f6m\u00f6r inform\u00e1ci\u00f3t ny\u00fajtanak a term\u00e9kekr\u0151l, biztos\u00edtva azok helyes haszn\u00e1lat\u00e1t, azonos\u00edt\u00e1s\u00e1t \u00e9s a szab\u00e1lyoz\u00e1soknak val\u00f3 megfelel\u00e9st. Ezek a sokoldal\u00fa c\u00edmk\u00e9k a fel\u00fcletek sz\u00e9les sk\u00e1l\u00e1j\u00e1ra r\u00f6gz\u00edthet\u0151k, bele\u00e9rtve a csomagol\u00e1st, az alkatr\u00e9szeket \u00e9s a k\u00e9szterm\u00e9keket.<\/p>","protected":false},"featured_media":1750,"template":"","meta":[],"product_brand":[],"product_cat":[15],"product_tag":[],"class_list":{"0":"post-1779","1":"product","2":"type-product","3":"status-publish","4":"has-post-thumbnail","6":"product_cat-print-label","8":"first","9":"instock","10":"shipping-taxable","11":"product-type-simple"},"_links":{"self":[{"href":"https:\/\/membraneswitchmfg.com\/hu\/wp-json\/wp\/v2\/product\/1779","targetHints":{"allow":["GET"]}}],"collection":[{"href":"https:\/\/membraneswitchmfg.com\/hu\/wp-json\/wp\/v2\/product"}],"about":[{"href":"https:\/\/membraneswitchmfg.com\/hu\/wp-json\/wp\/v2\/types\/product"}],"wp:featuredmedia":[{"embeddable":true,"href":"https:\/\/membraneswitchmfg.com\/hu\/wp-json\/wp\/v2\/media\/1750"}],"wp:attachment":[{"href":"https:\/\/membraneswitchmfg.com\/hu\/wp-json\/wp\/v2\/media?parent=1779"}],"wp:term":[{"taxonomy":"product_brand","embeddable":true,"href":"https:\/\/membraneswitchmfg.com\/hu\/wp-json\/wp\/v2\/product_brand?post=1779"},{"taxonomy":"product_cat","embeddable":true,"href":"https:\/\/membraneswitchmfg.com\/hu\/wp-json\/wp\/v2\/product_cat?post=1779"},{"taxonomy":"product_tag","embeddable":true,"href":"https:\/\/membraneswitchmfg.com\/hu\/wp-json\/wp\/v2\/product_tag?post=1779"}],"curies":[{"name":"wp","href":"https:\/\/api.w.org\/{rel}","templated":true}]}}