{"id":1780,"date":"2024-06-24T05:57:57","date_gmt":"2024-06-24T05:57:57","guid":{"rendered":"https:\/\/membraneswitchmfg.com\/manufacturer\/membrane-switch-with-backlighting\/"},"modified":"2024-06-25T13:56:06","modified_gmt":"2024-06-25T13:56:06","slug":"membrane-switch-with-backlighting","status":"publish","type":"product","link":"https:\/\/membraneswitchmfg.com\/hu\/manufacturer\/membrane-switch-with-backlighting\/","title":{"rendered":"Membr\u00e1nkapcsol\u00f3 h\u00e1tt\u00e9rvil\u00e1g\u00edt\u00e1ssal"},"content":{"rendered":"<h2><strong><b>Membr\u00e1nkapcsol\u00f3k h\u00e1tt\u00e9rvil\u00e1g\u00edt\u00e1ssal: Fokozott l\u00e1that\u00f3s\u00e1g \u00e9s felhaszn\u00e1l\u00f3i \u00e9lm\u00e9ny<\/b><\/strong><\/h2>\n<p><strong>Fokozott l\u00e1that\u00f3s\u00e1g gyenge f\u00e9nyviszonyok k\u00f6z\u00f6tt<\/strong><\/p>\n<p>A h\u00e1tt\u00e9rvil\u00e1g\u00edt\u00e1ssal ell\u00e1tott membr\u00e1nkapcsol\u00f3k biztos\u00edtj\u00e1k, hogy a billenty\u0171k \u00e9s a feliratok m\u00e9g gyeng\u00e9n megvil\u00e1g\u00edtott vagy s\u00f6t\u00e9t k\u00f6rnyezetben is j\u00f3l l\u00e1that\u00f3ak legyenek. Ez k\u00fcl\u00f6n\u00f6sen fontos az olyan alkalmaz\u00e1sokn\u00e1l, ahol az eszk\u00f6z\u00f6ket gyenge f\u00e9nyviszonyok k\u00f6z\u00f6tt m\u0171k\u00f6dtetik, mint p\u00e9ld\u00e1ul:<\/p>\n<ul>\n<li><strong>Orvosi felszerel\u00e9s<\/strong><\/li>\n<li><strong>Ipari vez\u00e9rl\u0151panelek<\/strong><\/li>\n<li><strong>Rep\u00fcl\u0151g\u00e9pek \u00e9s \u0171rhaj\u00f3z\u00e1si berendez\u00e9sek<\/strong><\/li>\n<li><strong>Katonai alkalmaz\u00e1sok<\/strong><\/li>\n<li><strong>Sz\u00f3rakoztat\u00f3 elektronika<\/strong><\/li>\n<\/ul>\n<p><strong>Jav\u00edtott felhaszn\u00e1l\u00f3i \u00e9lm\u00e9ny<\/strong><\/p>\n<p>A h\u00e1tt\u00e9rvil\u00e1g\u00edt\u00e1ssal ell\u00e1tott membr\u00e1nkapcsol\u00f3k nemcsak a l\u00e1that\u00f3s\u00e1got fokozz\u00e1k, hanem az \u00e1ltal\u00e1nos felhaszn\u00e1l\u00f3i \u00e9lm\u00e9nyt is jav\u00edtj\u00e1k:<\/p>\n<ul>\n<li><strong>A hib\u00e1k cs\u00f6kkent\u00e9se \u00e9s a pontoss\u00e1g jav\u00edt\u00e1sa<\/strong><\/li>\n<li><strong>A felhaszn\u00e1l\u00f3k eligaz\u00edt\u00e1sa a m\u0171k\u00f6d\u00e9s \u00e9s a funkci\u00f3k k\u00f6z\u00f6tt<\/strong><\/li>\n<li><strong>Intuit\u00edvabb \u00e9s felhaszn\u00e1l\u00f3bar\u00e1tabb fel\u00fclet l\u00e9trehoz\u00e1sa<\/strong><\/li>\n<li><strong>Egy kis elegancia \u00e9s kifinomults\u00e1g hozz\u00e1ad\u00e1sa a k\u00e9sz\u00fcl\u00e9khez<\/strong><\/li>\n<\/ul>\n<p><strong>K\u00fcl\u00f6nf\u00e9le h\u00e1tt\u00e9rvil\u00e1g\u00edt\u00e1si lehet\u0151s\u00e9gek<\/strong><\/p>\n<p>A h\u00e1tt\u00e9rvil\u00e1g\u00edt\u00e1ssal ell\u00e1tott membr\u00e1nkapcsol\u00f3k a testreszab\u00e1si lehet\u0151s\u00e9gek sz\u00e9les sk\u00e1l\u00e1j\u00e1t k\u00edn\u00e1lj\u00e1k, t\u00f6bbek k\u00f6z\u00f6tt:<\/p>\n<ul>\n<li><strong>K\u00fcl\u00f6nb\u00f6z\u0151 LED sz\u00ednek \u00e9s intenzit\u00e1sok<\/strong><\/li>\n<li><strong>Egyenletes vagy z\u00f3n\u00e1s h\u00e1tt\u00e9rvil\u00e1g\u00edt\u00e1s<\/strong><\/li>\n<li><strong>Statikus vagy dinamikus f\u00e9nyhat\u00e1sok<\/strong><\/li>\n<li><strong>Egyedi grafik\u00e1k \u00e9s ikonok<\/strong><\/li>\n<\/ul>\n<p><strong>Partners\u00e9g egy tapasztalt h\u00e1tt\u00e9rvil\u00e1g\u00edt\u00e1s\u00fa membr\u00e1nkapcsol\u00f3 gy\u00e1rt\u00f3val<\/strong><\/p>\n<p>T\u00f6bb \u00e9ves szak\u00e9rtelemmel \u00e9s a min\u0151s\u00e9g ir\u00e1nti elk\u00f6telezetts\u00e9ggel megb\u00edzhat\u00f3 forr\u00e1s vagyunk az egyedi h\u00e1tt\u00e9rvil\u00e1g\u00edt\u00e1s\u00fa membr\u00e1nkapcsol\u00f3k ter\u00e9n. Szak\u00e9rt\u0151i csapatunk seg\u00edt \u00d6nnek megtervezni \u00e9s legy\u00e1rtani a t\u00f6k\u00e9letes kapcsol\u00f3kat, hogy n\u00f6velje term\u00e9ke l\u00e1that\u00f3s\u00e1g\u00e1t, felhaszn\u00e1l\u00f3i \u00e9lm\u00e9ny\u00e9t \u00e9s \u00e1ltal\u00e1nos eszt\u00e9tikai vonzerej\u00e9t.<\/p>\n<p><strong>L\u00e9pjen kapcsolatba vel\u00fcnk m\u00e9g ma<\/strong>\u00a0ha t\u00f6bbet szeretne megtudni a h\u00e1tt\u00e9rvil\u00e1g\u00edt\u00e1sos membr\u00e1nkapcsol\u00f3 megold\u00e1sainkr\u00f3l, \u00e9s arr\u00f3l, hogyan seg\u00edthet\u00fcnk \u00d6nnek term\u00e9kei sz\u00ednvonal\u00e1nak emel\u00e9s\u00e9ben.<\/p>","protected":false},"excerpt":{"rendered":"<p>A h\u00e1tt\u00e9rvil\u00e1g\u00edt\u00e1ssal ell\u00e1tott membr\u00e1nkapcsol\u00f3k a gyenge f\u00e9nyviszonyok mellett is j\u00f3l l\u00e1that\u00f3v\u00e1 teszik az elektronikus eszk\u00f6z\u00f6k felhaszn\u00e1l\u00f3i \u00e9lm\u00e9ny\u00e9t \u00e9s funkcionalit\u00e1s\u00e1t. Ezek az innovat\u00edv kapcsol\u00f3k \u00f6tv\u00f6zik a hagyom\u00e1nyos membr\u00e1nkapcsol\u00f3k tapinthat\u00f3 visszajelz\u00e9seit a LED-ek vil\u00e1g\u00edt\u00f3 erej\u00e9vel, felhaszn\u00e1l\u00f3bar\u00e1t \u00e9s vizu\u00e1lisan vonz\u00f3 fel\u00fcletet hozva l\u00e9tre.<\/p>","protected":false},"featured_media":1752,"template":"","meta":[],"product_brand":[],"product_cat":[40],"product_tag":[],"class_list":{"0":"post-1780","1":"product","2":"type-product","3":"status-publish","4":"has-post-thumbnail","6":"product_cat-membrane-switch","8":"first","9":"instock","10":"shipping-taxable","11":"product-type-simple"},"_links":{"self":[{"href":"https:\/\/membraneswitchmfg.com\/hu\/wp-json\/wp\/v2\/product\/1780","targetHints":{"allow":["GET"]}}],"collection":[{"href":"https:\/\/membraneswitchmfg.com\/hu\/wp-json\/wp\/v2\/product"}],"about":[{"href":"https:\/\/membraneswitchmfg.com\/hu\/wp-json\/wp\/v2\/types\/product"}],"wp:featuredmedia":[{"embeddable":true,"href":"https:\/\/membraneswitchmfg.com\/hu\/wp-json\/wp\/v2\/media\/1752"}],"wp:attachment":[{"href":"https:\/\/membraneswitchmfg.com\/hu\/wp-json\/wp\/v2\/media?parent=1780"}],"wp:term":[{"taxonomy":"product_brand","embeddable":true,"href":"https:\/\/membraneswitchmfg.com\/hu\/wp-json\/wp\/v2\/product_brand?post=1780"},{"taxonomy":"product_cat","embeddable":true,"href":"https:\/\/membraneswitchmfg.com\/hu\/wp-json\/wp\/v2\/product_cat?post=1780"},{"taxonomy":"product_tag","embeddable":true,"href":"https:\/\/membraneswitchmfg.com\/hu\/wp-json\/wp\/v2\/product_tag?post=1780"}],"curies":[{"name":"wp","href":"https:\/\/api.w.org\/{rel}","templated":true}]}}