{"id":1781,"date":"2024-06-24T05:57:57","date_gmt":"2024-06-24T05:57:57","guid":{"rendered":"https:\/\/membraneswitchmfg.com\/manufacturer\/membrane-switch-back-support\/"},"modified":"2024-07-25T08:37:56","modified_gmt":"2024-07-25T08:37:56","slug":"membrane-switch-back-support","status":"publish","type":"product","link":"https:\/\/membraneswitchmfg.com\/hu\/manufacturer\/membrane-switch-back-support\/","title":{"rendered":"Membr\u00e1n kapcsol\u00f3 + h\u00e1tt\u00e1masz"},"content":{"rendered":"<h2><strong><b>Membr\u00e1n kapcsol\u00f3 + h\u00e1tt\u00e1mla: Fokozott tart\u00f3ss\u00e1g \u00e9s funkcionalit\u00e1s<\/b><\/strong><\/h2>\n<p><strong>Fokozott tart\u00f3ss\u00e1g \u00e9s stabilit\u00e1s<\/strong><\/p>\n<p>A h\u00e1tt\u00e1mla merev alapot biztos\u00edt a membr\u00e1nkapcsol\u00f3nak, jelent\u0151sen jav\u00edtva annak tart\u00f3ss\u00e1g\u00e1t \u00e9s \u00e9lettartam\u00e1t. Ez k\u00fcl\u00f6n\u00f6sen el\u0151ny\u00f6s olyan k\u00f6rnyezetben, ahol a kapcsol\u00f3 gyakori haszn\u00e1latnak vagy zord k\u00f6r\u00fclm\u00e9nyeknek van kit\u00e9ve.<\/p>\n<ul>\n<li><strong>Ellen\u00e1ll a deform\u00e1ci\u00f3nak \u00e9s a kop\u00e1snak<\/strong><\/li>\n<li><strong>V\u00e9di a kapcsol\u00f3t az \u00fct\u00e9sekt\u0151l \u00e9s rezg\u00e9sekt\u0151l<\/strong><\/li>\n<li><strong>Meghosszabb\u00edtja a kapcsol\u00f3 \u00e9lettartam\u00e1t<\/strong><\/li>\n<\/ul>\n<p><strong>Tov\u00e1bbfejlesztett funkcionalit\u00e1s \u00e9s szerel\u00e9si lehet\u0151s\u00e9gek<\/strong><\/p>\n<p>A h\u00e1ts\u00f3 t\u00e1masz megk\u00f6nny\u00edti a membr\u00e1nkapcsol\u00f3 biztons\u00e1gos \u00e9s pontos r\u00f6gz\u00edt\u00e9s\u00e9t, biztos\u00edtva a megfelel\u0151 igaz\u00edt\u00e1st \u00e9s m\u0171k\u00f6d\u00e9st. Emellett lehet\u0151v\u00e9 teszi tov\u00e1bbi alkatr\u00e9szek, p\u00e9ld\u00e1ul LED-ek \u00e9s csatlakoz\u00f3k be\u00e9p\u00edt\u00e9s\u00e9t is.<\/p>\n<ul>\n<li><strong>Lehet\u0151v\u00e9 teszi a s\u00fcllyesztett vagy emelt be\u00e9p\u00edt\u00e9st<\/strong><\/li>\n<li><strong>Szerel\u0151furatokat \u00e9s csapokat biztos\u00edt<\/strong><\/li>\n<li><strong>Lehet\u0151v\u00e9 teszi az elektronika integr\u00e1l\u00e1s\u00e1t<\/strong><\/li>\n<\/ul>\n<p><strong>Fokozott eszt\u00e9tika \u00e9s professzion\u00e1lis megjelen\u00e9s<\/strong><\/p>\n<p>A h\u00e1tt\u00e1masz jav\u00edtja a membr\u00e1nkapcsol\u00f3 \u00e1ltal\u00e1nos eszt\u00e9tik\u00e1j\u00e1t, professzion\u00e1lisabb \u00e9s vizu\u00e1lisan vonz\u00f3bb megjelen\u00e9st biztos\u00edtva. Testre szabhat\u00f3 sz\u00ednekkel, text\u00far\u00e1kkal \u00e9s fel\u00fcletkezel\u00e9ssel, hogy illeszkedjen az eszk\u00f6z diz\u00e1jnj\u00e1hoz.<\/p>\n<ul>\n<li><strong>Eleg\u00e1ns \u00e9s modern kialak\u00edt\u00e1s<\/strong><\/li>\n<li><strong>K\u00fcl\u00f6nb\u00f6z\u0151 sz\u00ednek \u00e9s fel\u00fcletek<\/strong><\/li>\n<li><strong>Testreszabhat\u00f3 grafik\u00e1k \u00e9s log\u00f3k<\/strong><\/li>\n<\/ul>\n<p><strong>Alkalmaz\u00e1sok<\/strong><\/p>\n<p>A h\u00e1tt\u00e1ml\u00e1val ell\u00e1tott membr\u00e1nkapcsol\u00f3kat sz\u00e9les k\u00f6rben haszn\u00e1lj\u00e1k k\u00fcl\u00f6nb\u00f6z\u0151 alkalmaz\u00e1sokban, t\u00f6bbek k\u00f6z\u00f6tt:<\/p>\n<ul>\n<li><strong>Ipari vez\u00e9rl\u0151panelek<\/strong><\/li>\n<li><strong>Orvostechnikai eszk\u00f6z\u00f6k<\/strong><\/li>\n<li><strong>Sz\u00f3rakoztat\u00f3 elektronika<\/strong><\/li>\n<li><strong>T\u00e1vk\u00f6zl\u00e9si berendez\u00e9sek<\/strong><\/li>\n<li><strong>Sz\u00e1ll\u00edt\u00e1si konzolok<\/strong><\/li>\n<\/ul>\n<p><strong>Testreszabhat\u00f3 megold\u00e1sok<\/strong><\/p>\n<p>A testreszab\u00e1si lehet\u0151s\u00e9gek sz\u00e9les sk\u00e1l\u00e1j\u00e1t k\u00edn\u00e1ljuk az \u00d6n egyedi ig\u00e9nyeinek megfelel\u0151en, t\u00f6bbek k\u00f6z\u00f6tt:<\/p>\n<ul>\n<li><strong>K\u00fcl\u00f6nf\u00e9le h\u00e1tt\u00e1mla anyagok (alum\u00ednium, m\u0171anyag stb.)<\/strong><\/li>\n<li><strong>Egyedi m\u00e9retek \u00e9s form\u00e1k<\/strong><\/li>\n<li><strong>Kiv\u00e1g\u00e1sok \u00e9s furatok az alkatr\u00e9szek sz\u00e1m\u00e1ra<\/strong><\/li>\n<li><strong>Fel\u00fcletkezel\u00e9sek \u00e9s fel\u00fcletkezel\u00e9sek<\/strong><\/li>\n<\/ul>\n<p><strong>Partner egy tapasztalt membr\u00e1nkapcsol\u00f3-gy\u00e1rt\u00f3 c\u00e9ggel<\/strong><\/p>\n<p>T\u00f6bb\u00e9ves szak\u00e9rtelemmel \u00e9s a min\u0151s\u00e9g ir\u00e1nti elk\u00f6telezetts\u00e9ggel a h\u00e1tlapi t\u00e1mogat\u00e1ssal ell\u00e1tott egyedi membr\u00e1nkapcsol\u00f3k megb\u00edzhat\u00f3 forr\u00e1sa vagyunk. Szak\u00e9rt\u0151i csapatunk seg\u00edt \u00d6nnek megtervezni \u00e9s legy\u00e1rtani a t\u00f6k\u00e9letes kapcsol\u00f3kat, hogy n\u00f6velje term\u00e9ke tart\u00f3ss\u00e1g\u00e1t, funkcionalit\u00e1s\u00e1t \u00e9s eszt\u00e9tikai vonzerej\u00e9t.<\/p>\n<p><strong>L\u00e9pjen kapcsolatba vel\u00fcnk m\u00e9g ma<\/strong>\u00a0hogy t\u00f6bbet tudjon meg a h\u00e1tt\u00e9rt\u00e1mogat\u00e1ssal ell\u00e1tott membr\u00e1nkapcsol\u00f3 megold\u00e1sainkr\u00f3l, \u00e9s arr\u00f3l, hogyan seg\u00edthet\u00fcnk \u00d6nnek term\u00e9keinek felemel\u00e9s\u00e9ben.<\/p>\n<p><strong>Tov\u00e1bbi kulcsszavak:<\/strong>\u00a0rugalmas membr\u00e1nkapcsol\u00f3, be- \u00e9s kikapcsol\u00f3 membr\u00e1nkapcsol\u00f3<\/p>","protected":false},"excerpt":{"rendered":"<p>A h\u00e1tlapi t\u00e1masszal p\u00e1ros\u00edtott membr\u00e1nkapcsol\u00f3k robusztus \u00e9s sokoldal\u00fa megold\u00e1st k\u00edn\u00e1lnak a felhaszn\u00e1l\u00f3i fel\u00fcletekhez, mivel a membr\u00e1nkapcsol\u00f3k tapinthat\u00f3 visszajelz\u00e9seit a h\u00e1tlap szerkezeti integrit\u00e1s\u00e1val kombin\u00e1lj\u00e1k. Ez az integr\u00e1ci\u00f3 fokozza a kapcsol\u00f3 tart\u00f3ss\u00e1g\u00e1t, funkcionalit\u00e1s\u00e1t \u00e9s eszt\u00e9tikai megjelen\u00e9s\u00e9t, \u00edgy az alkalmaz\u00e1sok sz\u00e9les k\u00f6r\u00e9hez ide\u00e1lis.<\/p>","protected":false},"featured_media":1754,"template":"","meta":[],"product_brand":[],"product_cat":[40],"product_tag":[],"class_list":{"0":"post-1781","1":"product","2":"type-product","3":"status-publish","4":"has-post-thumbnail","6":"product_cat-membrane-switch","8":"first","9":"instock","10":"shipping-taxable","11":"product-type-simple"},"_links":{"self":[{"href":"https:\/\/membraneswitchmfg.com\/hu\/wp-json\/wp\/v2\/product\/1781","targetHints":{"allow":["GET"]}}],"collection":[{"href":"https:\/\/membraneswitchmfg.com\/hu\/wp-json\/wp\/v2\/product"}],"about":[{"href":"https:\/\/membraneswitchmfg.com\/hu\/wp-json\/wp\/v2\/types\/product"}],"wp:featuredmedia":[{"embeddable":true,"href":"https:\/\/membraneswitchmfg.com\/hu\/wp-json\/wp\/v2\/media\/1754"}],"wp:attachment":[{"href":"https:\/\/membraneswitchmfg.com\/hu\/wp-json\/wp\/v2\/media?parent=1781"}],"wp:term":[{"taxonomy":"product_brand","embeddable":true,"href":"https:\/\/membraneswitchmfg.com\/hu\/wp-json\/wp\/v2\/product_brand?post=1781"},{"taxonomy":"product_cat","embeddable":true,"href":"https:\/\/membraneswitchmfg.com\/hu\/wp-json\/wp\/v2\/product_cat?post=1781"},{"taxonomy":"product_tag","embeddable":true,"href":"https:\/\/membraneswitchmfg.com\/hu\/wp-json\/wp\/v2\/product_tag?post=1781"}],"curies":[{"name":"wp","href":"https:\/\/api.w.org\/{rel}","templated":true}]}}