{"id":1783,"date":"2024-06-24T05:57:57","date_gmt":"2024-06-24T05:57:57","guid":{"rendered":"https:\/\/membraneswitchmfg.com\/manufacturer\/oca-membrane-switch-keypad\/"},"modified":"2024-06-25T14:00:06","modified_gmt":"2024-06-25T14:00:06","slug":"oca-membrane-switch-keypad","status":"publish","type":"product","link":"https:\/\/membraneswitchmfg.com\/hu\/manufacturer\/oca-membrane-switch-keypad\/","title":{"rendered":"OCA membr\u00e1nkapcsol\u00f3 billenty\u0171zet"},"content":{"rendered":"<h2><strong><b>OCA membr\u00e1nkapcsol\u00f3 billenty\u0171zet: Megn\u00f6velt tart\u00f3ss\u00e1g \u00e9s tapinthat\u00f3 v\u00e1lasz<\/b><\/strong><\/h2>\n<p><strong>Fokozott tart\u00f3ss\u00e1g \u00e9s v\u00edz\u00e1ll\u00f3s\u00e1g<\/strong><\/p>\n<p>Az OCA membr\u00e1nkapcsol\u00f3s billenty\u0171zetek rendk\u00edv\u00fcl tart\u00f3sak, ellen\u00e1llnak a zord k\u00f6r\u00fclm\u00e9nyeknek \u00e9s a gyakori haszn\u00e1latnak. Az OCA r\u00e9teg v\u00e9d\u0151g\u00e1tat k\u00e9pez a nedvess\u00e9g, a por \u00e9s a szennyez\u0151d\u00e9sek ellen, meghosszabb\u00edtva ezzel a billenty\u0171zet \u00e9lettartam\u00e1t.<\/p>\n<ul>\n<li><strong>Ellen\u00e1ll a v\u00edznek, a vegyi anyagoknak \u00e9s az UV-sugaraknak.<\/strong><\/li>\n<li><strong>Ellen\u00e1ll a sz\u00e9ls\u0151s\u00e9ges h\u0151m\u00e9rs\u00e9kleteknek \u00e9s rezg\u00e9seknek<\/strong><\/li>\n<li><strong>Alkalmas k\u00fclt\u00e9ri \u00e9s ipari k\u00f6rnyezetbe<\/strong><\/li>\n<\/ul>\n<p><strong>Kiv\u00e1l\u00f3 tapint\u00e1s \u00e9s \u00e9les visszajelz\u00e9s<\/strong><\/p>\n<p>Az OCA membr\u00e1nkapcsol\u00f3s billenty\u0171zetek pontos \u00e9s k\u00f6vetkezetes tapint\u00e1s\u00fa v\u00e1laszt adnak, biztos\u00edtva a pontos \u00e9s megb\u00edzhat\u00f3 felhaszn\u00e1l\u00f3i bevitelt. Az OCA-r\u00e9teg n\u00f6veli a billenty\u0171mozg\u00e1st, \u00e9s \u00e9les kattint\u00e1si visszajelz\u00e9st biztos\u00edt a pozit\u00edv felhaszn\u00e1l\u00f3i meger\u0151s\u00edt\u00e9shez.<\/p>\n<ul>\n<li><strong>Pontos \u00e9s k\u00f6vetkezetes billenty\u0171m\u0171k\u00f6dtet\u00e9s<\/strong><\/li>\n<li><strong>\u00c9les kattint\u00e1s visszajelz\u00e9s a tapinthat\u00f3 meger\u0151s\u00edt\u00e9shez<\/strong><\/li>\n<li><strong>Minimaliz\u00e1lja a hib\u00e1kat \u00e9s jav\u00edtja a felhaszn\u00e1l\u00f3i \u00e9lm\u00e9nyt<\/strong><\/li>\n<\/ul>\n<p><strong>Tov\u00e1bbfejlesztett vizu\u00e1lis tisztas\u00e1g \u00e9s h\u00e1tt\u00e9rvil\u00e1g\u00edt\u00e1si lehet\u0151s\u00e9gek<\/strong><\/p>\n<p>Az OCA membr\u00e1nkapcsol\u00f3 billenty\u0171zetek kiv\u00e9teles vizu\u00e1lis tisztas\u00e1got k\u00edn\u00e1lnak, a feliratok \u00e9s szimb\u00f3lumok m\u00e9g gyenge megvil\u00e1g\u00edt\u00e1sban is j\u00f3l olvashat\u00f3k. Az OCA r\u00e9teg lehet\u0151v\u00e9 teszi az egyenletes h\u00e1tt\u00e9rvil\u00e1g\u00edt\u00e1st, ami gyenge f\u00e9nyviszonyok mellett is tiszta l\u00e1that\u00f3s\u00e1got biztos\u00edt.<\/p>\n<ul>\n<li><strong>\u00c9les \u00e9s olvashat\u00f3 feliratok \u00e9s szimb\u00f3lumok<\/strong><\/li>\n<li><strong>Egys\u00e9ges h\u00e1tt\u00e9rvil\u00e1g\u00edt\u00e1si lehet\u0151s\u00e9gek a jobb l\u00e1that\u00f3s\u00e1g \u00e9rdek\u00e9ben<\/strong><\/li>\n<li><strong>Testreszabhat\u00f3 grafika \u00e9s m\u00e1rkaelemek<\/strong><\/li>\n<\/ul>\n<p><strong>Alkalmaz\u00e1sok<\/strong><\/p>\n<p>Az OCA membr\u00e1nkapcsol\u00f3 billenty\u0171zeteket sz\u00e9les k\u00f6rben haszn\u00e1lj\u00e1k k\u00fcl\u00f6nf\u00e9le alkalmaz\u00e1sokban, t\u00f6bbek k\u00f6z\u00f6tt:<\/p>\n<ul>\n<li><strong>Ipari vez\u00e9rl\u0151panelek<\/strong><\/li>\n<li><strong>Orvostechnikai eszk\u00f6z\u00f6k<\/strong><\/li>\n<li><strong>Sz\u00f3rakoztat\u00f3 elektronika<\/strong><\/li>\n<li><strong>T\u00e1vk\u00f6zl\u00e9si berendez\u00e9sek<\/strong><\/li>\n<li><strong>Sz\u00e1ll\u00edt\u00e1si konzolok<\/strong><\/li>\n<\/ul>\n<p><strong>Testreszabhat\u00f3 megold\u00e1sok<\/strong><\/p>\n<p>A testreszab\u00e1si lehet\u0151s\u00e9gek sz\u00e9les sk\u00e1l\u00e1j\u00e1t k\u00edn\u00e1ljuk az \u00d6n egyedi ig\u00e9nyeinek megfelel\u0151en, t\u00f6bbek k\u00f6z\u00f6tt:<\/p>\n<ul>\n<li><strong>Kulcsm\u00e9retek, elrendez\u00e9sek \u00e9s konfigur\u00e1ci\u00f3k sokf\u00e9les\u00e9ge<\/strong><\/li>\n<li><strong>Egyedi grafik\u00e1k, legend\u00e1k \u00e9s m\u00e1rkaelemek<\/strong><\/li>\n<li><strong>H\u00e1tt\u00e9rvil\u00e1g\u00edt\u00e1si lehet\u0151s\u00e9gek \u00e9s sz\u00ednek<\/strong><\/li>\n<li><strong>Integr\u00e1ci\u00f3 tov\u00e1bbi komponensekkel<\/strong><\/li>\n<\/ul>\n<p><strong>Partner egy tapasztalt OCA membr\u00e1nkapcsol\u00f3 billenty\u0171zetgy\u00e1rt\u00f3val<\/strong><\/p>\n<p>T\u00f6bb \u00e9ves szak\u00e9rtelemmel \u00e9s a min\u0151s\u00e9g ir\u00e1nti elk\u00f6telezetts\u00e9ggel az \u00d6n megb\u00edzhat\u00f3 forr\u00e1sa vagyunk az egyedi OCA membr\u00e1nkapcsol\u00f3 billenty\u0171zetek sz\u00e1m\u00e1ra. Szak\u00e9rt\u0151i csapatunk seg\u00edt \u00d6nnek megtervezni \u00e9s legy\u00e1rtani a t\u00f6k\u00e9letes billenty\u0171zeteket, hogy n\u00f6velje term\u00e9ke tart\u00f3ss\u00e1g\u00e1t, tapint\u00e1s\u00e1t, vizu\u00e1lis tisztas\u00e1g\u00e1t \u00e9s \u00e1ltal\u00e1nos teljes\u00edtm\u00e9ny\u00e9t.<\/p>\n<p><strong>L\u00e9pjen kapcsolatba vel\u00fcnk m\u00e9g ma<\/strong>\u00a0hogy t\u00f6bbet tudjon meg az OCA membr\u00e1nkapcsol\u00f3s billenty\u0171zetmegold\u00e1sainkr\u00f3l, \u00e9s arr\u00f3l, hogyan seg\u00edthet\u00fcnk \u00d6nnek term\u00e9kei sz\u00ednvonal\u00e1nak emel\u00e9s\u00e9ben.<\/p>","protected":false},"excerpt":{"rendered":"<p>Az OCA (Optically Clear Adhesive) membr\u00e1nkapcsol\u00f3s billenty\u0171zetek a hagyom\u00e1nyos membr\u00e1nkapcsol\u00f3s billenty\u0171zetek kiv\u00e1l\u00f3 alternat\u00edv\u00e1j\u00e1t k\u00edn\u00e1lj\u00e1k, mivel fokozott tart\u00f3ss\u00e1got, tapinthat\u00f3 v\u00e1laszt \u00e9s vizu\u00e1lis tisztas\u00e1got biztos\u00edtanak. Ezek az innovat\u00edv billenty\u0171zetek ide\u00e1lisak olyan alkalmaz\u00e1sokhoz, amelyek nagy teljes\u00edtm\u00e9nyt \u00e9s megb\u00edzhat\u00f3s\u00e1got ig\u00e9nyelnek kih\u00edv\u00e1st jelent\u0151 k\u00f6rnyezetben.<\/p>","protected":false},"featured_media":1756,"template":"","meta":[],"product_brand":[],"product_cat":[40],"product_tag":[],"class_list":{"0":"post-1783","1":"product","2":"type-product","3":"status-publish","4":"has-post-thumbnail","6":"product_cat-membrane-switch","8":"first","9":"instock","10":"shipping-taxable","11":"product-type-simple"},"_links":{"self":[{"href":"https:\/\/membraneswitchmfg.com\/hu\/wp-json\/wp\/v2\/product\/1783","targetHints":{"allow":["GET"]}}],"collection":[{"href":"https:\/\/membraneswitchmfg.com\/hu\/wp-json\/wp\/v2\/product"}],"about":[{"href":"https:\/\/membraneswitchmfg.com\/hu\/wp-json\/wp\/v2\/types\/product"}],"wp:featuredmedia":[{"embeddable":true,"href":"https:\/\/membraneswitchmfg.com\/hu\/wp-json\/wp\/v2\/media\/1756"}],"wp:attachment":[{"href":"https:\/\/membraneswitchmfg.com\/hu\/wp-json\/wp\/v2\/media?parent=1783"}],"wp:term":[{"taxonomy":"product_brand","embeddable":true,"href":"https:\/\/membraneswitchmfg.com\/hu\/wp-json\/wp\/v2\/product_brand?post=1783"},{"taxonomy":"product_cat","embeddable":true,"href":"https:\/\/membraneswitchmfg.com\/hu\/wp-json\/wp\/v2\/product_cat?post=1783"},{"taxonomy":"product_tag","embeddable":true,"href":"https:\/\/membraneswitchmfg.com\/hu\/wp-json\/wp\/v2\/product_tag?post=1783"}],"curies":[{"name":"wp","href":"https:\/\/api.w.org\/{rel}","templated":true}]}}