{"id":1784,"date":"2024-06-24T05:57:57","date_gmt":"2024-06-24T05:57:57","guid":{"rendered":"https:\/\/membraneswitchmfg.com\/manufacturer\/digital-printing-graphic-overlay\/"},"modified":"2024-06-25T13:50:44","modified_gmt":"2024-06-25T13:50:44","slug":"digital-printing-graphic-overlay","status":"publish","type":"product","link":"https:\/\/membraneswitchmfg.com\/hu\/manufacturer\/digital-printing-graphic-overlay\/","title":{"rendered":"Digit\u00e1lis nyomtat\u00e1s grafikus \u00e1tfed\u00e9s"},"content":{"rendered":"<h2><strong><b>Digit\u00e1lisan Nyomtatott Grafikus Fed\u0151r\u00e9tegek: A Term\u00e9k Eszt\u00e9tik\u00e1j\u00e1nak \u00e9s Funkcionalit\u00e1s\u00e1nak Jav\u00edt\u00e1sa<\/b><\/strong><\/h2>\n<p><strong>Emelje a Term\u00e9k Eszt\u00e9tik\u00e1j\u00e1t<\/strong><\/p>\n<p>A grafikus fed\u0151r\u00e9tegek jelent\u0151sen jav\u00edthatj\u00e1k a term\u00e9k megjelen\u00e9s\u00e9t az\u00e1ltal, hogy:<\/p>\n<ul>\n<li><strong>V\u00e1llalati log\u00f3k, m\u00e1rkajelz\u00e9si elemek \u00e9s term\u00e9kgrafik\u00e1k be\u00e9p\u00edt\u00e9se<\/strong><\/li>\n<li><strong>\u00d6sszef\u00fcgg\u0151 \u00e9s professzion\u00e1lis m\u00e1rkaarculat kialak\u00edt\u00e1sa<\/strong><\/li>\n<li><strong>Egy csipetnyi eleganci\u00e1t \u00e9s kifinomults\u00e1got adva<\/strong><\/li>\n<\/ul>\n<p><strong>A Term\u00e9k Funkcionalit\u00e1s\u00e1nak Jav\u00edt\u00e1sa<\/strong><\/p>\n<p>A grafikus fed\u0151r\u00e9tegek a term\u00e9k funkcionalit\u00e1s\u00e1t is jav\u00edthatj\u00e1k az\u00e1ltal, hogy:<\/p>\n<ul>\n<li><strong>Vil\u00e1gos utas\u00edt\u00e1sokat \u00e9s felhaszn\u00e1l\u00f3i \u00fatmutat\u00f3t ny\u00fajtanak<\/strong><\/li>\n<li><strong>Azonos\u00edtj\u00e1k a gombokat, kapcsol\u00f3kat \u00e9s egy\u00e9b vez\u00e9rl\u0151ket<\/strong><\/li>\n<li><strong>\u00c1llapotjelz\u0151ket \u00e9s figyelmeztet\u0151 szimb\u00f3lumokat jelen\u00edtenek meg<\/strong><\/li>\n<\/ul>\n<p>Digit\u00e1lisan nyomtatott grafikus fed\u0151r\u00e9teg<\/p>\n<p>A digit\u00e1lisan nyomtatott grafikus fed\u0151r\u00e9tegek k\u00fcl\u00f6nf\u00e9le anyagokra alkalmazhat\u00f3k, bele\u00e9rtve:<\/p>\n<ul>\n<li><strong>M\u0171anyagok<\/strong><\/li>\n<li><strong>F\u00e9mek<\/strong><\/li>\n<li><strong>\u00dcveg<\/strong><\/li>\n<li><strong>Fa<\/strong><\/li>\n<\/ul>\n<p>Ezek a fed\u0151r\u00e9tegek rendk\u00edv\u00fcl tart\u00f3sak is, ellen\u00e1llnak a zord k\u00f6r\u00fclm\u00e9nyeknek \u00e9s a gyakori haszn\u00e1latnak.<\/p>\n<p><strong>Alkalmaz\u00e1sok<\/strong><\/p>\n<p>A grafikus fed\u0151r\u00e9tegeket sz\u00e9les k\u00f6rben haszn\u00e1lj\u00e1k k\u00fcl\u00f6nf\u00e9le alkalmaz\u00e1sokban, bele\u00e9rtve:<\/p>\n<ul>\n<li><strong>Ipari vez\u00e9rl\u0151panelek<\/strong><\/li>\n<li><strong>Orvostechnikai eszk\u00f6z\u00f6k<\/strong><\/li>\n<li><strong>Sz\u00f3rakoztat\u00f3 elektronika<\/strong><\/li>\n<li><strong>K\u00e9sz\u00fcl\u00e9kek<\/strong><\/li>\n<li><strong>G\u00e9pek \u00e9s berendez\u00e9sek<\/strong><\/li>\n<\/ul>\n<p><strong>Testreszabhat\u00f3 megold\u00e1sok<\/strong><\/p>\n<p>A testreszab\u00e1si lehet\u0151s\u00e9gek sz\u00e9les sk\u00e1l\u00e1j\u00e1t k\u00edn\u00e1ljuk az \u00d6n egyedi ig\u00e9nyeinek megfelel\u0151en, t\u00f6bbek k\u00f6z\u00f6tt:<\/p>\n<ul>\n<li><strong>K\u00fcl\u00f6nf\u00e9le anyagok, fel\u00fcletek \u00e9s vastags\u00e1gok<\/strong><\/li>\n<li><strong>Egyedi grafik\u00e1k, tervek \u00e9s sz\u00f6vegek<\/strong><\/li>\n<li><strong>H\u00e1tt\u00e9rvil\u00e1g\u00edt\u00e1s \u00e9s megvil\u00e1g\u00edt\u00e1si lehet\u0151s\u00e9gek<\/strong><\/li>\n<li><strong>Stancol\u00e1s \u00e9s bonyolult form\u00e1k<\/strong><\/li>\n<\/ul>\n<p><strong>Partner egy tapasztalt grafikai fed\u0151r\u00e9teg gy\u00e1rt\u00f3val<\/strong><\/p>\n<p>\u00c9ves szak\u00e9rtelemmel \u00e9s a min\u0151s\u00e9g ir\u00e1nti elk\u00f6telezetts\u00e9ggel az egyedi, digit\u00e1lisan nyomtatott grafikus fed\u0151r\u00e9tegek megb\u00edzhat\u00f3 forr\u00e1sa vagyunk. Szak\u00e9rt\u0151i csapatunk seg\u00edthet megtervezni \u00e9s legy\u00e1rtani a t\u00f6k\u00e9letes fed\u0151r\u00e9tegeket, amelyek jav\u00edtj\u00e1k term\u00e9ke eszt\u00e9tik\u00e1j\u00e1t, funkcionalit\u00e1s\u00e1t \u00e9s \u00e1ltal\u00e1nos vonzerej\u00e9t.<\/p>\n<p><strong>L\u00e9pjen kapcsolatba vel\u00fcnk m\u00e9g ma<\/strong>\u00a0hogy t\u00f6bbet tudjon meg grafikai overlay megold\u00e1sainkr\u00f3l, \u00e9s arr\u00f3l, hogyan seg\u00edthet\u00fcnk \u00d6nnek term\u00e9kei sz\u00ednvonal\u00e1nak emel\u00e9s\u00e9ben.<\/p>","protected":false},"excerpt":{"rendered":"<p>A digit\u00e1lisan nyomtatott grafikus fed\u0151r\u00e9tegek sokoldal\u00fa \u00e9s k\u00f6lts\u00e9ghat\u00e9kony megold\u00e1st jelentenek a term\u00e9kek sz\u00e9les k\u00f6r\u00e9nek eszt\u00e9tik\u00e1j\u00e1nak \u00e9s funkcionalit\u00e1s\u00e1nak jav\u00edt\u00e1s\u00e1ra. Ezek a tart\u00f3s fed\u0151r\u00e9tegek egyedi nyomtat\u00e1ssal, nagy felbont\u00e1s\u00fa grafik\u00e1kkal, log\u00f3kkal \u00e9s sz\u00f6vegekkel k\u00e9sz\u00fclnek, \u00e1talak\u00edtva a h\u00e9tk\u00f6znapi fel\u00fcleteket vizu\u00e1lisan vonz\u00f3 \u00e9s informat\u00edv fel\u00fcletekk\u00e9.<\/p>","protected":false},"featured_media":1748,"template":"","meta":[],"product_brand":[],"product_cat":[40],"product_tag":[],"class_list":{"0":"post-1784","1":"product","2":"type-product","3":"status-publish","4":"has-post-thumbnail","6":"product_cat-membrane-switch","8":"first","9":"instock","10":"shipping-taxable","11":"product-type-simple"},"_links":{"self":[{"href":"https:\/\/membraneswitchmfg.com\/hu\/wp-json\/wp\/v2\/product\/1784","targetHints":{"allow":["GET"]}}],"collection":[{"href":"https:\/\/membraneswitchmfg.com\/hu\/wp-json\/wp\/v2\/product"}],"about":[{"href":"https:\/\/membraneswitchmfg.com\/hu\/wp-json\/wp\/v2\/types\/product"}],"wp:featuredmedia":[{"embeddable":true,"href":"https:\/\/membraneswitchmfg.com\/hu\/wp-json\/wp\/v2\/media\/1748"}],"wp:attachment":[{"href":"https:\/\/membraneswitchmfg.com\/hu\/wp-json\/wp\/v2\/media?parent=1784"}],"wp:term":[{"taxonomy":"product_brand","embeddable":true,"href":"https:\/\/membraneswitchmfg.com\/hu\/wp-json\/wp\/v2\/product_brand?post=1784"},{"taxonomy":"product_cat","embeddable":true,"href":"https:\/\/membraneswitchmfg.com\/hu\/wp-json\/wp\/v2\/product_cat?post=1784"},{"taxonomy":"product_tag","embeddable":true,"href":"https:\/\/membraneswitchmfg.com\/hu\/wp-json\/wp\/v2\/product_tag?post=1784"}],"curies":[{"name":"wp","href":"https:\/\/api.w.org\/{rel}","templated":true}]}}