{"id":1788,"date":"2024-06-24T05:57:57","date_gmt":"2024-06-24T05:57:57","guid":{"rendered":"https:\/\/membraneswitchmfg.com\/manufacturer\/digitally-printed-graphics\/"},"modified":"2024-06-25T13:43:13","modified_gmt":"2024-06-25T13:43:13","slug":"digitally-printed-graphics","status":"publish","type":"product","link":"https:\/\/membraneswitchmfg.com\/hu\/manufacturer\/digitally-printed-graphics\/","title":{"rendered":"Digit\u00e1lisan nyomtatott grafika"},"content":{"rendered":"<h2><strong><b>Digit\u00e1lisan nyomtatott grafik\u00e1k: A membr\u00e1nkapcsol\u00f3k fejleszt\u00e9se \u00e9l\u00e9nk diz\u00e1jnokkal \u00e9s tart\u00f3ss\u00e1ggal<\/b><\/strong><\/h2>\n<p><strong>Engedd szabadj\u00e1ra a tervez\u00e9si kreativit\u00e1st<\/strong><\/p>\n<p>A digit\u00e1lis nyomtat\u00e1s lehet\u0151v\u00e9 teszi bonyolult mint\u00e1k, komplex mint\u00e1zatok \u00e9s fotorealisztikus k\u00e9pek l\u00e9trehoz\u00e1s\u00e1t, melyeket csak a k\u00e9pzeleted szab hat\u00e1rt. Ez a lehet\u0151s\u00e9gek vil\u00e1g\u00e1t nyitja meg a membr\u00e1nkapcsol\u00f3k testreszab\u00e1s\u00e1hoz, hogy azok b\u00e1rmilyen m\u00e1rkaidentit\u00e1shoz vagy term\u00e9keszt\u00e9tik\u00e1hoz illeszkedjenek.<\/p>\n<ul>\n<li><strong>V\u00e1llalati log\u00f3k, m\u00e1rkaelemek \u00e9s term\u00e9kgrafik\u00e1k be\u00e9p\u00edt\u00e9se<\/strong><\/li>\n<li><strong>Vizu\u00e1lisan vonz\u00f3 \u00e9s felhaszn\u00e1l\u00f3bar\u00e1t fel\u00fcletek l\u00e9trehoz\u00e1sa<\/strong><\/li>\n<li><strong>A term\u00e9kdifferenci\u00e1l\u00e1s \u00e9s a m\u00e1rkaismerts\u00e9g fokoz\u00e1sa<\/strong><\/li>\n<\/ul>\n<p><strong>\u00c9l\u00e9nk sz\u00ednek \u00e9s tart\u00f3s benyom\u00e1sok<\/strong><\/p>\n<p>A digit\u00e1lis nyomtat\u00e1s kiv\u00e1l\u00f3 min\u0151s\u00e9g\u0171 tint\u00e1kat haszn\u00e1l, amelyek gazdag, \u00e9l\u00e9nk sz\u00edneket eredm\u00e9nyeznek, amelyek ellen\u00e1llnak a fakul\u00e1snak \u00e9s a kop\u00e1snak, m\u00e9g zord k\u00f6rnyezetben is. Ez biztos\u00edtja, hogy membr\u00e1nkapcsol\u00f3id meg\u0151rizz\u00e9k vizu\u00e1lis vonzerej\u00fcket \u00e9s hat\u00e1sukat \u00e9vekig.<\/p>\n<ul>\n<li><strong>\u00c9les \u00e9s tiszta sz\u00f6veg \u00e9s szimb\u00f3lumok<\/strong><\/li>\n<li><strong>Egys\u00e9ges sz\u00ednvisszaad\u00e1s a gy\u00e1rt\u00e1si sorozatok sor\u00e1n<\/strong><\/li>\n<li><strong>Resistant to scratches, chemicals, and UV rays<\/strong><\/li>\n<\/ul>\n<p><strong>Tart\u00f3s \u00e9s k\u00f6lts\u00e9ghat\u00e9kony megold\u00e1sok<\/strong><\/p>\n<p>A digit\u00e1lisan nyomtatott grafik\u00e1k nemcsak vizu\u00e1lisan leny\u0171g\u00f6z\u0151ek, hanem rendk\u00edv\u00fcl tart\u00f3sak is, ellen\u00e1llnak a gyakori haszn\u00e1latnak \u00e9s a durva tiszt\u00edt\u00f3szereknek. Ez k\u00f6lts\u00e9ghat\u00e9kony megold\u00e1ss\u00e1 teszi \u0151ket a hossz\u00fa \u00e9lettartam\u00fa membr\u00e1nkapcsol\u00f3k sz\u00e1m\u00e1ra, amelyek id\u0151vel meg\u0151rzik megjelen\u00e9s\u00fcket \u00e9s funkcionalit\u00e1sukat.<\/p>\n<p><strong>Alkalmaz\u00e1sok<\/strong><\/p>\n<p>A digit\u00e1lisan nyomtatott grafik\u00e1kat sz\u00e9les k\u00f6rben haszn\u00e1lj\u00e1k a legk\u00fcl\u00f6nb\u00f6z\u0151bb alkalmaz\u00e1sokban, bele\u00e9rtve:<\/p>\n<ul>\n<li><strong>Ipari vez\u00e9rl\u0151panelek<\/strong><\/li>\n<li><strong>Orvostechnikai eszk\u00f6z\u00f6k<\/strong><\/li>\n<li><strong>Sz\u00f3rakoztat\u00f3 elektronika<\/strong><\/li>\n<li><strong>K\u00e9sz\u00fcl\u00e9kek<\/strong><\/li>\n<li><strong>G\u00e9pek \u00e9s berendez\u00e9sek<\/strong><\/li>\n<\/ul>\n<p><strong>L\u00e9pj partners\u00e9gre egy tapasztalt digit\u00e1lis nyomtat\u00e1si \u00e9s membr\u00e1nkapcsol\u00f3-gy\u00e1rt\u00f3val<\/strong><\/p>\n<p>A digit\u00e1lis nyomtat\u00e1s \u00e9s a membr\u00e1nkapcsol\u00f3-technol\u00f3gia ter\u00e9n szerzett sok\u00e9ves szak\u00e9rtelemmel mi vagyunk a megb\u00edzhat\u00f3 forr\u00e1sod a kiv\u00e1l\u00f3 min\u0151s\u00e9g\u0171, egyedi nyomtat\u00e1s\u00fa membr\u00e1nkapcsol\u00f3khoz. Szak\u00e9rt\u0151i csapatunk szorosan egy\u00fcttm\u0171k\u00f6dik veled, hogy meg\u00e9rtse tervez\u00e9si ig\u00e9nyeidet, \u00e9s t\u00f6k\u00e9letes megold\u00e1st sz\u00e1ll\u00edtson term\u00e9keid fejleszt\u00e9s\u00e9hez.<\/p>\n<p><strong>L\u00e9pjen kapcsolatba vel\u00fcnk m\u00e9g ma<\/strong>\u00a0hogy t\u00f6bbet megtudj digit\u00e1lis nyomtat\u00e1si k\u00e9pess\u00e9geinkr\u0151l, \u00e9s arr\u00f3l, hogyan seg\u00edthet\u00fcnk neked a membr\u00e1nkapcsol\u00f3idat leny\u0171g\u00f6z\u0151 grafik\u00e1kkal \u00e9s tart\u00f3s tart\u00f3ss\u00e1ggal feldobni.<\/p>","protected":false},"excerpt":{"rendered":"<p>A digit\u00e1lisan nyomtatott grafik\u00e1k forradalmas\u00edtott\u00e1k a membr\u00e1nkapcsol\u00f3k vil\u00e1g\u00e1t, p\u00e1ratlan tervez\u00e9si rugalmass\u00e1got, \u00e9l\u00e9nk sz\u00edneket \u00e9s kiv\u00e9teles tart\u00f3ss\u00e1got k\u00edn\u00e1lva. Ez az innovat\u00edv nyomtat\u00e1si technika lehet\u0151v\u00e9 teszi nagy felbont\u00e1s\u00fa grafik\u00e1k, log\u00f3k \u00e9s jelmagyar\u00e1zatok l\u00e9trehoz\u00e1s\u00e1t, amelyek a k\u00f6z\u00f6ns\u00e9ges membr\u00e1nkapcsol\u00f3kat vizu\u00e1lisan vonz\u00f3 \u00e9s informat\u00edv felhaszn\u00e1l\u00f3i fel\u00fcletekk\u00e9 alak\u00edtj\u00e1k.<\/p>","protected":false},"featured_media":1764,"template":"","meta":[],"product_brand":[],"product_cat":[40],"product_tag":[],"class_list":{"0":"post-1788","1":"product","2":"type-product","3":"status-publish","4":"has-post-thumbnail","6":"product_cat-membrane-switch","8":"first","9":"instock","10":"shipping-taxable","11":"product-type-simple"},"_links":{"self":[{"href":"https:\/\/membraneswitchmfg.com\/hu\/wp-json\/wp\/v2\/product\/1788","targetHints":{"allow":["GET"]}}],"collection":[{"href":"https:\/\/membraneswitchmfg.com\/hu\/wp-json\/wp\/v2\/product"}],"about":[{"href":"https:\/\/membraneswitchmfg.com\/hu\/wp-json\/wp\/v2\/types\/product"}],"wp:featuredmedia":[{"embeddable":true,"href":"https:\/\/membraneswitchmfg.com\/hu\/wp-json\/wp\/v2\/media\/1764"}],"wp:attachment":[{"href":"https:\/\/membraneswitchmfg.com\/hu\/wp-json\/wp\/v2\/media?parent=1788"}],"wp:term":[{"taxonomy":"product_brand","embeddable":true,"href":"https:\/\/membraneswitchmfg.com\/hu\/wp-json\/wp\/v2\/product_brand?post=1788"},{"taxonomy":"product_cat","embeddable":true,"href":"https:\/\/membraneswitchmfg.com\/hu\/wp-json\/wp\/v2\/product_cat?post=1788"},{"taxonomy":"product_tag","embeddable":true,"href":"https:\/\/membraneswitchmfg.com\/hu\/wp-json\/wp\/v2\/product_tag?post=1788"}],"curies":[{"name":"wp","href":"https:\/\/api.w.org\/{rel}","templated":true}]}}