{"id":1789,"date":"2024-06-24T05:57:57","date_gmt":"2024-06-24T05:57:57","guid":{"rendered":"https:\/\/membraneswitchmfg.com\/manufacturer\/screen-printed-graphics\/"},"modified":"2024-06-25T13:37:37","modified_gmt":"2024-06-25T13:37:37","slug":"screen-printed-graphics","status":"publish","type":"product","link":"https:\/\/membraneswitchmfg.com\/hu\/manufacturer\/screen-printed-graphics\/","title":{"rendered":"Szitanyom\u00e1s\u00fa grafika"},"content":{"rendered":"<h2><strong><b>Szitanyomott grafik\u00e1k: Tart\u00f3s \u00e9s k\u00f6lts\u00e9ghat\u00e9kony megold\u00e1sok membr\u00e1nkapcsol\u00f3 fed\u0151r\u00e9tegekhez<\/b><\/strong><\/h2>\n<p><strong>Tart\u00f3s \u00e9s hossz\u00fa \u00e9lettartam\u00fa<\/strong><\/p>\n<p>A szitanyomott grafik\u00e1k kiv\u00e9teles tart\u00f3ss\u00e1gukr\u00f3l h\u00edresek, ellen\u00e1llnak a zord k\u00f6rnyezetnek, a gyakori haszn\u00e1latnak \u00e9s az agressz\u00edv tiszt\u00edt\u00f3szereknek. A tinta szil\u00e1rdan tapad a fed\u0151r\u00e9teg anyag\u00e1hoz, ellen\u00e1llva a fakul\u00e1snak, a karcol\u00e1soknak \u00e9s a vegyszereknek.<\/p>\n<ul>\n<li><strong>Hossz\u00fa \u00e9lettartam\u00fa sz\u00ednek \u00e9s jelmagyar\u00e1zatok<\/strong><\/li>\n<li><strong>Alkalmas k\u00fclt\u00e9ri \u00e9s ipari alkalmaz\u00e1sokhoz<\/strong><\/li>\n<li><strong>Kop\u00e1s\u00e1ll\u00f3<\/strong><\/li>\n<\/ul>\n<p><strong>K\u00f6lts\u00e9ghat\u00e9kony a nagy volumen\u0171 gy\u00e1rt\u00e1shoz<\/strong><\/p>\n<p>A szitanyom\u00e1s k\u00fcl\u00f6n\u00f6sen k\u00f6lts\u00e9ghat\u00e9kony a nagy volumen\u0171 gy\u00e1rt\u00e1si sorozatokn\u00e1l, mivel a be\u00e1ll\u00edt\u00e1si k\u00f6lts\u00e9gek nagy sz\u00e1m\u00fa egys\u00e9gre oszlanak el. Ez ide\u00e1lis v\u00e1laszt\u00e1ss\u00e1 teszi olyan alkalmaz\u00e1sokhoz, amelyek k\u00f6vetkezetes m\u00e1rkajelz\u00e9st \u00e9s magas szint\u0171 tart\u00f3ss\u00e1got ig\u00e9nyelnek.<\/p>\n<ul>\n<li><strong>Alacsonyabb egys\u00e9gk\u00f6lts\u00e9gek nagy megrendel\u00e9sek eset\u00e9n<\/strong><\/li>\n<li><strong>K\u00f6vetkezetes min\u0151s\u00e9g \u00e9s megjelen\u00e9s<\/strong><\/li>\n<li><strong>Alkalmas t\u00f6meggy\u00e1rt\u00e1sra<\/strong><\/li>\n<\/ul>\n<p><strong>Sokoldal\u00fas\u00e1g \u00e9s tervez\u00e9si lehet\u0151s\u00e9gek<\/strong><\/p>\n<p>A szitanyom\u00e1s sokf\u00e9le anyaggal haszn\u00e1lhat\u00f3, bele\u00e9rtve a m\u0171anyagokat, f\u00e9meket \u00e9s sz\u00f6veteket. Emellett sz\u00e1mos tervez\u00e9si lehet\u0151s\u00e9get k\u00edn\u00e1l, bele\u00e9rtve:<\/p>\n<ul>\n<li><strong>\u00c9les \u00e9s tiszta sz\u00f6veg \u00e9s szimb\u00f3lumok<\/strong><\/li>\n<li><strong>\u00c9l\u00e9nk \u00e9s k\u00f6vetkezetes sz\u00ednek<\/strong><\/li>\n<li><strong>Bonyolult mint\u00e1k \u00e9s text\u00far\u00e1k<\/strong><\/li>\n<\/ul>\n<p><strong>Alkalmaz\u00e1sok<\/strong><\/p>\n<p>A szitanyomott grafik\u00e1kat sz\u00e9les k\u00f6rben haszn\u00e1lj\u00e1k a legk\u00fcl\u00f6nb\u00f6z\u0151bb alkalmaz\u00e1sokban, bele\u00e9rtve:<\/p>\n<ul>\n<li><strong>Membr\u00e1nkapcsol\u00f3 fed\u0151r\u00e9tegek<\/strong><\/li>\n<li><strong>Vez\u00e9rl\u0151panelek<\/strong><\/li>\n<li><strong>Orvostechnikai eszk\u00f6z\u00f6k<\/strong><\/li>\n<li><strong>Sz\u00f3rakoztat\u00f3 elektronika<\/strong><\/li>\n<li><strong>K\u00e9sz\u00fcl\u00e9kek<\/strong><\/li>\n<\/ul>\n<p><strong>M\u0171k\u00f6dj\u00f6n egy\u00fctt egy tapasztalt szitanyom\u00f3 \u00e9s membr\u00e1nkapcsol\u00f3 gy\u00e1rt\u00f3val<\/strong><\/p>\n<p>A szitanyom\u00e1s \u00e9s a membr\u00e1nkapcsol\u00f3 technol\u00f3gia ter\u00e9n szerzett sok\u00e9ves szak\u00e9rtelemmel megb\u00edzhat\u00f3 forr\u00e1sa vagyunk a kiv\u00e1l\u00f3 min\u0151s\u00e9g\u0171, egyedi nyomtat\u00e1s\u00fa membr\u00e1nkapcsol\u00f3 fed\u0151r\u00e9tegeknek. Szak\u00e9rt\u0151inkb\u0151l \u00e1ll\u00f3 csapatunk szorosan egy\u00fcttm\u0171k\u00f6dik \u00d6nnel annak biztos\u00edt\u00e1sa \u00e9rdek\u00e9ben, hogy tervei pontosan reproduk\u00e1l\u00f3djanak, \u00e9s hogy membr\u00e1nkapcsol\u00f3i megfeleljenek az \u00d6n egyedi teljes\u00edtm\u00e9ny- \u00e9s tart\u00f3ss\u00e1gi k\u00f6vetelm\u00e9nyeinek.<\/p>\n<p><strong>L\u00e9pjen kapcsolatba vel\u00fcnk m\u00e9g ma<\/strong>\u00a0hogy t\u00f6bbet megtudjon szitanyom\u00e1si k\u00e9pess\u00e9geinkr\u0151l, \u00e9s arr\u00f3l, hogyan seg\u00edthet\u00fcnk \u00d6nnek tart\u00f3s \u00e9s k\u00f6lts\u00e9ghat\u00e9kony membr\u00e1nkapcsol\u00f3 fed\u0151r\u00e9tegek l\u00e9trehoz\u00e1s\u00e1ban.<\/p>","protected":false},"excerpt":{"rendered":"<p>A szitanyomott grafik\u00e1k id\u0151t\u00e1ll\u00f3 \u00e9s k\u00f6lts\u00e9ghat\u00e9kony m\u00f3dszert k\u00edn\u00e1lnak tart\u00f3s \u00e9s l\u00e1tv\u00e1nyos fed\u0151r\u00e9tegek l\u00e9trehoz\u00e1s\u00e1ra membr\u00e1nkapcsol\u00f3khoz. Ez a sokoldal\u00fa nyomtat\u00e1si technika sablonokat \u00e9s fest\u00e9keket haszn\u00e1l a tervek k\u00fcl\u00f6nf\u00e9le anyagokra t\u00f6rt\u00e9n\u0151 \u00e1tvitel\u00e9hez, biztos\u00edtva a pontos \u00e9s k\u00f6vetkezetes eredm\u00e9nyeket.<\/p>","protected":false},"featured_media":1765,"template":"","meta":[],"product_brand":[],"product_cat":[40],"product_tag":[],"class_list":{"0":"post-1789","1":"product","2":"type-product","3":"status-publish","4":"has-post-thumbnail","6":"product_cat-membrane-switch","8":"first","9":"instock","10":"shipping-taxable","11":"product-type-simple"},"_links":{"self":[{"href":"https:\/\/membraneswitchmfg.com\/hu\/wp-json\/wp\/v2\/product\/1789","targetHints":{"allow":["GET"]}}],"collection":[{"href":"https:\/\/membraneswitchmfg.com\/hu\/wp-json\/wp\/v2\/product"}],"about":[{"href":"https:\/\/membraneswitchmfg.com\/hu\/wp-json\/wp\/v2\/types\/product"}],"wp:featuredmedia":[{"embeddable":true,"href":"https:\/\/membraneswitchmfg.com\/hu\/wp-json\/wp\/v2\/media\/1765"}],"wp:attachment":[{"href":"https:\/\/membraneswitchmfg.com\/hu\/wp-json\/wp\/v2\/media?parent=1789"}],"wp:term":[{"taxonomy":"product_brand","embeddable":true,"href":"https:\/\/membraneswitchmfg.com\/hu\/wp-json\/wp\/v2\/product_brand?post=1789"},{"taxonomy":"product_cat","embeddable":true,"href":"https:\/\/membraneswitchmfg.com\/hu\/wp-json\/wp\/v2\/product_cat?post=1789"},{"taxonomy":"product_tag","embeddable":true,"href":"https:\/\/membraneswitchmfg.com\/hu\/wp-json\/wp\/v2\/product_tag?post=1789"}],"curies":[{"name":"wp","href":"https:\/\/api.w.org\/{rel}","templated":true}]}}