{"id":1790,"date":"2024-06-24T05:57:57","date_gmt":"2024-06-24T05:57:57","guid":{"rendered":"https:\/\/membraneswitchmfg.com\/manufacturer\/antimicrobial-membrane-switch\/"},"modified":"2024-06-25T13:35:10","modified_gmt":"2024-06-25T13:35:10","slug":"antimicrobial-membrane-switch","status":"publish","type":"product","link":"https:\/\/membraneswitchmfg.com\/hu\/manufacturer\/antimicrobial-membrane-switch\/","title":{"rendered":"Antimikrobi\u00e1lis membr\u00e1n kapcsol\u00f3"},"content":{"rendered":"<h2><strong><b>Antimikrobi\u00e1lis membr\u00e1nkapcsol\u00f3k: Harc a bakt\u00e9riumok ellen \u00e9s a felhaszn\u00e1l\u00f3i biztons\u00e1g n\u00f6vel\u00e9se<\/b><\/strong><\/h2>\n<p><strong>V\u00e9delem a k\u00e1ros mikroorganizmusok ellen<\/strong><\/p>\n<p>Az antimikrobi\u00e1lis membr\u00e1nkapcsol\u00f3k antimikrobi\u00e1lis anyagokkal, p\u00e9ld\u00e1ul ez\u00fcstionokkal vagy r\u00e9z adal\u00e9kanyagokkal vannak \u00e1titatva, amelyek akt\u00edvan g\u00e1tolj\u00e1k a bakt\u00e9riumok, gomb\u00e1k \u00e9s v\u00edrusok szaporod\u00e1s\u00e1t. Ez az akt\u00edv v\u00e9delem seg\u00edt megel\u0151zni a keresztszennyez\u0151d\u00e9st \u00e9s a fert\u0151z\u00e9sek terjed\u00e9s\u00e9t, k\u00fcl\u00f6n\u00f6sen a kritikus ell\u00e1t\u00e1si helyeken.<\/p>\n<ul>\n<li><strong>Cs\u00f6kkentse az eg\u00e9szs\u00e9g\u00fcgyi ell\u00e1t\u00e1ssal \u00f6sszef\u00fcgg\u0151 fert\u0151z\u00e9sek (HAI) kock\u00e1zat\u00e1t<\/strong><\/li>\n<li><strong>V\u00e9delem a k\u00f3rokoz\u00f3k terjed\u00e9se ellen a nyilv\u00e1nos helyeken<\/strong><\/li>\n<li><strong>Higi\u00e9nikus k\u00f6rnyezet fenntart\u00e1sa ipari k\u00f6rnyezetben<\/strong><\/li>\n<\/ul>\n<p><strong>Fokozott biztons\u00e1g \u00e9s felhaszn\u00e1l\u00f3i j\u00f3l\u00e9t<\/strong><\/p>\n<p>Az antimikrobi\u00e1lis v\u00e9delem be\u00e9p\u00edt\u00e9s\u00e9vel a membr\u00e1nkapcsol\u00f3k hozz\u00e1j\u00e1rulnak a felhaszn\u00e1l\u00f3k sz\u00e1m\u00e1ra biztons\u00e1gosabb \u00e9s eg\u00e9szs\u00e9gesebb k\u00f6rnyezethez. Ez k\u00fcl\u00f6n\u00f6sen fontos azokon a ter\u00fcleteken, ahol gyakori a fel\u00fcletekkel val\u00f3 \u00e9rintkez\u00e9s, p\u00e9ld\u00e1ul k\u00f3rh\u00e1zakban, laborat\u00f3riumokban \u00e9s \u00e9lelmiszer-el\u0151k\u00e9sz\u00edt\u0151 ter\u00fcleteken.<\/p>\n<ul>\n<li><strong>A k\u00e9zhigi\u00e9ne \u00e9s a fert\u0151z\u00e9sek megel\u0151z\u00e9s\u00e9nek el\u0151seg\u00edt\u00e9se<\/strong><\/li>\n<li><strong>A vesz\u00e9lyeztetett popul\u00e1ci\u00f3k v\u00e9delme a fert\u0151z\u00e9sekt\u0151l<\/strong><\/li>\n<li><strong>Biztons\u00e1g\u00e9rzet \u00e9s bizalom megteremt\u00e9se a felhaszn\u00e1l\u00f3k sz\u00e1m\u00e1ra<\/strong><\/li>\n<\/ul>\n<p><strong>Tart\u00f3s \u00e9s funkcion\u00e1lis kialak\u00edt\u00e1s<\/strong><\/p>\n<p>Az antimikrobi\u00e1lis membr\u00e1nkapcsol\u00f3k nemcsak hat\u00e9konyak a bakt\u00e9riumok ellen, hanem meg\u0151rzik a szabv\u00e1nyos membr\u00e1nkapcsol\u00f3kt\u00f3l elv\u00e1rt tart\u00f3ss\u00e1got \u00e9s funkcionalit\u00e1st is. \u00dagy tervezt\u00e9k \u0151ket, hogy ellen\u00e1lljanak a gyakori haszn\u00e1latnak, a durva tiszt\u00edt\u00f3szereknek \u00e9s az ig\u00e9nyes k\u00f6rnyezetnek.<\/p>\n<ul>\n<li><strong>Crisp and responsive tactile feedback<\/strong><\/li>\n<li><strong>Resistant to scratches, chemicals, and UV rays<\/strong><\/li>\n<li><strong>Hossz\u00fa \u00e9lettartam\u00fa teljes\u00edtm\u00e9ny a nagy forgalm\u00fa ter\u00fcleteken<\/strong><\/li>\n<\/ul>\n<p><strong>Alkalmaz\u00e1sok<\/strong><\/p>\n<p>Az antimikrobi\u00e1lis membr\u00e1nkapcsol\u00f3kat sz\u00e9les k\u00f6rben haszn\u00e1lj\u00e1k k\u00fcl\u00f6nf\u00e9le alkalmaz\u00e1sokban, ahol a higi\u00e9nia \u00e9s a fert\u0151z\u00e9skontroll kritikus fontoss\u00e1g\u00fa, bele\u00e9rtve:<\/p>\n<ul>\n<li><strong>Eg\u00e9szs\u00e9g\u00fcgyi int\u00e9zm\u00e9nyek:<\/strong>K\u00f3rh\u00e1zak, klinik\u00e1k, laborat\u00f3riumok<\/li>\n<li><strong>Nyilv\u00e1nos helyek:<\/strong>Rep\u00fcl\u0151terek, k\u00f6zleked\u00e9si csom\u00f3pontok, iskol\u00e1k<\/li>\n<li><strong>Ipari k\u00f6rnyezetek:<\/strong>\u00c9lelmiszer-feldolgoz\u00e1s, gy\u00e1rt\u00e1s, tisztaterek<\/li>\n<li><strong>Kereskedelmi k\u00f6rnyezetek:<\/strong>Kiskereskedelmi \u00fczletek, \u00e9ttermek, sz\u00e1llod\u00e1k<\/li>\n<\/ul>\n<p><strong>L\u00e9pjen kapcsolatba egy tapasztalt antimikrobi\u00e1lis membr\u00e1nkapcsol\u00f3-gy\u00e1rt\u00f3val<\/strong><\/p>\n<p>Az antimikrobi\u00e1lis technol\u00f3gia \u00e9s a membr\u00e1nkapcsol\u00f3-gy\u00e1rt\u00e1s ter\u00e9n szerzett sok\u00e9ves tapasztalatunkkal mi vagyunk a megb\u00edzhat\u00f3 forr\u00e1sa a kiv\u00e1l\u00f3 min\u0151s\u00e9g\u0171, antimikrobi\u00e1lis membr\u00e1nkapcsol\u00f3knak. Szak\u00e9rt\u0151i csapatunk szorosan egy\u00fcttm\u0171k\u00f6dik \u00d6nnel, hogy meg\u00e9rtse az \u00d6n egyedi ig\u00e9nyeit, \u00e9s testreszabott megold\u00e1sokat sz\u00e1ll\u00edtson, amelyek fokozz\u00e1k a biztons\u00e1got \u00e9s a felhaszn\u00e1l\u00f3i j\u00f3l\u00e9tet.<\/p>\n<p><strong>L\u00e9pjen kapcsolatba vel\u00fcnk m\u00e9g ma<\/strong>\u00a0ha t\u00f6bbet szeretne megtudni antimikrobi\u00e1lis membr\u00e1nkapcsol\u00f3-megold\u00e1sainkr\u00f3l, \u00e9s arr\u00f3l, hogy hogyan seg\u00edthet\u00fcnk \u00d6nnek tiszt\u00e1bb, biztons\u00e1gosabb \u00e9s eg\u00e9szs\u00e9gesebb k\u00f6rnyezetet teremteni felhaszn\u00e1l\u00f3i sz\u00e1m\u00e1ra.<\/p>","protected":false},"excerpt":{"rendered":"<p>Az eg\u00e9szs\u00e9g\u00fcgyi int\u00e9zm\u00e9nyekben, a nyilv\u00e1nos terekben \u00e9s az ipari k\u00f6rnyezetben a tiszta \u00e9s higi\u00e9nikus k\u00f6rnyezet fenntart\u00e1sa kiemelten fontos. Az antimikrobi\u00e1lis membr\u00e1nkapcsol\u00f3k kulcsszerepet j\u00e1tszanak ebben a t\u00f6rekv\u00e9sben az\u00e1ltal, hogy antimikrobi\u00e1lis tulajdons\u00e1gokat \u00e9p\u00edtenek be a tervez\u00e9s\u00fckbe, hat\u00e9konyan k\u00fczdve a k\u00e1ros mikroorganizmusok szaporod\u00e1sa ellen.<\/p>","protected":false},"featured_media":1766,"template":"","meta":[],"product_brand":[],"product_cat":[40],"product_tag":[],"class_list":{"0":"post-1790","1":"product","2":"type-product","3":"status-publish","4":"has-post-thumbnail","6":"product_cat-membrane-switch","8":"first","9":"instock","10":"shipping-taxable","11":"product-type-simple"},"_links":{"self":[{"href":"https:\/\/membraneswitchmfg.com\/hu\/wp-json\/wp\/v2\/product\/1790","targetHints":{"allow":["GET"]}}],"collection":[{"href":"https:\/\/membraneswitchmfg.com\/hu\/wp-json\/wp\/v2\/product"}],"about":[{"href":"https:\/\/membraneswitchmfg.com\/hu\/wp-json\/wp\/v2\/types\/product"}],"wp:featuredmedia":[{"embeddable":true,"href":"https:\/\/membraneswitchmfg.com\/hu\/wp-json\/wp\/v2\/media\/1766"}],"wp:attachment":[{"href":"https:\/\/membraneswitchmfg.com\/hu\/wp-json\/wp\/v2\/media?parent=1790"}],"wp:term":[{"taxonomy":"product_brand","embeddable":true,"href":"https:\/\/membraneswitchmfg.com\/hu\/wp-json\/wp\/v2\/product_brand?post=1790"},{"taxonomy":"product_cat","embeddable":true,"href":"https:\/\/membraneswitchmfg.com\/hu\/wp-json\/wp\/v2\/product_cat?post=1790"},{"taxonomy":"product_tag","embeddable":true,"href":"https:\/\/membraneswitchmfg.com\/hu\/wp-json\/wp\/v2\/product_tag?post=1790"}],"curies":[{"name":"wp","href":"https:\/\/api.w.org\/{rel}","templated":true}]}}