{"id":1791,"date":"2024-06-24T05:57:58","date_gmt":"2024-06-24T05:57:58","guid":{"rendered":"https:\/\/membraneswitchmfg.com\/manufacturer\/anti-glare-membrane-switch\/"},"modified":"2024-06-25T13:10:23","modified_gmt":"2024-06-25T13:10:23","slug":"anti-glare-membrane-switch","status":"publish","type":"product","link":"https:\/\/membraneswitchmfg.com\/hu\/manufacturer\/anti-glare-membrane-switch\/","title":{"rendered":"K\u00e1pr\u00e1z\u00e1sg\u00e1tl\u00f3 membr\u00e1nkapcsol\u00f3"},"content":{"rendered":"<h2><strong><b>T\u00fckr\u00f6z\u0151d\u00e9smentes membr\u00e1nkapcsol\u00f3k: A l\u00e1that\u00f3s\u00e1g \u00e9s a felhaszn\u00e1l\u00f3i \u00e9lm\u00e9ny jav\u00edt\u00e1sa vil\u00e1gos k\u00f6rnyezetben<\/b><\/strong><\/h2>\n<p><strong>A t\u00fckr\u00f6z\u0151d\u00e9s \u00e9s a visszaver\u0151d\u00e9sek elleni k\u00fczdelem<\/strong><\/p>\n<p>A t\u00fckr\u00f6z\u0151d\u00e9smentes membr\u00e1nkapcsol\u00f3k egyedi fel\u00fcleti text\u00far\u00e1val vagy bevonattal rendelkeznek, amely sz\u00f3rja a f\u00e9nyt, cs\u00f6kkentve a visszaver\u0151d\u00e9sek intenzit\u00e1s\u00e1t \u00e9s minimaliz\u00e1lva a t\u00fckr\u00f6z\u0151d\u00e9st. Ez lehet\u0151v\u00e9 teszi a felhaszn\u00e1l\u00f3k sz\u00e1m\u00e1ra, hogy k\u00f6nnyen elolvass\u00e1k a jelmagyar\u00e1zatokat \u00e9s ikonokat, m\u00e9g er\u0151s f\u00e9nyviszonyok k\u00f6z\u00f6tt is.<\/p>\n<ul>\n<li><strong>Jobb l\u00e1that\u00f3s\u00e1g k\u00f6zvetlen napf\u00e9nyben vagy er\u0151s megvil\u00e1g\u00edt\u00e1sban<\/strong><\/li>\n<li><strong>Cs\u00f6kkentett szemf\u00e1radts\u00e1g<\/strong><\/li>\n<li><strong>Fokozott felhaszn\u00e1l\u00f3i k\u00e9nyelem \u00e9s termel\u00e9kenys\u00e9g<\/strong><\/li>\n<\/ul>\n<p><strong>Alkalmas k\u00fcl\u00f6nf\u00e9le k\u00f6rnyezetekhez<\/strong><\/p>\n<p>A t\u00fckr\u00f6z\u0151d\u00e9smentes membr\u00e1nkapcsol\u00f3k k\u00fcl\u00f6n\u00f6sen alkalmasak olyan alkalmaz\u00e1sokhoz, ahol a t\u00fckr\u00f6z\u0151d\u00e9s gyakori probl\u00e9ma, p\u00e9ld\u00e1ul:<\/p>\n<ul>\n<li><strong>Ipari vez\u00e9rl\u0151panelek<\/strong><\/li>\n<li><strong>Orvosi felszerel\u00e9s<\/strong><\/li>\n<li><strong>K\u00fclt\u00e9ri kioszkok \u00e9s feliratok<\/strong><\/li>\n<li><strong>Kiskereskedelmi \u00e9s kereskedelmi k\u00f6rnyezetek<\/strong><\/li>\n<li><strong>Sz\u00e1ll\u00edt\u00e1si konzolok<\/strong><\/li>\n<\/ul>\n<p><strong>Tart\u00f3s \u00e9s funkcion\u00e1lis kialak\u00edt\u00e1s<\/strong><\/p>\n<p>T\u00fckr\u00f6z\u0151d\u00e9smentes tulajdons\u00e1gaik ellen\u00e9re a t\u00fckr\u00f6z\u0151d\u00e9smentes membr\u00e1nkapcsol\u00f3k meg\u0151rzik a szabv\u00e1nyos membr\u00e1nkapcsol\u00f3kt\u00f3l elv\u00e1rt tart\u00f3ss\u00e1got \u00e9s funkcionalit\u00e1st. Ellen\u00e1llnak a karcol\u00e1soknak, a vegyszereknek \u00e9s az UV-sugaraknak, \u00edgy biztos\u00edtva a hossz\u00fa \u00e9lettartamot.<\/p>\n<ul>\n<li><strong>Crisp and responsive tactile feedback<\/strong><\/li>\n<li><strong>Resistant to scratches, chemicals, and UV rays<\/strong><\/li>\n<li><strong>Hossz\u00fa \u00e9lettartam ig\u00e9nyes k\u00f6rnyezetben<\/strong><\/li>\n<\/ul>\n<p><strong>Alkalmaz\u00e1sok<\/strong><\/p>\n<p>A t\u00fckr\u00f6z\u0151d\u00e9smentes membr\u00e1nkapcsol\u00f3kat sz\u00e9les k\u00f6rben haszn\u00e1lj\u00e1k k\u00fcl\u00f6nf\u00e9le alkalmaz\u00e1sokban, ahol a tiszta l\u00e1that\u00f3s\u00e1g \u00e9s a felhaszn\u00e1l\u00f3i \u00e9lm\u00e9ny kulcsfontoss\u00e1g\u00fa, bele\u00e9rtve:<\/p>\n<ul>\n<li><strong>Ipari vez\u00e9rl\u0151panelek:<\/strong>Gy\u00e1rak, rakt\u00e1rak, er\u0151m\u0171vek<\/li>\n<li><strong>Orvosi felszerel\u00e9s:<\/strong>Betegmonitorok, seb\u00e9szeti konzolok, diagnosztikai eszk\u00f6z\u00f6k<\/li>\n<li><strong>K\u00fclt\u00e9ri kioszkok \u00e9s feliratok:<\/strong>ATM-ek, inform\u00e1ci\u00f3s kioszkok, digit\u00e1lis jelz\u00e9sek<\/li>\n<li><strong>Kiskereskedelmi \u00e9s kereskedelmi k\u00f6rnyezetek:<\/strong>POS termin\u00e1lok, p\u00e9nzt\u00e1rg\u00e9pek, automat\u00e1k<\/li>\n<li><strong>Sz\u00e1ll\u00edt\u00e1si konzolok:<\/strong>Rep\u00fcl\u0151g\u00e9p-pil\u00f3taf\u00fclk\u00e9k, vonatvez\u00e9rl\u0151 panelek, busz m\u0171szerfalak<\/li>\n<\/ul>\n<p><strong>M\u0171k\u00f6dj\u00f6n egy\u00fctt egy tapasztalt t\u00fckr\u00f6z\u0151d\u00e9smentes membr\u00e1nkapcsol\u00f3-gy\u00e1rt\u00f3val<\/strong><\/p>\n<p>A t\u00fckr\u00f6z\u0151d\u00e9smentes technol\u00f3gi\u00e1ban \u00e9s a membr\u00e1nkapcsol\u00f3-gy\u00e1rt\u00e1sban szerzett sok\u00e9ves tapasztalatunkkal mi vagyunk az \u00d6n megb\u00edzhat\u00f3 forr\u00e1sa a kiv\u00e1l\u00f3 min\u0151s\u00e9g\u0171, t\u00fckr\u00f6z\u0151d\u00e9smentes membr\u00e1nkapcsol\u00f3khoz. Szak\u00e9rt\u0151i csapatunk szorosan egy\u00fcttm\u0171k\u00f6dik \u00d6nnel, hogy meg\u00e9rtse az \u00d6n egyedi ig\u00e9nyeit, \u00e9s testreszabott megold\u00e1sokat sz\u00e1ll\u00edtson, amelyek jav\u00edtj\u00e1k a l\u00e1that\u00f3s\u00e1got \u00e9s a felhaszn\u00e1l\u00f3i \u00e9lm\u00e9nyt.<\/p>\n<p><strong>L\u00e9pjen kapcsolatba vel\u00fcnk m\u00e9g ma<\/strong>\u00a0hogy t\u00f6bbet megtudjon t\u00fckr\u00f6z\u0151d\u00e9smentes membr\u00e1nkapcsol\u00f3-megold\u00e1sainkr\u00f3l, \u00e9s arr\u00f3l, hogyan seg\u00edthet\u00fcnk \u00d6nnek tiszta, felhaszn\u00e1l\u00f3bar\u00e1t fel\u00fcleteket l\u00e9trehozni term\u00e9keihez.<\/p>","protected":false},"excerpt":{"rendered":"<p>Er\u0151s f\u00e9nyviszonyok vagy k\u00f6zvetlen napf\u00e9ny eset\u00e9n a hagyom\u00e1nyos membr\u00e1nkapcsol\u00f3k t\u00fckr\u00f6z\u0151d\u00e9st\u0151l \u00e9s cs\u00f6kkent l\u00e1that\u00f3s\u00e1gt\u00f3l szenvedhetnek, ami megnehez\u00edti a felhaszn\u00e1l\u00f3k sz\u00e1m\u00e1ra a hat\u00e9kony m\u0171k\u00f6dtet\u00e9s\u00fcket. A t\u00fckr\u00f6z\u0151d\u00e9smentes membr\u00e1nkapcsol\u00f3k erre a probl\u00e9m\u00e1ra k\u00edn\u00e1lnak megold\u00e1st speci\u00e1lis anyagok \u00e9s fel\u00fcletkezel\u00e9sek alkalmaz\u00e1s\u00e1val, amelyek minimaliz\u00e1lj\u00e1k a t\u00fckr\u00f6z\u0151d\u00e9st \u00e9s a visszaver\u0151d\u00e9seket, biztos\u00edtva a tiszta l\u00e1that\u00f3s\u00e1got \u00e9s az optim\u00e1lis felhaszn\u00e1l\u00f3i \u00e9lm\u00e9nyt.<\/p>","protected":false},"featured_media":1767,"template":"","meta":[],"product_brand":[],"product_cat":[40],"product_tag":[],"class_list":{"0":"post-1791","1":"product","2":"type-product","3":"status-publish","4":"has-post-thumbnail","6":"product_cat-membrane-switch","8":"first","9":"instock","10":"shipping-taxable","11":"product-type-simple"},"_links":{"self":[{"href":"https:\/\/membraneswitchmfg.com\/hu\/wp-json\/wp\/v2\/product\/1791","targetHints":{"allow":["GET"]}}],"collection":[{"href":"https:\/\/membraneswitchmfg.com\/hu\/wp-json\/wp\/v2\/product"}],"about":[{"href":"https:\/\/membraneswitchmfg.com\/hu\/wp-json\/wp\/v2\/types\/product"}],"wp:featuredmedia":[{"embeddable":true,"href":"https:\/\/membraneswitchmfg.com\/hu\/wp-json\/wp\/v2\/media\/1767"}],"wp:attachment":[{"href":"https:\/\/membraneswitchmfg.com\/hu\/wp-json\/wp\/v2\/media?parent=1791"}],"wp:term":[{"taxonomy":"product_brand","embeddable":true,"href":"https:\/\/membraneswitchmfg.com\/hu\/wp-json\/wp\/v2\/product_brand?post=1791"},{"taxonomy":"product_cat","embeddable":true,"href":"https:\/\/membraneswitchmfg.com\/hu\/wp-json\/wp\/v2\/product_cat?post=1791"},{"taxonomy":"product_tag","embeddable":true,"href":"https:\/\/membraneswitchmfg.com\/hu\/wp-json\/wp\/v2\/product_tag?post=1791"}],"curies":[{"name":"wp","href":"https:\/\/api.w.org\/{rel}","templated":true}]}}