{"id":1792,"date":"2024-06-24T05:57:58","date_gmt":"2024-06-24T05:57:58","guid":{"rendered":"https:\/\/membraneswitchmfg.com\/manufacturer\/anti-ultraviolet-membrane-switch\/"},"modified":"2024-06-25T13:20:26","modified_gmt":"2024-06-25T13:20:26","slug":"anti-ultraviolet-membrane-switch","status":"publish","type":"product","link":"https:\/\/membraneswitchmfg.com\/hu\/manufacturer\/anti-ultraviolet-membrane-switch\/","title":{"rendered":"Anti-Ultraibolya membr\u00e1n kapcsol\u00f3"},"content":{"rendered":"<h2><strong><b>Anti-Ultraviola Membr\u00e1nkapcsol\u00f3k: Tart\u00f3s teljes\u00edtm\u00e9ny zord k\u00f6r\u00fclm\u00e9nyek k\u00f6z\u00f6tt<\/b><\/strong><\/h2>\n<p><strong>V\u00e9delem az UV sug\u00e1rz\u00e1s ellen<\/strong><\/p>\n<p>Az anti-ultraviola membr\u00e1nkapcsol\u00f3k UV-\u00e1ll\u00f3 anyagokat \u00e9s bevonatokat tartalmaznak, amelyek hat\u00e9konyan elnyelik \u00e9s blokkolj\u00e1k az UV sugarakat, megakad\u00e1lyozva, hogy azok k\u00e1ros\u00edts\u00e1k a kapcsol\u00f3 alkatr\u00e9szeit \u00e9s grafik\u00e1it. Ez a v\u00e9delem biztos\u00edtja, hogy a kapcsol\u00f3k meg\u0151rizz\u00e9k funkcionalit\u00e1sukat, megjelen\u00e9s\u00fcket \u00e9s \u00e9lettartamukat.<\/p>\n<ul>\n<li><strong>Megakad\u00e1lyozza a feliratok \u00e9s grafik\u00e1k kifakul\u00e1s\u00e1t \u00e9s elsz\u00ednez\u0151d\u00e9s\u00e9t<\/strong><\/li>\n<li><strong>Meg\u0151rzi a kapcsol\u00f3 funkcionalit\u00e1s\u00e1t \u00e9s a tapint\u00e1si visszajelz\u00e9st<\/strong><\/li>\n<li><strong>Meghosszabb\u00edtja a membr\u00e1nkapcsol\u00f3k \u00e9lettartam\u00e1t k\u00fclt\u00e9ri alkalmaz\u00e1sokban<\/strong><\/li>\n<\/ul>\n<p><strong>Tart\u00f3s \u00e9s alkalmas k\u00fclt\u00e9ri haszn\u00e1latra<\/strong><\/p>\n<p>Az anti-ultraviola membr\u00e1nkapcsol\u00f3k nemcsak UV-\u00e1ll\u00f3ak, hanem \u00fagy tervezt\u00e9k \u0151ket, hogy ellen\u00e1lljanak a zord id\u0151j\u00e1r\u00e1si viszonyoknak, bele\u00e9rtve a sz\u00e9ls\u0151s\u00e9ges h\u0151m\u00e9rs\u00e9kleteket, a nedvess\u00e9get \u00e9s a port. Alkalmasak k\u00fclt\u00e9ri alkalmaz\u00e1sokhoz, ahol a tart\u00f3ss\u00e1g \u00e9s a megb\u00edzhat\u00f3s\u00e1g kiemelten fontos.<\/p>\n<ul>\n<li><strong>Resistant to scratches, chemicals, and UV rays<\/strong><\/li>\n<li><strong>\u00dczemi h\u0151m\u00e9rs\u00e9klet-tartom\u00e1ny -40\u00b0C \u00e9s 85\u00b0C k\u00f6z\u00f6tt<\/strong><\/li>\n<li><strong>Alkalmas k\u00fclt\u00e9ri kioszkokhoz, ipari vez\u00e9rl\u0151panelekhez \u00e9s jelz\u00e9sekhez<\/strong><\/li>\n<\/ul>\n<p><strong>Alkalmaz\u00e1sok<\/strong><\/p>\n<p>Az anti-ultraviola membr\u00e1nkapcsol\u00f3kat sz\u00e9les k\u00f6rben haszn\u00e1lj\u00e1k k\u00fcl\u00f6nf\u00e9le k\u00fclt\u00e9ri alkalmaz\u00e1sokban, bele\u00e9rtve:<\/p>\n<ul>\n<li><strong>K\u00fclt\u00e9ri kioszkok:<\/strong>ATM-ek, inform\u00e1ci\u00f3s kioszkok, digit\u00e1lis jelz\u00e9sek<\/li>\n<li><strong>Ipari vez\u00e9rl\u0151panelek:<\/strong>K\u00f6zleked\u00e9si l\u00e1mp\u00e1k, \u00f6nt\u00f6z\u0151rendszerek, napelemek<\/li>\n<li><strong>K\u00f6zleked\u00e9si jelz\u00e9sek:<\/strong>K\u00f6z\u00fati jelz\u0151t\u00e1bl\u00e1k, vas\u00fati jelz\u0151berendez\u00e9sek, rep\u00fcl\u0151t\u00e9ri jelz\u00e9sek<\/li>\n<li><strong>Tenger\u00e9szeti alkalmaz\u00e1sok:<\/strong>Haj\u00f3vez\u00e9rl\u0151k, navig\u00e1ci\u00f3s panelek, kommunik\u00e1ci\u00f3s rendszerek<\/li>\n<li><strong>Mez\u0151gazdas\u00e1gi berendez\u00e9sek:<\/strong>Traktorok, arat\u00f3g\u00e9pek, \u00f6nt\u00f6z\u0151rendszerek<\/li>\n<\/ul>\n<p><strong>M\u0171k\u00f6dj\u00f6n egy\u00fctt egy tapasztalt anti-ultraviola membr\u00e1nkapcsol\u00f3-gy\u00e1rt\u00f3val<\/strong><\/p>\n<p>Az UV-\u00e1ll\u00f3 anyagok \u00e9s a membr\u00e1nkapcsol\u00f3k gy\u00e1rt\u00e1sa ter\u00e9n szerzett sok\u00e9ves szak\u00e9rtelemmel mi vagyunk az \u00d6n megb\u00edzhat\u00f3 forr\u00e1sa a kiv\u00e1l\u00f3 min\u0151s\u00e9g\u0171, anti-ultraviola membr\u00e1nkapcsol\u00f3khoz. Szak\u00e9rt\u0151i csapatunk szorosan egy\u00fcttm\u0171k\u00f6dik \u00d6nnel, hogy meg\u00e9rtse az \u00d6n egyedi ig\u00e9nyeit, \u00e9s testreszabott megold\u00e1sokat sz\u00e1ll\u00edtson, amelyek biztos\u00edtj\u00e1k a tart\u00f3s teljes\u00edtm\u00e9nyt zord k\u00fclt\u00e9ri k\u00f6rnyezetben.<\/p>\n<p><strong>L\u00e9pjen kapcsolatba vel\u00fcnk m\u00e9g ma<\/strong>\u00a0hogy t\u00f6bbet megtudjon anti-ultraviola membr\u00e1nkapcsol\u00f3 megold\u00e1sainkr\u00f3l, \u00e9s arr\u00f3l, hogyan seg\u00edthet\u00fcnk \u00d6nnek tart\u00f3s, megb\u00edzhat\u00f3 \u00e9s l\u00e1tv\u00e1nyos fel\u00fcleteket l\u00e9trehozni k\u00fclt\u00e9ri alkalmaz\u00e1saihoz.<\/p>","protected":false},"excerpt":{"rendered":"<p>K\u00fclt\u00e9ri k\u00f6rnyezetben \u00e9s k\u00f6zvetlen napf\u00e9nynek kitett alkalmaz\u00e1sokban a membr\u00e1nkapcsol\u00f3k k\u00e1rosod\u00e1st \u00e9s elsz\u00ednez\u0151d\u00e9st szenvedhetnek az ultraibolya (UV) sug\u00e1rz\u00e1s miatt. Az anti-ultraibolya membr\u00e1nkapcsol\u00f3kat \u00fagy tervezt\u00e9k, hogy ellen\u00e1lljanak a zord UV-sug\u00e1rz\u00e1snak, biztos\u00edtva a hossz\u00fa t\u00e1v\u00fa teljes\u00edtm\u00e9nyt \u00e9s meg\u0151rizve vizu\u00e1lis integrit\u00e1sukat m\u00e9g extr\u00e9m k\u00f6r\u00fclm\u00e9nyek k\u00f6z\u00f6tt is.<\/p>","protected":false},"featured_media":1768,"template":"","meta":[],"product_brand":[],"product_cat":[40],"product_tag":[],"class_list":{"0":"post-1792","1":"product","2":"type-product","3":"status-publish","4":"has-post-thumbnail","6":"product_cat-membrane-switch","8":"first","9":"instock","10":"shipping-taxable","11":"product-type-simple"},"_links":{"self":[{"href":"https:\/\/membraneswitchmfg.com\/hu\/wp-json\/wp\/v2\/product\/1792","targetHints":{"allow":["GET"]}}],"collection":[{"href":"https:\/\/membraneswitchmfg.com\/hu\/wp-json\/wp\/v2\/product"}],"about":[{"href":"https:\/\/membraneswitchmfg.com\/hu\/wp-json\/wp\/v2\/types\/product"}],"wp:featuredmedia":[{"embeddable":true,"href":"https:\/\/membraneswitchmfg.com\/hu\/wp-json\/wp\/v2\/media\/1768"}],"wp:attachment":[{"href":"https:\/\/membraneswitchmfg.com\/hu\/wp-json\/wp\/v2\/media?parent=1792"}],"wp:term":[{"taxonomy":"product_brand","embeddable":true,"href":"https:\/\/membraneswitchmfg.com\/hu\/wp-json\/wp\/v2\/product_brand?post=1792"},{"taxonomy":"product_cat","embeddable":true,"href":"https:\/\/membraneswitchmfg.com\/hu\/wp-json\/wp\/v2\/product_cat?post=1792"},{"taxonomy":"product_tag","embeddable":true,"href":"https:\/\/membraneswitchmfg.com\/hu\/wp-json\/wp\/v2\/product_tag?post=1792"}],"curies":[{"name":"wp","href":"https:\/\/api.w.org\/{rel}","templated":true}]}}