{"id":1975,"date":"2024-06-30T14:12:55","date_gmt":"2024-06-30T14:12:55","guid":{"rendered":"https:\/\/membraneswitchmfg.com\/?post_type=product&#038;p=1975"},"modified":"2024-06-30T14:19:38","modified_gmt":"2024-06-30T14:19:38","slug":"pc-print-label","status":"publish","type":"product","link":"https:\/\/membraneswitchmfg.com\/hu\/manufacturer\/pc-print-label\/","title":{"rendered":"PC c\u00edmke nyomtat\u00e1sa"},"content":{"rendered":"<p data-sourcepos=\"3:1-3:59\"><strong>PC c\u00edmke nyomtat\u00e1sa:<\/strong> Hat\u00e9kony c\u00edmk\u00e9z\u00e9si megold\u00e1sok<\/p>\n<p data-sourcepos=\"5:1-5:8\">A PC Print Label egy \u00e1tfog\u00f3 szoftvermegold\u00e1s, amely racionaliz\u00e1lja a c\u00edmk\u00e9k l\u00e9trehoz\u00e1s\u00e1nak \u00e9s nyomtat\u00e1s\u00e1nak folyamat\u00e1t sz\u00e1mos alkalmaz\u00e1shoz. Ak\u00e1r term\u00e9keket kell c\u00edmk\u00e9znie, ak\u00e1r csomagokat kell sz\u00e1ll\u00edtania, ak\u00e1r a lelt\u00e1r\u00e1t kell rendszereznie, a PC Print Label biztos\u00edtja az eszk\u00f6z\u00f6ket \u00e9s a rugalmass\u00e1got a c\u00edmk\u00e9z\u00e9si feladatok egyszer\u0171 kezel\u00e9s\u00e9hez.<\/p>\n<p data-sourcepos=\"7:1-7:17\"><strong>Kulcsfontoss\u00e1g\u00fa jellemz\u0151k:<\/strong><\/p>\n<ul data-sourcepos=\"9:1-9:23\">\n<li data-sourcepos=\"9:1-9:23\">\n<p data-sourcepos=\"9:3-9:144\"><strong>Intuit\u00edv tervez\u00e9s:<\/strong> A PC Print Label felhaszn\u00e1l\u00f3bar\u00e1t fel\u00fclettel b\u00fcszk\u00e9lkedhet, amely m\u00e9g a kezd\u0151 felhaszn\u00e1l\u00f3k sz\u00e1m\u00e1ra is megk\u00f6nny\u00edti a c\u00edmk\u00e9k tervez\u00e9s\u00e9t \u00e9s testreszab\u00e1s\u00e1t.<\/p>\n<\/li>\n<li data-sourcepos=\"11:1-11:46\">\n<p data-sourcepos=\"11:3-11:46\"><strong>Sokoldal\u00fa c\u00edmkesablonok:<\/strong> V\u00e1lasszon az el\u0151re megtervezett c\u00edmkesablonok sz\u00e9les v\u00e1laszt\u00e9k\u00e1b\u00f3l, vagy k\u00e9sz\u00edtsen saj\u00e1t egyedi terveket a nagy teljes\u00edtm\u00e9ny\u0171 c\u00edmke szerkeszt\u0151 seg\u00edts\u00e9g\u00e9vel.<\/p>\n<\/li>\n<li data-sourcepos=\"13:1-14:0\">\n<p data-sourcepos=\"13:3-13:189\"><strong>Dinamikus adatintegr\u00e1ci\u00f3:<\/strong> Import\u00e1ljon adatokat k\u00fcl\u00f6nb\u00f6z\u0151 forr\u00e1sokb\u00f3l, p\u00e9ld\u00e1ul t\u00e1bl\u00e1zatokb\u00f3l vagy adatb\u00e1zisokb\u00f3l, hogy szem\u00e9lyre szabhassa a c\u00edmk\u00e9ket term\u00e9kinform\u00e1ci\u00f3kkal, \u00fcgyf\u00e9ladatokkal vagy sz\u00e1ll\u00edt\u00e1si c\u00edmekkel.<\/p>\n<\/li>\n<li data-sourcepos=\"15:1-16:0\">\n<p data-sourcepos=\"15:3-15:116\"><strong>Vonalk\u00f3d gener\u00e1l\u00e1s:<\/strong> Vonalk\u00f3dok gener\u00e1l\u00e1sa \u00e9s nyomtat\u00e1sa a hat\u00e9kony term\u00e9kazonos\u00edt\u00e1s \u00e9s k\u00e9szletgazd\u00e1lkod\u00e1s \u00e9rdek\u00e9ben.<\/p>\n<\/li>\n<li data-sourcepos=\"17:1-17:140\">\n<p data-sourcepos=\"17:3-17:140\"><strong>Rugalmas nyomtat\u00e1si lehet\u0151s\u00e9gek:<\/strong> Nyomtasson c\u00edmk\u00e9ket k\u00fcl\u00f6nb\u00f6z\u0151 c\u00edmkenyomtat\u00f3kkal, bele\u00e9rtve a szabv\u00e1nyos asztali nyomtat\u00f3kat, a dedik\u00e1lt c\u00edmkenyomtat\u00f3kat \u00e9s az ipari c\u00edmkenyomtat\u00f3kat.<\/p>\n<\/li>\n<\/ul>","protected":false},"excerpt":{"rendered":"<p>\u00c1tfog\u00f3 funkci\u00f3ival \u00e9s felhaszn\u00e1l\u00f3bar\u00e1t fel\u00fclet\u00e9vel a PC Print Label n\u00e9lk\u00fcl\u00f6zhetetlen eszk\u00f6z azon v\u00e1llalkoz\u00e1sok \u00e9s mag\u00e1nszem\u00e9lyek sz\u00e1m\u00e1ra, akik hat\u00e9kony \u00e9s pontos c\u00edmk\u00e9z\u00e9si megold\u00e1sokra t\u00e1maszkodnak. N\u00f6velje a c\u00edmk\u00e9z\u00e9s termel\u00e9kenys\u00e9g\u00e9t \u00e9s szervezetts\u00e9g\u00e9t a PC Print Label seg\u00edts\u00e9g\u00e9vel.<\/p>","protected":false},"featured_media":1976,"template":"","meta":[],"product_brand":[],"product_cat":[15],"product_tag":[],"class_list":{"0":"post-1975","1":"product","2":"type-product","3":"status-publish","4":"has-post-thumbnail","6":"product_cat-print-label","8":"first","9":"instock","10":"shipping-taxable","11":"product-type-simple"},"_links":{"self":[{"href":"https:\/\/membraneswitchmfg.com\/hu\/wp-json\/wp\/v2\/product\/1975","targetHints":{"allow":["GET"]}}],"collection":[{"href":"https:\/\/membraneswitchmfg.com\/hu\/wp-json\/wp\/v2\/product"}],"about":[{"href":"https:\/\/membraneswitchmfg.com\/hu\/wp-json\/wp\/v2\/types\/product"}],"wp:featuredmedia":[{"embeddable":true,"href":"https:\/\/membraneswitchmfg.com\/hu\/wp-json\/wp\/v2\/media\/1976"}],"wp:attachment":[{"href":"https:\/\/membraneswitchmfg.com\/hu\/wp-json\/wp\/v2\/media?parent=1975"}],"wp:term":[{"taxonomy":"product_brand","embeddable":true,"href":"https:\/\/membraneswitchmfg.com\/hu\/wp-json\/wp\/v2\/product_brand?post=1975"},{"taxonomy":"product_cat","embeddable":true,"href":"https:\/\/membraneswitchmfg.com\/hu\/wp-json\/wp\/v2\/product_cat?post=1975"},{"taxonomy":"product_tag","embeddable":true,"href":"https:\/\/membraneswitchmfg.com\/hu\/wp-json\/wp\/v2\/product_tag?post=1975"}],"curies":[{"name":"wp","href":"https:\/\/api.w.org\/{rel}","templated":true}]}}