{"id":2225,"date":"2024-07-22T14:19:03","date_gmt":"2024-07-22T14:19:03","guid":{"rendered":"https:\/\/membraneswitchmfg.com\/manufacturer\/silicone-keypad\/"},"modified":"2024-07-25T05:39:12","modified_gmt":"2024-07-25T05:39:12","slug":"silicone-keypad","status":"publish","type":"product","link":"https:\/\/membraneswitchmfg.com\/hu\/manufacturer\/silicone-keypad\/","title":{"rendered":"Szilikon billenty\u0171zet"},"content":{"rendered":"<h3><strong>Szilikon billenty\u0171zet f\u0151bb jellemz\u0151i:<\/strong><\/h3>\n<p>1. Tart\u00f3ss\u00e1g: Kiv\u00e1l\u00f3 min\u0151s\u00e9g\u0171 szilikongumib\u00f3l k\u00e9sz\u00fcltek, billenty\u0171zeteink ellen\u00e1llnak a sz\u00e9ls\u0151s\u00e9ges h\u0151m\u00e9rs\u00e9kleteknek, a nedvess\u00e9gnek \u00e9s a kop\u00e1snak, \u00edgy hossz\u00fa \u00e9lettartam\u00fa \u00e9s robusztus megold\u00e1st biztos\u00edtanak b\u00e1rmilyen k\u00f6rnyezetben.<\/p>\n<p>Szilikon billenty\u0171zet\u00fcnk \u00e9lettartama el\u00e9rheti:<\/p>\n<ul>\n<li>1000K alkalom<\/li>\n<li>2000K alkalom<\/li>\n<li>5000K alkalom <strong>(a leghosszabb \u00e9lettartam az ipar\u00e1gban)<\/strong><\/li>\n<\/ul>\n<p>2. Taktilis visszajelz\u00e9s: A precizit\u00e1sra tervezett billenty\u0171zetek kiv\u00e1l\u00f3 taktilis visszajelz\u00e9st biztos\u00edtanak, jav\u00edtva a felhaszn\u00e1l\u00f3i \u00e9lm\u00e9nyt az\u00e1ltal, hogy minden egyes megnyom\u00e1skor \u00e9rz\u00e9keny \u00e9s kiel\u00e9g\u00edt\u0151 \u00e9rint\u00e9st biztos\u00edtanak.<\/p>\n<p>3. Testreszabhat\u00f3s\u00e1g: K\u00fcl\u00f6nf\u00e9le form\u00e1kban, m\u00e9retekben \u00e9s sz\u00ednekben kaphat\u00f3k, szilikon billenty\u0171zeteink az \u00d6n projektj\u00e9nek egyedi ig\u00e9nyeihez igaz\u00edthat\u00f3k. Egyedi feliratok, h\u00e1tt\u00e9rvil\u00e1g\u00edt\u00e1si lehet\u0151s\u00e9gek \u00e9s k\u00fcl\u00f6nb\u00f6z\u0151 kem\u00e9nys\u00e9gi szintek is rendelkez\u00e9sre \u00e1llnak. A teljes m\u00e9ret az ipari szabv\u00e1ny M1, M2 \u00e9s M3 m\u00e9reteket fedi le.<\/p>\n<p>4. Sokoldal\u00fas\u00e1g: Ide\u00e1lis fogyaszt\u00f3i elektronikai, orvosi eszk\u00f6z\u00f6k, ipari vez\u00e9rl\u0151k, aut\u00f3ipari rendszerek \u00e9s egyebek alkalmaz\u00e1saihoz. A szilikon anyag kiv\u00e1l\u00f3 rugalmass\u00e1got k\u00edn\u00e1l, \u00edgy alkalmas komplex tervekhez \u00e9s elrendez\u00e9sekhez.<\/p>\n<p>5. K\u00f6nny\u0171 integr\u00e1ci\u00f3: A z\u00f6kken\u0151mentes integr\u00e1ci\u00f3ra tervezett billenty\u0171zeteink kompatibilisek a k\u00fcl\u00f6nb\u00f6z\u0151 t\u00edpus\u00fa interf\u00e9szekkel, bele\u00e9rtve a PCB-re szerelt megold\u00e1sokat \u00e9s a membr\u00e1nkapcsol\u00f3 szerelv\u00e9nyeket.<\/p>\n<p>6. Nulla hib\u00e1s fekete pont ellen\u0151rz\u00e9s: A fejlett gy\u00e1rt\u00e1si folyamatok \u00e9s a szigor\u00fa min\u0151s\u00e9gellen\u0151rz\u00e9si rendszerek alkalmaz\u00e1s\u00e1val szilikon billenty\u0171zeteink nulla hib\u00e1t \u00e9rnek el a megjelen\u00e9sben, biztos\u00edtva, hogy minden term\u00e9k a legmagasabb megjelen\u00e9si min\u0151s\u00e9gi k\u00f6vetelm\u00e9nyeknek feleljen meg.<\/p>\n<p>&nbsp;<\/p>\n<h3><strong>Szilikon billenty\u0171zet alkalmaz\u00e1sok:<\/strong><\/h3>\n<p>1. Fogyaszt\u00f3i elektronika: T\u00f6k\u00e9letes t\u00e1vir\u00e1ny\u00edt\u00f3khoz, j\u00e1t\u00e9keszk\u00f6z\u00f6kh\u00f6z \u00e9s k\u00e9zi k\u00fcty\u00fckh\u00f6z.<\/p>\n<p>2. Orvosi eszk\u00f6z\u00f6k: Ide\u00e1lis betegmonitorokhoz, diagnosztikai berendez\u00e9sekhez \u00e9s hordhat\u00f3 eg\u00e9szs\u00e9g\u00fcgyi technol\u00f3gi\u00e1hoz.<\/p>\n<p>3. Ipari vez\u00e9rl\u0151k: El\u00e9g robusztus g\u00e9pek vez\u00e9rl\u00e9s\u00e9hez, m\u0171szerfalakhoz \u00e9s k\u00fclt\u00e9ri berendez\u00e9sekhez.<\/p>\n<p>4. Aut\u00f3ipari rendszerek: Megb\u00edzhat\u00f3 m\u0171szerfal vez\u00e9rl\u0151k, infotainment rendszerek \u00e9s kulcsn\u00e9lk\u00fcli bel\u00e9ptet\u0151 rendszerek sz\u00e1m\u00e1ra.<\/p>","protected":false},"excerpt":{"rendered":"<p>Tapasztalja meg a tapint\u00e1si \u00e9lm\u00e9ny \u00e9s a funkcionalit\u00e1s cs\u00facs\u00e1t szilikon billenty\u0171zeteinkkel. A fogyaszt\u00f3i elektronik\u00e1t\u00f3l az ipari g\u00e9pekig sz\u00e1mos alkalmaz\u00e1shoz tervezett billenty\u0171zetek p\u00e1ratlan teljes\u00edtm\u00e9nyt, megb\u00edzhat\u00f3s\u00e1got \u00e9s testreszabhat\u00f3s\u00e1got k\u00edn\u00e1lnak. Ak\u00e1r fogyaszt\u00f3i elektronik\u00e1ban, orvosi berendez\u00e9sekben vagy ipari vez\u00e9rl\u00e9sben haszn\u00e1lj\u00e1k, szilikon billenty\u0171zeteinkre t\u00e1maszkodhat a hib\u00e1tlan megjelen\u00e9s \u00e9s a kiv\u00e1l\u00f3 felhaszn\u00e1l\u00f3i \u00e9lm\u00e9ny \u00e9rdek\u00e9ben.<\/p>","protected":false},"featured_media":1735,"template":"","meta":[],"product_brand":[],"product_cat":[39],"product_tag":[],"class_list":{"0":"post-2225","1":"product","2":"type-product","3":"status-publish","4":"has-post-thumbnail","6":"product_cat-silicone-rubber","8":"first","9":"instock","10":"shipping-taxable","11":"product-type-simple"},"_links":{"self":[{"href":"https:\/\/membraneswitchmfg.com\/hu\/wp-json\/wp\/v2\/product\/2225","targetHints":{"allow":["GET"]}}],"collection":[{"href":"https:\/\/membraneswitchmfg.com\/hu\/wp-json\/wp\/v2\/product"}],"about":[{"href":"https:\/\/membraneswitchmfg.com\/hu\/wp-json\/wp\/v2\/types\/product"}],"wp:featuredmedia":[{"embeddable":true,"href":"https:\/\/membraneswitchmfg.com\/hu\/wp-json\/wp\/v2\/media\/1735"}],"wp:attachment":[{"href":"https:\/\/membraneswitchmfg.com\/hu\/wp-json\/wp\/v2\/media?parent=2225"}],"wp:term":[{"taxonomy":"product_brand","embeddable":true,"href":"https:\/\/membraneswitchmfg.com\/hu\/wp-json\/wp\/v2\/product_brand?post=2225"},{"taxonomy":"product_cat","embeddable":true,"href":"https:\/\/membraneswitchmfg.com\/hu\/wp-json\/wp\/v2\/product_cat?post=2225"},{"taxonomy":"product_tag","embeddable":true,"href":"https:\/\/membraneswitchmfg.com\/hu\/wp-json\/wp\/v2\/product_tag?post=2225"}],"curies":[{"name":"wp","href":"https:\/\/api.w.org\/{rel}","templated":true}]}}