{"id":2274,"date":"2024-07-26T02:52:22","date_gmt":"2024-07-26T02:52:22","guid":{"rendered":"https:\/\/membraneswitchmfg.com\/?post_type=product&#038;p=2274"},"modified":"2024-09-19T12:54:44","modified_gmt":"2024-09-19T12:54:44","slug":"magnetic-switch","status":"publish","type":"product","link":"https:\/\/membraneswitchmfg.com\/hu\/manufacturer\/magnetic-switch\/","title":{"rendered":"M\u00e1gneses kapcsol\u00f3"},"content":{"rendered":"<h4><strong><b>Kulcsfontoss\u00e1g\u00fa jellemz\u0151k:<\/b><\/strong><\/h4>\n<p><strong>1.<\/strong><strong>P\u00e1ratlan Tart\u00f3ss\u00e1g<\/strong>: \u00dagy tervezt\u00e9k, hogy ak\u00e1r 10 milli\u00f3 nyom\u00e1st is kib\u00edrjon, term\u00e9k\u00fcnk k\u00f6vetkezetes teljes\u00edtm\u00e9nyt \u00e9s megb\u00edzhat\u00f3s\u00e1got biztos\u00edt hossz\u00fa id\u0151n kereszt\u00fcl, \u00edgy k\u00f6lts\u00e9ghat\u00e9kony v\u00e1laszt\u00e1s a hossz\u00fa t\u00e1v\u00fa alkalmaz\u00e1sokhoz.<\/p>\n<p><strong>2.<\/strong><strong>Sokoldal\u00fa alkalmaz\u00e1sok<\/strong>: Jelenleg a mi M\u00e1gneses Kapcsol\u00f3nkat sz\u00e9les k\u00f6rben haszn\u00e1lj\u00e1k k\u00fcl\u00f6nb\u00f6z\u0151, nagy ig\u00e9nybev\u00e9tel\u0171 \u00e1gazatokban, bele\u00e9rtve:<\/p>\n<ul>\n<li><strong>Orvosi felszerel\u00e9s<\/strong>: A pontos \u00e9s megb\u00edzhat\u00f3 vez\u00e9rl\u00e9st biztos\u00edtva, a mi kapcsol\u00f3nk kritikus fontoss\u00e1g\u00fa alkatr\u00e9sz az orvosi eszk\u00f6z\u00f6kben, biztos\u00edtva a biztons\u00e1got \u00e9s a megb\u00edzhat\u00f3s\u00e1got az eg\u00e9szs\u00e9g\u00fcgyi k\u00f6rnyezetben.<\/li>\n<li><strong>Fut\u00f3padok<\/strong>: A fitnesz berendez\u00e9sekbe integr\u00e1lva, a mi kapcsol\u00f3nk z\u00f6kken\u0151mentes m\u0171k\u00f6d\u00e9st garant\u00e1l \u00e9s jav\u00edtja a felhaszn\u00e1l\u00f3i \u00e9lm\u00e9nyt, ki\u00e1llva a gyakori haszn\u00e1lat szigor\u00fa k\u00f6vetelm\u00e9nyeinek.<\/li>\n<\/ul>\n<h4><strong><b>Mi\u00e9rt v\u00e1lassza a mi M\u00e1gneses Kapcsol\u00f3nkat?<\/b><\/strong><\/h4>\n<p><strong>1.<\/strong><strong>P\u00e1ratlan \u00c9lettartam<\/strong>: Mivel a mi\u00e9nk az egyetlen M\u00e1gneses Kapcsol\u00f3 a hazai piacon 10 milli\u00f3 nyom\u00e1s \u00e9lettartammal, mi \u00e1ll\u00edtjuk fel a tart\u00f3ss\u00e1g m\u00e9rc\u00e9j\u00e9t.<\/p>\n<p><strong>2.<\/strong><strong>Megb\u00edzhat\u00f3s\u00e1g Kritikus Alkalmaz\u00e1sokban<\/strong>: A mi kapcsol\u00f3nk megb\u00edzhat\u00f3 az orvosi berendez\u00e9sekben, ahol a megb\u00edzhat\u00f3s\u00e1g \u00e9s a pontoss\u00e1g kiemelten fontos.<\/p>\n<p><strong>3.<\/strong><strong>Teljes\u00edtm\u00e9ny Nagy Haszn\u00e1lat\u00fa K\u00f6rnyezetekben<\/strong>: A fut\u00f3padokban val\u00f3 alkalmaz\u00e1sokkal a mi kapcsol\u00f3nk bizony\u00edtja a rugalmass\u00e1g\u00e1t a nagy forgalm\u00fa, nagy haszn\u00e1lat\u00fa be\u00e1ll\u00edt\u00e1sokban.<\/p>","protected":false},"excerpt":{"rendered":"<p>Bemutatjuk a mi fejlett <span class=\"Y2IQFc\" lang=\"en\">M\u00e1gneses membr\u00e1n kapcsol\u00f3nkat<\/span>, a tart\u00f3ss\u00e1g \u00e9s megb\u00edzhat\u00f3s\u00e1g cs\u00facs\u00e1t a piacon. Ak\u00e1r <strong>10 milli\u00f3 nyom\u00e1s<\/strong>term\u00e9k\u00e9lettartammal b\u00fcszk\u00e9lkedve, a mi M\u00e1gneses Kapcsol\u00f3nk <strong>az egyetlen a hazai piacon, amely ilyen hossz\u00fa \u00e9lettartamot k\u00edn\u00e1l<\/strong>. Bemutatjuk a mi fejlett M\u00e1gneses Kapcsol\u00f3nkat, a tart\u00f3ss\u00e1g \u00e9s megb\u00edzhat\u00f3s\u00e1g cs\u00facs\u00e1t a piacon. Ak\u00e1r 10 milli\u00f3 nyom\u00e1s term\u00e9k\u00e9lettartammal b\u00fcszk\u00e9lkedve, a mi M\u00e1gneses Kapcsol\u00f3nk az egyetlen a hazai piacon, amely ilyen hossz\u00fa \u00e9lettartamot k\u00edn\u00e1l.<\/p>","protected":false},"featured_media":2435,"template":"","meta":[],"product_brand":[],"product_cat":[40],"product_tag":[],"class_list":{"0":"post-2274","1":"product","2":"type-product","3":"status-publish","4":"has-post-thumbnail","6":"product_cat-membrane-switch","8":"first","9":"instock","10":"shipping-taxable","11":"product-type-simple"},"_links":{"self":[{"href":"https:\/\/membraneswitchmfg.com\/hu\/wp-json\/wp\/v2\/product\/2274","targetHints":{"allow":["GET"]}}],"collection":[{"href":"https:\/\/membraneswitchmfg.com\/hu\/wp-json\/wp\/v2\/product"}],"about":[{"href":"https:\/\/membraneswitchmfg.com\/hu\/wp-json\/wp\/v2\/types\/product"}],"wp:featuredmedia":[{"embeddable":true,"href":"https:\/\/membraneswitchmfg.com\/hu\/wp-json\/wp\/v2\/media\/2435"}],"wp:attachment":[{"href":"https:\/\/membraneswitchmfg.com\/hu\/wp-json\/wp\/v2\/media?parent=2274"}],"wp:term":[{"taxonomy":"product_brand","embeddable":true,"href":"https:\/\/membraneswitchmfg.com\/hu\/wp-json\/wp\/v2\/product_brand?post=2274"},{"taxonomy":"product_cat","embeddable":true,"href":"https:\/\/membraneswitchmfg.com\/hu\/wp-json\/wp\/v2\/product_cat?post=2274"},{"taxonomy":"product_tag","embeddable":true,"href":"https:\/\/membraneswitchmfg.com\/hu\/wp-json\/wp\/v2\/product_tag?post=2274"}],"curies":[{"name":"wp","href":"https:\/\/api.w.org\/{rel}","templated":true}]}}