{"id":1687,"date":"2024-06-22T14:56:03","date_gmt":"2024-06-22T14:56:03","guid":{"rendered":"https:\/\/membraneswitchmfg.com\/manufacturer\/csa-high-temperature-resistant-certification-label\/"},"modified":"2024-06-26T00:55:06","modified_gmt":"2024-06-26T00:55:06","slug":"csa-high-temperature-resistant-certification-label","status":"publish","type":"product","link":"https:\/\/membraneswitchmfg.com\/it\/manufacturer\/csa-high-temperature-resistant-certification-label\/","title":{"rendered":"Etichetta di certificazione CSA resistente alle alte temperature"},"content":{"rendered":"<h2 class=\"\" data-sourcepos=\"1:1-1:108\">Etichette di certificazione CSA resistenti alle alte temperature: garantire conformit\u00e0 e sicurezza in ambienti difficili<\/h2>\n<p data-sourcepos=\"3:1-3:119\">Proteggi i tuoi prodotti e il tuo marchio con etichette resistenti alle alte temperature certificate CSA che resistono a condizioni estreme.<\/p>\n<p data-sourcepos=\"5:1-5:51\"><strong>Durata ineguagliabile per gli ambienti pi\u00f9 esigenti<\/strong><\/p>\n<p data-sourcepos=\"7:1-7:152\">Le nostre etichette resistenti alle alte temperature CSA sono progettate per resistere alle condizioni pi\u00f9 difficili, garantendo che le informazioni sul tuo prodotto rimangano chiare, visibili e conformi anche di fronte a calore intenso, sostanze chimiche aggressive e usura abrasiva. Realizzate con materiali di alta qualit\u00e0, queste etichette possono resistere all'esposizione continua a temperature che vanno da -40\u00b0C a 500\u00b0C (da -40\u00b0F a 932\u00b0F).<\/p>\n<p data-sourcepos=\"9:1-9:23\"><strong>Certificazione CSA per la tranquillit\u00e0<\/strong><\/p>\n<p data-sourcepos=\"11:1-11:433\">Le nostre etichette resistenti alle alte temperature CSA sono rigorosamente testate e certificate dalla Canadian Standards Association (CSA), un leader riconosciuto a livello mondiale negli standard di sicurezza. Questa certificazione garantisce che le nostre etichette soddisfino i pi\u00f9 elevati standard di durata, prestazioni e sicurezza, offrendoti la tranquillit\u00e0 che l'identificazione del tuo prodotto e i contrassegni di sicurezza rimarranno intatti anche negli ambienti pi\u00f9 esigenti.<\/p>\n<p data-sourcepos=\"13:1-13:42\"><strong>Ideale per un'ampia gamma di applicazioni<\/strong><\/p>\n<p data-sourcepos=\"15:1-15:91\">Le nostre etichette resistenti alle alte temperature CSA sono ideali per l'uso in un'ampia gamma di applicazioni, tra cui:<\/p>\n<ul data-sourcepos=\"17:1-22:0\">\n<li data-sourcepos=\"17:1-17:36\">Macchinari e attrezzature industriali<\/li>\n<li data-sourcepos=\"18:1-18:37\">Componenti automobilistici e aerospaziali<\/li>\n<li data-sourcepos=\"19:1-19:28\">Elettrodomestici ed elettronica<\/li>\n<li data-sourcepos=\"20:1-20:17\">Dispositivi medici<\/li>\n<li data-sourcepos=\"21:1-22:0\">Segnaletica ed etichette per esterni<\/li>\n<\/ul>\n<p data-sourcepos=\"23:1-23:89\"><strong>Collaborate con i fornitori di stampanti di codici a barre per etichette della Cina per ottenere qualit\u00e0 e competenza superiori<\/strong><\/p>\n<p data-sourcepos=\"25:1-25:353\">In China Label Barcode Printer Suppliers, ci impegniamo a fornire ai nostri clienti etichette resistenti alle alte temperature CSA della massima qualit\u00e0 e l'esperienza per soddisfare le loro specifiche esigenze applicative. Il nostro team di professionisti esperti pu\u00f2 aiutarti a selezionare il materiale dell'etichetta, l'adesivo e le opzioni di stampa giusti per le tue esigenze specifiche.<\/p>\n<p data-sourcepos=\"27:1-27:181\"><strong>Contattateci oggi stesso<\/strong> per saperne di pi\u00f9 sulle nostre etichette resistenti alle alte temperature CSA e su come possiamo aiutarti a proteggere i tuoi prodotti e il tuo marchio anche negli ambienti pi\u00f9 difficili.<\/p>","protected":false},"excerpt":{"rendered":"<p>L'etichetta di certificazione CSA per l'alta resistenza alla temperatura indica che il prodotto \u00e8 stato testato e certificato da CSA (Canadian Standards Association) per resistere efficacemente e in sicurezza alle alte temperature.<\/p>","protected":false},"featured_media":1653,"template":"","meta":[],"product_brand":[],"product_cat":[15],"product_tag":[],"class_list":{"0":"post-1687","1":"product","2":"type-product","3":"status-publish","4":"has-post-thumbnail","6":"product_cat-print-label","8":"first","9":"instock","10":"shipping-taxable","11":"product-type-simple"},"_links":{"self":[{"href":"https:\/\/membraneswitchmfg.com\/it\/wp-json\/wp\/v2\/product\/1687","targetHints":{"allow":["GET"]}}],"collection":[{"href":"https:\/\/membraneswitchmfg.com\/it\/wp-json\/wp\/v2\/product"}],"about":[{"href":"https:\/\/membraneswitchmfg.com\/it\/wp-json\/wp\/v2\/types\/product"}],"wp:featuredmedia":[{"embeddable":true,"href":"https:\/\/membraneswitchmfg.com\/it\/wp-json\/wp\/v2\/media\/1653"}],"wp:attachment":[{"href":"https:\/\/membraneswitchmfg.com\/it\/wp-json\/wp\/v2\/media?parent=1687"}],"wp:term":[{"taxonomy":"product_brand","embeddable":true,"href":"https:\/\/membraneswitchmfg.com\/it\/wp-json\/wp\/v2\/product_brand?post=1687"},{"taxonomy":"product_cat","embeddable":true,"href":"https:\/\/membraneswitchmfg.com\/it\/wp-json\/wp\/v2\/product_cat?post=1687"},{"taxonomy":"product_tag","embeddable":true,"href":"https:\/\/membraneswitchmfg.com\/it\/wp-json\/wp\/v2\/product_tag?post=1687"}],"curies":[{"name":"wp","href":"https:\/\/api.w.org\/{rel}","templated":true}]}}