{"id":1694,"date":"2024-06-22T14:56:04","date_gmt":"2024-06-22T14:56:04","guid":{"rendered":"https:\/\/membraneswitchmfg.com\/manufacturer\/listing-card-product-manual\/"},"modified":"2024-06-25T14:40:27","modified_gmt":"2024-06-25T14:40:27","slug":"listing-card-product-manual","status":"publish","type":"product","link":"https:\/\/membraneswitchmfg.com\/it\/manufacturer\/listing-card-product-manual\/","title":{"rendered":"Scheda e manuale del prodotto"},"content":{"rendered":"<h2 class=\"\" data-sourcepos=\"1:1-1:87\">Schede di presentazione e manuali del prodotto: miglioramento della presentazione del prodotto e dell'identit\u00e0 del marchio<\/h2>\n<p data-sourcepos=\"3:1-3:108\">Eleva la presentazione del tuo prodotto e l'identit\u00e0 del marchio con le nostre schede di presentazione e i manuali del prodotto di alta qualit\u00e0. Questi strumenti essenziali forniscono informazioni preziose ai clienti, migliorando la loro esperienza di acquisto e promuovendo la fedelt\u00e0 al marchio.<\/p>\n<p data-sourcepos=\"5:1-5:56\"><strong>Schede di presentazione: informazioni sul prodotto chiare e concise<\/strong><\/p>\n<p data-sourcepos=\"7:1-7:21\">Le schede di presentazione offrono una panoramica concisa e informativa dei tuoi prodotti, fornendo dettagli essenziali a colpo d'occhio. Sono ideali per:<\/p>\n<ul data-sourcepos=\"9:1-12:0\">\n<li data-sourcepos=\"9:1-9:64\"><strong>Visualizzazione di nomi, descrizioni e specifiche dei prodotti<\/strong><\/li>\n<li data-sourcepos=\"10:1-10:44\"><strong>Evidenziazione di caratteristiche e vantaggi chiave<\/strong><\/li>\n<li data-sourcepos=\"11:1-12:0\"><strong>Presentazione di immagini del prodotto e branding<\/strong><\/li>\n<\/ul>\n<p data-sourcepos=\"13:1-13:48\"><strong>Manuali del prodotto: guida completa per l'utente<\/strong><\/p>\n<p data-sourcepos=\"15:1-15:23\">I manuali del prodotto forniscono istruzioni e indicazioni complete per i tuoi prodotti, garantendo la soddisfazione del cliente e riducendo i costi di supporto. Includono:<\/p>\n<ul data-sourcepos=\"17:1-21:0\">\n<li data-sourcepos=\"17:1-17:50\"><strong>Istruzioni dettagliate per l'installazione e la configurazione<\/strong><\/li>\n<li data-sourcepos=\"18:1-18:39\"><strong>Procedure operative dettagliate<\/strong><\/li>\n<li data-sourcepos=\"19:1-19:35\"><strong>Suggerimenti per la risoluzione dei problemi e domande frequenti<\/strong><\/li>\n<li data-sourcepos=\"20:1-21:0\"><strong>Avvertenze e precauzioni di sicurezza<\/strong><\/li>\n<\/ul>\n<p data-sourcepos=\"22:1-22:89\"><strong>Collaborate con i fornitori di stampanti di codici a barre per etichette della Cina per ottenere qualit\u00e0 e competenza superiori<\/strong><\/p>\n<p data-sourcepos=\"24:1-24:316\">In qualit\u00e0 di fornitori di stampanti per codici a barre per etichette in Cina, ci impegniamo a fornire ai nostri clienti schede di presentazione e manuali del prodotto della massima qualit\u00e0. Il nostro team di professionisti esperti pu\u00f2 aiutarti a progettare e creare materiali personalizzati che si allineino all'identit\u00e0 del tuo marchio e comunichino efficacemente le informazioni sul prodotto.<\/p>\n<p data-sourcepos=\"26:1-26:62\"><strong>Contattateci oggi stesso<\/strong> per saperne di pi\u00f9 sulle nostre schede di presentazione e sui manuali del prodotto e su come possiamo aiutarti a migliorare la presentazione del tuo prodotto, migliorare l'esperienza del cliente e rafforzare il tuo marchio.<\/p>\n<p data-sourcepos=\"28:1-28:150\"><strong>Ulteriori parole chiave:<\/strong> etichette per stampanti di schede SD, stampante per etichette per carte d'identit\u00e0, stampante per etichette per carte, stampa etichette per biglietti di Natale, etichette in cartone stampato<\/p>","protected":false},"excerpt":{"rendered":"<p>Una scheda di elenco o un manuale del prodotto \u00e8 un documento che fornisce informazioni dettagliate su un prodotto o servizio. Viene tipicamente utilizzato dalle aziende per informare i clienti sulle caratteristiche, i vantaggi e le specifiche dei loro prodotti.<\/p>","protected":false},"featured_media":1657,"template":"","meta":[],"product_brand":[],"product_cat":[15],"product_tag":[],"class_list":{"0":"post-1694","1":"product","2":"type-product","3":"status-publish","4":"has-post-thumbnail","6":"product_cat-print-label","8":"first","9":"instock","10":"shipping-taxable","11":"product-type-simple"},"_links":{"self":[{"href":"https:\/\/membraneswitchmfg.com\/it\/wp-json\/wp\/v2\/product\/1694","targetHints":{"allow":["GET"]}}],"collection":[{"href":"https:\/\/membraneswitchmfg.com\/it\/wp-json\/wp\/v2\/product"}],"about":[{"href":"https:\/\/membraneswitchmfg.com\/it\/wp-json\/wp\/v2\/types\/product"}],"wp:featuredmedia":[{"embeddable":true,"href":"https:\/\/membraneswitchmfg.com\/it\/wp-json\/wp\/v2\/media\/1657"}],"wp:attachment":[{"href":"https:\/\/membraneswitchmfg.com\/it\/wp-json\/wp\/v2\/media?parent=1694"}],"wp:term":[{"taxonomy":"product_brand","embeddable":true,"href":"https:\/\/membraneswitchmfg.com\/it\/wp-json\/wp\/v2\/product_brand?post=1694"},{"taxonomy":"product_cat","embeddable":true,"href":"https:\/\/membraneswitchmfg.com\/it\/wp-json\/wp\/v2\/product_cat?post=1694"},{"taxonomy":"product_tag","embeddable":true,"href":"https:\/\/membraneswitchmfg.com\/it\/wp-json\/wp\/v2\/product_tag?post=1694"}],"curies":[{"name":"wp","href":"https:\/\/api.w.org\/{rel}","templated":true}]}}