{"id":1780,"date":"2024-06-24T05:57:57","date_gmt":"2024-06-24T05:57:57","guid":{"rendered":"https:\/\/membraneswitchmfg.com\/manufacturer\/membrane-switch-with-backlighting\/"},"modified":"2024-06-25T13:56:06","modified_gmt":"2024-06-25T13:56:06","slug":"membrane-switch-with-backlighting","status":"publish","type":"product","link":"https:\/\/membraneswitchmfg.com\/it\/manufacturer\/membrane-switch-with-backlighting\/","title":{"rendered":"Interruttore a membrana con retroilluminazione"},"content":{"rendered":"<h2><strong><b>Interruttori a membrana con retroilluminazione: maggiore visibilit\u00e0 ed esperienza utente<\/b><\/strong><\/h2>\n<p><strong>Maggiore visibilit\u00e0 in ambienti con scarsa illuminazione<\/strong><\/p>\n<p>Gli interruttori a membrana retroilluminati assicurano che i tasti e le legende siano facilmente visibili, anche in ambienti scarsamente illuminati o bui. Ci\u00f2 \u00e8 particolarmente importante per le applicazioni in cui i dispositivi vengono utilizzati in condizioni di scarsa illuminazione, come:<\/p>\n<ul>\n<li><strong>Apparecchiature mediche<\/strong><\/li>\n<li><strong>Pannelli di controllo industriali<\/strong><\/li>\n<li><strong>Apparecchiature aeronautiche e aerospaziali<\/strong><\/li>\n<li><strong>Applicazioni militari<\/strong><\/li>\n<li><strong>Elettronica di consumo<\/strong><\/li>\n<\/ul>\n<p><strong>Esperienza utente migliorata<\/strong><\/p>\n<p>Gli interruttori a membrana retroilluminati non solo migliorano la visibilit\u00e0, ma migliorano anche l'esperienza utente complessiva:<\/p>\n<ul>\n<li><strong>Riduzione degli errori e miglioramento della precisione<\/strong><\/li>\n<li><strong>Guiding users through operation and function<\/strong><\/li>\n<li><strong>Creazione di un'interfaccia pi\u00f9 intuitiva e facile da usare<\/strong><\/li>\n<li><strong>Aggiunta di un tocco di eleganza e raffinatezza al dispositivo<\/strong><\/li>\n<\/ul>\n<p><strong>Variet\u00e0 di opzioni di retroilluminazione<\/strong><\/p>\n<p>Gli interruttori a membrana con retroilluminazione offrono un'ampia gamma di opzioni di personalizzazione, tra cui:<\/p>\n<ul>\n<li><strong>Diversi colori e intensit\u00e0 dei LED<\/strong><\/li>\n<li><strong>Retroilluminazione uniforme o a zone<\/strong><\/li>\n<li><strong>Effetti di luce statici o dinamici<\/strong><\/li>\n<li><strong>Grafica e icone personalizzate<\/strong><\/li>\n<\/ul>\n<p><strong>Collabora con un produttore esperto di interruttori a membrana retroilluminati<\/strong><\/p>\n<p>Con anni di esperienza e un impegno per la qualit\u00e0, siamo la tua fonte affidabile per interruttori a membrana retroilluminati personalizzati. Il nostro team di esperti pu\u00f2 aiutarti a progettare e produrre gli interruttori perfetti per migliorare la visibilit\u00e0, l'esperienza utente e l'aspetto estetico generale del tuo prodotto.<\/p>\n<p><strong>Contattateci oggi stesso<\/strong>\u00a0per saperne di pi\u00f9 sulle nostre soluzioni di interruttori a membrana retroilluminati e su come possiamo aiutarti a migliorare i tuoi prodotti.<\/p>","protected":false},"excerpt":{"rendered":"<p>Gli interruttori a membrana con retroilluminazione migliorano l'esperienza utente e la funzionalit\u00e0 dei dispositivi elettronici fornendo una chiara visibilit\u00e0 in condizioni di scarsa illuminazione. Questi interruttori innovativi combinano il feedback tattile dei tradizionali interruttori a membrana con la potenza illuminante dei LED, creando un'interfaccia intuitiva e visivamente accattivante.<\/p>","protected":false},"featured_media":1752,"template":"","meta":[],"product_brand":[],"product_cat":[40],"product_tag":[],"class_list":{"0":"post-1780","1":"product","2":"type-product","3":"status-publish","4":"has-post-thumbnail","6":"product_cat-membrane-switch","8":"first","9":"instock","10":"shipping-taxable","11":"product-type-simple"},"_links":{"self":[{"href":"https:\/\/membraneswitchmfg.com\/it\/wp-json\/wp\/v2\/product\/1780","targetHints":{"allow":["GET"]}}],"collection":[{"href":"https:\/\/membraneswitchmfg.com\/it\/wp-json\/wp\/v2\/product"}],"about":[{"href":"https:\/\/membraneswitchmfg.com\/it\/wp-json\/wp\/v2\/types\/product"}],"wp:featuredmedia":[{"embeddable":true,"href":"https:\/\/membraneswitchmfg.com\/it\/wp-json\/wp\/v2\/media\/1752"}],"wp:attachment":[{"href":"https:\/\/membraneswitchmfg.com\/it\/wp-json\/wp\/v2\/media?parent=1780"}],"wp:term":[{"taxonomy":"product_brand","embeddable":true,"href":"https:\/\/membraneswitchmfg.com\/it\/wp-json\/wp\/v2\/product_brand?post=1780"},{"taxonomy":"product_cat","embeddable":true,"href":"https:\/\/membraneswitchmfg.com\/it\/wp-json\/wp\/v2\/product_cat?post=1780"},{"taxonomy":"product_tag","embeddable":true,"href":"https:\/\/membraneswitchmfg.com\/it\/wp-json\/wp\/v2\/product_tag?post=1780"}],"curies":[{"name":"wp","href":"https:\/\/api.w.org\/{rel}","templated":true}]}}