{"id":1781,"date":"2024-06-24T05:57:57","date_gmt":"2024-06-24T05:57:57","guid":{"rendered":"https:\/\/membraneswitchmfg.com\/manufacturer\/membrane-switch-back-support\/"},"modified":"2024-07-25T08:37:56","modified_gmt":"2024-07-25T08:37:56","slug":"membrane-switch-back-support","status":"publish","type":"product","link":"https:\/\/membraneswitchmfg.com\/it\/manufacturer\/membrane-switch-back-support\/","title":{"rendered":"Interruttore a membrana + supporto per la schiena"},"content":{"rendered":"<h2><strong><b>Interruttore a membrana + supporto posteriore: Maggiore durata e funzionalit\u00e0<\/b><\/strong><\/h2>\n<p><strong>Maggiore durata e stabilit\u00e0<\/strong><\/p>\n<p>Il supporto posteriore fornisce una base rigida per l'interruttore a membrana, migliorandone significativamente la durata e la vita. Ci\u00f2 \u00e8 particolarmente vantaggioso negli ambienti in cui l'interruttore \u00e8 sottoposto a un uso frequente o a condizioni difficili.<\/p>\n<ul>\n<li><strong>Resiste alla deformazione e all'usura<\/strong><\/li>\n<li><strong>Protegge l'interruttore da urti e vibrazioni<\/strong><\/li>\n<li><strong>Prolunga la durata di vita dello switch<\/strong><\/li>\n<\/ul>\n<p><strong>Funzionalit\u00e0 e opzioni di montaggio migliorate<\/strong><\/p>\n<p>Il supporto posteriore facilita il montaggio sicuro e preciso dell'interruttore a membrana, garantendone il corretto allineamento e funzionamento. Consente inoltre l'integrazione di componenti aggiuntivi, come LED e connettori.<\/p>\n<ul>\n<li><strong>Consente il montaggio ad incasso o in posizione rialzata<\/strong><\/li>\n<li><strong>Fornisce fori e perni di montaggio<\/strong><\/li>\n<li><strong>Consente l'integrazione dell'elettronica<\/strong><\/li>\n<\/ul>\n<p><strong>Estetica migliorata e aspetto professionale<\/strong><\/p>\n<p>Il supporto posteriore migliora l'estetica complessiva dell'interruttore a membrana, creando un aspetto pi\u00f9 professionale e visivamente accattivante. Pu\u00f2 essere personalizzato con colori, texture e finiture per adattarsi al design del dispositivo.<\/p>\n<ul>\n<li><strong>Design elegante e moderno<\/strong><\/li>\n<li><strong>Variet\u00e0 di colori e finiture<\/strong><\/li>\n<li><strong>Grafica e loghi personalizzabili<\/strong><\/li>\n<\/ul>\n<p><strong>Applicazioni<\/strong><\/p>\n<p>Gli interruttori a membrana con supporto posteriore sono ampiamente utilizzati in varie applicazioni, tra cui:<\/p>\n<ul>\n<li><strong>Pannelli di controllo industriali<\/strong><\/li>\n<li><strong>Dispositivi medici<\/strong><\/li>\n<li><strong>Elettronica di consumo<\/strong><\/li>\n<li><strong>Apparecchiature di telecomunicazione<\/strong><\/li>\n<li><strong>Console di trasporto<\/strong><\/li>\n<\/ul>\n<p><strong>Soluzioni personalizzabili<\/strong><\/p>\n<p>Offriamo un'ampia gamma di opzioni di personalizzazione per soddisfare le vostre esigenze specifiche, tra cui:<\/p>\n<ul>\n<li><strong>Variet\u00e0 di materiali per il supporto dello schienale (alluminio, plastica, ecc.)<\/strong><\/li>\n<li><strong>Dimensioni e forme personalizzate<\/strong><\/li>\n<li><strong>Ritagli e fori per i componenti<\/strong><\/li>\n<li><strong>Trattamenti e finiture di superficie<\/strong><\/li>\n<\/ul>\n<p><strong>Collaborate con un produttore esperto di interruttori a membrana<\/strong><\/p>\n<p>Grazie ad anni di esperienza e all'impegno per la qualit\u00e0, siamo la vostra fonte di fiducia per gli interruttori a membrana personalizzati con supporto posteriore. Il nostro team di esperti pu\u00f2 aiutarvi a progettare e produrre gli interruttori perfetti per migliorare la durata, la funzionalit\u00e0 e l'estetica del vostro prodotto.<\/p>\n<p><strong>Contattateci oggi stesso<\/strong>\u00a0per saperne di pi\u00f9 sulle nostre soluzioni di interruttori a membrana con supporto posteriore e su come possiamo aiutarvi a elevare i vostri prodotti.<\/p>\n<p><strong>Ulteriori parole chiave:<\/strong>\u00a0interruttore a membrana flessibile, interruttore a membrana on-off<\/p>","protected":false},"excerpt":{"rendered":"<p>Gli interruttori a membrana abbinati al supporto posteriore offrono una soluzione robusta e versatile per le interfacce utente, combinando il feedback tattile degli interruttori a membrana con l'integrit\u00e0 strutturale di un pannello posteriore. Questa integrazione migliora la durata, la funzionalit\u00e0 e l'estetica dell'interruttore, rendendolo ideale per un'ampia gamma di applicazioni.<\/p>","protected":false},"featured_media":1754,"template":"","meta":[],"product_brand":[],"product_cat":[40],"product_tag":[],"class_list":{"0":"post-1781","1":"product","2":"type-product","3":"status-publish","4":"has-post-thumbnail","6":"product_cat-membrane-switch","8":"first","9":"instock","10":"shipping-taxable","11":"product-type-simple"},"_links":{"self":[{"href":"https:\/\/membraneswitchmfg.com\/it\/wp-json\/wp\/v2\/product\/1781","targetHints":{"allow":["GET"]}}],"collection":[{"href":"https:\/\/membraneswitchmfg.com\/it\/wp-json\/wp\/v2\/product"}],"about":[{"href":"https:\/\/membraneswitchmfg.com\/it\/wp-json\/wp\/v2\/types\/product"}],"wp:featuredmedia":[{"embeddable":true,"href":"https:\/\/membraneswitchmfg.com\/it\/wp-json\/wp\/v2\/media\/1754"}],"wp:attachment":[{"href":"https:\/\/membraneswitchmfg.com\/it\/wp-json\/wp\/v2\/media?parent=1781"}],"wp:term":[{"taxonomy":"product_brand","embeddable":true,"href":"https:\/\/membraneswitchmfg.com\/it\/wp-json\/wp\/v2\/product_brand?post=1781"},{"taxonomy":"product_cat","embeddable":true,"href":"https:\/\/membraneswitchmfg.com\/it\/wp-json\/wp\/v2\/product_cat?post=1781"},{"taxonomy":"product_tag","embeddable":true,"href":"https:\/\/membraneswitchmfg.com\/it\/wp-json\/wp\/v2\/product_tag?post=1781"}],"curies":[{"name":"wp","href":"https:\/\/api.w.org\/{rel}","templated":true}]}}