{"id":1789,"date":"2024-06-24T05:57:57","date_gmt":"2024-06-24T05:57:57","guid":{"rendered":"https:\/\/membraneswitchmfg.com\/manufacturer\/screen-printed-graphics\/"},"modified":"2024-06-25T13:37:37","modified_gmt":"2024-06-25T13:37:37","slug":"screen-printed-graphics","status":"publish","type":"product","link":"https:\/\/membraneswitchmfg.com\/it\/manufacturer\/screen-printed-graphics\/","title":{"rendered":"Grafica serigrafica"},"content":{"rendered":"<h2><strong><b>Grafica serigrafata: soluzioni durevoli ed economiche per overlay di interruttori a membrana<\/b><\/strong><\/h2>\n<p><strong>Durevole e di lunga durata<\/strong><\/p>\n<p>La grafica serigrafata \u00e8 rinomata per la sua eccezionale durata, resistendo ad ambienti difficili, uso frequente e detergenti aggressivi. L'inchiostro aderisce saldamente al materiale di rivestimento, resistendo allo sbiadimento, ai graffi e agli agenti chimici.<\/p>\n<ul>\n<li><strong>Colori e legende di lunga durata<\/strong><\/li>\n<li><strong>Adatto per applicazioni esterne e industriali<\/strong><\/li>\n<li><strong>Resistente all'usura<\/strong><\/li>\n<\/ul>\n<p><strong>Conveniente per la produzione ad alto volume<\/strong><\/p>\n<p>La serigrafia \u00e8 particolarmente conveniente per le tirature di produzione ad alto volume, poich\u00e9 i costi di installazione sono distribuiti su un gran numero di unit\u00e0. Questo la rende una scelta ideale per le applicazioni che richiedono un marchio coerente e un alto livello di durata.<\/p>\n<ul>\n<li><strong>Costi unitari inferiori per ordini di grandi dimensioni<\/strong><\/li>\n<li><strong>Qualit\u00e0 e aspetto costanti<\/strong><\/li>\n<li><strong>Adatto per la produzione di massa<\/strong><\/li>\n<\/ul>\n<p><strong>Versatilit\u00e0 e opzioni di design<\/strong><\/p>\n<p>La serigrafia pu\u00f2 essere utilizzata con una vasta gamma di materiali, tra cui plastica, metalli e tessuti. Offre anche una variet\u00e0 di opzioni di design, tra cui:<\/p>\n<ul>\n<li><strong>Testo e simboli nitidi e chiari<\/strong><\/li>\n<li><strong>Colori vivaci e uniformi<\/strong><\/li>\n<li><strong>Motivi e trame intricati<\/strong><\/li>\n<\/ul>\n<p><strong>Applicazioni<\/strong><\/p>\n<p>La grafica serigrafata \u00e8 ampiamente utilizzata in una vasta gamma di applicazioni, tra cui:<\/p>\n<ul>\n<li><strong>Overlay di interruttori a membrana<\/strong><\/li>\n<li><strong>Pannelli di controllo<\/strong><\/li>\n<li><strong>Dispositivi medici<\/strong><\/li>\n<li><strong>Elettronica di consumo<\/strong><\/li>\n<li><strong>Elettrodomestici<\/strong><\/li>\n<\/ul>\n<p><strong>Collabora con un produttore esperto di serigrafia e interruttori a membrana<\/strong><\/p>\n<p>Con anni di esperienza nella serigrafia e nella tecnologia degli interruttori a membrana, siamo la tua fonte affidabile per overlay di interruttori a membrana stampati personalizzati di alta qualit\u00e0. Il nostro team di esperti lavorer\u00e0 a stretto contatto con te per garantire che i tuoi progetti siano riprodotti accuratamente e che i tuoi interruttori a membrana soddisfino i tuoi specifici requisiti di prestazioni e durata.<\/p>\n<p><strong>Contattateci oggi stesso<\/strong>\u00a0per saperne di pi\u00f9 sulle nostre capacit\u00e0 di serigrafia e su come possiamo aiutarti a creare overlay di interruttori a membrana durevoli ed economici.<\/p>","protected":false},"excerpt":{"rendered":"<p>La grafica serigrafata offre un metodo collaudato ed economico per creare overlay durevoli e visivamente accattivanti per gli interruttori a membrana. Questa versatile tecnica di stampa utilizza stencil e inchiostri per trasferire disegni su una variet\u00e0 di materiali, garantendo risultati precisi e coerenti.<\/p>","protected":false},"featured_media":1765,"template":"","meta":[],"product_brand":[],"product_cat":[40],"product_tag":[],"class_list":{"0":"post-1789","1":"product","2":"type-product","3":"status-publish","4":"has-post-thumbnail","6":"product_cat-membrane-switch","8":"first","9":"instock","10":"shipping-taxable","11":"product-type-simple"},"_links":{"self":[{"href":"https:\/\/membraneswitchmfg.com\/it\/wp-json\/wp\/v2\/product\/1789","targetHints":{"allow":["GET"]}}],"collection":[{"href":"https:\/\/membraneswitchmfg.com\/it\/wp-json\/wp\/v2\/product"}],"about":[{"href":"https:\/\/membraneswitchmfg.com\/it\/wp-json\/wp\/v2\/types\/product"}],"wp:featuredmedia":[{"embeddable":true,"href":"https:\/\/membraneswitchmfg.com\/it\/wp-json\/wp\/v2\/media\/1765"}],"wp:attachment":[{"href":"https:\/\/membraneswitchmfg.com\/it\/wp-json\/wp\/v2\/media?parent=1789"}],"wp:term":[{"taxonomy":"product_brand","embeddable":true,"href":"https:\/\/membraneswitchmfg.com\/it\/wp-json\/wp\/v2\/product_brand?post=1789"},{"taxonomy":"product_cat","embeddable":true,"href":"https:\/\/membraneswitchmfg.com\/it\/wp-json\/wp\/v2\/product_cat?post=1789"},{"taxonomy":"product_tag","embeddable":true,"href":"https:\/\/membraneswitchmfg.com\/it\/wp-json\/wp\/v2\/product_tag?post=1789"}],"curies":[{"name":"wp","href":"https:\/\/api.w.org\/{rel}","templated":true}]}}