{"id":2226,"date":"2024-07-22T14:19:04","date_gmt":"2024-07-22T14:19:04","guid":{"rendered":"https:\/\/membraneswitchmfg.com\/manufacturer\/silicone-protectors\/"},"modified":"2024-07-25T08:30:07","modified_gmt":"2024-07-25T08:30:07","slug":"silicone-protectors","status":"publish","type":"product","link":"https:\/\/membraneswitchmfg.com\/it\/manufacturer\/silicone-protectors\/","title":{"rendered":"Protezioni in silicone"},"content":{"rendered":"<h2><strong>Caratteristiche principali delle protezioni in silicone:<\/strong><\/h2>\n<p>1. Controllo preciso della tolleranza del colore: utilizzando spettrofotometri a colori ad alta precisione, controlliamo la tolleranza del colore entro gli standard industriali di Delta 1, Delta 2 e Delta 3, garantendo la coerenza del colore in ogni lotto di prodotti.<\/p>\n<p>2. Materiale siliconico di alta qualit\u00e0: realizzate in materiale siliconico di alta qualit\u00e0, le nostre custodie offrono eccellente durata, flessibilit\u00e0 e resistenza all'invecchiamento, fornendo una protezione di lunga durata.<\/p>\n<p>3. Ampia gamma di opzioni di colore: offriamo una ricca selezione di colori per soddisfare le diverse esigenze dei clienti. Che si tratti di colori vivaci o neutri tenui, ognuno mantiene una tonalit\u00e0 ed un effetto visivo coerenti.<\/p>\n<p>4. Protezione eccellente: progettate per una vestibilit\u00e0 aderente, le nostre custodie offrono una protezione completa, prevenendo efficacemente graffi, urti e usura, prolungando cos\u00ec la durata dei tuoi dispositivi.<\/p>\n<p>5. Sensazione confortevole: la superficie della custodia in silicone \u00e8 liscia, offrendo una presa confortevole. Il design antiscivolo migliora la stabilit\u00e0 della presa.<\/p>\n<h3><strong>Applicazioni delle protezioni in silicone:<\/strong><\/h3>\n<p>1. Elettronica di consumo: ideale per smartphone, tablet e altri dispositivi portatili, offre protezione affidabile e aspetto elegante.<\/p>\n<p>2. Elettrodomestici: adatto per telecomandi, dispositivi domestici intelligenti e altro ancora, proteggendoli dall'usura quotidiana.<\/p>\n<p>3. Dispositivi medici: il materiale siliconico sicuro e non tossico \u00e8 adatto per proteggere i dispositivi medici, garantendo pulizia e sicurezza.<\/p>\n<p>4. Applicazioni industriali: adatto a varie apparecchiature industriali che richiedono protezione, fornendo schermatura e durata affidabili.<\/p>","protected":false},"excerpt":{"rendered":"<p>I nostri protettori in silicone eccellono non solo nella funzionalit\u00e0 protettiva, ma anche nel raggiungimento di una coerenza cromatica leader del settore. Utilizzando la spettrofotometria del colore avanzata, garantiamo che la tolleranza del colore di ogni custodia sia controllata entro gli standard del settore, fornendo un'uniformit\u00e0 visivamente perfetta e un aspetto di alta qualit\u00e0. Ci impegniamo a fornire protettori in silicone della massima qualit\u00e0, assicurando che ogni prodotto soddisfi le vostre aspettative. Con una tecnologia di produzione avanzata e rigorosi sistemi di controllo della qualit\u00e0, offriamo custodie protettive con colori uniformi, resistenti e funzionali. Sia che abbiate bisogno di prodotti standard o di soluzioni personalizzate, possiamo soddisfare le vostre esigenze e aiutare i vostri dispositivi a rimanere in condizioni ottimali.<\/p>","protected":false},"featured_media":2212,"template":"","meta":[],"product_brand":[],"product_cat":[39],"product_tag":[],"class_list":{"0":"post-2226","1":"product","2":"type-product","3":"status-publish","4":"has-post-thumbnail","6":"product_cat-silicone-rubber","8":"first","9":"instock","10":"shipping-taxable","11":"product-type-simple"},"_links":{"self":[{"href":"https:\/\/membraneswitchmfg.com\/it\/wp-json\/wp\/v2\/product\/2226","targetHints":{"allow":["GET"]}}],"collection":[{"href":"https:\/\/membraneswitchmfg.com\/it\/wp-json\/wp\/v2\/product"}],"about":[{"href":"https:\/\/membraneswitchmfg.com\/it\/wp-json\/wp\/v2\/types\/product"}],"wp:featuredmedia":[{"embeddable":true,"href":"https:\/\/membraneswitchmfg.com\/it\/wp-json\/wp\/v2\/media\/2212"}],"wp:attachment":[{"href":"https:\/\/membraneswitchmfg.com\/it\/wp-json\/wp\/v2\/media?parent=2226"}],"wp:term":[{"taxonomy":"product_brand","embeddable":true,"href":"https:\/\/membraneswitchmfg.com\/it\/wp-json\/wp\/v2\/product_brand?post=2226"},{"taxonomy":"product_cat","embeddable":true,"href":"https:\/\/membraneswitchmfg.com\/it\/wp-json\/wp\/v2\/product_cat?post=2226"},{"taxonomy":"product_tag","embeddable":true,"href":"https:\/\/membraneswitchmfg.com\/it\/wp-json\/wp\/v2\/product_tag?post=2226"}],"curies":[{"name":"wp","href":"https:\/\/api.w.org\/{rel}","templated":true}]}}